{"id":5042,"date":"2025-05-30T14:37:53","date_gmt":"2025-05-30T14:37:53","guid":{"rendered":"https:\/\/blinkbcn.com\/?page_id=5042"},"modified":"2025-10-21T11:47:03","modified_gmt":"2025-10-21T11:47:03","slug":"regenera4med","status":"publish","type":"page","link":"https:\/\/blinkbcn.com\/fr\/regenera4med\/","title":{"rendered":"Regenera4MED"},"content":{"rendered":"\t\t<div data-elementor-type=\"wp-page\" data-elementor-id=\"5042\" class=\"elementor elementor-5042 elementor-5006\" data-elementor-post-type=\"page\">\n\t\t\t\t<div class=\"elementor-element elementor-element-29945c4f e-flex e-con-boxed e-con e-parent\" data-id=\"29945c4f\" data-element_type=\"container\" data-e-type=\"container\" data-settings=\"{&quot;background_background&quot;:&quot;classic&quot;}\">\n\t\t\t\t\t<div class=\"e-con-inner\">\n\t\t<div class=\"elementor-element elementor-element-76b715d4 e-con-full e-flex e-con e-child\" data-id=\"76b715d4\" data-element_type=\"container\" data-e-type=\"container\">\n\t\t\t\t<div class=\"elementor-element elementor-element-34228017 elementor-widget elementor-widget-heading\" data-id=\"34228017\" data-element_type=\"widget\" data-e-type=\"widget\" data-widget_type=\"heading.default\">\n\t\t\t\t<div class=\"elementor-widget-container\">\n\t\t\t\t\t<h1 class=\"elementor-heading-title elementor-size-default\">Regenera4MED<\/h1>\t\t\t\t<\/div>\n\t\t\t\t<\/div>\n\t\t\t\t<div class=\"elementor-element elementor-element-58df2730 elementor-widget elementor-widget-heading\" data-id=\"58df2730\" data-element_type=\"widget\" data-e-type=\"widget\" data-widget_type=\"heading.default\">\n\t\t\t\t<div class=\"elementor-widget-container\">\n\t\t\t\t\t<h5 class=\"elementor-heading-title elementor-size-default\">Towards a Mediterranean model of Regenerative Tourism as Climate Change adaptation and risk prevention<\/h5>\t\t\t\t<\/div>\n\t\t\t\t<\/div>\n\t\t\t\t<\/div>\n\t\t\t\t\t<\/div>\n\t\t\t\t<\/div>\n\t\t<div class=\"elementor-element elementor-element-562658c e-flex e-con-boxed e-con e-parent\" data-id=\"562658c\" data-element_type=\"container\" data-e-type=\"container\">\n\t\t\t\t\t<div class=\"e-con-inner\">\n\t\t\t\t<div class=\"elementor-element elementor-element-5bd67c6 elementor-widget elementor-widget-image\" data-id=\"5bd67c6\" data-element_type=\"widget\" data-e-type=\"widget\" data-widget_type=\"image.default\">\n\t\t\t\t<div class=\"elementor-widget-container\">\n\t\t\t\t\t\t\t\t\t\t\t\t\t\t\t<img decoding=\"async\" src=\"https:\/\/blinkbcn.com\/wp-content\/uploads\/elementor\/thumbs\/Interreg_Euro_MED_Standard_Logo_RGB_EN-r6drwnj195inu3xqompknvn3zbaufjbetp7whz6pcg.jpg\" title=\"Interreg_Euro_MED_Standard_Logo_RGB_EN\" alt=\"Interreg_Euro_MED_Standard_Logo_RGB_EN\" loading=\"lazy\" \/>\t\t\t\t\t\t\t\t\t\t\t\t\t\t\t<\/div>\n\t\t\t\t<\/div>\n\t\t\t\t\t<\/div>\n\t\t\t\t<\/div>\n\t\t<div class=\"elementor-element elementor-element-54857749 e-flex e-con-boxed e-con e-parent\" data-id=\"54857749\" data-element_type=\"container\" data-e-type=\"container\" data-settings=\"{&quot;background_background&quot;:&quot;classic&quot;}\">\n\t\t\t\t\t<div class=\"e-con-inner\">\n\t\t<div class=\"elementor-element elementor-element-de04c9c e-con-full e-flex e-con e-child\" data-id=\"de04c9c\" data-element_type=\"container\" data-e-type=\"container\" data-settings=\"{&quot;background_background&quot;:&quot;classic&quot;}\">\n\t\t\t\t<div class=\"elementor-element elementor-element-14e7621 elementor-icon-list--layout-traditional elementor-list-item-link-full_width elementor-widget elementor-widget-icon-list\" data-id=\"14e7621\" data-element_type=\"widget\" data-e-type=\"widget\" data-widget_type=\"icon-list.default\">\n\t\t\t\t<div class=\"elementor-widget-container\">\n\t\t\t\t\t\t\t<ul class=\"elementor-icon-list-items\">\n\t\t\t\t\t\t\t<li class=\"elementor-icon-list-item\">\n\t\t\t\t\t\t\t\t\t\t\t<span class=\"elementor-icon-list-icon\">\n\t\t\t\t\t\t\t<svg aria-hidden=\"true\" class=\"e-font-icon-svg e-fas-play-circle\" viewBox=\"0 0 512 512\" xmlns=\"http:\/\/www.w3.org\/2000\/svg\"><path d=\"M256 8C119 8 8 119 8 256s111 248 248 248 248-111 248-248S393 8 256 8zm115.7 272l-176 101c-15.8 8.8-35.7-2.5-35.7-21V152c0-18.4 19.8-29.8 35.7-21l176 107c16.4 9.2 16.4 32.9 0 42z\"><\/path><\/svg>\t\t\t\t\t\t<\/span>\n\t\t\t\t\t\t\t\t\t\t<span class=\"elementor-icon-list-text\">D\u00e9but: <b>01\/04\/2025<\/b><\/span>\n\t\t\t\t\t\t\t\t\t<\/li>\n\t\t\t\t\t\t\t\t<li class=\"elementor-icon-list-item\">\n\t\t\t\t\t\t\t\t\t\t\t<span class=\"elementor-icon-list-icon\">\n\t\t\t\t\t\t\t<svg aria-hidden=\"true\" class=\"e-font-icon-svg e-fas-flag-checkered\" viewBox=\"0 0 512 512\" xmlns=\"http:\/\/www.w3.org\/2000\/svg\"><path d=\"M243.2 189.9V258c26.1 5.9 49.3 15.6 73.6 22.3v-68.2c-26-5.8-49.4-15.5-73.6-22.2zm223.3-123c-34.3 15.9-76.5 31.9-117 31.9C296 98.8 251.7 64 184.3 64c-25 0-47.3 4.4-68 12 2.8-7.3 4.1-15.2 3.6-23.6C118.1 24 94.8 1.2 66.3 0 34.3-1.3 8 24.3 8 56c0 19 9.5 35.8 24 45.9V488c0 13.3 10.7 24 24 24h16c13.3 0 24-10.7 24-24v-94.4c28.3-12.1 63.6-22.1 114.4-22.1 53.6 0 97.8 34.8 165.2 34.8 48.2 0 86.7-16.3 122.5-40.9 8.7-6 13.8-15.8 13.8-26.4V95.9c.1-23.3-24.2-38.8-45.4-29zM169.6 325.5c-25.8 2.7-50 8.2-73.6 16.6v-70.5c26.2-9.3 47.5-15 73.6-17.4zM464 191c-23.6 9.8-46.3 19.5-73.6 23.9V286c24.8-3.4 51.4-11.8 73.6-26v70.5c-25.1 16.1-48.5 24.7-73.6 27.1V286c-27 3.7-47.9 1.5-73.6-5.6v67.4c-23.9-7.4-47.3-16.7-73.6-21.3V258c-19.7-4.4-40.8-6.8-73.6-3.8v-70c-22.4 3.1-44.6 10.2-73.6 20.9v-70.5c33.2-12.2 50.1-19.8 73.6-22v71.6c27-3.7 48.4-1.3 73.6 5.7v-67.4c23.7 7.4 47.2 16.7 73.6 21.3v68.4c23.7 5.3 47.6 6.9 73.6 2.7V143c27-4.8 52.3-13.6 73.6-22.5z\"><\/path><\/svg>\t\t\t\t\t\t<\/span>\n\t\t\t\t\t\t\t\t\t\t<span class=\"elementor-icon-list-text\">Fin: <b>31\/12\/2027<\/b><\/span>\n\t\t\t\t\t\t\t\t\t<\/li>\n\t\t\t\t\t\t<\/ul>\n\t\t\t\t\t\t<\/div>\n\t\t\t\t<\/div>\n\t\t\t\t<div class=\"elementor-element elementor-element-d6038a3 elementor-icon-list--layout-traditional elementor-list-item-link-full_width elementor-widget elementor-widget-icon-list\" data-id=\"d6038a3\" data-element_type=\"widget\" data-e-type=\"widget\" data-widget_type=\"icon-list.default\">\n\t\t\t\t<div class=\"elementor-widget-container\">\n\t\t\t\t\t\t\t<ul class=\"elementor-icon-list-items\">\n\t\t\t\t\t\t\t<li class=\"elementor-icon-list-item\">\n\t\t\t\t\t\t\t\t\t\t\t<span class=\"elementor-icon-list-icon\">\n\t\t\t\t\t\t\t<svg aria-hidden=\"true\" class=\"e-font-icon-svg e-fas-money-bill-wave\" viewBox=\"0 0 640 512\" xmlns=\"http:\/\/www.w3.org\/2000\/svg\"><path d=\"M621.16 54.46C582.37 38.19 543.55 32 504.75 32c-123.17-.01-246.33 62.34-369.5 62.34-30.89 0-61.76-3.92-92.65-13.72-3.47-1.1-6.95-1.62-10.35-1.62C15.04 79 0 92.32 0 110.81v317.26c0 12.63 7.23 24.6 18.84 29.46C57.63 473.81 96.45 480 135.25 480c123.17 0 246.34-62.35 369.51-62.35 30.89 0 61.76 3.92 92.65 13.72 3.47 1.1 6.95 1.62 10.35 1.62 17.21 0 32.25-13.32 32.25-31.81V83.93c-.01-12.64-7.24-24.6-18.85-29.47zM48 132.22c20.12 5.04 41.12 7.57 62.72 8.93C104.84 170.54 79 192.69 48 192.69v-60.47zm0 285v-47.78c34.37 0 62.18 27.27 63.71 61.4-22.53-1.81-43.59-6.31-63.71-13.62zM320 352c-44.19 0-80-42.99-80-96 0-53.02 35.82-96 80-96s80 42.98 80 96c0 53.03-35.83 96-80 96zm272 27.78c-17.52-4.39-35.71-6.85-54.32-8.44 5.87-26.08 27.5-45.88 54.32-49.28v57.72zm0-236.11c-30.89-3.91-54.86-29.7-55.81-61.55 19.54 2.17 38.09 6.23 55.81 12.66v48.89z\"><\/path><\/svg>\t\t\t\t\t\t<\/span>\n\t\t\t\t\t\t\t\t\t\t<span class=\"elementor-icon-list-text\">Budget gloabl: <b>2.442.612,50\u20ac<\/b><\/span>\n\t\t\t\t\t\t\t\t\t<\/li>\n\t\t\t\t\t\t\t\t<li class=\"elementor-icon-list-item\">\n\t\t\t\t\t\t\t\t\t\t\t<span class=\"elementor-icon-list-icon\">\n\t\t\t\t\t\t\t<svg aria-hidden=\"true\" class=\"e-font-icon-svg e-fas-money-bill-wave\" viewBox=\"0 0 640 512\" xmlns=\"http:\/\/www.w3.org\/2000\/svg\"><path d=\"M621.16 54.46C582.37 38.19 543.55 32 504.75 32c-123.17-.01-246.33 62.34-369.5 62.34-30.89 0-61.76-3.92-92.65-13.72-3.47-1.1-6.95-1.62-10.35-1.62C15.04 79 0 92.32 0 110.81v317.26c0 12.63 7.23 24.6 18.84 29.46C57.63 473.81 96.45 480 135.25 480c123.17 0 246.34-62.35 369.51-62.35 30.89 0 61.76 3.92 92.65 13.72 3.47 1.1 6.95 1.62 10.35 1.62 17.21 0 32.25-13.32 32.25-31.81V83.93c-.01-12.64-7.24-24.6-18.85-29.47zM48 132.22c20.12 5.04 41.12 7.57 62.72 8.93C104.84 170.54 79 192.69 48 192.69v-60.47zm0 285v-47.78c34.37 0 62.18 27.27 63.71 61.4-22.53-1.81-43.59-6.31-63.71-13.62zM320 352c-44.19 0-80-42.99-80-96 0-53.02 35.82-96 80-96s80 42.98 80 96c0 53.03-35.83 96-80 96zm272 27.78c-17.52-4.39-35.71-6.85-54.32-8.44 5.87-26.08 27.5-45.88 54.32-49.28v57.72zm0-236.11c-30.89-3.91-54.86-29.7-55.81-61.55 19.54 2.17 38.09 6.23 55.81 12.66v48.89z\"><\/path><\/svg>\t\t\t\t\t\t<\/span>\n\t\t\t\t\t\t\t\t\t\t<span class=\"elementor-icon-list-text\">Subvention: <b>1.954.090 \u20ac<\/b><\/span>\n\t\t\t\t\t\t\t\t\t<\/li>\n\t\t\t\t\t\t<\/ul>\n\t\t\t\t\t\t<\/div>\n\t\t\t\t<\/div>\n\t\t\t\t<div class=\"elementor-element elementor-element-c4d12c0 elementor-widget elementor-widget-button\" data-id=\"c4d12c0\" data-element_type=\"widget\" data-e-type=\"widget\" data-widget_type=\"button.default\">\n\t\t\t\t<div class=\"elementor-widget-container\">\n\t\t\t\t\t\t\t\t\t<div class=\"elementor-button-wrapper\">\n\t\t\t\t\t<a class=\"elementor-button elementor-button-link elementor-size-sm\" href=\"https:\/\/regenera4med.interreg-euro-med.eu\/\" target=\"_blank\" rel=\"noopener\">\n\t\t\t\t\t\t<span class=\"elementor-button-content-wrapper\">\n\t\t\t\t\t\t\t\t\t<span class=\"elementor-button-text\">Site web du projet<\/span>\n\t\t\t\t\t<\/span>\n\t\t\t\t\t<\/a>\n\t\t\t\t<\/div>\n\t\t\t\t\t\t\t\t<\/div>\n\t\t\t\t<\/div>\n\t\t\t\t<\/div>\n\t\t\t\t\t<\/div>\n\t\t\t\t<\/div>\n\t\t<div class=\"elementor-element elementor-element-2f90e324 e-flex e-con-boxed e-con e-parent\" data-id=\"2f90e324\" data-element_type=\"container\" data-e-type=\"container\" data-settings=\"{&quot;background_background&quot;:&quot;classic&quot;}\">\n\t\t\t\t\t<div class=\"e-con-inner\">\n\t\t\t\t<div class=\"elementor-element elementor-element-8ac6fe9 elementor-widget__width-initial elementor-widget elementor-widget-text-editor\" data-id=\"8ac6fe9\" data-element_type=\"widget\" data-e-type=\"widget\" data-widget_type=\"text-editor.default\">\n\t\t\t\t<div class=\"elementor-widget-container\">\n\t\t\t\t\t\t\t\t\t<p>Regenera4MED, financ\u00e9 par le programme Interreg Euro-MED, vise \u00e0 reformuler les mod\u00e8les touristiques en M\u00e9diterran\u00e9e pour en faire un moteur de cr\u00e9ation de valeur sociale et environnementale positive, contribuant ainsi \u00e0 l&rsquo;adaptation au changement climatique et \u00e0 la pr\u00e9vention des risques.<\/p>\t\t\t\t\t\t\t\t<\/div>\n\t\t\t\t<\/div>\n\t\t\t\t\t<\/div>\n\t\t\t\t<\/div>\n\t\t<div class=\"elementor-element elementor-element-577afb0c e-flex e-con-boxed e-con e-parent\" data-id=\"577afb0c\" data-element_type=\"container\" data-e-type=\"container\">\n\t\t\t\t\t<div class=\"e-con-inner\">\n\t\t<div class=\"elementor-element elementor-element-1847e3e8 e-con-full e-flex e-con e-child\" data-id=\"1847e3e8\" data-element_type=\"container\" data-e-type=\"container\">\n\t\t\t\t<div class=\"elementor-element elementor-element-4ce82b10 elementor-widget elementor-widget-heading\" data-id=\"4ce82b10\" data-element_type=\"widget\" data-e-type=\"widget\" data-widget_type=\"heading.default\">\n\t\t\t\t<div class=\"elementor-widget-container\">\n\t\t\t\t\t<h2 class=\"elementor-heading-title elementor-size-default\">Le mod\u00e8le touristique en M\u00e9diterran\u00e9e : un changement n\u00e9cessaire<\/h2>\t\t\t\t<\/div>\n\t\t\t\t<\/div>\n\t\t\t\t<div class=\"elementor-element elementor-element-af0aae5 elementor-widget elementor-widget-text-editor\" data-id=\"af0aae5\" data-element_type=\"widget\" data-e-type=\"widget\" data-widget_type=\"text-editor.default\">\n\t\t\t\t<div class=\"elementor-widget-container\">\n\t\t\t\t\t\t\t\t\t<p>La r\u00e9gion m\u00e9diterran\u00e9enne est particuli\u00e8rement vuln\u00e9rable au changement climatique. N\u00e9anmoins, cette vuln\u00e9rabilit\u00e9 est renforc\u00e9e par le mod\u00e8le touristique actuel, bas\u00e9 sur la consommation de masse et des pratiques non durables. Compte tenu de l&rsquo;importance du secteur touristique pour l&rsquo;\u00e9conomie de la r\u00e9gion (la M\u00e9diterran\u00e9e accueille 35 % de l&rsquo;ensemble des arriv\u00e9es de touristes internationaux), une solution globale \u00e0 ce d\u00e9fi doit n\u00e9cessairement cr\u00e9er un changement dans le domaine du tourisme sans diminuer l&rsquo;activit\u00e9 du secteur, afin de prot\u00e9ger et de renforcer l&rsquo;\u00e9conomie r\u00e9gionale. Ceci est possible : plus de 70 % des citoyens europ\u00e9ens affirment \u00eatre pr\u00eats \u00e0 changer leurs habitudes de voyage, afin de s&rsquo;orienter vers un mod\u00e8le plus durable.<\/p>\t\t\t\t\t\t\t\t<\/div>\n\t\t\t\t<\/div>\n\t\t\t\t<\/div>\n\t\t\t\t\t<\/div>\n\t\t\t\t<\/div>\n\t\t<div class=\"elementor-element elementor-element-ea4eb2b e-flex e-con-boxed e-con e-parent\" data-id=\"ea4eb2b\" data-element_type=\"container\" data-e-type=\"container\">\n\t\t\t\t\t<div class=\"e-con-inner\">\n\t\t<div class=\"elementor-element elementor-element-5e70605 e-con-full e-flex e-con e-child\" data-id=\"5e70605\" data-element_type=\"container\" data-e-type=\"container\">\n\t\t\t\t<div class=\"elementor-element elementor-element-0b342b7 elementor-widget elementor-widget-heading\" data-id=\"0b342b7\" data-element_type=\"widget\" data-e-type=\"widget\" data-widget_type=\"heading.default\">\n\t\t\t\t<div class=\"elementor-widget-container\">\n\t\t\t\t\t<h2 class=\"elementor-heading-title elementor-size-default\">Un mod\u00e8le de tourisme r\u00e9g\u00e9n\u00e9ratif pour lutter contre le changement climatique<\/h2>\t\t\t\t<\/div>\n\t\t\t\t<\/div>\n\t\t\t\t<div class=\"elementor-element elementor-element-6bd2ec7 elementor-widget elementor-widget-text-editor\" data-id=\"6bd2ec7\" data-element_type=\"widget\" data-e-type=\"widget\" data-widget_type=\"text-editor.default\">\n\t\t\t\t<div class=\"elementor-widget-container\">\n\t\t\t\t\t\t\t\t\t<p>Regenera4MED sera le pionnier d&rsquo;un nouveau mod\u00e8le de tourisme r\u00e9g\u00e9n\u00e9rateur qui vise \u00e0 aller au-del\u00e0 de la durabilit\u00e9, en restaurant et en am\u00e9liorant activement les valeurs environnementales, culturelles et communautaires. Le projet impliquera de multiples acteurs, notamment les communaut\u00e9s locales, les autorit\u00e9s publiques, les PME, les universit\u00e9s et les organisations environnementales, qui travailleront ensemble dans le cadre d&rsquo;un mod\u00e8le de gouvernance 5-Helix.<\/p><p>Le projet se concentrera sur trois \u00e9l\u00e9ments principaux :<\/p><ol><li><strong>Mod\u00e8le de tourisme r\u00e9g\u00e9n\u00e9ratif<\/strong> &#8211; Tester et rendre op\u00e9rationnel un nouveau mod\u00e8le de tourisme r\u00e9g\u00e9n\u00e9ratif dans six r\u00e9gions pilotes afin de promouvoir l&rsquo;adaptation au changement climatique, la r\u00e9silience et l&rsquo;impact positif sur l&rsquo;environnement.<\/li><li><strong>Exp\u00e9riences r\u00e9g\u00e9n\u00e9ratives<\/strong> &#8211; D\u00e9velopper et tester des exp\u00e9riences de tourisme r\u00e9g\u00e9n\u00e9ratif pour cr\u00e9er des options de voyage qui renforcent les \u00e9conomies locales et pr\u00e9servent le patrimoine et la culture locaux.<\/li><li><strong>Connaissances et outils<\/strong> &#8211; Cr\u00e9er des outils d&rsquo;auto-\u00e9valuation, notamment l&rsquo;outil num\u00e9rique RISET, et produire le Regenera4MED Blueprint afin de garantir l&rsquo;extensibilit\u00e9 des r\u00e9sultats du projet.<\/li><\/ol>\t\t\t\t\t\t\t\t<\/div>\n\t\t\t\t<\/div>\n\t\t\t\t<\/div>\n\t\t\t\t\t<\/div>\n\t\t\t\t<\/div>\n\t\t<div class=\"elementor-element elementor-element-677632a2 e-flex e-con-boxed e-con e-parent\" data-id=\"677632a2\" data-element_type=\"container\" data-e-type=\"container\">\n\t\t\t\t\t<div class=\"e-con-inner\">\n\t\t<div class=\"elementor-element elementor-element-4721b8d e-con-full e-flex e-con e-child\" data-id=\"4721b8d\" data-element_type=\"container\" data-e-type=\"container\">\n\t\t\t\t<div class=\"elementor-element elementor-element-66bdace elementor-widget__width-inherit elementor-absolute elementor-widget elementor-widget-image\" data-id=\"66bdace\" data-element_type=\"widget\" data-e-type=\"widget\" data-settings=\"{&quot;_position&quot;:&quot;absolute&quot;}\" data-widget_type=\"image.default\">\n\t\t\t\t<div class=\"elementor-widget-container\">\n\t\t\t\t\t\t\t\t\t\t\t\t\t\t\t<img decoding=\"async\" src=\"https:\/\/blinkbcn.com\/wp-content\/uploads\/Regenera4MED-Project-map.png\" title=\"Regenera4MED Project map\" alt=\"Regenera4MED Project map\" loading=\"lazy\" \/>\t\t\t\t\t\t\t\t\t\t\t\t\t\t\t<\/div>\n\t\t\t\t<\/div>\n\t\t\t\t<\/div>\n\t\t<div class=\"elementor-element elementor-element-2e8e8fd1 e-con-full e-flex e-con e-child\" data-id=\"2e8e8fd1\" data-element_type=\"container\" data-e-type=\"container\">\n\t\t<div class=\"elementor-element elementor-element-37782af e-con-full e-flex e-con e-child\" data-id=\"37782af\" data-element_type=\"container\" data-e-type=\"container\">\n\t\t\t\t<div class=\"elementor-element elementor-element-738fcbd0 elementor-widget elementor-widget-heading\" data-id=\"738fcbd0\" data-element_type=\"widget\" data-e-type=\"widget\" data-widget_type=\"heading.default\">\n\t\t\t\t<div class=\"elementor-widget-container\">\n\t\t\t\t\t<h2 class=\"elementor-heading-title elementor-size-default\">Dix partenaires de six pays<\/h2>\t\t\t\t<\/div>\n\t\t\t\t<\/div>\n\t\t\t\t<\/div>\n\t\t\t\t<div class=\"elementor-element elementor-element-37cfbc81 elementor-widget__width-initial elementor-widget elementor-widget-text-editor\" data-id=\"37cfbc81\" data-element_type=\"widget\" data-e-type=\"widget\" data-widget_type=\"text-editor.default\">\n\t\t\t\t<div class=\"elementor-widget-container\">\n\t\t\t\t\t\t\t\t\t<p>Regenera4MED est port\u00e9 par un consortium de 10 partenaires de 6 pays : l&rsquo;Office du tourisme de Catalogne (<strong>Espagne<\/strong>), B. Link Barcelona Strategic Projects (Espagne), la Conf\u00e9rence des r\u00e9gions p\u00e9riph\u00e9riques maritimes (<strong>France<\/strong>), la r\u00e9gion de Ligurie (<strong>Italie<\/strong>), la r\u00e9gion d\u2019Abruzzo (Italie), la r\u00e9gion de Cr\u00e8te (Gr\u00e8ce), le Centre de recherche de l&rsquo;Acad\u00e9mie slov\u00e8ne des sciences et des arts (<strong>Slov\u00e9nie<\/strong>), l&rsquo;Agence du tourisme de Corse (France), l&rsquo;institution publique RERA S.D pour la coordination et le d\u00e9veloppement du comt\u00e9 de Split Dalmatia (<strong>Croatie<\/strong>), et l&rsquo;Universit\u00e9 du P\u00e9loponn\u00e8se (<strong>Gr\u00e8ce<\/strong>).<\/p><p><strong>B.Link<\/strong> contribue \u00e0 l&rsquo;\u00e9laboration et \u00e0 la mise en \u0153uvre du programme d&rsquo;\u00e9licitation Regenera4MED, en coordonnant la cr\u00e9ation de nouvelles exp\u00e9riences de tourisme r\u00e9g\u00e9n\u00e9ratif dans 6 destinations pilotes de 5 pays m\u00e9diterran\u00e9ens. B.Link co-dirigera \u00e9galement les activit\u00e9s sur la durabilit\u00e9 \u00e0 long terme et l&rsquo;amplification, en assurant en particulier la fertilisation crois\u00e9e entre les r\u00e9sultats du projet et l&rsquo;exp\u00e9rience et les connaissances d&rsquo;autres acteurs dans le secteur du tourisme, en assurant la transf\u00e9rabilit\u00e9 des r\u00e9sultats vers les targets du projet.<\/p>\t\t\t\t\t\t\t\t<\/div>\n\t\t\t\t<\/div>\n\t\t\t\t<\/div>\n\t\t\t\t\t<\/div>\n\t\t\t\t<\/div>\n\t\t<div class=\"elementor-element elementor-element-00c3d26 e-flex e-con-boxed e-con e-parent\" data-id=\"00c3d26\" data-element_type=\"container\" data-e-type=\"container\">\n\t\t\t\t\t<div class=\"e-con-inner\">\n\t\t\t\t<div class=\"elementor-element elementor-element-a3466d3 elementor-widget elementor-widget-spacer\" data-id=\"a3466d3\" data-element_type=\"widget\" data-e-type=\"widget\" data-widget_type=\"spacer.default\">\n\t\t\t\t<div class=\"elementor-widget-container\">\n\t\t\t\t\t\t\t<div class=\"elementor-spacer\">\n\t\t\t<div class=\"elementor-spacer-inner\"><\/div>\n\t\t<\/div>\n\t\t\t\t\t\t<\/div>\n\t\t\t\t<\/div>\n\t\t\t\t\t<\/div>\n\t\t\t\t<\/div>\n\t\t<div class=\"elementor-element elementor-element-d5659a4 e-flex e-con-boxed e-con e-parent\" data-id=\"d5659a4\" data-element_type=\"container\" data-e-type=\"container\">\n\t\t\t\t\t<div class=\"e-con-inner\">\n\t\t\t\t<div class=\"elementor-element elementor-element-6bf3cbd elementor-widget elementor-widget-spacer\" data-id=\"6bf3cbd\" data-element_type=\"widget\" data-e-type=\"widget\" data-widget_type=\"spacer.default\">\n\t\t\t\t<div class=\"elementor-widget-container\">\n\t\t\t\t\t\t\t<div class=\"elementor-spacer\">\n\t\t\t<div class=\"elementor-spacer-inner\"><\/div>\n\t\t<\/div>\n\t\t\t\t\t\t<\/div>\n\t\t\t\t<\/div>\n\t\t\t\t\t<\/div>\n\t\t\t\t<\/div>\n\t\t<div class=\"elementor-element elementor-element-17355bc e-flex e-con-boxed e-con e-parent\" data-id=\"17355bc\" data-element_type=\"container\" data-e-type=\"container\">\n\t\t\t\t\t<div class=\"e-con-inner\">\n\t\t\t\t<div class=\"elementor-element elementor-element-7bb5ede elementor-widget elementor-widget-spacer\" data-id=\"7bb5ede\" data-element_type=\"widget\" data-e-type=\"widget\" data-widget_type=\"spacer.default\">\n\t\t\t\t<div class=\"elementor-widget-container\">\n\t\t\t\t\t\t\t<div class=\"elementor-spacer\">\n\t\t\t<div class=\"elementor-spacer-inner\"><\/div>\n\t\t<\/div>\n\t\t\t\t\t\t<\/div>\n\t\t\t\t<\/div>\n\t\t\t\t\t<\/div>\n\t\t\t\t<\/div>\n\t\t<div class=\"elementor-element elementor-element-2ea883c e-flex e-con-boxed e-con e-parent\" data-id=\"2ea883c\" data-element_type=\"container\" data-e-type=\"container\">\n\t\t\t\t\t<div class=\"e-con-inner\">\n\t\t<div class=\"elementor-element elementor-element-5f4dd87 e-grid e-con-full e-con e-child\" data-id=\"5f4dd87\" data-element_type=\"container\" data-e-type=\"container\">\n\t\t\t\t<div class=\"elementor-element elementor-element-a740dd6 elementor-widget elementor-widget-heading\" data-id=\"a740dd6\" data-element_type=\"widget\" data-e-type=\"widget\" data-widget_type=\"heading.default\">\n\t\t\t\t<div class=\"elementor-widget-container\">\n\t\t\t\t\t<h6 class=\"elementor-heading-title elementor-size-default\">Avec le soutien de<\/h6>\t\t\t\t<\/div>\n\t\t\t\t<\/div>\n\t\t\t\t<div class=\"elementor-element elementor-element-0f828be elementor-widget elementor-widget-image\" data-id=\"0f828be\" data-element_type=\"widget\" data-e-type=\"widget\" data-widget_type=\"image.default\">\n\t\t\t\t<div class=\"elementor-widget-container\">\n\t\t\t\t\t\t\t\t\t\t\t\t\t\t\t<img decoding=\"async\" width=\"300\" height=\"79\" src=\"https:\/\/blinkbcn.com\/wp-content\/uploads\/IVY-logo-transparent-300x79.png\" class=\"attachment-medium size-medium wp-image-5162\" alt=\"\" srcset=\"https:\/\/blinkbcn.com\/wp-content\/uploads\/IVY-logo-transparent-300x79.png 300w, https:\/\/blinkbcn.com\/wp-content\/uploads\/IVY-logo-transparent-1024x269.png 1024w, https:\/\/blinkbcn.com\/wp-content\/uploads\/IVY-logo-transparent-768x202.png 768w, https:\/\/blinkbcn.com\/wp-content\/uploads\/IVY-logo-transparent-1536x404.png 1536w, https:\/\/blinkbcn.com\/wp-content\/uploads\/IVY-logo-transparent.png 1940w\" sizes=\"(max-width: 300px) 100vw, 300px\" \/>\t\t\t\t\t\t\t\t\t\t\t\t\t\t\t<\/div>\n\t\t\t\t<\/div>\n\t\t\t\t<\/div>\n\t\t\t\t\t<\/div>\n\t\t\t\t<\/div>\n\t\t<div class=\"elementor-element elementor-element-82bfa65 e-flex e-con-boxed e-con e-parent\" data-id=\"82bfa65\" data-element_type=\"container\" data-e-type=\"container\">\n\t\t\t\t\t<div class=\"e-con-inner\">\n\t\t\t\t<div class=\"elementor-element elementor-element-e6c148d elementor-widget elementor-widget-spacer\" data-id=\"e6c148d\" data-element_type=\"widget\" data-e-type=\"widget\" data-widget_type=\"spacer.default\">\n\t\t\t\t<div class=\"elementor-widget-container\">\n\t\t\t\t\t\t\t<div class=\"elementor-spacer\">\n\t\t\t<div class=\"elementor-spacer-inner\"><\/div>\n\t\t<\/div>\n\t\t\t\t\t\t<\/div>\n\t\t\t\t<\/div>\n\t\t\t\t\t<\/div>\n\t\t\t\t<\/div>\n\t\t\t\t<\/div>\n\t\t","protected":false},"excerpt":{"rendered":"<p>Regenera4MED Towards a Mediterranean model of Regenerative Tourism as Climate Change adaptation and risk prevention D\u00e9but: 01\/04\/2025 Fin: 31\/12\/2027 Budget gloabl: 2.442.612,50\u20ac Subvention: 1.954.090 \u20ac Site web du projet Regenera4MED, financ\u00e9 par le programme Interreg Euro-MED, vise \u00e0 reformuler les mod\u00e8les touristiques en M\u00e9diterran\u00e9e pour en faire un moteur de cr\u00e9ation de valeur sociale et [&hellip;]<\/p>\n","protected":false},"author":4,"featured_media":0,"parent":0,"menu_order":0,"comment_status":"closed","ping_status":"closed","template":"","meta":{"footnotes":""},"class_list":["post-5042","page","type-page","status-publish","hentry"],"_links":{"self":[{"href":"https:\/\/blinkbcn.com\/fr\/wp-json\/wp\/v2\/pages\/5042","targetHints":{"allow":["GET"]}}],"collection":[{"href":"https:\/\/blinkbcn.com\/fr\/wp-json\/wp\/v2\/pages"}],"about":[{"href":"https:\/\/blinkbcn.com\/fr\/wp-json\/wp\/v2\/types\/page"}],"author":[{"embeddable":true,"href":"https:\/\/blinkbcn.com\/fr\/wp-json\/wp\/v2\/users\/4"}],"replies":[{"embeddable":true,"href":"https:\/\/blinkbcn.com\/fr\/wp-json\/wp\/v2\/comments?post=5042"}],"version-history":[{"count":12,"href":"https:\/\/blinkbcn.com\/fr\/wp-json\/wp\/v2\/pages\/5042\/revisions"}],"predecessor-version":[{"id":5173,"href":"https:\/\/blinkbcn.com\/fr\/wp-json\/wp\/v2\/pages\/5042\/revisions\/5173"}],"wp:attachment":[{"href":"https:\/\/blinkbcn.com\/fr\/wp-json\/wp\/v2\/media?parent=5042"}],"curies":[{"name":"wp","href":"https:\/\/api.w.org\/{rel}","templated":true}]}}