{"id":4733,"date":"2024-11-06T15:44:23","date_gmt":"2024-11-06T15:44:23","guid":{"rendered":"https:\/\/blinkbcn.com\/?page_id=4733"},"modified":"2024-12-02T09:55:48","modified_gmt":"2024-12-02T09:55:48","slug":"facilita","status":"publish","type":"page","link":"https:\/\/blinkbcn.com\/fr\/facilita\/","title":{"rendered":"FACILITA"},"content":{"rendered":"\t\t<div data-elementor-type=\"wp-page\" data-elementor-id=\"4733\" class=\"elementor elementor-4733 elementor-4491\" data-elementor-post-type=\"page\">\n\t\t\t\t<div class=\"elementor-element elementor-element-210c289c e-flex e-con-boxed e-con e-parent\" data-id=\"210c289c\" data-element_type=\"container\" data-e-type=\"container\" data-settings=\"{&quot;background_background&quot;:&quot;classic&quot;}\">\n\t\t\t\t\t<div class=\"e-con-inner\">\n\t\t<div class=\"elementor-element elementor-element-2113aa8e e-con-full e-flex e-con e-child\" data-id=\"2113aa8e\" data-element_type=\"container\" data-e-type=\"container\">\n\t\t\t\t<div class=\"elementor-element elementor-element-2a11fb33 elementor-widget elementor-widget-heading\" data-id=\"2a11fb33\" data-element_type=\"widget\" data-e-type=\"widget\" data-widget_type=\"heading.default\">\n\t\t\t\t<div class=\"elementor-widget-container\">\n\t\t\t\t\t<h1 class=\"elementor-heading-title elementor-size-default\">FACILITA<\/h1>\t\t\t\t<\/div>\n\t\t\t\t<\/div>\n\t\t\t\t<div class=\"elementor-element elementor-element-59be1762 elementor-widget elementor-widget-heading\" data-id=\"59be1762\" data-element_type=\"widget\" data-e-type=\"widget\" data-widget_type=\"heading.default\">\n\t\t\t\t<div class=\"elementor-widget-container\">\n\t\t\t\t\t<h5 class=\"elementor-heading-title elementor-size-default\">Transformer les B\u00e2timents Publics vers l\u2019Efficacit\u00e9 \u00c9nerg\u00e9tique<\/h5>\t\t\t\t<\/div>\n\t\t\t\t<\/div>\n\t\t\t\t<\/div>\n\t\t\t\t\t<\/div>\n\t\t\t\t<\/div>\n\t\t<div class=\"elementor-element elementor-element-165ec93d e-flex e-con-boxed e-con e-parent\" data-id=\"165ec93d\" data-element_type=\"container\" data-e-type=\"container\">\n\t\t\t\t\t<div class=\"e-con-inner\">\n\t\t<div class=\"elementor-element elementor-element-5a5757e7 e-con-full e-flex e-con e-child\" data-id=\"5a5757e7\" data-element_type=\"container\" data-e-type=\"container\">\n\t\t\t\t<div class=\"elementor-element elementor-element-bef04aa elementor-absolute elementor-widget elementor-widget-image\" data-id=\"bef04aa\" data-element_type=\"widget\" data-e-type=\"widget\" data-settings=\"{&quot;_position&quot;:&quot;absolute&quot;}\" data-widget_type=\"image.default\">\n\t\t\t\t<div class=\"elementor-widget-container\">\n\t\t\t\t\t\t\t\t\t\t\t\t\t\t\t<img fetchpriority=\"high\" decoding=\"async\" width=\"800\" height=\"200\" src=\"https:\/\/blinkbcn.com\/wp-content\/uploads\/Logo-Facilita-green-1-1024x256.jpg\" class=\"attachment-large size-large wp-image-4515\" alt=\"\" srcset=\"https:\/\/blinkbcn.com\/wp-content\/uploads\/Logo-Facilita-green-1-1024x256.jpg 1024w, https:\/\/blinkbcn.com\/wp-content\/uploads\/Logo-Facilita-green-1-300x75.jpg 300w, https:\/\/blinkbcn.com\/wp-content\/uploads\/Logo-Facilita-green-1-768x192.jpg 768w, https:\/\/blinkbcn.com\/wp-content\/uploads\/Logo-Facilita-green-1-1536x384.jpg 1536w, https:\/\/blinkbcn.com\/wp-content\/uploads\/Logo-Facilita-green-1-2048x512.jpg 2048w\" sizes=\"(max-width: 800px) 100vw, 800px\" \/>\t\t\t\t\t\t\t\t\t\t\t\t\t\t\t<\/div>\n\t\t\t\t<\/div>\n\t\t\t\t<\/div>\n\t\t<div class=\"elementor-element elementor-element-1b984b03 e-con-full e-flex e-con e-child\" data-id=\"1b984b03\" data-element_type=\"container\" data-e-type=\"container\">\n\t\t\t\t<div class=\"elementor-element elementor-element-389b2d19 elementor-widget__width-initial elementor-widget elementor-widget-image\" data-id=\"389b2d19\" data-element_type=\"widget\" data-e-type=\"widget\" data-widget_type=\"image.default\">\n\t\t\t\t<div class=\"elementor-widget-container\">\n\t\t\t\t\t\t\t\t\t\t\t\t\t\t\t<img decoding=\"async\" width=\"300\" height=\"119\" src=\"https:\/\/blinkbcn.com\/wp-content\/uploads\/eufunding-300x119.png\" class=\"attachment-medium size-medium wp-image-3705\" alt=\"\" srcset=\"https:\/\/blinkbcn.com\/wp-content\/uploads\/eufunding-300x119.png 300w, https:\/\/blinkbcn.com\/wp-content\/uploads\/eufunding-1024x408.png 1024w, https:\/\/blinkbcn.com\/wp-content\/uploads\/eufunding-768x306.png 768w, https:\/\/blinkbcn.com\/wp-content\/uploads\/eufunding.png 1263w\" sizes=\"(max-width: 300px) 100vw, 300px\" \/>\t\t\t\t\t\t\t\t\t\t\t\t\t\t\t<\/div>\n\t\t\t\t<\/div>\n\t\t\t\t<\/div>\n\t\t\t\t\t<\/div>\n\t\t\t\t<\/div>\n\t\t<div class=\"elementor-element elementor-element-2a3757e5 e-flex e-con-boxed e-con e-parent\" data-id=\"2a3757e5\" data-element_type=\"container\" data-e-type=\"container\" data-settings=\"{&quot;background_background&quot;:&quot;classic&quot;}\">\n\t\t\t\t\t<div class=\"e-con-inner\">\n\t\t<div class=\"elementor-element elementor-element-17d9577f e-con-full e-flex e-con e-child\" data-id=\"17d9577f\" data-element_type=\"container\" data-e-type=\"container\" data-settings=\"{&quot;background_background&quot;:&quot;classic&quot;}\">\n\t\t\t\t<div class=\"elementor-element elementor-element-1704fe16 elementor-icon-list--layout-traditional elementor-list-item-link-full_width elementor-widget elementor-widget-icon-list\" data-id=\"1704fe16\" data-element_type=\"widget\" data-e-type=\"widget\" data-widget_type=\"icon-list.default\">\n\t\t\t\t<div class=\"elementor-widget-container\">\n\t\t\t\t\t\t\t<ul class=\"elementor-icon-list-items\">\n\t\t\t\t\t\t\t<li class=\"elementor-icon-list-item\">\n\t\t\t\t\t\t\t\t\t\t\t<span class=\"elementor-icon-list-icon\">\n\t\t\t\t\t\t\t<svg aria-hidden=\"true\" class=\"e-font-icon-svg e-fas-play-circle\" viewBox=\"0 0 512 512\" xmlns=\"http:\/\/www.w3.org\/2000\/svg\"><path d=\"M256 8C119 8 8 119 8 256s111 248 248 248 248-111 248-248S393 8 256 8zm115.7 272l-176 101c-15.8 8.8-35.7-2.5-35.7-21V152c0-18.4 19.8-29.8 35.7-21l176 107c16.4 9.2 16.4 32.9 0 42z\"><\/path><\/svg>\t\t\t\t\t\t<\/span>\n\t\t\t\t\t\t\t\t\t\t<span class=\"elementor-icon-list-text\">D\u00e9but: <b>01\/10\/2024<\/b><\/span>\n\t\t\t\t\t\t\t\t\t<\/li>\n\t\t\t\t\t\t\t\t<li class=\"elementor-icon-list-item\">\n\t\t\t\t\t\t\t\t\t\t\t<span class=\"elementor-icon-list-icon\">\n\t\t\t\t\t\t\t<svg aria-hidden=\"true\" class=\"e-font-icon-svg e-fas-flag-checkered\" viewBox=\"0 0 512 512\" xmlns=\"http:\/\/www.w3.org\/2000\/svg\"><path d=\"M243.2 189.9V258c26.1 5.9 49.3 15.6 73.6 22.3v-68.2c-26-5.8-49.4-15.5-73.6-22.2zm223.3-123c-34.3 15.9-76.5 31.9-117 31.9C296 98.8 251.7 64 184.3 64c-25 0-47.3 4.4-68 12 2.8-7.3 4.1-15.2 3.6-23.6C118.1 24 94.8 1.2 66.3 0 34.3-1.3 8 24.3 8 56c0 19 9.5 35.8 24 45.9V488c0 13.3 10.7 24 24 24h16c13.3 0 24-10.7 24-24v-94.4c28.3-12.1 63.6-22.1 114.4-22.1 53.6 0 97.8 34.8 165.2 34.8 48.2 0 86.7-16.3 122.5-40.9 8.7-6 13.8-15.8 13.8-26.4V95.9c.1-23.3-24.2-38.8-45.4-29zM169.6 325.5c-25.8 2.7-50 8.2-73.6 16.6v-70.5c26.2-9.3 47.5-15 73.6-17.4zM464 191c-23.6 9.8-46.3 19.5-73.6 23.9V286c24.8-3.4 51.4-11.8 73.6-26v70.5c-25.1 16.1-48.5 24.7-73.6 27.1V286c-27 3.7-47.9 1.5-73.6-5.6v67.4c-23.9-7.4-47.3-16.7-73.6-21.3V258c-19.7-4.4-40.8-6.8-73.6-3.8v-70c-22.4 3.1-44.6 10.2-73.6 20.9v-70.5c33.2-12.2 50.1-19.8 73.6-22v71.6c27-3.7 48.4-1.3 73.6 5.7v-67.4c23.7 7.4 47.2 16.7 73.6 21.3v68.4c23.7 5.3 47.6 6.9 73.6 2.7V143c27-4.8 52.3-13.6 73.6-22.5z\"><\/path><\/svg>\t\t\t\t\t\t<\/span>\n\t\t\t\t\t\t\t\t\t\t<span class=\"elementor-icon-list-text\">Fin: <b>30\/09\/2027<\/b><\/span>\n\t\t\t\t\t\t\t\t\t<\/li>\n\t\t\t\t\t\t<\/ul>\n\t\t\t\t\t\t<\/div>\n\t\t\t\t<\/div>\n\t\t\t\t<div class=\"elementor-element elementor-element-142942ac elementor-icon-list--layout-traditional elementor-list-item-link-full_width elementor-widget elementor-widget-icon-list\" data-id=\"142942ac\" data-element_type=\"widget\" data-e-type=\"widget\" data-widget_type=\"icon-list.default\">\n\t\t\t\t<div class=\"elementor-widget-container\">\n\t\t\t\t\t\t\t<ul class=\"elementor-icon-list-items\">\n\t\t\t\t\t\t\t<li class=\"elementor-icon-list-item\">\n\t\t\t\t\t\t\t\t\t\t\t<span class=\"elementor-icon-list-icon\">\n\t\t\t\t\t\t\t<svg aria-hidden=\"true\" class=\"e-font-icon-svg e-fas-money-bill-wave\" viewBox=\"0 0 640 512\" xmlns=\"http:\/\/www.w3.org\/2000\/svg\"><path d=\"M621.16 54.46C582.37 38.19 543.55 32 504.75 32c-123.17-.01-246.33 62.34-369.5 62.34-30.89 0-61.76-3.92-92.65-13.72-3.47-1.1-6.95-1.62-10.35-1.62C15.04 79 0 92.32 0 110.81v317.26c0 12.63 7.23 24.6 18.84 29.46C57.63 473.81 96.45 480 135.25 480c123.17 0 246.34-62.35 369.51-62.35 30.89 0 61.76 3.92 92.65 13.72 3.47 1.1 6.95 1.62 10.35 1.62 17.21 0 32.25-13.32 32.25-31.81V83.93c-.01-12.64-7.24-24.6-18.85-29.47zM48 132.22c20.12 5.04 41.12 7.57 62.72 8.93C104.84 170.54 79 192.69 48 192.69v-60.47zm0 285v-47.78c34.37 0 62.18 27.27 63.71 61.4-22.53-1.81-43.59-6.31-63.71-13.62zM320 352c-44.19 0-80-42.99-80-96 0-53.02 35.82-96 80-96s80 42.98 80 96c0 53.03-35.83 96-80 96zm272 27.78c-17.52-4.39-35.71-6.85-54.32-8.44 5.87-26.08 27.5-45.88 54.32-49.28v57.72zm0-236.11c-30.89-3.91-54.86-29.7-55.81-61.55 19.54 2.17 38.09 6.23 55.81 12.66v48.89z\"><\/path><\/svg>\t\t\t\t\t\t<\/span>\n\t\t\t\t\t\t\t\t\t\t<span class=\"elementor-icon-list-text\">Budget Global: <b>1.498.897,73  \u20ac<\/b><\/span>\n\t\t\t\t\t\t\t\t\t<\/li>\n\t\t\t\t\t\t\t\t<li class=\"elementor-icon-list-item\">\n\t\t\t\t\t\t\t\t\t\t\t<span class=\"elementor-icon-list-icon\">\n\t\t\t\t\t\t\t<svg aria-hidden=\"true\" class=\"e-font-icon-svg e-fas-money-bill-wave\" viewBox=\"0 0 640 512\" xmlns=\"http:\/\/www.w3.org\/2000\/svg\"><path d=\"M621.16 54.46C582.37 38.19 543.55 32 504.75 32c-123.17-.01-246.33 62.34-369.5 62.34-30.89 0-61.76-3.92-92.65-13.72-3.47-1.1-6.95-1.62-10.35-1.62C15.04 79 0 92.32 0 110.81v317.26c0 12.63 7.23 24.6 18.84 29.46C57.63 473.81 96.45 480 135.25 480c123.17 0 246.34-62.35 369.51-62.35 30.89 0 61.76 3.92 92.65 13.72 3.47 1.1 6.95 1.62 10.35 1.62 17.21 0 32.25-13.32 32.25-31.81V83.93c-.01-12.64-7.24-24.6-18.85-29.47zM48 132.22c20.12 5.04 41.12 7.57 62.72 8.93C104.84 170.54 79 192.69 48 192.69v-60.47zm0 285v-47.78c34.37 0 62.18 27.27 63.71 61.4-22.53-1.81-43.59-6.31-63.71-13.62zM320 352c-44.19 0-80-42.99-80-96 0-53.02 35.82-96 80-96s80 42.98 80 96c0 53.03-35.83 96-80 96zm272 27.78c-17.52-4.39-35.71-6.85-54.32-8.44 5.87-26.08 27.5-45.88 54.32-49.28v57.72zm0-236.11c-30.89-3.91-54.86-29.7-55.81-61.55 19.54 2.17 38.09 6.23 55.81 12.66v48.89z\"><\/path><\/svg>\t\t\t\t\t\t<\/span>\n\t\t\t\t\t\t\t\t\t\t<span class=\"elementor-icon-list-text\">Subvention: <b> 1.423.952,86 \u20ac<\/b><\/span>\n\t\t\t\t\t\t\t\t\t<\/li>\n\t\t\t\t\t\t<\/ul>\n\t\t\t\t\t\t<\/div>\n\t\t\t\t<\/div>\n\t\t\t\t<\/div>\n\t\t\t\t\t<\/div>\n\t\t\t\t<\/div>\n\t\t<div class=\"elementor-element elementor-element-a95735b e-flex e-con-boxed e-con e-parent\" data-id=\"a95735b\" data-element_type=\"container\" data-e-type=\"container\" data-settings=\"{&quot;background_background&quot;:&quot;classic&quot;}\">\n\t\t\t\t\t<div class=\"e-con-inner\">\n\t\t\t\t<div class=\"elementor-element elementor-element-1c22323c elementor-widget elementor-widget-text-editor\" data-id=\"1c22323c\" data-element_type=\"widget\" data-e-type=\"widget\" data-widget_type=\"text-editor.default\">\n\t\t\t\t<div class=\"elementor-widget-container\">\n\t\t\t\t\t\t\t\t\t<p>Le projet FACILITA, financ\u00e9 par le programme LIFE Clean Energy Transition, promeut des r\u00e9novations \u00e9nerg\u00e9tiques profondes dans les b\u00e2timents publics en Espagne. Gr\u00e2ce \u00e0 trois guichets uniques r\u00e9gionaux (- OSS) en Estr\u00e9madure, \u00e0 Madrid et \u00e0 Valence, FACILITA relie les gouvernements locaux \u00e0 des services tout-en-un \u2014techniques, financiers et r\u00e9glementaires\u2014 pour faciliter les am\u00e9liorations \u00e9nerg\u00e9tiques dans les b\u00e2timents publics tels que les \u00e9coles, les h\u00f4pitaux ou les installations administratives, entre autres.<\/p>\t\t\t\t\t\t\t\t<\/div>\n\t\t\t\t<\/div>\n\t\t\t\t\t<\/div>\n\t\t\t\t<\/div>\n\t\t<div class=\"elementor-element elementor-element-311e9b12 e-flex e-con-boxed e-con e-parent\" data-id=\"311e9b12\" data-element_type=\"container\" data-e-type=\"container\">\n\t\t\t\t\t<div class=\"e-con-inner\">\n\t\t<div class=\"elementor-element elementor-element-413fc4 e-con-full e-flex e-con e-child\" data-id=\"413fc4\" data-element_type=\"container\" data-e-type=\"container\">\n\t\t\t\t<div class=\"elementor-element elementor-element-62ff28c7 elementor-widget elementor-widget-heading\" data-id=\"62ff28c7\" data-element_type=\"widget\" data-e-type=\"widget\" data-widget_type=\"heading.default\">\n\t\t\t\t<div class=\"elementor-widget-container\">\n\t\t\t\t\t<h2 class=\"elementor-heading-title elementor-size-default\">FACILITAT et la Transition Energ\u00e9tique <\/h2>\t\t\t\t<\/div>\n\t\t\t\t<\/div>\n\t\t\t\t<div class=\"elementor-element elementor-element-7aac5397 elementor-widget elementor-widget-text-editor\" data-id=\"7aac5397\" data-element_type=\"widget\" data-e-type=\"widget\" data-widget_type=\"text-editor.default\">\n\t\t\t\t<div class=\"elementor-widget-container\">\n\t\t\t\t\t\t\t\t\t<p>Align\u00e9 sur les objectifs \u00e9nerg\u00e9tiques et climatiques de l\u2019UE, FACILITA fait avancer le Plan National Int\u00e9gr\u00e9 \u00c9nergie-Climat de l\u2019Espagne, qui s\u2019engage \u00e0 des \u00e9conomies d\u2019\u00e9nergie substantielles et des r\u00e9ductions d\u2019\u00e9missions dans les b\u00e2timents publics d\u2019ici 2030. Les installations publiques en Espagne d\u00e9pendent souvent de syst\u00e8mes \u00e9nerg\u00e9tiques obsol\u00e8tes et inefficaces, entra\u00eenant des co\u00fbts environnementaux et financiers \u00e9lev\u00e9s. FACILITA r\u00e9pond \u00e0 ces d\u00e9fis en fournissant des solutions accessibles et abordables permettant aux autorit\u00e9s locales et r\u00e9gionales de mettre en \u0153uvre des r\u00e9novations \u00e9nerg\u00e9tiques profondes, en s\u2019adaptant \u00e0 divers contextes climatiques et urbains.\u00a0<\/p><p>Le projet vise \u00e0 <strong>\u00e9liminer les barri\u00e8res administratives, l\u00e9gales, financi\u00e8res et techniques courantes<\/strong>, en \u00e9quipant les autorit\u00e9s locales et r\u00e9gionales d\u2019un service tout-en-un qui soutient une planification efficace des projets, une structuration financi\u00e8re et une mise en \u0153uvre de haute qualit\u00e9. Ainsi, les objectifs de FACILITA sont triples : exploiter trois guichets uniques durables pour la r\u00e9novation des b\u00e2timents publics, d\u00e9clencher des investissements pour des am\u00e9liorations \u00e9nerg\u00e9tiques profondes dans les installations publiques contribuant \u00e0 la transition vers une \u00e9nergie propre, et faciliter la r\u00e9plication et le d\u00e9veloppement des OSS dans d\u2019autres r\u00e9gions europ\u00e9ennes.\u00a0<\/p>\t\t\t\t\t\t\t\t<\/div>\n\t\t\t\t<\/div>\n\t\t\t\t<\/div>\n\t\t\t\t\t<\/div>\n\t\t\t\t<\/div>\n\t\t<div class=\"elementor-element elementor-element-5741538e e-flex e-con-boxed e-con e-parent\" data-id=\"5741538e\" data-element_type=\"container\" data-e-type=\"container\">\n\t\t\t\t\t<div class=\"e-con-inner\">\n\t\t<div class=\"elementor-element elementor-element-5d85d75f e-con-full e-flex e-con e-child\" data-id=\"5d85d75f\" data-element_type=\"container\" data-e-type=\"container\">\n\t\t\t\t<div class=\"elementor-element elementor-element-169cfc69 elementor-widget elementor-widget-heading\" data-id=\"169cfc69\" data-element_type=\"widget\" data-e-type=\"widget\" data-widget_type=\"heading.default\">\n\t\t\t\t<div class=\"elementor-widget-container\">\n\t\t\t\t\t<h2 class=\"elementor-heading-title elementor-size-default\">L\u2019Approche de FACILITA<\/h2>\t\t\t\t<\/div>\n\t\t\t\t<\/div>\n\t\t\t\t<div class=\"elementor-element elementor-element-39ee474c elementor-widget elementor-widget-text-editor\" data-id=\"39ee474c\" data-element_type=\"widget\" data-e-type=\"widget\" data-widget_type=\"text-editor.default\">\n\t\t\t\t<div class=\"elementor-widget-container\">\n\t\t\t\t\t\t\t\t\t<p>FACILITA pr\u00e9voit de cr\u00e9er et d\u2019exploiter des services complets de r\u00e9novation -OSS- dans trois r\u00e9gions espagnoles, combinant des bureaux physiques et virtuels, avec un service mobile. En tant que centres de services int\u00e9gr\u00e9s, les OSS de FACILITA offriront aux autorit\u00e9s locales et r\u00e9gionales une gamme compl\u00e8te de services, notamment des conseils techniques, financiers et juridiques, une gestion des achats et une assurance qualit\u00e9. Ainsi, tout le Parcours Client sera couvert : de la phase d\u2019int\u00e9gration au suivi des travaux, en passant par la conception du projet, la pr\u00e9paration et l\u2019appel d\u2019offres, et la construction.\u00a0<\/p><p>Suite \u00e0 une analyse approfondie des cadres l\u00e9gaux, r\u00e9glementaires et financiers, ainsi qu\u2019\u00e0 une \u00e9valuation des mod\u00e8les existants, les OSS de FACILITA seront con\u00e7ues \u00e0 travers une approche co-cr\u00e9ative, en tenant compte des sp\u00e9cificit\u00e9s g\u00e9ographiques, institutionnelles, \u00e9conomiques et sociales de chaque r\u00e9gion. En cons\u00e9quence, trois mod\u00e8les de gouvernance distincts des OSS seront test\u00e9s : gestion publique (Estr\u00e9madure), priv\u00e9e \u00e0 but non lucratif (Valence) et priv\u00e9e (Madrid).\u00a0<\/p><p>Ensuite, une phase de test et d\u2019ajustement sera r\u00e9alis\u00e9e, apr\u00e8s laquelle des outils reproductibles -FACILITA Toolkit- seront d\u00e9velopp\u00e9s. Ces outils, ainsi que les connaissances et r\u00e9sultats du projet, seront diffus\u00e9s et reproduits dans d\u2019autres r\u00e9gions de l\u2019UE \u00e0 travers la Communaut\u00e9 de Pratique FACILITA de l\u2019UE.\u00a0<\/p>\t\t\t\t\t\t\t\t<\/div>\n\t\t\t\t<\/div>\n\t\t\t\t<\/div>\n\t\t<div class=\"elementor-element elementor-element-71462d0e e-con-full e-flex e-con e-child\" data-id=\"71462d0e\" data-element_type=\"container\" data-e-type=\"container\">\n\t\t\t\t<div class=\"elementor-element elementor-element-3528ad3f elementor-widget elementor-widget-image\" data-id=\"3528ad3f\" data-element_type=\"widget\" data-e-type=\"widget\" data-widget_type=\"image.default\">\n\t\t\t\t<div class=\"elementor-widget-container\">\n\t\t\t\t\t\t\t\t\t\t\t\t\t\t\t<img decoding=\"async\" width=\"791\" height=\"1024\" src=\"https:\/\/blinkbcn.com\/wp-content\/uploads\/FACILITA-791x1024.png\" class=\"attachment-large size-large wp-image-4482\" alt=\"\" srcset=\"https:\/\/blinkbcn.com\/wp-content\/uploads\/FACILITA-791x1024.png 791w, https:\/\/blinkbcn.com\/wp-content\/uploads\/FACILITA-232x300.png 232w, https:\/\/blinkbcn.com\/wp-content\/uploads\/FACILITA-768x994.png 768w, https:\/\/blinkbcn.com\/wp-content\/uploads\/FACILITA-1187x1536.png 1187w, https:\/\/blinkbcn.com\/wp-content\/uploads\/FACILITA.png 1545w\" sizes=\"(max-width: 791px) 100vw, 791px\" \/>\t\t\t\t\t\t\t\t\t\t\t\t\t\t\t<\/div>\n\t\t\t\t<\/div>\n\t\t\t\t<\/div>\n\t\t\t\t\t<\/div>\n\t\t\t\t<\/div>\n\t\t<div class=\"elementor-element elementor-element-61ef5193 e-flex e-con-boxed e-con e-parent\" data-id=\"61ef5193\" data-element_type=\"container\" data-e-type=\"container\">\n\t\t\t\t\t<div class=\"e-con-inner\">\n\t\t<div class=\"elementor-element elementor-element-49cd14d6 e-con-full e-flex e-con e-child\" data-id=\"49cd14d6\" data-element_type=\"container\" data-e-type=\"container\">\n\t\t<div class=\"elementor-element elementor-element-8bb22a2 e-flex e-con-boxed e-con e-child\" data-id=\"8bb22a2\" data-element_type=\"container\" data-e-type=\"container\">\n\t\t\t\t\t<div class=\"e-con-inner\">\n\t\t\t\t<div class=\"elementor-element elementor-element-5161a4c3 elementor-widget elementor-widget-heading\" data-id=\"5161a4c3\" data-element_type=\"widget\" data-e-type=\"widget\" data-widget_type=\"heading.default\">\n\t\t\t\t<div class=\"elementor-widget-container\">\n\t\t\t\t\t<h2 class=\"elementor-heading-title elementor-size-default\">Trois OSS, Sept Partenaires<\/h2>\t\t\t\t<\/div>\n\t\t\t\t<\/div>\n\t\t\t\t<div class=\"elementor-element elementor-element-21931d9b elementor-widget__width-initial elementor-widget elementor-widget-text-editor\" data-id=\"21931d9b\" data-element_type=\"widget\" data-e-type=\"widget\" data-widget_type=\"text-editor.default\">\n\t\t\t\t<div class=\"elementor-widget-container\">\n\t\t\t\t\t\t\t\t\t<p>Le projet FACILITA rassemble un r\u00e9seau solide de partenaires, dirig\u00e9 par l\u2019Institut Valencien de l\u2019\u00c9dification (IVE), chacun apportant une expertise cl\u00e9 dans divers domaines de la transition \u00e9nerg\u00e9tique et des connaissances r\u00e9gionales essentielles. L\u2019IVE sera l\u2019op\u00e9rateur de l\u2019OSS \u00e0 Valence, tandis que l\u2019Agence \u00c9nerg\u00e9tique d\u2019Estr\u00e9madure (AGENEX) et ESCAN concevront et exploiteront respectivement les OSS d\u2019Estr\u00e9madure et de Madrid. Ideas for Change, la F\u00e9d\u00e9ration Europ\u00e9enne des Agences et R\u00e9gions pour l\u2019\u00c9nergie et l\u2019Environnement (FEDARENE) et B.Link compl\u00e8tent le consortium avec une approche holistique \u00e0 l\u2019engagement des parties prenantes, la r\u00e9plication et le transfert, et la gestion du projet.\u00a0<\/p><p>B.Link apporte son expertise en cartographie strat\u00e9gique des opportunit\u00e9s et en gestion globale au projet FACILITA. B.Link soutient l\u2019IVE dans le cadre du Work Package 1, en<strong> g\u00e9rant les t\u00e2ches administratives et logistiques cl\u00e9s.<\/strong> De plus, en tant que <strong>leader de l\u2019Assurance Qualit\u00e9 et de la Gestion des Risques (WP1)<\/strong>, B.Link s\u2019engage \u00e0 maintenir des normes \u00e9lev\u00e9es tout au long du cycle de vie du projet.\u00a0<\/p><p>Dans la phase de conception des OSS (WP3), B.Link dirige <strong>un processus participatif et co-cr\u00e9atif<\/strong> pour d\u00e9velopper trois OSS FACILITA adapt\u00e9es, r\u00e9pondant aux divers contextes r\u00e9gionaux. <strong>L\u2019\u00e9valuation des OSS (WP4) est \u00e9galement sous la responsabilit\u00e9 de B.Link<\/strong>, garantissant une mise en \u0153uvre correcte et la collecte des donn\u00e9es les plus pertinentes pour tirer des conclusions appropri\u00e9es et ajuster les OSS pilotes vers leur durabilit\u00e9 et leur r\u00e9plicabilit\u00e9.\u00a0<\/p>\t\t\t\t\t\t\t\t<\/div>\n\t\t\t\t<\/div>\n\t\t\t\t\t<\/div>\n\t\t\t\t<\/div>\n\t\t<div class=\"elementor-element elementor-element-6a740c1a e-flex e-con-boxed e-con e-child\" data-id=\"6a740c1a\" data-element_type=\"container\" data-e-type=\"container\">\n\t\t\t\t\t<div class=\"e-con-inner\">\n\t\t\t\t<div class=\"elementor-element elementor-element-febc4a9 elementor-widget elementor-widget-image\" data-id=\"febc4a9\" data-element_type=\"widget\" data-e-type=\"widget\" data-widget_type=\"image.default\">\n\t\t\t\t<div class=\"elementor-widget-container\">\n\t\t\t\t\t\t\t\t\t\t\t\t\t\t\t<img loading=\"lazy\" decoding=\"async\" width=\"791\" height=\"1024\" src=\"https:\/\/blinkbcn.com\/wp-content\/uploads\/Facilita-Mapa-Web-791x1024.png\" class=\"attachment-large size-large wp-image-4700\" alt=\"\" srcset=\"https:\/\/blinkbcn.com\/wp-content\/uploads\/Facilita-Mapa-Web-791x1024.png 791w, https:\/\/blinkbcn.com\/wp-content\/uploads\/Facilita-Mapa-Web-232x300.png 232w, https:\/\/blinkbcn.com\/wp-content\/uploads\/Facilita-Mapa-Web-768x994.png 768w, https:\/\/blinkbcn.com\/wp-content\/uploads\/Facilita-Mapa-Web-1187x1536.png 1187w, https:\/\/blinkbcn.com\/wp-content\/uploads\/Facilita-Mapa-Web.png 1545w\" sizes=\"(max-width: 791px) 100vw, 791px\" \/>\t\t\t\t\t\t\t\t\t\t\t\t\t\t\t<\/div>\n\t\t\t\t<\/div>\n\t\t\t\t\t<\/div>\n\t\t\t\t<\/div>\n\t\t\t\t<\/div>\n\t\t\t\t\t<\/div>\n\t\t\t\t<\/div>\n\t\t<div class=\"elementor-element elementor-element-7817f74a e-flex e-con-boxed e-con e-parent\" data-id=\"7817f74a\" data-element_type=\"container\" data-e-type=\"container\">\n\t\t\t\t\t<div class=\"e-con-inner\">\n\t\t\t\t<div class=\"elementor-element elementor-element-65353dda elementor-widget__width-initial elementor-widget elementor-widget-text-editor\" data-id=\"65353dda\" data-element_type=\"widget\" data-e-type=\"widget\" data-widget_type=\"text-editor.default\">\n\t\t\t\t<div class=\"elementor-widget-container\">\n\t\t\t\t\t\t\t\t\t<p>Co-funded<em style=\"text-align: justify; color: #26324b; font-family: arial, sans-serif; letter-spacing: normal;\"> by the European Union. Views and opinions expressed are however those of the author(s) only and do not necessarily reflect those of the European Union or CINEA. Neither the European Union nor the granting authority can be held responsible for them.<\/em><\/p>\t\t\t\t\t\t\t\t<\/div>\n\t\t\t\t<\/div>\n\t\t\t\t\t<\/div>\n\t\t\t\t<\/div>\n\t\t\t\t<\/div>\n\t\t","protected":false},"excerpt":{"rendered":"<p>FACILITA Transformer les B\u00e2timents Publics vers l\u2019Efficacit\u00e9 \u00c9nerg\u00e9tique D\u00e9but: 01\/10\/2024 Fin: 30\/09\/2027 Budget Global: 1.498.897,73 \u20ac Subvention: 1.423.952,86 \u20ac Le projet FACILITA, financ\u00e9 par le programme LIFE Clean Energy Transition, promeut des r\u00e9novations \u00e9nerg\u00e9tiques profondes dans les b\u00e2timents publics en Espagne. Gr\u00e2ce \u00e0 trois guichets uniques r\u00e9gionaux (- OSS) en Estr\u00e9madure, \u00e0 Madrid et \u00e0 [&hellip;]<\/p>\n","protected":false},"author":4,"featured_media":0,"parent":0,"menu_order":0,"comment_status":"closed","ping_status":"closed","template":"","meta":{"footnotes":""},"class_list":["post-4733","page","type-page","status-publish","hentry"],"_links":{"self":[{"href":"https:\/\/blinkbcn.com\/fr\/wp-json\/wp\/v2\/pages\/4733","targetHints":{"allow":["GET"]}}],"collection":[{"href":"https:\/\/blinkbcn.com\/fr\/wp-json\/wp\/v2\/pages"}],"about":[{"href":"https:\/\/blinkbcn.com\/fr\/wp-json\/wp\/v2\/types\/page"}],"author":[{"embeddable":true,"href":"https:\/\/blinkbcn.com\/fr\/wp-json\/wp\/v2\/users\/4"}],"replies":[{"embeddable":true,"href":"https:\/\/blinkbcn.com\/fr\/wp-json\/wp\/v2\/comments?post=4733"}],"version-history":[{"count":3,"href":"https:\/\/blinkbcn.com\/fr\/wp-json\/wp\/v2\/pages\/4733\/revisions"}],"predecessor-version":[{"id":4736,"href":"https:\/\/blinkbcn.com\/fr\/wp-json\/wp\/v2\/pages\/4733\/revisions\/4736"}],"wp:attachment":[{"href":"https:\/\/blinkbcn.com\/fr\/wp-json\/wp\/v2\/media?parent=4733"}],"curies":[{"name":"wp","href":"https:\/\/api.w.org\/{rel}","templated":true}]}}