{"id":4524,"date":"2024-10-21T11:22:35","date_gmt":"2024-10-21T11:22:35","guid":{"rendered":"https:\/\/blinkbcn.com\/?page_id=4524"},"modified":"2025-01-17T11:30:26","modified_gmt":"2025-01-17T11:30:26","slug":"enact","status":"publish","type":"page","link":"https:\/\/blinkbcn.com\/fr\/enact\/","title":{"rendered":"ENACT"},"content":{"rendered":"\t\t<div data-elementor-type=\"wp-page\" data-elementor-id=\"4524\" class=\"elementor elementor-4524 elementor-4266\" data-elementor-post-type=\"page\">\n\t\t\t\t<div class=\"elementor-element elementor-element-40e6aea e-flex e-con-boxed e-con e-parent\" data-id=\"40e6aea\" data-element_type=\"container\" data-e-type=\"container\" data-settings=\"{&quot;background_background&quot;:&quot;classic&quot;}\">\n\t\t\t\t\t<div class=\"e-con-inner\">\n\t\t<div class=\"elementor-element elementor-element-657e2058 e-con-full e-flex e-con e-child\" data-id=\"657e2058\" data-element_type=\"container\" data-e-type=\"container\">\n\t\t\t\t<div class=\"elementor-element elementor-element-71b1b4e5 elementor-widget elementor-widget-heading\" data-id=\"71b1b4e5\" data-element_type=\"widget\" data-e-type=\"widget\" data-widget_type=\"heading.default\">\n\t\t\t\t<div class=\"elementor-widget-container\">\n\t\t\t\t\t<h1 class=\"elementor-heading-title elementor-size-default\">ENACT<\/h1>\t\t\t\t<\/div>\n\t\t\t\t<\/div>\n\t\t\t\t<div class=\"elementor-element elementor-element-61269671 elementor-widget elementor-widget-heading\" data-id=\"61269671\" data-element_type=\"widget\" data-e-type=\"widget\" data-widget_type=\"heading.default\">\n\t\t\t\t<div class=\"elementor-widget-container\">\n\t\t\t\t\t<h5 class=\"elementor-heading-title elementor-size-default\"><p>Impulser la Transition Num\u00e9rique dans l'\u00c9conomie Sociale Agroalimentaire<span style=\"color: inherit;font-family: inherit;font-size: 1.25rem;text-align: var(--text-align)\"><\/span><\/p><\/h5>\t\t\t\t<\/div>\n\t\t\t\t<\/div>\n\t\t\t\t<\/div>\n\t\t\t\t\t<\/div>\n\t\t\t\t<\/div>\n\t\t<div class=\"elementor-element elementor-element-5954d46f e-flex e-con-boxed e-con e-parent\" data-id=\"5954d46f\" data-element_type=\"container\" data-e-type=\"container\">\n\t\t\t\t\t<div class=\"e-con-inner\">\n\t\t<div class=\"elementor-element elementor-element-5c7fb520 e-con-full e-flex e-con e-child\" data-id=\"5c7fb520\" data-element_type=\"container\" data-e-type=\"container\">\n\t\t\t\t<div class=\"elementor-element elementor-element-b8e269e elementor-widget elementor-widget-image\" data-id=\"b8e269e\" data-element_type=\"widget\" data-e-type=\"widget\" data-widget_type=\"image.default\">\n\t\t\t\t<div class=\"elementor-widget-container\">\n\t\t\t\t\t\t\t\t\t\t\t\t\t\t\t<img fetchpriority=\"high\" decoding=\"async\" width=\"800\" height=\"460\" src=\"https:\/\/blinkbcn.com\/wp-content\/uploads\/ENACT_logo_H_Color-1024x589.png\" class=\"attachment-large size-large wp-image-4744\" alt=\"\" srcset=\"https:\/\/blinkbcn.com\/wp-content\/uploads\/ENACT_logo_H_Color-1024x589.png 1024w, https:\/\/blinkbcn.com\/wp-content\/uploads\/ENACT_logo_H_Color-300x173.png 300w, https:\/\/blinkbcn.com\/wp-content\/uploads\/ENACT_logo_H_Color-768x442.png 768w, https:\/\/blinkbcn.com\/wp-content\/uploads\/ENACT_logo_H_Color-1536x884.png 1536w, https:\/\/blinkbcn.com\/wp-content\/uploads\/ENACT_logo_H_Color.png 1725w\" sizes=\"(max-width: 800px) 100vw, 800px\" \/>\t\t\t\t\t\t\t\t\t\t\t\t\t\t\t<\/div>\n\t\t\t\t<\/div>\n\t\t\t\t<\/div>\n\t\t<div class=\"elementor-element elementor-element-6fc75a64 e-con-full e-flex e-con e-child\" data-id=\"6fc75a64\" data-element_type=\"container\" data-e-type=\"container\">\n\t\t\t\t<div class=\"elementor-element elementor-element-63ba96b elementor-widget__width-initial elementor-widget elementor-widget-image\" data-id=\"63ba96b\" data-element_type=\"widget\" data-e-type=\"widget\" data-widget_type=\"image.default\">\n\t\t\t\t<div class=\"elementor-widget-container\">\n\t\t\t\t\t\t\t\t\t\t\t\t\t\t\t<img decoding=\"async\" width=\"300\" height=\"119\" src=\"https:\/\/blinkbcn.com\/wp-content\/uploads\/eufunding-300x119.png\" class=\"attachment-medium size-medium wp-image-3705\" alt=\"\" srcset=\"https:\/\/blinkbcn.com\/wp-content\/uploads\/eufunding-300x119.png 300w, https:\/\/blinkbcn.com\/wp-content\/uploads\/eufunding-1024x408.png 1024w, https:\/\/blinkbcn.com\/wp-content\/uploads\/eufunding-768x306.png 768w, https:\/\/blinkbcn.com\/wp-content\/uploads\/eufunding.png 1263w\" sizes=\"(max-width: 300px) 100vw, 300px\" \/>\t\t\t\t\t\t\t\t\t\t\t\t\t\t\t<\/div>\n\t\t\t\t<\/div>\n\t\t\t\t<\/div>\n\t\t\t\t\t<\/div>\n\t\t\t\t<\/div>\n\t\t<div class=\"elementor-element elementor-element-19c2c92c e-flex e-con-boxed e-con e-parent\" data-id=\"19c2c92c\" data-element_type=\"container\" data-e-type=\"container\" data-settings=\"{&quot;background_background&quot;:&quot;classic&quot;}\">\n\t\t\t\t\t<div class=\"e-con-inner\">\n\t\t<div class=\"elementor-element elementor-element-126bd242 e-con-full e-flex e-con e-child\" data-id=\"126bd242\" data-element_type=\"container\" data-e-type=\"container\" data-settings=\"{&quot;background_background&quot;:&quot;classic&quot;}\">\n\t\t\t\t<div class=\"elementor-element elementor-element-5e2c174e elementor-icon-list--layout-traditional elementor-list-item-link-full_width elementor-widget elementor-widget-icon-list\" data-id=\"5e2c174e\" data-element_type=\"widget\" data-e-type=\"widget\" data-widget_type=\"icon-list.default\">\n\t\t\t\t<div class=\"elementor-widget-container\">\n\t\t\t\t\t\t\t<ul class=\"elementor-icon-list-items\">\n\t\t\t\t\t\t\t<li class=\"elementor-icon-list-item\">\n\t\t\t\t\t\t\t\t\t\t\t<span class=\"elementor-icon-list-icon\">\n\t\t\t\t\t\t\t<svg aria-hidden=\"true\" class=\"e-font-icon-svg e-fas-play-circle\" viewBox=\"0 0 512 512\" xmlns=\"http:\/\/www.w3.org\/2000\/svg\"><path d=\"M256 8C119 8 8 119 8 256s111 248 248 248 248-111 248-248S393 8 256 8zm115.7 272l-176 101c-15.8 8.8-35.7-2.5-35.7-21V152c0-18.4 19.8-29.8 35.7-21l176 107c16.4 9.2 16.4 32.9 0 42z\"><\/path><\/svg>\t\t\t\t\t\t<\/span>\n\t\t\t\t\t\t\t\t\t\t<span class=\"elementor-icon-list-text\">D\u00e9but: <b>01\/01\/2024<\/b><\/span>\n\t\t\t\t\t\t\t\t\t<\/li>\n\t\t\t\t\t\t\t\t<li class=\"elementor-icon-list-item\">\n\t\t\t\t\t\t\t\t\t\t\t<span class=\"elementor-icon-list-icon\">\n\t\t\t\t\t\t\t<svg aria-hidden=\"true\" class=\"e-font-icon-svg e-fas-flag-checkered\" viewBox=\"0 0 512 512\" xmlns=\"http:\/\/www.w3.org\/2000\/svg\"><path d=\"M243.2 189.9V258c26.1 5.9 49.3 15.6 73.6 22.3v-68.2c-26-5.8-49.4-15.5-73.6-22.2zm223.3-123c-34.3 15.9-76.5 31.9-117 31.9C296 98.8 251.7 64 184.3 64c-25 0-47.3 4.4-68 12 2.8-7.3 4.1-15.2 3.6-23.6C118.1 24 94.8 1.2 66.3 0 34.3-1.3 8 24.3 8 56c0 19 9.5 35.8 24 45.9V488c0 13.3 10.7 24 24 24h16c13.3 0 24-10.7 24-24v-94.4c28.3-12.1 63.6-22.1 114.4-22.1 53.6 0 97.8 34.8 165.2 34.8 48.2 0 86.7-16.3 122.5-40.9 8.7-6 13.8-15.8 13.8-26.4V95.9c.1-23.3-24.2-38.8-45.4-29zM169.6 325.5c-25.8 2.7-50 8.2-73.6 16.6v-70.5c26.2-9.3 47.5-15 73.6-17.4zM464 191c-23.6 9.8-46.3 19.5-73.6 23.9V286c24.8-3.4 51.4-11.8 73.6-26v70.5c-25.1 16.1-48.5 24.7-73.6 27.1V286c-27 3.7-47.9 1.5-73.6-5.6v67.4c-23.9-7.4-47.3-16.7-73.6-21.3V258c-19.7-4.4-40.8-6.8-73.6-3.8v-70c-22.4 3.1-44.6 10.2-73.6 20.9v-70.5c33.2-12.2 50.1-19.8 73.6-22v71.6c27-3.7 48.4-1.3 73.6 5.7v-67.4c23.7 7.4 47.2 16.7 73.6 21.3v68.4c23.7 5.3 47.6 6.9 73.6 2.7V143c27-4.8 52.3-13.6 73.6-22.5z\"><\/path><\/svg>\t\t\t\t\t\t<\/span>\n\t\t\t\t\t\t\t\t\t\t<span class=\"elementor-icon-list-text\">Fin: <b>30\/06\/2026<\/b><\/span>\n\t\t\t\t\t\t\t\t\t<\/li>\n\t\t\t\t\t\t<\/ul>\n\t\t\t\t\t\t<\/div>\n\t\t\t\t<\/div>\n\t\t\t\t<div class=\"elementor-element elementor-element-6d886e79 elementor-icon-list--layout-traditional elementor-list-item-link-full_width elementor-widget elementor-widget-icon-list\" data-id=\"6d886e79\" data-element_type=\"widget\" data-e-type=\"widget\" data-widget_type=\"icon-list.default\">\n\t\t\t\t<div class=\"elementor-widget-container\">\n\t\t\t\t\t\t\t<ul class=\"elementor-icon-list-items\">\n\t\t\t\t\t\t\t<li class=\"elementor-icon-list-item\">\n\t\t\t\t\t\t\t\t\t\t\t<span class=\"elementor-icon-list-icon\">\n\t\t\t\t\t\t\t<svg aria-hidden=\"true\" class=\"e-font-icon-svg e-fas-money-bill-wave\" viewBox=\"0 0 640 512\" xmlns=\"http:\/\/www.w3.org\/2000\/svg\"><path d=\"M621.16 54.46C582.37 38.19 543.55 32 504.75 32c-123.17-.01-246.33 62.34-369.5 62.34-30.89 0-61.76-3.92-92.65-13.72-3.47-1.1-6.95-1.62-10.35-1.62C15.04 79 0 92.32 0 110.81v317.26c0 12.63 7.23 24.6 18.84 29.46C57.63 473.81 96.45 480 135.25 480c123.17 0 246.34-62.35 369.51-62.35 30.89 0 61.76 3.92 92.65 13.72 3.47 1.1 6.95 1.62 10.35 1.62 17.21 0 32.25-13.32 32.25-31.81V83.93c-.01-12.64-7.24-24.6-18.85-29.47zM48 132.22c20.12 5.04 41.12 7.57 62.72 8.93C104.84 170.54 79 192.69 48 192.69v-60.47zm0 285v-47.78c34.37 0 62.18 27.27 63.71 61.4-22.53-1.81-43.59-6.31-63.71-13.62zM320 352c-44.19 0-80-42.99-80-96 0-53.02 35.82-96 80-96s80 42.98 80 96c0 53.03-35.83 96-80 96zm272 27.78c-17.52-4.39-35.71-6.85-54.32-8.44 5.87-26.08 27.5-45.88 54.32-49.28v57.72zm0-236.11c-30.89-3.91-54.86-29.7-55.81-61.55 19.54 2.17 38.09 6.23 55.81 12.66v48.89z\"><\/path><\/svg>\t\t\t\t\t\t<\/span>\n\t\t\t\t\t\t\t\t\t\t<span class=\"elementor-icon-list-text\">Budget global: <b> 1.233.772 \u20ac<\/b><\/span>\n\t\t\t\t\t\t\t\t\t<\/li>\n\t\t\t\t\t\t\t\t<li class=\"elementor-icon-list-item\">\n\t\t\t\t\t\t\t\t\t\t\t<span class=\"elementor-icon-list-icon\">\n\t\t\t\t\t\t\t<svg aria-hidden=\"true\" class=\"e-font-icon-svg e-fas-money-bill-wave\" viewBox=\"0 0 640 512\" xmlns=\"http:\/\/www.w3.org\/2000\/svg\"><path d=\"M621.16 54.46C582.37 38.19 543.55 32 504.75 32c-123.17-.01-246.33 62.34-369.5 62.34-30.89 0-61.76-3.92-92.65-13.72-3.47-1.1-6.95-1.62-10.35-1.62C15.04 79 0 92.32 0 110.81v317.26c0 12.63 7.23 24.6 18.84 29.46C57.63 473.81 96.45 480 135.25 480c123.17 0 246.34-62.35 369.51-62.35 30.89 0 61.76 3.92 92.65 13.72 3.47 1.1 6.95 1.62 10.35 1.62 17.21 0 32.25-13.32 32.25-31.81V83.93c-.01-12.64-7.24-24.6-18.85-29.47zM48 132.22c20.12 5.04 41.12 7.57 62.72 8.93C104.84 170.54 79 192.69 48 192.69v-60.47zm0 285v-47.78c34.37 0 62.18 27.27 63.71 61.4-22.53-1.81-43.59-6.31-63.71-13.62zM320 352c-44.19 0-80-42.99-80-96 0-53.02 35.82-96 80-96s80 42.98 80 96c0 53.03-35.83 96-80 96zm272 27.78c-17.52-4.39-35.71-6.85-54.32-8.44 5.87-26.08 27.5-45.88 54.32-49.28v57.72zm0-236.11c-30.89-3.91-54.86-29.7-55.81-61.55 19.54 2.17 38.09 6.23 55.81 12.66v48.89z\"><\/path><\/svg>\t\t\t\t\t\t<\/span>\n\t\t\t\t\t\t\t\t\t\t<span class=\"elementor-icon-list-text\">Subvention: <b>1.132.394  \u20ac<\/b><\/span>\n\t\t\t\t\t\t\t\t\t<\/li>\n\t\t\t\t\t\t<\/ul>\n\t\t\t\t\t\t<\/div>\n\t\t\t\t<\/div>\n\t\t\t\t<\/div>\n\t\t\t\t\t<\/div>\n\t\t\t\t<\/div>\n\t\t<div class=\"elementor-element elementor-element-ef6f7f6 e-flex e-con-boxed e-con e-parent\" data-id=\"ef6f7f6\" data-element_type=\"container\" data-e-type=\"container\" data-settings=\"{&quot;background_background&quot;:&quot;classic&quot;}\">\n\t\t\t\t\t<div class=\"e-con-inner\">\n\t\t\t\t<div class=\"elementor-element elementor-element-2429136d elementor-widget elementor-widget-text-editor\" data-id=\"2429136d\" data-element_type=\"widget\" data-e-type=\"widget\" data-widget_type=\"text-editor.default\">\n\t\t\t\t<div class=\"elementor-widget-container\">\n\t\t\t\t\t\t\t\t\t<p>Le projet ENACT, cofinanc\u00e9 par le Programme pour le march\u00e9 unique pour la comp\u00e9titivit\u00e9 des entreprises, est une initiative pionni\u00e8re centr\u00e9e sur l&rsquo;acc\u00e9l\u00e9ration de la transition num\u00e9rique et la promotion de l&rsquo;entrepreneuriat dans l&rsquo;\u00e9conomie sociale agroalimentaire. Dans le but de transformer le syst\u00e8me alimentaire europ\u00e9en vers la durabilit\u00e9, ENACT met l&rsquo;accent sur la coop\u00e9ration transnationale pour renforcer les capacit\u00e9s et favoriser des territoires r\u00e9silients, justes et inclusifs.<\/p>\t\t\t\t\t\t\t\t<\/div>\n\t\t\t\t<\/div>\n\t\t\t\t\t<\/div>\n\t\t\t\t<\/div>\n\t\t<div class=\"elementor-element elementor-element-7affac2e e-flex e-con-boxed e-con e-parent\" data-id=\"7affac2e\" data-element_type=\"container\" data-e-type=\"container\">\n\t\t\t\t\t<div class=\"e-con-inner\">\n\t\t<div class=\"elementor-element elementor-element-6ac273e8 e-con-full e-flex e-con e-child\" data-id=\"6ac273e8\" data-element_type=\"container\" data-e-type=\"container\">\n\t\t\t\t<div class=\"elementor-element elementor-element-6c37d219 elementor-widget elementor-widget-heading\" data-id=\"6c37d219\" data-element_type=\"widget\" data-e-type=\"widget\" data-widget_type=\"heading.default\">\n\t\t\t\t<div class=\"elementor-widget-container\">\n\t\t\t\t\t<h2 class=\"elementor-heading-title elementor-size-default\">Vers un secteur agroalimentaire plus vert et num\u00e9ris\u00e9<\/h2>\t\t\t\t<\/div>\n\t\t\t\t<\/div>\n\t\t\t\t<div class=\"elementor-element elementor-element-59c9894d elementor-widget elementor-widget-text-editor\" data-id=\"59c9894d\" data-element_type=\"widget\" data-e-type=\"widget\" data-widget_type=\"text-editor.default\">\n\t\t\t\t<div class=\"elementor-widget-container\">\n\t\t\t\t\t\t\t\t\t<p>ENACT r\u00e9pond aux d\u00e9fis critiques du secteur agroalimentaire europ\u00e9en en int\u00e9grant l&rsquo;innovation num\u00e9rique pour promouvoir la durabilit\u00e9, la r\u00e9silience et l&rsquo;efficacit\u00e9. Avec une vision qui va au-del\u00e0 de la simple num\u00e9risation, ENACT vise \u00e0 transformer l&rsquo;\u00e9conomie sociale agroalimentaire, un acteur cl\u00e9 du d\u00e9veloppement local et de l&rsquo;inclusion sociale. Les actions du projet incluent l&rsquo;\u00e9valuation des besoins aux niveaux local et international pour s&rsquo;assurer que les solutions mises en \u0153uvre r\u00e9pondent aux v\u00e9ritables d\u00e9fis du secteur, tout en offrant des formations et des outils pour faciliter la transition num\u00e9rique des entreprises et des initiatives sociales.<\/p><p>ENACT encourage la collaboration et la cr\u00e9ation de r\u00e9seaux transnationaux pour promouvoir des pratiques agroalimentaires plus durables, \u00e9quitables et efficaces. En mettant l&rsquo;accent sur la r\u00e9duction de l&#8217;empreinte \u00e9cologique et la cr\u00e9ation de solutions reproductibles \u00e0 travers l&rsquo;Europe, le projet cherche \u00e0 d\u00e9velopper un mod\u00e8le agroalimentaire \u00e0 la fois innovant et respectueux de l&rsquo;environnement. L&rsquo;objectif final est d&rsquo;assurer que le secteur soit pr\u00eat \u00e0 affronter les futurs d\u00e9fis sociaux et environnementaux, en cr\u00e9ant des territoires plus r\u00e9silients et solidaires.<\/p>\t\t\t\t\t\t\t\t<\/div>\n\t\t\t\t<\/div>\n\t\t\t\t<\/div>\n\t\t\t\t\t<\/div>\n\t\t\t\t<\/div>\n\t\t<div class=\"elementor-element elementor-element-5a9162c4 e-flex e-con-boxed e-con e-parent\" data-id=\"5a9162c4\" data-element_type=\"container\" data-e-type=\"container\">\n\t\t\t\t\t<div class=\"e-con-inner\">\n\t\t<div class=\"elementor-element elementor-element-4c470c01 e-con-full e-flex e-con e-child\" data-id=\"4c470c01\" data-element_type=\"container\" data-e-type=\"container\">\n\t\t\t\t<div class=\"elementor-element elementor-element-189c33c0 elementor-widget elementor-widget-heading\" data-id=\"189c33c0\" data-element_type=\"widget\" data-e-type=\"widget\" data-widget_type=\"heading.default\">\n\t\t\t\t<div class=\"elementor-widget-container\">\n\t\t\t\t\t<h2 class=\"elementor-heading-title elementor-size-default\"><p>L'\u00e9cosyst\u00e8me ENACT<span style=\"color: inherit;font-size: 2rem;text-align: var(--text-align);letter-spacing: -0.3px\"><\/span><\/p><\/h2>\t\t\t\t<\/div>\n\t\t\t\t<\/div>\n\t\t\t\t<div class=\"elementor-element elementor-element-c34ac6 elementor-widget elementor-widget-text-editor\" data-id=\"c34ac6\" data-element_type=\"widget\" data-e-type=\"widget\" data-widget_type=\"text-editor.default\">\n\t\t\t\t<div class=\"elementor-widget-container\">\n\t\t\t\t\t\t\t\t\t<p><span style=\"color: var( --e-global-color-text ); font-size: 1rem; letter-spacing: -0.3px;\">L&rsquo;\u00e9cosyst\u00e8me cr\u00e9\u00e9 par ENACT repose sur l&rsquo;adoption de solutions num\u00e9riques visant \u00e0 transformer le secteur agroalimentaire vers la durabilit\u00e9 et la r\u00e9silience. Dans le but de r\u00e9duire l&rsquo;impact environnemental, cet \u00e9cosyst\u00e8me relie entreprises, organisations et communaut\u00e9s de l&rsquo;\u00e9conomie sociale pour partager des connaissances et acc\u00e9der \u00e0 de nouvelles technologies, favorisant l&rsquo;innovation \u00e0 chaque \u00e9tape de la cha\u00eene agroalimentaire.<\/span><\/p><p><span style=\"color: var( --e-global-color-text ); font-size: 1rem; letter-spacing: -0.3px;\">Gr\u00e2ce \u00e0 des programmes de formation et des initiatives \u00e9ducatives, ENACT fournit les outils et comp\u00e9tences n\u00e9cessaires aux initiatives sociales et aux PME pour effectuer le saut num\u00e9rique et relever les d\u00e9fis du secteur. Ce r\u00e9seau favorise la co-cr\u00e9ation de solutions, soutenant la production durable, la r\u00e9duction des d\u00e9chets, l&rsquo;efficacit\u00e9 \u00e9nerg\u00e9tique et l&rsquo;optimisation des ressources \u00e0 tous les niveaux.<\/span><\/p><p>\u00a0<\/p><p>De plus, l&rsquo;\u00e9cosyst\u00e8me d&rsquo;ENACT encourage la collaboration transnationale, r\u00e9unissant des acteurs de divers pays europ\u00e9ens pour travailler conjointement au d\u00e9veloppement de pratiques agroalimentaires plus efficaces et durables. Ce faisant, il cr\u00e9e un r\u00e9seau de soutien et une plateforme d&rsquo;apprentissage mutuel qui profite non seulement au secteur agroalimentaire, mais contribue \u00e9galement \u00e0 une \u00e9conomie sociale plus juste et r\u00e9siliente \u00e0 l&rsquo;\u00e9chelle europ\u00e9enne.<\/p><p>\u00a0<\/p>\t\t\t\t\t\t\t\t<\/div>\n\t\t\t\t<\/div>\n\t\t\t\t<\/div>\n\t\t<div class=\"elementor-element elementor-element-73009d26 e-con-full e-flex e-con e-child\" data-id=\"73009d26\" data-element_type=\"container\" data-e-type=\"container\">\n\t\t\t\t<div class=\"elementor-element elementor-element-7fac1a70 elementor-widget__width-initial elementor-widget elementor-widget-image\" data-id=\"7fac1a70\" data-element_type=\"widget\" data-e-type=\"widget\" data-widget_type=\"image.default\">\n\t\t\t\t<div class=\"elementor-widget-container\">\n\t\t\t\t\t\t\t\t\t\t\t\t\t\t\t<img decoding=\"async\" width=\"800\" height=\"427\" src=\"https:\/\/blinkbcn.com\/wp-content\/uploads\/ENACT-1024x547.jpg\" class=\"attachment-large size-large wp-image-4261\" alt=\"\" srcset=\"https:\/\/blinkbcn.com\/wp-content\/uploads\/ENACT-1024x547.jpg 1024w, https:\/\/blinkbcn.com\/wp-content\/uploads\/ENACT-300x160.jpg 300w, https:\/\/blinkbcn.com\/wp-content\/uploads\/ENACT-768x410.jpg 768w, https:\/\/blinkbcn.com\/wp-content\/uploads\/ENACT.jpg 1071w\" sizes=\"(max-width: 800px) 100vw, 800px\" \/>\t\t\t\t\t\t\t\t\t\t\t\t\t\t\t<\/div>\n\t\t\t\t<\/div>\n\t\t\t\t<\/div>\n\t\t\t\t\t<\/div>\n\t\t\t\t<\/div>\n\t\t<div class=\"elementor-element elementor-element-d84221c e-grid e-con-boxed e-con e-parent\" data-id=\"d84221c\" data-element_type=\"container\" data-e-type=\"container\">\n\t\t\t\t\t<div class=\"e-con-inner\">\n\t\t<div class=\"elementor-element elementor-element-66c972a2 e-con-full e-flex e-con e-child\" data-id=\"66c972a2\" data-element_type=\"container\" data-e-type=\"container\">\n\t\t\t\t<div class=\"elementor-element elementor-element-9153ef3 elementor-widget elementor-widget-image\" data-id=\"9153ef3\" data-element_type=\"widget\" data-e-type=\"widget\" data-widget_type=\"image.default\">\n\t\t\t\t<div class=\"elementor-widget-container\">\n\t\t\t\t\t\t\t\t\t\t\t\t\t\t\t<img loading=\"lazy\" decoding=\"async\" width=\"791\" height=\"1024\" src=\"https:\/\/blinkbcn.com\/wp-content\/uploads\/ENACT-Mapa-791x1024.png\" class=\"attachment-large size-large wp-image-4749\" alt=\"\" srcset=\"https:\/\/blinkbcn.com\/wp-content\/uploads\/ENACT-Mapa-791x1024.png 791w, https:\/\/blinkbcn.com\/wp-content\/uploads\/ENACT-Mapa-232x300.png 232w, https:\/\/blinkbcn.com\/wp-content\/uploads\/ENACT-Mapa-768x994.png 768w, https:\/\/blinkbcn.com\/wp-content\/uploads\/ENACT-Mapa-1187x1536.png 1187w, https:\/\/blinkbcn.com\/wp-content\/uploads\/ENACT-Mapa.png 1545w\" sizes=\"(max-width: 791px) 100vw, 791px\" \/>\t\t\t\t\t\t\t\t\t\t\t\t\t\t\t<\/div>\n\t\t\t\t<\/div>\n\t\t\t\t<\/div>\n\t\t<div class=\"elementor-element elementor-element-493d5fe6 e-con-full e-flex e-con e-child\" data-id=\"493d5fe6\" data-element_type=\"container\" data-e-type=\"container\">\n\t\t\t\t<div class=\"elementor-element elementor-element-169c9319 elementor-widget elementor-widget-heading\" data-id=\"169c9319\" data-element_type=\"widget\" data-e-type=\"widget\" data-widget_type=\"heading.default\">\n\t\t\t\t<div class=\"elementor-widget-container\">\n\t\t\t\t\t<h2 class=\"elementor-heading-title elementor-size-default\"><p>Six partenaires pour des r\u00e9sultats \u00e0 long terme<span style=\"color: inherit;font-size: 2rem;text-align: var(--text-align);letter-spacing: -0.3px\"><\/span><\/p><\/h2>\t\t\t\t<\/div>\n\t\t\t\t<\/div>\n\t\t\t\t<div class=\"elementor-element elementor-element-2fcaf61f elementor-widget__width-initial elementor-widget elementor-widget-text-editor\" data-id=\"2fcaf61f\" data-element_type=\"widget\" data-e-type=\"widget\" data-widget_type=\"text-editor.default\">\n\t\t\t\t<div class=\"elementor-widget-container\">\n\t\t\t\t\t\t\t\t\t<p>Les partenaires du projet jouent un r\u00f4le cl\u00e9 dans la mise en \u0153uvre du projet, en apportant leur expertise en innovation num\u00e9rique, durabilit\u00e9 et \u00e9conomie sociale pour l&rsquo;adapter aux besoins du secteur agroalimentaire.<\/p><p>ENACT vise \u00e0 r\u00e9aliser une transformation significative dans le secteur agroalimentaire europ\u00e9en. Plus de 200 acteurs de l&rsquo;\u00e9conomie sociale devraient recevoir une formation en comp\u00e9tences num\u00e9riques et durables, et des r\u00e9seaux transnationaux seront \u00e9tablis pour promouvoir la collaboration continue entre les participants. Gr\u00e2ce au soutien financier, il est pr\u00e9vu de d\u00e9velopper des solutions num\u00e9riques innovantes qui am\u00e9liorent l&rsquo;efficacit\u00e9 et la durabilit\u00e9 du secteur. Le projet cherche \u00e9galement \u00e0 \u00e9tablir un mod\u00e8le reproductible dans d&rsquo;autres r\u00e9gions d&rsquo;Europe, garantissant ainsi un impact durable d&rsquo;ENACT \u00e0 long terme.<\/p><p><span style=\"color: var( --e-global-color-text ); font-size: 1rem; letter-spacing: -0.3px;\">B.Link, gr\u00e2ce \u00e0 son <b>expertise dans la gestion du Soutien Financier aux Tiers (FSTP)<\/b>, est responsable de d\u00e9velopper des directives compl\u00e8tes pour l\u2019octroi de FSTP aux entreprises de l\u2019\u00e9conomie sociale et aux organisations facilitatrices. Cela inclut la d\u00e9finition du processus de s\u00e9lection, l\u2019\u00e9tablissement de crit\u00e8res objectifs pour l\u2019attribution de FSTP dans diverses activit\u00e9s, et l\u2019\u00e9laboration de lignes directrices pour d\u00e9terminer le montant du soutien allou\u00e9 \u00e0 chaque participant. De plus, B.Link concevra et mettra en \u0153uvre l\u2019outil principal pour le suivi et la gestion globale et d\u00e9taill\u00e9e du projet, permettant un suivi efficace des progr\u00e8s, des objectifs et des indicateurs cl\u00e9s de performance dans toutes les activit\u00e9s du projet.<\/span><\/p>\t\t\t\t\t\t\t\t<\/div>\n\t\t\t\t<\/div>\n\t\t\t\t<\/div>\n\t\t\t\t\t<\/div>\n\t\t\t\t<\/div>\n\t\t<div class=\"elementor-element elementor-element-2a7ff19 e-flex e-con-boxed e-con e-parent\" data-id=\"2a7ff19\" data-element_type=\"container\" data-e-type=\"container\">\n\t\t\t\t\t<div class=\"e-con-inner\">\n\t\t\t\t<div class=\"elementor-element elementor-element-f68455f elementor-widget elementor-widget-text-editor\" data-id=\"f68455f\" data-element_type=\"widget\" data-e-type=\"widget\" data-widget_type=\"text-editor.default\">\n\t\t\t\t<div class=\"elementor-widget-container\">\n\t\t\t\t\t\t\t\t\t<p><em style=\"text-align: justify; color: rgb(38, 50, 75); font-family: arial, sans-serif; letter-spacing: normal;\">Co-funded by the European Union. Views and opinions expressed are however those of the author(s) only and do not necessarily reflect those of the European Union or CINEA. Neither the European Union nor the granting authority can be held responsible for them.<\/em><\/p>\t\t\t\t\t\t\t\t<\/div>\n\t\t\t\t<\/div>\n\t\t\t\t\t<\/div>\n\t\t\t\t<\/div>\n\t\t\t\t<\/div>\n\t\t","protected":false},"excerpt":{"rendered":"<p>ENACT Impulser la Transition Num\u00e9rique dans l&rsquo;\u00c9conomie Sociale Agroalimentaire D\u00e9but: 01\/01\/2024 Fin: 30\/06\/2026 Budget global: 1.233.772 \u20ac Subvention: 1.132.394 \u20ac Le projet ENACT, cofinanc\u00e9 par le Programme pour le march\u00e9 unique pour la comp\u00e9titivit\u00e9 des entreprises, est une initiative pionni\u00e8re centr\u00e9e sur l&rsquo;acc\u00e9l\u00e9ration de la transition num\u00e9rique et la promotion de l&rsquo;entrepreneuriat dans l&rsquo;\u00e9conomie sociale [&hellip;]<\/p>\n","protected":false},"author":4,"featured_media":0,"parent":0,"menu_order":0,"comment_status":"closed","ping_status":"closed","template":"","meta":{"footnotes":""},"class_list":["post-4524","page","type-page","status-publish","hentry"],"_links":{"self":[{"href":"https:\/\/blinkbcn.com\/fr\/wp-json\/wp\/v2\/pages\/4524","targetHints":{"allow":["GET"]}}],"collection":[{"href":"https:\/\/blinkbcn.com\/fr\/wp-json\/wp\/v2\/pages"}],"about":[{"href":"https:\/\/blinkbcn.com\/fr\/wp-json\/wp\/v2\/types\/page"}],"author":[{"embeddable":true,"href":"https:\/\/blinkbcn.com\/fr\/wp-json\/wp\/v2\/users\/4"}],"replies":[{"embeddable":true,"href":"https:\/\/blinkbcn.com\/fr\/wp-json\/wp\/v2\/comments?post=4524"}],"version-history":[{"count":6,"href":"https:\/\/blinkbcn.com\/fr\/wp-json\/wp\/v2\/pages\/4524\/revisions"}],"predecessor-version":[{"id":4774,"href":"https:\/\/blinkbcn.com\/fr\/wp-json\/wp\/v2\/pages\/4524\/revisions\/4774"}],"wp:attachment":[{"href":"https:\/\/blinkbcn.com\/fr\/wp-json\/wp\/v2\/media?parent=4524"}],"curies":[{"name":"wp","href":"https:\/\/api.w.org\/{rel}","templated":true}]}}