{"id":4495,"date":"2024-10-18T09:56:34","date_gmt":"2024-10-18T09:56:34","guid":{"rendered":"https:\/\/blinkbcn.com\/?page_id=4495"},"modified":"2025-03-27T15:25:20","modified_gmt":"2025-03-27T15:25:20","slug":"barrio","status":"publish","type":"page","link":"https:\/\/blinkbcn.com\/fr\/barrio\/","title":{"rendered":"BARRIO"},"content":{"rendered":"\t\t<div data-elementor-type=\"wp-page\" data-elementor-id=\"4495\" class=\"elementor elementor-4495 elementor-4231\" data-elementor-post-type=\"page\">\n\t\t\t\t<div class=\"elementor-element elementor-element-29945c4f e-flex e-con-boxed e-con e-parent\" data-id=\"29945c4f\" data-element_type=\"container\" data-e-type=\"container\" data-settings=\"{&quot;background_background&quot;:&quot;classic&quot;}\">\n\t\t\t\t\t<div class=\"e-con-inner\">\n\t\t<div class=\"elementor-element elementor-element-76b715d4 e-con-full e-flex e-con e-child\" data-id=\"76b715d4\" data-element_type=\"container\" data-e-type=\"container\">\n\t\t\t\t<div class=\"elementor-element elementor-element-34228017 elementor-widget elementor-widget-heading\" data-id=\"34228017\" data-element_type=\"widget\" data-e-type=\"widget\" data-widget_type=\"heading.default\">\n\t\t\t\t<div class=\"elementor-widget-container\">\n\t\t\t\t\t<h1 class=\"elementor-heading-title elementor-size-default\">BARRIO<\/h1>\t\t\t\t<\/div>\n\t\t\t\t<\/div>\n\t\t\t\t<div class=\"elementor-element elementor-element-58df2730 elementor-widget elementor-widget-heading\" data-id=\"58df2730\" data-element_type=\"widget\" data-e-type=\"widget\" data-widget_type=\"heading.default\">\n\t\t\t\t<div class=\"elementor-widget-container\">\n\t\t\t\t\t<h5 class=\"elementor-heading-title elementor-size-default\">Fostering deep Building Renovation by Aggregating demand, developing\nbusiness models and Rolling out IndustRialized prefabricated sOlutions for a\ndecarbonized building stock<\/h5>\t\t\t\t<\/div>\n\t\t\t\t<\/div>\n\t\t\t\t<\/div>\n\t\t\t\t\t<\/div>\n\t\t\t\t<\/div>\n\t\t<div class=\"elementor-element elementor-element-6ac9e31 e-flex e-con-boxed e-con e-parent\" data-id=\"6ac9e31\" data-element_type=\"container\" data-e-type=\"container\">\n\t\t\t\t\t<div class=\"e-con-inner\">\n\t\t<div class=\"elementor-element elementor-element-efbb900 e-grid e-con-full e-con e-child\" data-id=\"efbb900\" data-element_type=\"container\" data-e-type=\"container\">\n\t\t\t\t<div class=\"elementor-element elementor-element-8bad6dc elementor-widget elementor-widget-image\" data-id=\"8bad6dc\" data-element_type=\"widget\" data-e-type=\"widget\" data-widget_type=\"image.default\">\n\t\t\t\t<div class=\"elementor-widget-container\">\n\t\t\t\t\t\t\t\t\t\t\t\t\t\t\t<img fetchpriority=\"high\" decoding=\"async\" width=\"300\" height=\"185\" src=\"https:\/\/blinkbcn.com\/wp-content\/uploads\/Barrio_Slogan_COLOR-300x185.png\" class=\"attachment-medium size-medium wp-image-4907\" alt=\"\" srcset=\"https:\/\/blinkbcn.com\/wp-content\/uploads\/Barrio_Slogan_COLOR-300x185.png 300w, https:\/\/blinkbcn.com\/wp-content\/uploads\/Barrio_Slogan_COLOR-1024x632.png 1024w, https:\/\/blinkbcn.com\/wp-content\/uploads\/Barrio_Slogan_COLOR-768x474.png 768w, https:\/\/blinkbcn.com\/wp-content\/uploads\/Barrio_Slogan_COLOR-1536x947.png 1536w, https:\/\/blinkbcn.com\/wp-content\/uploads\/Barrio_Slogan_COLOR.png 1897w\" sizes=\"(max-width: 300px) 100vw, 300px\" \/>\t\t\t\t\t\t\t\t\t\t\t\t\t\t\t<\/div>\n\t\t\t\t<\/div>\n\t\t\t\t<div class=\"elementor-element elementor-element-02f8786 elementor-widget elementor-widget-image\" data-id=\"02f8786\" data-element_type=\"widget\" data-e-type=\"widget\" data-widget_type=\"image.default\">\n\t\t\t\t<div class=\"elementor-widget-container\">\n\t\t\t\t\t\t\t\t\t\t\t\t\t\t\t<img decoding=\"async\" width=\"768\" height=\"161\" src=\"https:\/\/blinkbcn.com\/wp-content\/uploads\/EN-Co-funded-by-the-EU_POS-768x161.png\" class=\"attachment-medium_large size-medium_large wp-image-4903\" alt=\"\" srcset=\"https:\/\/blinkbcn.com\/wp-content\/uploads\/EN-Co-funded-by-the-EU_POS-768x161.png 768w, https:\/\/blinkbcn.com\/wp-content\/uploads\/EN-Co-funded-by-the-EU_POS-300x63.png 300w, https:\/\/blinkbcn.com\/wp-content\/uploads\/EN-Co-funded-by-the-EU_POS-1024x215.png 1024w, https:\/\/blinkbcn.com\/wp-content\/uploads\/EN-Co-funded-by-the-EU_POS-1536x322.png 1536w, https:\/\/blinkbcn.com\/wp-content\/uploads\/EN-Co-funded-by-the-EU_POS-2048x429.png 2048w\" sizes=\"(max-width: 768px) 100vw, 768px\" \/>\t\t\t\t\t\t\t\t\t\t\t\t\t\t\t<\/div>\n\t\t\t\t<\/div>\n\t\t\t\t<\/div>\n\t\t\t\t\t<\/div>\n\t\t\t\t<\/div>\n\t\t<div class=\"elementor-element elementor-element-54857749 e-flex e-con-boxed e-con e-parent\" data-id=\"54857749\" data-element_type=\"container\" data-e-type=\"container\" data-settings=\"{&quot;background_background&quot;:&quot;classic&quot;}\">\n\t\t\t\t\t<div class=\"e-con-inner\">\n\t\t<div class=\"elementor-element elementor-element-2ab41f1e e-con-full e-flex e-con e-child\" data-id=\"2ab41f1e\" data-element_type=\"container\" data-e-type=\"container\" data-settings=\"{&quot;background_background&quot;:&quot;classic&quot;}\">\n\t\t\t\t<div class=\"elementor-element elementor-element-9414ce3 elementor-icon-list--layout-traditional elementor-list-item-link-full_width elementor-widget elementor-widget-icon-list\" data-id=\"9414ce3\" data-element_type=\"widget\" data-e-type=\"widget\" data-widget_type=\"icon-list.default\">\n\t\t\t\t<div class=\"elementor-widget-container\">\n\t\t\t\t\t\t\t<ul class=\"elementor-icon-list-items\">\n\t\t\t\t\t\t\t<li class=\"elementor-icon-list-item\">\n\t\t\t\t\t\t\t\t\t\t\t<span class=\"elementor-icon-list-icon\">\n\t\t\t\t\t\t\t<svg aria-hidden=\"true\" class=\"e-font-icon-svg e-fas-play-circle\" viewBox=\"0 0 512 512\" xmlns=\"http:\/\/www.w3.org\/2000\/svg\"><path d=\"M256 8C119 8 8 119 8 256s111 248 248 248 248-111 248-248S393 8 256 8zm115.7 272l-176 101c-15.8 8.8-35.7-2.5-35.7-21V152c0-18.4 19.8-29.8 35.7-21l176 107c16.4 9.2 16.4 32.9 0 42z\"><\/path><\/svg>\t\t\t\t\t\t<\/span>\n\t\t\t\t\t\t\t\t\t\t<span class=\"elementor-icon-list-text\">D\u00e9but: <b>01\/10\/2024<\/b><\/span>\n\t\t\t\t\t\t\t\t\t<\/li>\n\t\t\t\t\t\t\t\t<li class=\"elementor-icon-list-item\">\n\t\t\t\t\t\t\t\t\t\t\t<span class=\"elementor-icon-list-icon\">\n\t\t\t\t\t\t\t<svg aria-hidden=\"true\" class=\"e-font-icon-svg e-fas-flag-checkered\" viewBox=\"0 0 512 512\" xmlns=\"http:\/\/www.w3.org\/2000\/svg\"><path d=\"M243.2 189.9V258c26.1 5.9 49.3 15.6 73.6 22.3v-68.2c-26-5.8-49.4-15.5-73.6-22.2zm223.3-123c-34.3 15.9-76.5 31.9-117 31.9C296 98.8 251.7 64 184.3 64c-25 0-47.3 4.4-68 12 2.8-7.3 4.1-15.2 3.6-23.6C118.1 24 94.8 1.2 66.3 0 34.3-1.3 8 24.3 8 56c0 19 9.5 35.8 24 45.9V488c0 13.3 10.7 24 24 24h16c13.3 0 24-10.7 24-24v-94.4c28.3-12.1 63.6-22.1 114.4-22.1 53.6 0 97.8 34.8 165.2 34.8 48.2 0 86.7-16.3 122.5-40.9 8.7-6 13.8-15.8 13.8-26.4V95.9c.1-23.3-24.2-38.8-45.4-29zM169.6 325.5c-25.8 2.7-50 8.2-73.6 16.6v-70.5c26.2-9.3 47.5-15 73.6-17.4zM464 191c-23.6 9.8-46.3 19.5-73.6 23.9V286c24.8-3.4 51.4-11.8 73.6-26v70.5c-25.1 16.1-48.5 24.7-73.6 27.1V286c-27 3.7-47.9 1.5-73.6-5.6v67.4c-23.9-7.4-47.3-16.7-73.6-21.3V258c-19.7-4.4-40.8-6.8-73.6-3.8v-70c-22.4 3.1-44.6 10.2-73.6 20.9v-70.5c33.2-12.2 50.1-19.8 73.6-22v71.6c27-3.7 48.4-1.3 73.6 5.7v-67.4c23.7 7.4 47.2 16.7 73.6 21.3v68.4c23.7 5.3 47.6 6.9 73.6 2.7V143c27-4.8 52.3-13.6 73.6-22.5z\"><\/path><\/svg>\t\t\t\t\t\t<\/span>\n\t\t\t\t\t\t\t\t\t\t<span class=\"elementor-icon-list-text\">Fin: <b>30\/09\/2027<\/b><\/span>\n\t\t\t\t\t\t\t\t\t<\/li>\n\t\t\t\t\t\t<\/ul>\n\t\t\t\t\t\t<\/div>\n\t\t\t\t<\/div>\n\t\t\t\t<div class=\"elementor-element elementor-element-6d869814 elementor-icon-list--layout-traditional elementor-list-item-link-full_width elementor-widget elementor-widget-icon-list\" data-id=\"6d869814\" data-element_type=\"widget\" data-e-type=\"widget\" data-widget_type=\"icon-list.default\">\n\t\t\t\t<div class=\"elementor-widget-container\">\n\t\t\t\t\t\t\t<ul class=\"elementor-icon-list-items\">\n\t\t\t\t\t\t\t<li class=\"elementor-icon-list-item\">\n\t\t\t\t\t\t\t\t\t\t\t<span class=\"elementor-icon-list-icon\">\n\t\t\t\t\t\t\t<svg aria-hidden=\"true\" class=\"e-font-icon-svg e-fas-money-bill-wave\" viewBox=\"0 0 640 512\" xmlns=\"http:\/\/www.w3.org\/2000\/svg\"><path d=\"M621.16 54.46C582.37 38.19 543.55 32 504.75 32c-123.17-.01-246.33 62.34-369.5 62.34-30.89 0-61.76-3.92-92.65-13.72-3.47-1.1-6.95-1.62-10.35-1.62C15.04 79 0 92.32 0 110.81v317.26c0 12.63 7.23 24.6 18.84 29.46C57.63 473.81 96.45 480 135.25 480c123.17 0 246.34-62.35 369.51-62.35 30.89 0 61.76 3.92 92.65 13.72 3.47 1.1 6.95 1.62 10.35 1.62 17.21 0 32.25-13.32 32.25-31.81V83.93c-.01-12.64-7.24-24.6-18.85-29.47zM48 132.22c20.12 5.04 41.12 7.57 62.72 8.93C104.84 170.54 79 192.69 48 192.69v-60.47zm0 285v-47.78c34.37 0 62.18 27.27 63.71 61.4-22.53-1.81-43.59-6.31-63.71-13.62zM320 352c-44.19 0-80-42.99-80-96 0-53.02 35.82-96 80-96s80 42.98 80 96c0 53.03-35.83 96-80 96zm272 27.78c-17.52-4.39-35.71-6.85-54.32-8.44 5.87-26.08 27.5-45.88 54.32-49.28v57.72zm0-236.11c-30.89-3.91-54.86-29.7-55.81-61.55 19.54 2.17 38.09 6.23 55.81 12.66v48.89z\"><\/path><\/svg>\t\t\t\t\t\t<\/span>\n\t\t\t\t\t\t\t\t\t\t<span class=\"elementor-icon-list-text\">Budget global: <b>1.957.640,97 \u20ac<\/b><\/span>\n\t\t\t\t\t\t\t\t\t<\/li>\n\t\t\t\t\t\t\t\t<li class=\"elementor-icon-list-item\">\n\t\t\t\t\t\t\t\t\t\t\t<span class=\"elementor-icon-list-icon\">\n\t\t\t\t\t\t\t<svg aria-hidden=\"true\" class=\"e-font-icon-svg e-fas-money-bill-wave\" viewBox=\"0 0 640 512\" xmlns=\"http:\/\/www.w3.org\/2000\/svg\"><path d=\"M621.16 54.46C582.37 38.19 543.55 32 504.75 32c-123.17-.01-246.33 62.34-369.5 62.34-30.89 0-61.76-3.92-92.65-13.72-3.47-1.1-6.95-1.62-10.35-1.62C15.04 79 0 92.32 0 110.81v317.26c0 12.63 7.23 24.6 18.84 29.46C57.63 473.81 96.45 480 135.25 480c123.17 0 246.34-62.35 369.51-62.35 30.89 0 61.76 3.92 92.65 13.72 3.47 1.1 6.95 1.62 10.35 1.62 17.21 0 32.25-13.32 32.25-31.81V83.93c-.01-12.64-7.24-24.6-18.85-29.47zM48 132.22c20.12 5.04 41.12 7.57 62.72 8.93C104.84 170.54 79 192.69 48 192.69v-60.47zm0 285v-47.78c34.37 0 62.18 27.27 63.71 61.4-22.53-1.81-43.59-6.31-63.71-13.62zM320 352c-44.19 0-80-42.99-80-96 0-53.02 35.82-96 80-96s80 42.98 80 96c0 53.03-35.83 96-80 96zm272 27.78c-17.52-4.39-35.71-6.85-54.32-8.44 5.87-26.08 27.5-45.88 54.32-49.28v57.72zm0-236.11c-30.89-3.91-54.86-29.7-55.81-61.55 19.54 2.17 38.09 6.23 55.81 12.66v48.89z\"><\/path><\/svg>\t\t\t\t\t\t<\/span>\n\t\t\t\t\t\t\t\t\t\t<span class=\"elementor-icon-list-text\">Subvention: <b> 1.859.758,93 \u20ac<\/b><\/span>\n\t\t\t\t\t\t\t\t\t<\/li>\n\t\t\t\t\t\t<\/ul>\n\t\t\t\t\t\t<\/div>\n\t\t\t\t<\/div>\n\t\t\t\t<\/div>\n\t\t\t\t\t<\/div>\n\t\t\t\t<\/div>\n\t\t<div class=\"elementor-element elementor-element-2f90e324 e-flex e-con-boxed e-con e-parent\" data-id=\"2f90e324\" data-element_type=\"container\" data-e-type=\"container\" data-settings=\"{&quot;background_background&quot;:&quot;classic&quot;}\">\n\t\t\t\t\t<div class=\"e-con-inner\">\n\t\t\t\t<div class=\"elementor-element elementor-element-8ac6fe9 elementor-widget__width-initial elementor-widget elementor-widget-text-editor\" data-id=\"8ac6fe9\" data-element_type=\"widget\" data-e-type=\"widget\" data-widget_type=\"text-editor.default\">\n\t\t\t\t<div class=\"elementor-widget-container\">\n\t\t\t\t\t\t\t\t\t<p><strong>Le projet BARRIO<\/strong>, financ\u00e9 par le programme LIFE de l&rsquo;Union Europ\u00e9enne, vise \u00e0 d\u00e9carboniser les b\u00e2timents en regroupant la demande au niveau des quartiers, en mettant en \u0153uvre des solutions pr\u00e9fabriqu\u00e9es pour une r\u00e9novation \u00e9nerg\u00e9tique profonde et en cr\u00e9ant un outil num\u00e9rique pour connecter l&rsquo;offre et la demande de services.<\/p>\t\t\t\t\t\t\t\t<\/div>\n\t\t\t\t<\/div>\n\t\t\t\t\t<\/div>\n\t\t\t\t<\/div>\n\t\t<div class=\"elementor-element elementor-element-577afb0c e-flex e-con-boxed e-con e-parent\" data-id=\"577afb0c\" data-element_type=\"container\" data-e-type=\"container\">\n\t\t\t\t\t<div class=\"e-con-inner\">\n\t\t<div class=\"elementor-element elementor-element-1847e3e8 e-con-full e-flex e-con e-child\" data-id=\"1847e3e8\" data-element_type=\"container\" data-e-type=\"container\">\n\t\t\t\t<div class=\"elementor-element elementor-element-4ce82b10 elementor-widget elementor-widget-heading\" data-id=\"4ce82b10\" data-element_type=\"widget\" data-e-type=\"widget\" data-widget_type=\"heading.default\">\n\t\t\t\t<div class=\"elementor-widget-container\">\n\t\t\t\t\t<h2 class=\"elementor-heading-title elementor-size-default\">Le Def\u00ed de BARRIO<\/h2>\t\t\t\t<\/div>\n\t\t\t\t<\/div>\n\t\t\t\t<div class=\"elementor-element elementor-element-af0aae5 elementor-widget elementor-widget-text-editor\" data-id=\"af0aae5\" data-element_type=\"widget\" data-e-type=\"widget\" data-widget_type=\"text-editor.default\">\n\t\t\t\t<div class=\"elementor-widget-container\">\n\t\t\t\t\t\t\t\t\t<p>Le principal d\u00e9fi du projet <strong>BARRIO<\/strong> est de surmonter la fragmentation existante tant dans la demande que dans l\u2019offre de r\u00e9novation \u00e9nerg\u00e9tique des b\u00e2timents. La dispersion des propri\u00e9taires, le manque de coordination entre les diff\u00e9rents acteurs et les difficult\u00e9s d&rsquo;acc\u00e8s \u00e0 des solutions industrialis\u00e9es efficaces rendent la r\u00e9novation \u00e9nerg\u00e9tique \u00e0 grande \u00e9chelle complexe et co\u00fbteuse.<\/p><p>De plus, l&rsquo;absence d&rsquo;\u00e9conomies d&rsquo;\u00e9chelle et le manque de mod\u00e8les commerciaux solides pour le partage des risques aggravent le d\u00e9fi, rendant la transition vers un parc immobilier d\u00e9carbonis\u00e9 un processus lent et in\u00e9gal. Ce d\u00e9fi est particuli\u00e8rement urgent en vue de l&rsquo;objectif de l&rsquo;Union Europ\u00e9enne de r\u00e9duire drastiquement les \u00e9missions d&rsquo;ici 2030.<\/p>\t\t\t\t\t\t\t\t<\/div>\n\t\t\t\t<\/div>\n\t\t\t\t<\/div>\n\t\t\t\t\t<\/div>\n\t\t\t\t<\/div>\n\t\t<div class=\"elementor-element elementor-element-389fd784 e-flex e-con-boxed e-con e-parent\" data-id=\"389fd784\" data-element_type=\"container\" data-e-type=\"container\">\n\t\t\t\t\t<div class=\"e-con-inner\">\n\t\t<div class=\"elementor-element elementor-element-6df7a7b6 e-con-full e-flex e-con e-child\" data-id=\"6df7a7b6\" data-element_type=\"container\" data-e-type=\"container\">\n\t\t\t\t<div class=\"elementor-element elementor-element-5531ca35 elementor-widget elementor-widget-heading\" data-id=\"5531ca35\" data-element_type=\"widget\" data-e-type=\"widget\" data-widget_type=\"heading.default\">\n\t\t\t\t<div class=\"elementor-widget-container\">\n\t\t\t\t\t<h2 class=\"elementor-heading-title elementor-size-default\">L'intervention de BARRIO<\/h2>\t\t\t\t<\/div>\n\t\t\t\t<\/div>\n\t\t\t\t<div class=\"elementor-element elementor-element-3cd37231 elementor-widget elementor-widget-text-editor\" data-id=\"3cd37231\" data-element_type=\"widget\" data-e-type=\"widget\" data-widget_type=\"text-editor.default\">\n\t\t\t\t<div class=\"elementor-widget-container\">\n\t\t\t\t\t\t\t\t\t<p>Pour relever ce d\u00e9fi, BARRIO propose une strat\u00e9gie d&rsquo;intervention bas\u00e9e sur plusieurs piliers cl\u00e9s. Le premier consiste \u00e0 regrouper la demande de r\u00e9novation \u00e9nerg\u00e9tique au niveau des quartiers, une strat\u00e9gie qui permet de surmonter la fragmentation des propri\u00e9taires individuels et de maximiser les \u00e9conomies d&rsquo;\u00e9chelle.<\/p><p>Au lieu de r\u00e9novations isol\u00e9es et dispers\u00e9es, BARRIO coordonne les interventions sur des groupes de b\u00e2timents, facilitant une planification et une ex\u00e9cution efficaces. Ce processus inclut la cr\u00e9ation d\u2019un <strong>Aggregated Prefabricated Industrialised Plan (APP)<\/strong>, un outil num\u00e9rique qui non seulement regroupe la demande, mais connecte \u00e9galement cette demande avec une offre industrialis\u00e9e et pr\u00e9fabriqu\u00e9e de solutions de r\u00e9novation \u00e9nerg\u00e9tique.<\/p><p>Le <strong>Defragmentation Multidisciplinary Toolkit (DMT)<\/strong> int\u00e8gre cet APP avec un syst\u00e8me pour identifier les besoins sp\u00e9cifiques de chaque b\u00e2timent et d\u00e9finir des feuilles de route de r\u00e9novation \u00e0 long terme. De plus, le projet utilise une m\u00e9thodologie flexible pour concevoir des mod\u00e8les commerciaux permettant le partage des risques entre les diff\u00e9rents acteurs impliqu\u00e9s, incluant les propri\u00e9taires, les fournisseurs de services et les institutions financi\u00e8res. Ainsi, il est garanti que les solutions mises en \u0153uvre sont \u00e9volutives et r\u00e9plicables dans d\u2019autres march\u00e9s.<\/p><p>Le projet inclut \u00e9galement des formations sp\u00e9cifiques pour les acteurs locaux dans le but d&rsquo;am\u00e9liorer la qualit\u00e9 des interventions et de promouvoir la participation active de tous les agents.<\/p>\t\t\t\t\t\t\t\t<\/div>\n\t\t\t\t<\/div>\n\t\t\t\t<\/div>\n\t\t<div class=\"elementor-element elementor-element-61918661 e-con-full e-flex e-con e-child\" data-id=\"61918661\" data-element_type=\"container\" data-e-type=\"container\">\n\t\t\t\t<div class=\"elementor-element elementor-element-6077e5e2 elementor-widget elementor-widget-image\" data-id=\"6077e5e2\" data-element_type=\"widget\" data-e-type=\"widget\" data-widget_type=\"image.default\">\n\t\t\t\t<div class=\"elementor-widget-container\">\n\t\t\t\t\t\t\t\t\t\t\t\t\t\t\t<img decoding=\"async\" width=\"678\" height=\"406\" src=\"https:\/\/blinkbcn.com\/wp-content\/uploads\/BARRIO-Logic.jpg\" class=\"attachment-large size-large wp-image-4137\" alt=\"\" srcset=\"https:\/\/blinkbcn.com\/wp-content\/uploads\/BARRIO-Logic.jpg 678w, https:\/\/blinkbcn.com\/wp-content\/uploads\/BARRIO-Logic-300x180.jpg 300w\" sizes=\"(max-width: 678px) 100vw, 678px\" \/>\t\t\t\t\t\t\t\t\t\t\t\t\t\t\t<\/div>\n\t\t\t\t<\/div>\n\t\t\t\t<\/div>\n\t\t\t\t\t<\/div>\n\t\t\t\t<\/div>\n\t\t<div class=\"elementor-element elementor-element-677632a2 e-flex e-con-boxed e-con e-parent\" data-id=\"677632a2\" data-element_type=\"container\" data-e-type=\"container\">\n\t\t\t\t\t<div class=\"e-con-inner\">\n\t\t<div class=\"elementor-element elementor-element-4721b8d e-con-full e-flex e-con e-child\" data-id=\"4721b8d\" data-element_type=\"container\" data-e-type=\"container\">\n\t\t\t\t<div class=\"elementor-element elementor-element-b168c4c elementor-widget elementor-widget-image\" data-id=\"b168c4c\" data-element_type=\"widget\" data-e-type=\"widget\" data-widget_type=\"image.default\">\n\t\t\t\t<div class=\"elementor-widget-container\">\n\t\t\t\t\t\t\t\t\t\t\t\t\t\t\t<img loading=\"lazy\" decoding=\"async\" width=\"791\" height=\"1024\" src=\"https:\/\/blinkbcn.com\/wp-content\/uploads\/BARRIO-791x1024.png\" class=\"attachment-large size-large wp-image-4561\" alt=\"\" srcset=\"https:\/\/blinkbcn.com\/wp-content\/uploads\/BARRIO-791x1024.png 791w, https:\/\/blinkbcn.com\/wp-content\/uploads\/BARRIO-232x300.png 232w, https:\/\/blinkbcn.com\/wp-content\/uploads\/BARRIO-768x994.png 768w, https:\/\/blinkbcn.com\/wp-content\/uploads\/BARRIO-1187x1536.png 1187w, https:\/\/blinkbcn.com\/wp-content\/uploads\/BARRIO.png 1545w\" sizes=\"(max-width: 791px) 100vw, 791px\" \/>\t\t\t\t\t\t\t\t\t\t\t\t\t\t\t<\/div>\n\t\t\t\t<\/div>\n\t\t\t\t<\/div>\n\t\t<div class=\"elementor-element elementor-element-2e8e8fd1 e-con-full e-flex e-con e-child\" data-id=\"2e8e8fd1\" data-element_type=\"container\" data-e-type=\"container\">\n\t\t<div class=\"elementor-element elementor-element-37782af e-con-full e-flex e-con e-child\" data-id=\"37782af\" data-element_type=\"container\" data-e-type=\"container\">\n\t\t\t\t<div class=\"elementor-element elementor-element-738fcbd0 elementor-widget elementor-widget-heading\" data-id=\"738fcbd0\" data-element_type=\"widget\" data-e-type=\"widget\" data-widget_type=\"heading.default\">\n\t\t\t\t<div class=\"elementor-widget-container\">\n\t\t\t\t\t<h2 class=\"elementor-heading-title elementor-size-default\">Huit partenaires et quatre pilotes<\/h2>\t\t\t\t<\/div>\n\t\t\t\t<\/div>\n\t\t\t\t<\/div>\n\t\t\t\t<div class=\"elementor-element elementor-element-37cfbc81 elementor-widget__width-initial elementor-widget elementor-widget-text-editor\" data-id=\"37cfbc81\" data-element_type=\"widget\" data-e-type=\"widget\" data-widget_type=\"text-editor.default\">\n\t\t\t\t<div class=\"elementor-widget-container\">\n\t\t\t\t\t\t\t\t\t<p>Le projet BARRIO se d\u00e9veloppe avec la collaboration d\u2019organisations de divers pays europ\u00e9ens, incluant l&rsquo;Italie, l&rsquo;Espagne, la Slov\u00e9nie, la Bulgarie et la Belgique. Ces pays participeront \u00e0 la mise en \u0153uvre de quatre pilotes s\u00e9lectionn\u00e9s en fonction du niveau de maturit\u00e9 du march\u00e9 de la r\u00e9novation \u00e9nerg\u00e9tique dans chaque territoire. Les pilotes couvriront diff\u00e9rents \u00e9cosyst\u00e8mes avec des conditions \u00e9conomiques, climatiques et r\u00e9glementaires vari\u00e9es, dans le but d\u2019adapter et de valider l\u2019outil APP et les mod\u00e8les commerciaux dans des contextes r\u00e9els et diversifi\u00e9s.<\/p><p>Par exemple, en Espagne, des solutions seront test\u00e9es dans des zones \u00e0 temp\u00e9ratures \u00e9lev\u00e9es, o\u00f9 le refroidissement des b\u00e2timents est crucial, tandis qu\u2019en Slov\u00e9nie, l\u2019accent sera mis sur l&rsquo;am\u00e9lioration de l\u2019isolation pour les climats froids. Cette approche diversifi\u00e9e permettra d&rsquo;affiner les solutions du projet et de garantir qu&rsquo;elles puissent \u00eatre reproduites avec succ\u00e8s dans d&rsquo;autres r\u00e9gions europ\u00e9ennes. Les pilotes se d\u00e9rouleront entre 2024 et 2027, avec pour objectif de d\u00e9montrer la viabilit\u00e9 technique et \u00e9conomique des interventions \u00e0 grande \u00e9chelle et de faciliter la transition vers un parc immobilier d\u00e9carbonis\u00e9 \u00e0 long terme.<\/p><p><strong>B.Link<\/strong>, gr\u00e2ce \u00e0 son exp\u00e9rience et son expertise dans des projets de diff\u00e9rents programmes europ\u00e9ens, agit depuis une position privil\u00e9gi\u00e9e au sein d\u2019un r\u00e9seau vari\u00e9 de projets, ce qui lui permet d\u2019apporter une connaissance pratique et diversifi\u00e9e au projet BARRIO. En tant que leader du <strong>WP6 \u2013 Durabilit\u00e9, R\u00e9plication et Exploitation<\/strong>, B.Link coordonne les t\u00e2ches li\u00e9es \u00e0 la vision \u00e0 long terme du projet, incluant la capitalisation d&rsquo;autres initiatives et projets, la capacit\u00e9 de r\u00e9pliquer les r\u00e9sultats de BARRIO dans d&rsquo;autres territoires ou secteurs, l&rsquo;impact sur les politiques publiques ou la g\u00e9n\u00e9ration de mod\u00e8les commerciaux. De plus, dans le <strong>WP1<\/strong>, B.Link co-dirige la coordination du projet, en particulier dans le domaine financier.<\/p>\t\t\t\t\t\t\t\t<\/div>\n\t\t\t\t<\/div>\n\t\t\t\t<\/div>\n\t\t\t\t\t<\/div>\n\t\t\t\t<\/div>\n\t\t<div class=\"elementor-element elementor-element-239d4f6 e-flex e-con-boxed e-con e-parent\" data-id=\"239d4f6\" data-element_type=\"container\" data-e-type=\"container\">\n\t\t\t\t\t<div class=\"e-con-inner\">\n\t\t\t\t<div class=\"elementor-element elementor-element-d424912 elementor-widget elementor-widget-text-editor\" data-id=\"d424912\" data-element_type=\"widget\" data-e-type=\"widget\" data-widget_type=\"text-editor.default\">\n\t\t\t\t<div class=\"elementor-widget-container\">\n\t\t\t\t\t\t\t\t\t<p><div class=\"ecl-u-mb-2xl\" style=\"margin-bottom: var(--s-2xl) !important;\"><a id=\"paragraph_766\" style=\"background-color: initial; color: var(--ecl-color-primary-100); text-decoration: none; font-family: arial, sans-serif; font-size: medium; font-style: normal; font-variant-ligatures: normal; font-variant-caps: normal; font-weight: 400; letter-spacing: normal; orphans: 2; text-align: start; text-indent: 0px; text-transform: none; widows: 2; word-spacing: 0px; -webkit-text-stroke-width: 0px; white-space: normal;\"><\/a><span style=\"color: rgb(0, 0, 0); font-family: arial, sans-serif; font-size: medium; font-style: normal; font-variant-ligatures: normal; font-variant-caps: normal; font-weight: 400; letter-spacing: normal; orphans: 2; text-align: start; text-indent: 0px; text-transform: none; widows: 2; word-spacing: 0px; -webkit-text-stroke-width: 0px; white-space: normal; text-decoration-thickness: initial; text-decoration-style: initial; text-decoration-color: initial; display: inline !important; float: none;\"><\/span><\/div><\/p><div class=\"ecl-u-mb-2xl\" style=\"margin-bottom: var(--s-2xl) !important;\"><div class=\"ecl\"><p style=\"color: var(--c-d); font: var(--f-m); max-width: var(--max-w) !important; margin-bottom: 0px;\"><em>Co-funded by the European Union. Views and opinions expressed are however those of the author(s) only and do not necessarily reflect those of the European Union or CINEA. Neither the European Union nor the granting authority can be held responsible for them.<\/em><\/p><\/div><\/div>\t\t\t\t\t\t\t\t<\/div>\n\t\t\t\t<\/div>\n\t\t\t\t\t<\/div>\n\t\t\t\t<\/div>\n\t\t<div class=\"elementor-element elementor-element-5fbfa9f e-flex e-con-boxed e-con e-parent\" data-id=\"5fbfa9f\" data-element_type=\"container\" data-e-type=\"container\">\n\t\t\t\t\t<div class=\"e-con-inner\">\n\t\t\t\t\t<\/div>\n\t\t\t\t<\/div>\n\t\t\t\t<\/div>\n\t\t","protected":false},"excerpt":{"rendered":"<p>BARRIO Fostering deep Building Renovation by Aggregating demand, developing business models and Rolling out IndustRialized prefabricated sOlutions for a decarbonized building stock D\u00e9but: 01\/10\/2024 Fin: 30\/09\/2027 Budget global: 1.957.640,97 \u20ac Subvention: 1.859.758,93 \u20ac Le projet BARRIO, financ\u00e9 par le programme LIFE de l&rsquo;Union Europ\u00e9enne, vise \u00e0 d\u00e9carboniser les b\u00e2timents en regroupant la demande au niveau [&hellip;]<\/p>\n","protected":false},"author":4,"featured_media":0,"parent":0,"menu_order":0,"comment_status":"closed","ping_status":"closed","template":"","meta":{"footnotes":""},"class_list":["post-4495","page","type-page","status-publish","hentry"],"_links":{"self":[{"href":"https:\/\/blinkbcn.com\/fr\/wp-json\/wp\/v2\/pages\/4495","targetHints":{"allow":["GET"]}}],"collection":[{"href":"https:\/\/blinkbcn.com\/fr\/wp-json\/wp\/v2\/pages"}],"about":[{"href":"https:\/\/blinkbcn.com\/fr\/wp-json\/wp\/v2\/types\/page"}],"author":[{"embeddable":true,"href":"https:\/\/blinkbcn.com\/fr\/wp-json\/wp\/v2\/users\/4"}],"replies":[{"embeddable":true,"href":"https:\/\/blinkbcn.com\/fr\/wp-json\/wp\/v2\/comments?post=4495"}],"version-history":[{"count":15,"href":"https:\/\/blinkbcn.com\/fr\/wp-json\/wp\/v2\/pages\/4495\/revisions"}],"predecessor-version":[{"id":4930,"href":"https:\/\/blinkbcn.com\/fr\/wp-json\/wp\/v2\/pages\/4495\/revisions\/4930"}],"wp:attachment":[{"href":"https:\/\/blinkbcn.com\/fr\/wp-json\/wp\/v2\/media?parent=4495"}],"curies":[{"name":"wp","href":"https:\/\/api.w.org\/{rel}","templated":true}]}}