{"id":4326,"date":"2024-10-25T11:24:30","date_gmt":"2024-10-25T11:24:30","guid":{"rendered":"https:\/\/blinkbcn.com\/?page_id=4326"},"modified":"2025-08-18T08:41:12","modified_gmt":"2025-08-18T08:41:12","slug":"taste","status":"publish","type":"page","link":"https:\/\/blinkbcn.com\/fr\/taste\/","title":{"rendered":"TASTE"},"content":{"rendered":"\t\t<div data-elementor-type=\"wp-page\" data-elementor-id=\"4326\" class=\"elementor elementor-4326 elementor-4302\" data-elementor-post-type=\"page\">\n\t\t\t\t<div class=\"elementor-element elementor-element-14c2f611 e-flex e-con-boxed e-con e-parent\" data-id=\"14c2f611\" data-element_type=\"container\" data-e-type=\"container\" data-settings=\"{&quot;background_background&quot;:&quot;classic&quot;}\">\n\t\t\t\t\t<div class=\"e-con-inner\">\n\t\t<div class=\"elementor-element elementor-element-7695b9e7 e-con-full e-flex e-con e-child\" data-id=\"7695b9e7\" data-element_type=\"container\" data-e-type=\"container\">\n\t\t\t\t<div class=\"elementor-element elementor-element-474bdabf elementor-widget elementor-widget-heading\" data-id=\"474bdabf\" data-element_type=\"widget\" data-e-type=\"widget\" data-widget_type=\"heading.default\">\n\t\t\t\t<div class=\"elementor-widget-container\">\n\t\t\t\t\t<h1 class=\"elementor-heading-title elementor-size-default\">TASTE<\/h1>\t\t\t\t<\/div>\n\t\t\t\t<\/div>\n\t\t\t\t<div class=\"elementor-element elementor-element-26d5437 elementor-widget elementor-widget-heading\" data-id=\"26d5437\" data-element_type=\"widget\" data-e-type=\"widget\" data-widget_type=\"heading.default\">\n\t\t\t\t<div class=\"elementor-widget-container\">\n\t\t\t\t\t<h5 class=\"elementor-heading-title elementor-size-default\">Transformative approaches for sustainable food in tourism<\/h5>\t\t\t\t<\/div>\n\t\t\t\t<\/div>\n\t\t\t\t<\/div>\n\t\t\t\t\t<\/div>\n\t\t\t\t<\/div>\n\t\t<div class=\"elementor-element elementor-element-217f31fa e-flex e-con-boxed e-con e-parent\" data-id=\"217f31fa\" data-element_type=\"container\" data-e-type=\"container\">\n\t\t\t\t\t<div class=\"e-con-inner\">\n\t\t<div class=\"elementor-element elementor-element-6bfcfde4 e-con-full e-flex e-con e-child\" data-id=\"6bfcfde4\" data-element_type=\"container\" data-e-type=\"container\">\n\t\t\t\t<div class=\"elementor-element elementor-element-d83ff62 elementor-widget__width-initial elementor-widget elementor-widget-image\" data-id=\"d83ff62\" data-element_type=\"widget\" data-e-type=\"widget\" data-widget_type=\"image.default\">\n\t\t\t\t<div class=\"elementor-widget-container\">\n\t\t\t\t\t\t\t\t\t\t\t\t\t\t\t<img decoding=\"async\" width=\"300\" height=\"109\" src=\"https:\/\/blinkbcn.com\/wp-content\/uploads\/3-TASTE-LOGO-HORIZONTAL-PRIMARY-300x109.png\" class=\"attachment-medium size-medium wp-image-4886\" alt=\"\" srcset=\"https:\/\/blinkbcn.com\/wp-content\/uploads\/3-TASTE-LOGO-HORIZONTAL-PRIMARY-300x109.png 300w, https:\/\/blinkbcn.com\/wp-content\/uploads\/3-TASTE-LOGO-HORIZONTAL-PRIMARY-1024x373.png 1024w, https:\/\/blinkbcn.com\/wp-content\/uploads\/3-TASTE-LOGO-HORIZONTAL-PRIMARY-768x280.png 768w, https:\/\/blinkbcn.com\/wp-content\/uploads\/3-TASTE-LOGO-HORIZONTAL-PRIMARY.png 1285w\" sizes=\"(max-width: 300px) 100vw, 300px\" \/>\t\t\t\t\t\t\t\t\t\t\t\t\t\t\t<\/div>\n\t\t\t\t<\/div>\n\t\t\t\t<\/div>\n\t\t<div class=\"elementor-element elementor-element-64b9c8dc e-con-full e-flex e-con e-child\" data-id=\"64b9c8dc\" data-element_type=\"container\" data-e-type=\"container\">\n\t\t\t\t<div class=\"elementor-element elementor-element-566d97a2 elementor-widget__width-initial elementor-widget elementor-widget-image\" data-id=\"566d97a2\" data-element_type=\"widget\" data-e-type=\"widget\" data-widget_type=\"image.default\">\n\t\t\t\t<div class=\"elementor-widget-container\">\n\t\t\t\t\t\t\t\t\t\t\t\t\t\t\t<img decoding=\"async\" width=\"300\" height=\"119\" src=\"https:\/\/blinkbcn.com\/wp-content\/uploads\/eufunding-300x119.png\" class=\"attachment-medium size-medium wp-image-3705\" alt=\"\" srcset=\"https:\/\/blinkbcn.com\/wp-content\/uploads\/eufunding-300x119.png 300w, https:\/\/blinkbcn.com\/wp-content\/uploads\/eufunding-1024x408.png 1024w, https:\/\/blinkbcn.com\/wp-content\/uploads\/eufunding-768x306.png 768w, https:\/\/blinkbcn.com\/wp-content\/uploads\/eufunding.png 1263w\" sizes=\"(max-width: 300px) 100vw, 300px\" \/>\t\t\t\t\t\t\t\t\t\t\t\t\t\t\t<\/div>\n\t\t\t\t<\/div>\n\t\t\t\t<\/div>\n\t\t\t\t\t<\/div>\n\t\t\t\t<\/div>\n\t\t<div class=\"elementor-element elementor-element-5af5afe2 e-flex e-con-boxed e-con e-parent\" data-id=\"5af5afe2\" data-element_type=\"container\" data-e-type=\"container\" data-settings=\"{&quot;background_background&quot;:&quot;classic&quot;}\">\n\t\t\t\t\t<div class=\"e-con-inner\">\n\t\t<div class=\"elementor-element elementor-element-f98b523 e-con-full e-flex e-con e-child\" data-id=\"f98b523\" data-element_type=\"container\" data-e-type=\"container\" data-settings=\"{&quot;background_background&quot;:&quot;classic&quot;}\">\n\t\t\t\t<div class=\"elementor-element elementor-element-5f1b6d52 elementor-icon-list--layout-traditional elementor-list-item-link-full_width elementor-widget elementor-widget-icon-list\" data-id=\"5f1b6d52\" data-element_type=\"widget\" data-e-type=\"widget\" data-widget_type=\"icon-list.default\">\n\t\t\t\t<div class=\"elementor-widget-container\">\n\t\t\t\t\t\t\t<ul class=\"elementor-icon-list-items\">\n\t\t\t\t\t\t\t<li class=\"elementor-icon-list-item\">\n\t\t\t\t\t\t\t\t\t\t\t<span class=\"elementor-icon-list-icon\">\n\t\t\t\t\t\t\t<svg aria-hidden=\"true\" class=\"e-font-icon-svg e-fas-play-circle\" viewBox=\"0 0 512 512\" xmlns=\"http:\/\/www.w3.org\/2000\/svg\"><path d=\"M256 8C119 8 8 119 8 256s111 248 248 248 248-111 248-248S393 8 256 8zm115.7 272l-176 101c-15.8 8.8-35.7-2.5-35.7-21V152c0-18.4 19.8-29.8 35.7-21l176 107c16.4 9.2 16.4 32.9 0 42z\"><\/path><\/svg>\t\t\t\t\t\t<\/span>\n\t\t\t\t\t\t\t\t\t\t<span class=\"elementor-icon-list-text\">D\u00e9but: <b>01\/11\/2024<\/b><\/span>\n\t\t\t\t\t\t\t\t\t<\/li>\n\t\t\t\t\t\t\t\t<li class=\"elementor-icon-list-item\">\n\t\t\t\t\t\t\t\t\t\t\t<span class=\"elementor-icon-list-icon\">\n\t\t\t\t\t\t\t<svg aria-hidden=\"true\" class=\"e-font-icon-svg e-fas-flag-checkered\" viewBox=\"0 0 512 512\" xmlns=\"http:\/\/www.w3.org\/2000\/svg\"><path d=\"M243.2 189.9V258c26.1 5.9 49.3 15.6 73.6 22.3v-68.2c-26-5.8-49.4-15.5-73.6-22.2zm223.3-123c-34.3 15.9-76.5 31.9-117 31.9C296 98.8 251.7 64 184.3 64c-25 0-47.3 4.4-68 12 2.8-7.3 4.1-15.2 3.6-23.6C118.1 24 94.8 1.2 66.3 0 34.3-1.3 8 24.3 8 56c0 19 9.5 35.8 24 45.9V488c0 13.3 10.7 24 24 24h16c13.3 0 24-10.7 24-24v-94.4c28.3-12.1 63.6-22.1 114.4-22.1 53.6 0 97.8 34.8 165.2 34.8 48.2 0 86.7-16.3 122.5-40.9 8.7-6 13.8-15.8 13.8-26.4V95.9c.1-23.3-24.2-38.8-45.4-29zM169.6 325.5c-25.8 2.7-50 8.2-73.6 16.6v-70.5c26.2-9.3 47.5-15 73.6-17.4zM464 191c-23.6 9.8-46.3 19.5-73.6 23.9V286c24.8-3.4 51.4-11.8 73.6-26v70.5c-25.1 16.1-48.5 24.7-73.6 27.1V286c-27 3.7-47.9 1.5-73.6-5.6v67.4c-23.9-7.4-47.3-16.7-73.6-21.3V258c-19.7-4.4-40.8-6.8-73.6-3.8v-70c-22.4 3.1-44.6 10.2-73.6 20.9v-70.5c33.2-12.2 50.1-19.8 73.6-22v71.6c27-3.7 48.4-1.3 73.6 5.7v-67.4c23.7 7.4 47.2 16.7 73.6 21.3v68.4c23.7 5.3 47.6 6.9 73.6 2.7V143c27-4.8 52.3-13.6 73.6-22.5z\"><\/path><\/svg>\t\t\t\t\t\t<\/span>\n\t\t\t\t\t\t\t\t\t\t<span class=\"elementor-icon-list-text\">Fin: <b>30\/04\/2027<\/b><\/span>\n\t\t\t\t\t\t\t\t\t<\/li>\n\t\t\t\t\t\t<\/ul>\n\t\t\t\t\t\t<\/div>\n\t\t\t\t<\/div>\n\t\t\t\t<div class=\"elementor-element elementor-element-11eb329a elementor-icon-list--layout-traditional elementor-list-item-link-full_width elementor-widget elementor-widget-icon-list\" data-id=\"11eb329a\" data-element_type=\"widget\" data-e-type=\"widget\" data-widget_type=\"icon-list.default\">\n\t\t\t\t<div class=\"elementor-widget-container\">\n\t\t\t\t\t\t\t<ul class=\"elementor-icon-list-items\">\n\t\t\t\t\t\t\t<li class=\"elementor-icon-list-item\">\n\t\t\t\t\t\t\t\t\t\t\t<span class=\"elementor-icon-list-icon\">\n\t\t\t\t\t\t\t<svg aria-hidden=\"true\" class=\"e-font-icon-svg e-fas-money-bill-wave\" viewBox=\"0 0 640 512\" xmlns=\"http:\/\/www.w3.org\/2000\/svg\"><path d=\"M621.16 54.46C582.37 38.19 543.55 32 504.75 32c-123.17-.01-246.33 62.34-369.5 62.34-30.89 0-61.76-3.92-92.65-13.72-3.47-1.1-6.95-1.62-10.35-1.62C15.04 79 0 92.32 0 110.81v317.26c0 12.63 7.23 24.6 18.84 29.46C57.63 473.81 96.45 480 135.25 480c123.17 0 246.34-62.35 369.51-62.35 30.89 0 61.76 3.92 92.65 13.72 3.47 1.1 6.95 1.62 10.35 1.62 17.21 0 32.25-13.32 32.25-31.81V83.93c-.01-12.64-7.24-24.6-18.85-29.47zM48 132.22c20.12 5.04 41.12 7.57 62.72 8.93C104.84 170.54 79 192.69 48 192.69v-60.47zm0 285v-47.78c34.37 0 62.18 27.27 63.71 61.4-22.53-1.81-43.59-6.31-63.71-13.62zM320 352c-44.19 0-80-42.99-80-96 0-53.02 35.82-96 80-96s80 42.98 80 96c0 53.03-35.83 96-80 96zm272 27.78c-17.52-4.39-35.71-6.85-54.32-8.44 5.87-26.08 27.5-45.88 54.32-49.28v57.72zm0-236.11c-30.89-3.91-54.86-29.7-55.81-61.55 19.54 2.17 38.09 6.23 55.81 12.66v48.89z\"><\/path><\/svg>\t\t\t\t\t\t<\/span>\n\t\t\t\t\t\t\t\t\t\t<span class=\"elementor-icon-list-text\">Budget global: <b>2,194,690.91\u20ac<\/b><\/span>\n\t\t\t\t\t\t\t\t\t<\/li>\n\t\t\t\t\t\t\t\t<li class=\"elementor-icon-list-item\">\n\t\t\t\t\t\t\t\t\t\t\t<span class=\"elementor-icon-list-icon\">\n\t\t\t\t\t\t\t<svg aria-hidden=\"true\" class=\"e-font-icon-svg e-fas-money-bill-wave\" viewBox=\"0 0 640 512\" xmlns=\"http:\/\/www.w3.org\/2000\/svg\"><path d=\"M621.16 54.46C582.37 38.19 543.55 32 504.75 32c-123.17-.01-246.33 62.34-369.5 62.34-30.89 0-61.76-3.92-92.65-13.72-3.47-1.1-6.95-1.62-10.35-1.62C15.04 79 0 92.32 0 110.81v317.26c0 12.63 7.23 24.6 18.84 29.46C57.63 473.81 96.45 480 135.25 480c123.17 0 246.34-62.35 369.51-62.35 30.89 0 61.76 3.92 92.65 13.72 3.47 1.1 6.95 1.62 10.35 1.62 17.21 0 32.25-13.32 32.25-31.81V83.93c-.01-12.64-7.24-24.6-18.85-29.47zM48 132.22c20.12 5.04 41.12 7.57 62.72 8.93C104.84 170.54 79 192.69 48 192.69v-60.47zm0 285v-47.78c34.37 0 62.18 27.27 63.71 61.4-22.53-1.81-43.59-6.31-63.71-13.62zM320 352c-44.19 0-80-42.99-80-96 0-53.02 35.82-96 80-96s80 42.98 80 96c0 53.03-35.83 96-80 96zm272 27.78c-17.52-4.39-35.71-6.85-54.32-8.44 5.87-26.08 27.5-45.88 54.32-49.28v57.72zm0-236.11c-30.89-3.91-54.86-29.7-55.81-61.55 19.54 2.17 38.09 6.23 55.81 12.66v48.89z\"><\/path><\/svg>\t\t\t\t\t\t<\/span>\n\t\t\t\t\t\t\t\t\t\t<span class=\"elementor-icon-list-text\">Subvention: <b>2,050,221.74\u20ac<\/b><\/span>\n\t\t\t\t\t\t\t\t\t<\/li>\n\t\t\t\t\t\t<\/ul>\n\t\t\t\t\t\t<\/div>\n\t\t\t\t<\/div>\n\t\t\t\t<\/div>\n\t\t\t\t\t<\/div>\n\t\t\t\t<\/div>\n\t\t<div class=\"elementor-element elementor-element-7e56fc91 e-flex e-con-boxed e-con e-parent\" data-id=\"7e56fc91\" data-element_type=\"container\" data-e-type=\"container\" data-settings=\"{&quot;background_background&quot;:&quot;classic&quot;}\">\n\t\t\t\t\t<div class=\"e-con-inner\">\n\t\t\t\t<div class=\"elementor-element elementor-element-20ddd46e elementor-widget elementor-widget-text-editor\" data-id=\"20ddd46e\" data-element_type=\"widget\" data-e-type=\"widget\" data-widget_type=\"text-editor.default\">\n\t\t\t\t<div class=\"elementor-widget-container\">\n\t\t\t\t\t\t\t\t\t<p><span data-teams=\"true\"><span class=\"ui-provider a b c d e f g h i j k l m n o p q r s t u v w x y z ab ac ae af ag ah ai aj ak\" dir=\"ltr\">TASTE vise \u00e0 promouvoir des solutions innovantes qui aident les entreprises de tourisme gastronomique europ\u00e9en \u00e0 avancer vers la durabilit\u00e9, la digitalisation et la r\u00e9silience.<\/span><\/span><\/p>\t\t\t\t\t\t\t\t<\/div>\n\t\t\t\t<\/div>\n\t\t\t\t\t<\/div>\n\t\t\t\t<\/div>\n\t\t<div class=\"elementor-element elementor-element-71dca6c6 e-flex e-con-boxed e-con e-parent\" data-id=\"71dca6c6\" data-element_type=\"container\" data-e-type=\"container\">\n\t\t\t\t\t<div class=\"e-con-inner\">\n\t\t<div class=\"elementor-element elementor-element-30e8fbaa e-con-full e-flex e-con e-child\" data-id=\"30e8fbaa\" data-element_type=\"container\" data-e-type=\"container\">\n\t\t\t\t<div class=\"elementor-element elementor-element-fd1cacf elementor-widget elementor-widget-heading\" data-id=\"fd1cacf\" data-element_type=\"widget\" data-e-type=\"widget\" data-widget_type=\"heading.default\">\n\t\t\t\t<div class=\"elementor-widget-container\">\n\t\t\t\t\t<h2 class=\"elementor-heading-title elementor-size-default\">L\u2019alimentation durable dans le tourisme: un d\u00e9fi cl\u00e9\n<\/h2>\t\t\t\t<\/div>\n\t\t\t\t<\/div>\n\t\t\t\t<div class=\"elementor-element elementor-element-444925e0 elementor-widget elementor-widget-text-editor\" data-id=\"444925e0\" data-element_type=\"widget\" data-e-type=\"widget\" data-widget_type=\"text-editor.default\">\n\t\t\t\t<div class=\"elementor-widget-container\">\n\t\t\t\t\t\t\t\t\t<p><span style=\"color: var( --e-global-color-text ); font-size: 1rem; letter-spacing: -0.3px;\">Le secteur du tourisme europ\u00e9en est confront\u00e9 \u00e0 des d\u00e9fis li\u00e9s \u00e0 la<\/span><b style=\"color: var( --e-global-color-text ); font-size: 1rem; letter-spacing: -0.3px;\"> transformation verte et num\u00e9rique, \u00e0 la durabilit\u00e9 et \u00e0 la r\u00e9silience<\/b><span style=\"color: var( --e-global-color-text ); font-size: 1rem; letter-spacing: -0.3px;\">. Avec une prise de conscience environnementale croissante, des pr\u00e9occupations en mati\u00e8re de s\u00e9curit\u00e9 et un d\u00e9placement vers des exp\u00e9riences personnalis\u00e9es qui vont au-del\u00e0 des offres touristiques traditionnelles, l&rsquo;int\u00e9gration de <\/span><b style=\"color: var( --e-global-color-text ); font-size: 1rem; letter-spacing: -0.3px;\">pratiques alimentaires durables dans le tourisme<\/b><span style=\"color: var( --e-global-color-text ); font-size: 1rem; letter-spacing: -0.3px;\"> est devenue essentielle. La complexit\u00e9 d&rsquo;aligner le mod\u00e8le \u00ab de la ferme \u00e0 la table \u00bb avec les exigences de l&rsquo;industrie touristique, y compris des questions comme la diversification des sources et la r\u00e9duction du gaspillage alimentaire, n\u00e9cessite des <\/span><b style=\"color: var( --e-global-color-text ); font-size: 1rem; letter-spacing: -0.3px;\">strat\u00e9gies innovantes<\/b><span style=\"color: var( --e-global-color-text ); font-size: 1rem; letter-spacing: -0.3px;\"> pour garantir une gestion alimentaire durable au sein des \u00e9cosyst\u00e8mes touristiques. Relever ces d\u00e9fis est essentiel pour assurer la comp\u00e9titivit\u00e9 \u00e0 long terme et r\u00e9duire l&rsquo;impact environnemental dans le secteur.<\/span><\/p><p>\u00a0<\/p>\t\t\t\t\t\t\t\t<\/div>\n\t\t\t\t<\/div>\n\t\t\t\t<\/div>\n\t\t\t\t\t<\/div>\n\t\t\t\t<\/div>\n\t\t<div class=\"elementor-element elementor-element-22acc8f3 e-flex e-con-boxed e-con e-parent\" data-id=\"22acc8f3\" data-element_type=\"container\" data-e-type=\"container\">\n\t\t\t\t\t<div class=\"e-con-inner\">\n\t\t<div class=\"elementor-element elementor-element-753e2c6e e-con-full e-flex e-con e-child\" data-id=\"753e2c6e\" data-element_type=\"container\" data-e-type=\"container\">\n\t\t\t\t<div class=\"elementor-element elementor-element-6fa1fd25 elementor-widget elementor-widget-heading\" data-id=\"6fa1fd25\" data-element_type=\"widget\" data-e-type=\"widget\" data-widget_type=\"heading.default\">\n\t\t\t\t<div class=\"elementor-widget-container\">\n\t\t\t\t\t<h2 class=\"elementor-heading-title elementor-size-default\">Favoriser le tourisme alimentaire durable<\/h2>\t\t\t\t<\/div>\n\t\t\t\t<\/div>\n\t\t\t\t<div class=\"elementor-element elementor-element-3b5cd0e8 elementor-widget elementor-widget-text-editor\" data-id=\"3b5cd0e8\" data-element_type=\"widget\" data-e-type=\"widget\" data-widget_type=\"text-editor.default\">\n\t\t\t\t<div class=\"elementor-widget-container\">\n\t\t\t\t\t\t\t\t\t<p><span style=\"color: var( --e-global-color-text ); font-size: 1rem; letter-spacing: -0.3px;\">Le projet <\/span><b style=\"color: var( --e-global-color-text ); font-size: 1rem; letter-spacing: -0.3px;\">TASTE <\/b><span style=\"color: var( --e-global-color-text ); font-size: 1rem; letter-spacing: -0.3px;\">vise \u00e0 transformer le secteur du tourisme alimentaire en mettant l\u2019accent sur la durabilit\u00e9 et la r\u00e9silience. Le projet a d\u00e9velopp\u00e9 un programme de soutien complet pour les PME du tourisme, comprenant l\u2019identification des meilleures pratiques en mati\u00e8re de <\/span><b style=\"color: var( --e-global-color-text ); font-size: 1rem; letter-spacing: -0.3px;\">tourisme alimentaire durable,<\/b><span style=\"color: var( --e-global-color-text ); font-size: 1rem; letter-spacing: -0.3px;\"> la mise en \u0153uvre de programmes de renforcement des capacit\u00e9s et le lancement d\u2019initiatives d\u2019acc\u00e9l\u00e9ration.&nbsp;<\/span><\/p>\n<p style=\"margin-bottom: 8px;\">\u00c0 travers ses six lots de travail (WPs), TASTE documentera les <b>meilleures pratiques, formera<\/b> les parties prenantes cl\u00e9s et <b>soutiendra <\/b>les PME dans l\u2019adoption de solutions innovantes telles que les mod\u00e8les d\u2019\u00e9conomie circulaire et les outils num\u00e9riques.&nbsp;<\/p>\n<p style=\"margin-bottom: 8px;\">Les r\u00e9sultats favoriseront la triple transition \u00ab\u00a0<b>Devenir Vert, Se Digitaliser, \u00catre R\u00e9silient<\/b>\u00ab\u00a0, en garantissant que les entreprises touristiques soient \u00e9quip\u00e9es pour offrir des exp\u00e9riences alimentaires durables et contribuer \u00e0 la durabilit\u00e9 \u00e0 long terme du secteur touristique europ\u00e9en.<\/p>\n<p style=\"margin-bottom: 8px;\">Si votre organisation ou entreprise travaille dans l&rsquo;alimentation et le tourisme en Europe, rejoignez notre <b><a href=\"https:\/\/www.linkedin.com\/groups\/8503166\/\" target=\"_blank\" rel=\"noopener\">communaut\u00e9 TASTERS<\/a><\/b> sur LinkedIn !<\/p>\t\t\t\t\t\t\t\t<\/div>\n\t\t\t\t<\/div>\n\t\t\t\t<\/div>\n\t\t<div class=\"elementor-element elementor-element-484c3ab0 e-con-full e-flex e-con e-child\" data-id=\"484c3ab0\" data-element_type=\"container\" data-e-type=\"container\">\n\t\t\t\t<div class=\"elementor-element elementor-element-641c3764 elementor-widget elementor-widget-image\" data-id=\"641c3764\" data-element_type=\"widget\" data-e-type=\"widget\" data-widget_type=\"image.default\">\n\t\t\t\t<div class=\"elementor-widget-container\">\n\t\t\t\t\t\t\t\t\t\t\t\t\t\t\t<img fetchpriority=\"high\" decoding=\"async\" width=\"800\" height=\"457\" src=\"https:\/\/blinkbcn.com\/wp-content\/uploads\/TASTE-1024x585.webp\" class=\"attachment-large size-large wp-image-4291\" alt=\"\" srcset=\"https:\/\/blinkbcn.com\/wp-content\/uploads\/TASTE-1024x585.webp 1024w, https:\/\/blinkbcn.com\/wp-content\/uploads\/TASTE-300x171.webp 300w, https:\/\/blinkbcn.com\/wp-content\/uploads\/TASTE-768x439.webp 768w, https:\/\/blinkbcn.com\/wp-content\/uploads\/TASTE-1536x878.webp 1536w, https:\/\/blinkbcn.com\/wp-content\/uploads\/TASTE.webp 1792w\" sizes=\"(max-width: 800px) 100vw, 800px\" \/>\t\t\t\t\t\t\t\t\t\t\t\t\t\t\t<\/div>\n\t\t\t\t<\/div>\n\t\t\t\t<\/div>\n\t\t\t\t\t<\/div>\n\t\t\t\t<\/div>\n\t\t<div class=\"elementor-element elementor-element-51b5de8 e-flex e-con-boxed e-con e-parent\" data-id=\"51b5de8\" data-element_type=\"container\" data-e-type=\"container\">\n\t\t\t\t\t<div class=\"e-con-inner\">\n\t\t<div class=\"elementor-element elementor-element-71be4142 e-con-full e-flex e-con e-child\" data-id=\"71be4142\" data-element_type=\"container\" data-e-type=\"container\">\n\t\t<div class=\"elementor-element elementor-element-a39f5b e-flex e-con-boxed e-con e-child\" data-id=\"a39f5b\" data-element_type=\"container\" data-e-type=\"container\">\n\t\t\t\t\t<div class=\"e-con-inner\">\n\t\t\t\t<div class=\"elementor-element elementor-element-252183c4 elementor-widget elementor-widget-heading\" data-id=\"252183c4\" data-element_type=\"widget\" data-e-type=\"widget\" data-widget_type=\"heading.default\">\n\t\t\t\t<div class=\"elementor-widget-container\">\n\t\t\t\t\t<h2 class=\"elementor-heading-title elementor-size-default\">Sept partenaires de cinq pays<\/h2>\t\t\t\t<\/div>\n\t\t\t\t<\/div>\n\t\t\t\t<div class=\"elementor-element elementor-element-4e4430f2 elementor-widget__width-initial elementor-widget elementor-widget-text-editor\" data-id=\"4e4430f2\" data-element_type=\"widget\" data-e-type=\"widget\" data-widget_type=\"text-editor.default\">\n\t\t\t\t<div class=\"elementor-widget-container\">\n\t\t\t\t\t\t\t\t\t<p><span style=\"color: var( --e-global-color-text ); font-size: 1rem; letter-spacing: -0.3px;\">Le projet TASTE est dirig\u00e9 par un consortium de sept partenaires issus de cinq pays (<\/span><b style=\"color: var( --e-global-color-text ); font-size: 1rem; letter-spacing: -0.3px;\">Belgique, Danemark, Italie, Slov\u00e9nie et Espagne<\/b><span style=\"color: var( --e-global-color-text ); font-size: 1rem; letter-spacing: -0.3px;\">): Chambre de Commerce de Barcelone (Espagne), hub.brussels (Belgique), Chambre de Commerce de Turin (Italie), Destination V\u00e4sterbotten (Danemark), Agence de D\u00e9veloppement R\u00e9gional pour Podravje &#8211; Maribor (Slov\u00e9nie), IGHOR \u2013 Institut de Recherche en Tourisme (Italie) et BLINK EU Projects (Espagne). Ces organisations repr\u00e9sentent un m\u00e9lange d\u2019organisations de soutien aux entreprises (BSO), d\u2019organisations de gestion de destinations (DMO), d\u2019institutions acad\u00e9miques et de PME sp\u00e9cialis\u00e9es dans la durabilit\u00e9 et la digitalisation dans le tourisme.<\/span><\/p>\n<p style=\"margin-bottom: 8px;\">Fort de son expertise dans la gestion de projets de <b>financement en cascad<\/b>e, <b>B.Link <\/b>sera charg\u00e9 de superviser le m\u00e9canisme de <b>Soutien Financier aux Tiers (FSTP)<\/b>, garantissant un suivi financier transparent et constant en conformit\u00e9 avec le WP6. Cette supervision inclut des rapports r\u00e9guliers pour assurer l\u2019utilisation efficace des ressources de l\u2019UE.<\/p><p style=\"margin-bottom: 8px;\"><span style=\"color: var( --e-global-color-text ); font-size: 1rem; letter-spacing: -0.3px;\">En tant que<\/span><b style=\"color: var( --e-global-color-text ); font-size: 1rem; letter-spacing: -0.3px;\"> leader du WP4,<\/b><span style=\"color: var( --e-global-color-text ); font-size: 1rem; letter-spacing: -0.3px;\"> B.Link se concentrera sur la coordination du <\/span><b style=\"color: var( --e-global-color-text ); font-size: 1rem; letter-spacing: -0.3px;\">soutien \u00e0 l\u2019acc\u00e9l\u00e9ration visant \u00e0 promouvoir des initiatives durables, innovantes et collaboratives<\/b><span style=\"color: var( --e-global-color-text ); font-size: 1rem; letter-spacing: -0.3px;\"> dans le domaine de l\u2019alimentation durable au sein du secteur touristique. Pour y parvenir, B.Link concevra et lancera le Programme d\u2019Acc\u00e9l\u00e9ration, \u00e9valuera les candidatures, suivra les progr\u00e8s des projets collaboratifs et d\u00e9veloppera un cadre d&rsquo;indicateurs de performance (KPI) complet pour mesurer et suivre l\u2019impact des actions du projet de mani\u00e8re efficace.<\/span><\/p>\t\t\t\t\t\t\t\t<\/div>\n\t\t\t\t<\/div>\n\t\t\t\t\t<\/div>\n\t\t\t\t<\/div>\n\t\t<div class=\"elementor-element elementor-element-2b572b63 e-flex e-con-boxed e-con e-child\" data-id=\"2b572b63\" data-element_type=\"container\" data-e-type=\"container\">\n\t\t\t\t\t<div class=\"e-con-inner\">\n\t\t\t\t<div class=\"elementor-element elementor-element-2bb73012 elementor-widget elementor-widget-igmap\" data-id=\"2bb73012\" data-element_type=\"widget\" data-e-type=\"widget\" data-widget_type=\"igmap.default\">\n\t\t\t\t<div class=\"elementor-widget-container\">\n\t\t\t\t\t<div class=\"igmap-elementor-widget\"><div class=\"map_wrapper\" id=\"map_wrapper_4295\">\n<div class=\"map_box\" style=\"max-width:2200px\">\n<div class=\"map_aspect_ratio\" style=\"padding-top:60%\" data-padding-top=\"60%\" data-padding-top-mobile=\"0%\">\n<div class=\"map_container\">\n<div class=\"map_render map_loading\" id=\"map_4295\"><\/div>\n<\/div>\n<\/div>\n<\/div>\n<\/div><\/div>\t\t\t\t<\/div>\n\t\t\t\t<\/div>\n\t\t\t\t\t<\/div>\n\t\t\t\t<\/div>\n\t\t\t\t<\/div>\n\t\t\t\t\t<\/div>\n\t\t\t\t<\/div>\n\t\t\t\t<\/div>\n\t\t","protected":false},"excerpt":{"rendered":"<p>TASTE Transformative approaches for sustainable food in tourism D\u00e9but: 01\/11\/2024 Fin: 30\/04\/2027 Budget global: 2,194,690.91\u20ac Subvention: 2,050,221.74\u20ac TASTE vise \u00e0 promouvoir des solutions innovantes qui aident les entreprises de tourisme gastronomique europ\u00e9en \u00e0 avancer vers la durabilit\u00e9, la digitalisation et la r\u00e9silience. L\u2019alimentation durable dans le tourisme: un d\u00e9fi cl\u00e9 Le secteur du tourisme europ\u00e9en [&hellip;]<\/p>\n","protected":false},"author":4,"featured_media":0,"parent":0,"menu_order":0,"comment_status":"closed","ping_status":"closed","template":"","meta":{"footnotes":""},"class_list":["post-4326","page","type-page","status-publish","hentry"],"_links":{"self":[{"href":"https:\/\/blinkbcn.com\/fr\/wp-json\/wp\/v2\/pages\/4326","targetHints":{"allow":["GET"]}}],"collection":[{"href":"https:\/\/blinkbcn.com\/fr\/wp-json\/wp\/v2\/pages"}],"about":[{"href":"https:\/\/blinkbcn.com\/fr\/wp-json\/wp\/v2\/types\/page"}],"author":[{"embeddable":true,"href":"https:\/\/blinkbcn.com\/fr\/wp-json\/wp\/v2\/users\/4"}],"replies":[{"embeddable":true,"href":"https:\/\/blinkbcn.com\/fr\/wp-json\/wp\/v2\/comments?post=4326"}],"version-history":[{"count":15,"href":"https:\/\/blinkbcn.com\/fr\/wp-json\/wp\/v2\/pages\/4326\/revisions"}],"predecessor-version":[{"id":5110,"href":"https:\/\/blinkbcn.com\/fr\/wp-json\/wp\/v2\/pages\/4326\/revisions\/5110"}],"wp:attachment":[{"href":"https:\/\/blinkbcn.com\/fr\/wp-json\/wp\/v2\/media?parent=4326"}],"curies":[{"name":"wp","href":"https:\/\/api.w.org\/{rel}","templated":true}]}}