{"id":3802,"date":"2024-01-18T12:43:50","date_gmt":"2024-01-18T12:43:50","guid":{"rendered":"https:\/\/blinkbcn.com\/?page_id=3802"},"modified":"2024-11-25T14:59:21","modified_gmt":"2024-11-25T14:59:21","slug":"skateboarding-beyond","status":"publish","type":"page","link":"https:\/\/blinkbcn.com\/fr\/skateboarding-beyond\/","title":{"rendered":"SKATEBOARDING BEYOND"},"content":{"rendered":"\t\t<div data-elementor-type=\"wp-page\" data-elementor-id=\"3802\" class=\"elementor elementor-3802 elementor-3702\" data-elementor-post-type=\"page\">\n\t\t\t\t<div class=\"elementor-element elementor-element-9727035 e-flex e-con-boxed e-con e-parent\" data-id=\"9727035\" data-element_type=\"container\" data-e-type=\"container\" data-settings=\"{&quot;background_background&quot;:&quot;classic&quot;}\">\n\t\t\t\t\t<div class=\"e-con-inner\">\n\t\t<div class=\"elementor-element elementor-element-6fb6183 e-con-full e-flex e-con e-child\" data-id=\"6fb6183\" data-element_type=\"container\" data-e-type=\"container\">\n\t\t\t\t<div class=\"elementor-element elementor-element-9681fa2 elementor-widget elementor-widget-heading\" data-id=\"9681fa2\" data-element_type=\"widget\" data-e-type=\"widget\" data-widget_type=\"heading.default\">\n\t\t\t\t<div class=\"elementor-widget-container\">\n\t\t\t\t\t<h1 class=\"elementor-heading-title elementor-size-default\">SKATEBOARDING BEYOND<\/h1>\t\t\t\t<\/div>\n\t\t\t\t<\/div>\n\t\t\t\t<div class=\"elementor-element elementor-element-578174e elementor-widget elementor-widget-heading\" data-id=\"578174e\" data-element_type=\"widget\" data-e-type=\"widget\" data-widget_type=\"heading.default\">\n\t\t\t\t<div class=\"elementor-widget-container\">\n\t\t\t\t\t<h5 class=\"elementor-heading-title elementor-size-default\">Skateboarding as an intersection to promote social inclusion, gender equality and mental health.<\/h5>\t\t\t\t<\/div>\n\t\t\t\t<\/div>\n\t\t\t\t<\/div>\n\t\t<div class=\"elementor-element elementor-element-54211a6 e-con-full e-flex e-con e-child\" data-id=\"54211a6\" data-element_type=\"container\" data-e-type=\"container\">\n\t\t\t\t<div class=\"elementor-element elementor-element-7a64142 elementor-widget__width-initial elementor-widget elementor-widget-image\" data-id=\"7a64142\" data-element_type=\"widget\" data-e-type=\"widget\" data-widget_type=\"image.default\">\n\t\t\t\t<div class=\"elementor-widget-container\">\n\t\t\t\t\t\t\t\t\t\t\t\t\t\t\t<img fetchpriority=\"high\" decoding=\"async\" width=\"300\" height=\"178\" src=\"https:\/\/blinkbcn.com\/wp-content\/uploads\/Color-logo-no-background.png\" class=\"attachment-medium size-medium wp-image-3974\" alt=\"\" \/>\t\t\t\t\t\t\t\t\t\t\t\t\t\t\t<\/div>\n\t\t\t\t<\/div>\n\t\t\t\t<div class=\"elementor-element elementor-element-867cf2d elementor-widget elementor-widget-image\" data-id=\"867cf2d\" data-element_type=\"widget\" data-e-type=\"widget\" data-widget_type=\"image.default\">\n\t\t\t\t<div class=\"elementor-widget-container\">\n\t\t\t\t\t\t\t\t\t\t\t\t\t\t\t<img decoding=\"async\" width=\"300\" height=\"119\" src=\"https:\/\/blinkbcn.com\/wp-content\/uploads\/eufunding-300x119.png\" class=\"attachment-medium size-medium wp-image-3705\" alt=\"\" srcset=\"https:\/\/blinkbcn.com\/wp-content\/uploads\/eufunding-300x119.png 300w, https:\/\/blinkbcn.com\/wp-content\/uploads\/eufunding-1024x408.png 1024w, https:\/\/blinkbcn.com\/wp-content\/uploads\/eufunding-768x306.png 768w, https:\/\/blinkbcn.com\/wp-content\/uploads\/eufunding.png 1263w\" sizes=\"(max-width: 300px) 100vw, 300px\" \/>\t\t\t\t\t\t\t\t\t\t\t\t\t\t\t<\/div>\n\t\t\t\t<\/div>\n\t\t\t\t<\/div>\n\t\t\t\t\t<\/div>\n\t\t\t\t<\/div>\n\t\t<div class=\"elementor-element elementor-element-cd90e32 e-flex e-con-boxed e-con e-parent\" data-id=\"cd90e32\" data-element_type=\"container\" data-e-type=\"container\" data-settings=\"{&quot;background_background&quot;:&quot;classic&quot;}\">\n\t\t\t\t\t<div class=\"e-con-inner\">\n\t\t<div class=\"elementor-element elementor-element-8e9cebc e-con-full e-flex e-con e-child\" data-id=\"8e9cebc\" data-element_type=\"container\" data-e-type=\"container\" data-settings=\"{&quot;background_background&quot;:&quot;classic&quot;}\">\n\t\t\t\t<div class=\"elementor-element elementor-element-e631d52 elementor-icon-list--layout-traditional elementor-list-item-link-full_width elementor-widget elementor-widget-icon-list\" data-id=\"e631d52\" data-element_type=\"widget\" data-e-type=\"widget\" data-widget_type=\"icon-list.default\">\n\t\t\t\t<div class=\"elementor-widget-container\">\n\t\t\t\t\t\t\t<ul class=\"elementor-icon-list-items\">\n\t\t\t\t\t\t\t<li class=\"elementor-icon-list-item\">\n\t\t\t\t\t\t\t\t\t\t\t<span class=\"elementor-icon-list-icon\">\n\t\t\t\t\t\t\t<svg aria-hidden=\"true\" class=\"e-font-icon-svg e-fas-play-circle\" viewBox=\"0 0 512 512\" xmlns=\"http:\/\/www.w3.org\/2000\/svg\"><path d=\"M256 8C119 8 8 119 8 256s111 248 248 248 248-111 248-248S393 8 256 8zm115.7 272l-176 101c-15.8 8.8-35.7-2.5-35.7-21V152c0-18.4 19.8-29.8 35.7-21l176 107c16.4 9.2 16.4 32.9 0 42z\"><\/path><\/svg>\t\t\t\t\t\t<\/span>\n\t\t\t\t\t\t\t\t\t\t<span class=\"elementor-icon-list-text\">D\u00e9but: <b>01\/01\/2024<\/b><\/span>\n\t\t\t\t\t\t\t\t\t<\/li>\n\t\t\t\t\t\t\t\t<li class=\"elementor-icon-list-item\">\n\t\t\t\t\t\t\t\t\t\t\t<span class=\"elementor-icon-list-icon\">\n\t\t\t\t\t\t\t<svg aria-hidden=\"true\" class=\"e-font-icon-svg e-fas-flag-checkered\" viewBox=\"0 0 512 512\" xmlns=\"http:\/\/www.w3.org\/2000\/svg\"><path d=\"M243.2 189.9V258c26.1 5.9 49.3 15.6 73.6 22.3v-68.2c-26-5.8-49.4-15.5-73.6-22.2zm223.3-123c-34.3 15.9-76.5 31.9-117 31.9C296 98.8 251.7 64 184.3 64c-25 0-47.3 4.4-68 12 2.8-7.3 4.1-15.2 3.6-23.6C118.1 24 94.8 1.2 66.3 0 34.3-1.3 8 24.3 8 56c0 19 9.5 35.8 24 45.9V488c0 13.3 10.7 24 24 24h16c13.3 0 24-10.7 24-24v-94.4c28.3-12.1 63.6-22.1 114.4-22.1 53.6 0 97.8 34.8 165.2 34.8 48.2 0 86.7-16.3 122.5-40.9 8.7-6 13.8-15.8 13.8-26.4V95.9c.1-23.3-24.2-38.8-45.4-29zM169.6 325.5c-25.8 2.7-50 8.2-73.6 16.6v-70.5c26.2-9.3 47.5-15 73.6-17.4zM464 191c-23.6 9.8-46.3 19.5-73.6 23.9V286c24.8-3.4 51.4-11.8 73.6-26v70.5c-25.1 16.1-48.5 24.7-73.6 27.1V286c-27 3.7-47.9 1.5-73.6-5.6v67.4c-23.9-7.4-47.3-16.7-73.6-21.3V258c-19.7-4.4-40.8-6.8-73.6-3.8v-70c-22.4 3.1-44.6 10.2-73.6 20.9v-70.5c33.2-12.2 50.1-19.8 73.6-22v71.6c27-3.7 48.4-1.3 73.6 5.7v-67.4c23.7 7.4 47.2 16.7 73.6 21.3v68.4c23.7 5.3 47.6 6.9 73.6 2.7V143c27-4.8 52.3-13.6 73.6-22.5z\"><\/path><\/svg>\t\t\t\t\t\t<\/span>\n\t\t\t\t\t\t\t\t\t\t<span class=\"elementor-icon-list-text\">Fin: <b>30\/06\/2026<\/b><\/span>\n\t\t\t\t\t\t\t\t\t<\/li>\n\t\t\t\t\t\t<\/ul>\n\t\t\t\t\t\t<\/div>\n\t\t\t\t<\/div>\n\t\t\t\t<div class=\"elementor-element elementor-element-27acede elementor-icon-list--layout-traditional elementor-list-item-link-full_width elementor-widget elementor-widget-icon-list\" data-id=\"27acede\" data-element_type=\"widget\" data-e-type=\"widget\" data-widget_type=\"icon-list.default\">\n\t\t\t\t<div class=\"elementor-widget-container\">\n\t\t\t\t\t\t\t<ul class=\"elementor-icon-list-items\">\n\t\t\t\t\t\t\t<li class=\"elementor-icon-list-item\">\n\t\t\t\t\t\t\t\t\t\t\t<span class=\"elementor-icon-list-icon\">\n\t\t\t\t\t\t\t<svg aria-hidden=\"true\" class=\"e-font-icon-svg e-fas-money-bill-wave\" viewBox=\"0 0 640 512\" xmlns=\"http:\/\/www.w3.org\/2000\/svg\"><path d=\"M621.16 54.46C582.37 38.19 543.55 32 504.75 32c-123.17-.01-246.33 62.34-369.5 62.34-30.89 0-61.76-3.92-92.65-13.72-3.47-1.1-6.95-1.62-10.35-1.62C15.04 79 0 92.32 0 110.81v317.26c0 12.63 7.23 24.6 18.84 29.46C57.63 473.81 96.45 480 135.25 480c123.17 0 246.34-62.35 369.51-62.35 30.89 0 61.76 3.92 92.65 13.72 3.47 1.1 6.95 1.62 10.35 1.62 17.21 0 32.25-13.32 32.25-31.81V83.93c-.01-12.64-7.24-24.6-18.85-29.47zM48 132.22c20.12 5.04 41.12 7.57 62.72 8.93C104.84 170.54 79 192.69 48 192.69v-60.47zm0 285v-47.78c34.37 0 62.18 27.27 63.71 61.4-22.53-1.81-43.59-6.31-63.71-13.62zM320 352c-44.19 0-80-42.99-80-96 0-53.02 35.82-96 80-96s80 42.98 80 96c0 53.03-35.83 96-80 96zm272 27.78c-17.52-4.39-35.71-6.85-54.32-8.44 5.87-26.08 27.5-45.88 54.32-49.28v57.72zm0-236.11c-30.89-3.91-54.86-29.7-55.81-61.55 19.54 2.17 38.09 6.23 55.81 12.66v48.89z\"><\/path><\/svg>\t\t\t\t\t\t<\/span>\n\t\t\t\t\t\t\t\t\t\t<span class=\"elementor-icon-list-text\">Budget global: <b>400.000 \u20ac<\/b><\/span>\n\t\t\t\t\t\t\t\t\t<\/li>\n\t\t\t\t\t\t\t\t<li class=\"elementor-icon-list-item\">\n\t\t\t\t\t\t\t\t\t\t\t<span class=\"elementor-icon-list-icon\">\n\t\t\t\t\t\t\t<svg aria-hidden=\"true\" class=\"e-font-icon-svg e-fas-money-bill-wave\" viewBox=\"0 0 640 512\" xmlns=\"http:\/\/www.w3.org\/2000\/svg\"><path d=\"M621.16 54.46C582.37 38.19 543.55 32 504.75 32c-123.17-.01-246.33 62.34-369.5 62.34-30.89 0-61.76-3.92-92.65-13.72-3.47-1.1-6.95-1.62-10.35-1.62C15.04 79 0 92.32 0 110.81v317.26c0 12.63 7.23 24.6 18.84 29.46C57.63 473.81 96.45 480 135.25 480c123.17 0 246.34-62.35 369.51-62.35 30.89 0 61.76 3.92 92.65 13.72 3.47 1.1 6.95 1.62 10.35 1.62 17.21 0 32.25-13.32 32.25-31.81V83.93c-.01-12.64-7.24-24.6-18.85-29.47zM48 132.22c20.12 5.04 41.12 7.57 62.72 8.93C104.84 170.54 79 192.69 48 192.69v-60.47zm0 285v-47.78c34.37 0 62.18 27.27 63.71 61.4-22.53-1.81-43.59-6.31-63.71-13.62zM320 352c-44.19 0-80-42.99-80-96 0-53.02 35.82-96 80-96s80 42.98 80 96c0 53.03-35.83 96-80 96zm272 27.78c-17.52-4.39-35.71-6.85-54.32-8.44 5.87-26.08 27.5-45.88 54.32-49.28v57.72zm0-236.11c-30.89-3.91-54.86-29.7-55.81-61.55 19.54 2.17 38.09 6.23 55.81 12.66v48.89z\"><\/path><\/svg>\t\t\t\t\t\t<\/span>\n\t\t\t\t\t\t\t\t\t\t<span class=\"elementor-icon-list-text\">Subvention: <b> 400.000 \u20ac<\/b><\/span>\n\t\t\t\t\t\t\t\t\t<\/li>\n\t\t\t\t\t\t<\/ul>\n\t\t\t\t\t\t<\/div>\n\t\t\t\t<\/div>\n\t\t\t\t<\/div>\n\t\t\t\t\t<\/div>\n\t\t\t\t<\/div>\n\t\t<div class=\"elementor-element elementor-element-098db3c e-flex e-con-boxed e-con e-parent\" data-id=\"098db3c\" data-element_type=\"container\" data-e-type=\"container\" data-settings=\"{&quot;background_background&quot;:&quot;classic&quot;}\">\n\t\t\t\t\t<div class=\"e-con-inner\">\n\t\t\t\t<div class=\"elementor-element elementor-element-f84a66c elementor-widget elementor-widget-text-editor\" data-id=\"f84a66c\" data-element_type=\"widget\" data-e-type=\"widget\" data-widget_type=\"text-editor.default\">\n\t\t\t\t<div class=\"elementor-widget-container\">\n\t\t\t\t\t\t\t\t\t<p>Le projet SKATEBOARDING BEYOND, financ\u00e9 par le programme Erasmus + Sport de l&rsquo;Union Europ\u00e9enne, vise \u00e0 utiliser le skate comme outil de promotion de l&rsquo;inclusion sociale et de l&rsquo;\u00e9galit\u00e9 des genres, de d\u00e9veloppement des comp\u00e9tences et de facilitation d&rsquo;un environnement s\u00fbr et cr\u00e9atif pour les jeunes.<\/p>\t\t\t\t\t\t\t\t<\/div>\n\t\t\t\t<\/div>\n\t\t\t\t\t<\/div>\n\t\t\t\t<\/div>\n\t\t<div class=\"elementor-element elementor-element-5533e00 e-flex e-con-boxed e-con e-parent\" data-id=\"5533e00\" data-element_type=\"container\" data-e-type=\"container\">\n\t\t\t\t\t<div class=\"e-con-inner\">\n\t\t<div class=\"elementor-element elementor-element-0c28415 e-con-full e-flex e-con e-child\" data-id=\"0c28415\" data-element_type=\"container\" data-e-type=\"container\">\n\t\t\t\t<div class=\"elementor-element elementor-element-5a2d35d elementor-widget elementor-widget-heading\" data-id=\"5a2d35d\" data-element_type=\"widget\" data-e-type=\"widget\" data-widget_type=\"heading.default\">\n\t\t\t\t<div class=\"elementor-widget-container\">\n\t\t\t\t\t<h2 class=\"elementor-heading-title elementor-size-default\">Le skateboarding comme outil de transformation sociale<\/h2>\t\t\t\t<\/div>\n\t\t\t\t<\/div>\n\t\t\t\t<div class=\"elementor-element elementor-element-5937f48 elementor-widget elementor-widget-text-editor\" data-id=\"5937f48\" data-element_type=\"widget\" data-e-type=\"widget\" data-widget_type=\"text-editor.default\">\n\t\t\t\t<div class=\"elementor-widget-container\">\n\t\t\t\t\t\t\t\t\t<p>Le skate s\u2019av\u00e8re \u00eatre un outil efficace pour le d\u00e9veloppement des jeunes. De plus en plus populaire, il attire l&rsquo;attention des jeunes et en particulier celle des filles qui sont toujours plus nombreuses \u00e0 s\u2019y int\u00e9resser.<\/p><p>Le skate est un sport n\u00e9 de la culture populaire, cr\u00e9\u00e9 par les jeunes comme moyen d&rsquo;exprimer leur cr\u00e9ativit\u00e9 et leurs id\u00e9es. Il leur permet de d\u00e9velopper leur propre communaut\u00e9 sportive, gr\u00e2ce \u00e0 laquelle ils peuvent s\u2019affirmer librement et \u00e9tablir leurs propres r\u00e8gles. Par ailleurs, \u00a0le skate se d\u00e9roule surtout dans des espaces publics ce qui en fait \u00a0une activit\u00e9 essentiellement collective .<\/p><p>Pour ces raisons et d&rsquo;autres, le skateboarding est reconnu comme un outil efficace d&rsquo;inclusion sociale.<\/p>\t\t\t\t\t\t\t\t<\/div>\n\t\t\t\t<\/div>\n\t\t\t\t<\/div>\n\t\t<div class=\"elementor-element elementor-element-72578a5 e-con-full e-flex e-con e-child\" data-id=\"72578a5\" data-element_type=\"container\" data-e-type=\"container\">\n\t\t\t\t<\/div>\n\t\t\t\t\t<\/div>\n\t\t\t\t<\/div>\n\t\t<div class=\"elementor-element elementor-element-5ea8d4c e-flex e-con-boxed e-con e-parent\" data-id=\"5ea8d4c\" data-element_type=\"container\" data-e-type=\"container\">\n\t\t\t\t\t<div class=\"e-con-inner\">\n\t\t<div class=\"elementor-element elementor-element-99384d8 e-con-full e-flex e-con e-child\" data-id=\"99384d8\" data-element_type=\"container\" data-e-type=\"container\">\n\t\t\t\t<div class=\"elementor-element elementor-element-80047e8 elementor-widget elementor-widget-heading\" data-id=\"80047e8\" data-element_type=\"widget\" data-e-type=\"widget\" data-widget_type=\"heading.default\">\n\t\t\t\t<div class=\"elementor-widget-container\">\n\t\t\t\t\t<h2 class=\"elementor-heading-title elementor-size-default\">Le programme de SKATEBOARDING BEYOND<\/h2>\t\t\t\t<\/div>\n\t\t\t\t<\/div>\n\t\t\t\t<div class=\"elementor-element elementor-element-95e7231 elementor-widget elementor-widget-text-editor\" data-id=\"95e7231\" data-element_type=\"widget\" data-e-type=\"widget\" data-widget_type=\"text-editor.default\">\n\t\t\t\t<div class=\"elementor-widget-container\">\n\t\t\t\t\t\t\t\t\t<p>Le programme cr\u00e9\u00e9 par SKATEBOARDING BEYOND encourage l&rsquo;inclusion sociale des jeunes \u00e0 travers le skate. Il consiste en des ateliers cr\u00e9atifs qui abordent le bien-\u00eatre mental, les in\u00e9galit\u00e9s des genres et les comp\u00e9tences telles que la cr\u00e9ativit\u00e9, le travail en \u00e9quipe et la communication.<\/p><p>Autour de la pratique du skate, SKATEBOARDING BEYOND cherche \u00e0 une communaut\u00e9 sportive et \u00e0 impliquer dans la culture et l&rsquo;art urbains 400 enfants de 8 \u00e0 12 ans en danger d&rsquo;exclusion sociale, avec une attention particuli\u00e8re pour les filles, sous la supervision de 50 coachs qui auront suivi une formation sp\u00e9cifique sur ces sujets.\u00a0<span style=\"color: var( --e-global-color-text ); font-size: 1rem; letter-spacing: -0.3px;\">Le programme SKATEBOARDING BEYOND a comme objectif final de cr\u00e9er une communaut\u00e9 de skate plus inclusive, offrant une opportunit\u00e9 \u00e0 toute la population juv\u00e9nile, en particulier les filles ou les jeunes en danger d&rsquo;exclusion sociale.<\/span><\/p><p><span class=\"TextRun SCXW24727890 BCX8\" lang=\"FR-FR\" xml:lang=\"FR-FR\" data-contrast=\"auto\"><span class=\"NormalTextRun SCXW24727890 BCX8\">B.Link dirige les <b>groupes de discussion <\/b>du projet <\/span><span class=\"NormalTextRun SpellingErrorV2Themed SCXW24727890 BCX8\">Skateboarding<\/span><span class=\"NormalTextRun SCXW24727890 BCX8\"> Beyond, recueillant des contributions essentielles des parties prenantes sur<b>\u202f<\/b><\/span><\/span><span class=\"TextRun SCXW24727890 BCX8\" lang=\"FR-FR\" xml:lang=\"FR-FR\" data-contrast=\"auto\"><span class=\"NormalTextRun SCXW24727890 BCX8\"><b>l\u2019inclusion sociale, la promotion des valeurs, la sant\u00e9 mentale et l\u2019\u00e9galit\u00e9 des sexes<\/b><\/span><\/span><span class=\"TextRun SCXW24727890 BCX8\" lang=\"FR-FR\" xml:lang=\"FR-FR\" data-contrast=\"auto\"><span class=\"NormalTextRun SCXW24727890 BCX8\"><b>.<\/b> Cet engagement permet au projet de rester en phase avec les besoins et priorit\u00e9s de la communaut\u00e9, renfor\u00e7ant ainsi sa pertinence et son impact. En tant que chef de file pour la mise en \u0153uvre de la strat\u00e9gie de communication et de diffusion, B.Link garantit que les messages cl\u00e9s du projet atteignent et r\u00e9sonnent au sein des communaut\u00e9s \u00e0 travers l\u2019Europe. De plus, B.Link g\u00e8re la gestion administrative et financi\u00e8re du projet, ainsi que le suivi et la mesure de performance, afin de s\u00e9curiser l\u2019atteinte des objectifs du projet.<\/span><\/span><span class=\"EOP SCXW24727890 BCX8\" data-ccp-props=\"{&quot;335559738&quot;:240,&quot;335559739&quot;:240}\">\u00a0<\/span><\/p>\t\t\t\t\t\t\t\t<\/div>\n\t\t\t\t<\/div>\n\t\t\t\t<\/div>\n\t\t<div class=\"elementor-element elementor-element-895a3b3 e-con-full e-flex e-con e-child\" data-id=\"895a3b3\" data-element_type=\"container\" data-e-type=\"container\">\n\t\t\t\t<div class=\"elementor-element elementor-element-15cda47 elementor-widget elementor-widget-image\" data-id=\"15cda47\" data-element_type=\"widget\" data-e-type=\"widget\" data-widget_type=\"image.default\">\n\t\t\t\t<div class=\"elementor-widget-container\">\n\t\t\t\t\t\t\t\t\t\t\t\t\t\t\t<img decoding=\"async\" width=\"622\" height=\"511\" src=\"https:\/\/blinkbcn.com\/wp-content\/uploads\/Imatge1-1.png\" class=\"attachment-large size-large wp-image-3731\" alt=\"\" srcset=\"https:\/\/blinkbcn.com\/wp-content\/uploads\/Imatge1-1.png 622w, https:\/\/blinkbcn.com\/wp-content\/uploads\/Imatge1-1-300x246.png 300w\" sizes=\"(max-width: 622px) 100vw, 622px\" \/>\t\t\t\t\t\t\t\t\t\t\t\t\t\t\t<\/div>\n\t\t\t\t<\/div>\n\t\t\t\t<\/div>\n\t\t\t\t\t<\/div>\n\t\t\t\t<\/div>\n\t\t<div class=\"elementor-element elementor-element-69fcc24 e-flex e-con-boxed e-con e-parent\" data-id=\"69fcc24\" data-element_type=\"container\" data-e-type=\"container\">\n\t\t\t\t\t<div class=\"e-con-inner\">\n\t\t<div class=\"elementor-element elementor-element-9228acb e-con-full e-flex e-con e-child\" data-id=\"9228acb\" data-element_type=\"container\" data-e-type=\"container\">\n\t\t<div class=\"elementor-element elementor-element-46faa3e e-flex e-con-boxed e-con e-child\" data-id=\"46faa3e\" data-element_type=\"container\" data-e-type=\"container\">\n\t\t\t\t\t<div class=\"e-con-inner\">\n\t\t\t\t<div class=\"elementor-element elementor-element-9a60409 elementor-widget elementor-widget-heading\" data-id=\"9a60409\" data-element_type=\"widget\" data-e-type=\"widget\" data-widget_type=\"heading.default\">\n\t\t\t\t<div class=\"elementor-widget-container\">\n\t\t\t\t\t<h2 class=\"elementor-heading-title elementor-size-default\"> Cinq partenaires et trois pays<\/h2>\t\t\t\t<\/div>\n\t\t\t\t<\/div>\n\t\t\t\t<div class=\"elementor-element elementor-element-4064945 elementor-widget__width-initial elementor-widget elementor-widget-text-editor\" data-id=\"4064945\" data-element_type=\"widget\" data-e-type=\"widget\" data-widget_type=\"text-editor.default\">\n\t\t\t\t<div class=\"elementor-widget-container\">\n\t\t\t\t\t\t\t\t\t<p>Le partenariat de SKATEBOARDING BEYOND est compos\u00e9 de trois organisations charg\u00e9es de mettre en \u0153uvre le programme au niveau national: les f\u00e9d\u00e9rations de patinage d&rsquo;Espagne, d&rsquo;Allemagne et de Su\u00e8de, ainsi que de deux organisations strat\u00e9giques les soutenant dans le d\u00e9veloppement d\u2019une m\u00e9thodologie innovante, son application et son \u00e9valuation : Advance Inspiring Social Innovation et B.Link Barcelona Strategic Projects.<\/p><div class=\"flex max-w-full flex-col flex-grow\"><div class=\"min-h-8 text-message flex w-full flex-col items-end gap-2 whitespace-normal break-words [.text-message+&amp;]:mt-5\" dir=\"auto\" data-message-author-role=\"assistant\" data-message-id=\"a8e660e0-1af8-428a-80a9-ca6ec70e998b\" data-message-model-slug=\"gpt-4o\"><div class=\"flex w-full flex-col gap-1 empty:hidden first:pt-[3px]\"><div class=\"markdown prose w-full break-words dark:prose-invert light\"><p>B.Link dirige les groupes de discussion du projet Skateboarding Beyond, recueillant des contributions essentielles des parties prenantes sur <b>l&rsquo;inclusion sociale, la promotion des valeurs, la sant\u00e9 mentale et l&rsquo;\u00e9galit\u00e9 des sexes<\/b>. Cet engagement permet au projet de rester en phase avec les besoins et priorit\u00e9s de la communaut\u00e9, renfor\u00e7ant ainsi sa pertinence et son impact. En tant que chef de file pour la mise en \u0153uvre de la strat\u00e9gie de communication et de diffusion, B.Link garantit que les messages cl\u00e9s du projet atteignent et r\u00e9sonnent au sein des communaut\u00e9s \u00e0 travers l&rsquo;Europe. De plus, B.Link g\u00e8re la gestion administrative et financi\u00e8re du projet, ainsi que le suivi et la mesure de performance, afin de s\u00e9curiser l&rsquo;atteinte des objectifs du projet.<\/p><\/div><\/div><\/div><\/div>\t\t\t\t\t\t\t\t<\/div>\n\t\t\t\t<\/div>\n\t\t\t\t\t<\/div>\n\t\t\t\t<\/div>\n\t\t<div class=\"elementor-element elementor-element-449a9ef e-flex e-con-boxed e-con e-child\" data-id=\"449a9ef\" data-element_type=\"container\" data-e-type=\"container\">\n\t\t\t\t\t<div class=\"e-con-inner\">\n\t\t\t\t<div class=\"elementor-element elementor-element-1305b4f elementor-widget elementor-widget-image\" data-id=\"1305b4f\" data-element_type=\"widget\" data-e-type=\"widget\" data-widget_type=\"image.default\">\n\t\t\t\t<div class=\"elementor-widget-container\">\n\t\t\t\t\t\t\t\t\t\t\t\t\t\t\t<img loading=\"lazy\" decoding=\"async\" width=\"791\" height=\"1024\" src=\"https:\/\/blinkbcn.com\/wp-content\/uploads\/SKATEBOARDING-BEYOND-MAPA-WEB-791x1024.png\" class=\"attachment-large size-large wp-image-4676\" alt=\"\" srcset=\"https:\/\/blinkbcn.com\/wp-content\/uploads\/SKATEBOARDING-BEYOND-MAPA-WEB-791x1024.png 791w, https:\/\/blinkbcn.com\/wp-content\/uploads\/SKATEBOARDING-BEYOND-MAPA-WEB-232x300.png 232w, https:\/\/blinkbcn.com\/wp-content\/uploads\/SKATEBOARDING-BEYOND-MAPA-WEB-768x994.png 768w, https:\/\/blinkbcn.com\/wp-content\/uploads\/SKATEBOARDING-BEYOND-MAPA-WEB-1187x1536.png 1187w, https:\/\/blinkbcn.com\/wp-content\/uploads\/SKATEBOARDING-BEYOND-MAPA-WEB.png 1545w\" sizes=\"(max-width: 791px) 100vw, 791px\" \/>\t\t\t\t\t\t\t\t\t\t\t\t\t\t\t<\/div>\n\t\t\t\t<\/div>\n\t\t\t\t\t<\/div>\n\t\t\t\t<\/div>\n\t\t\t\t<\/div>\n\t\t\t\t\t<\/div>\n\t\t\t\t<\/div>\n\t\t<div class=\"elementor-element elementor-element-1e0d65b e-flex e-con-boxed e-con e-parent\" data-id=\"1e0d65b\" data-element_type=\"container\" data-e-type=\"container\">\n\t\t\t\t\t<div class=\"e-con-inner\">\n\t\t\t\t<div class=\"elementor-element elementor-element-3627a2c elementor-widget elementor-widget-text-editor\" data-id=\"3627a2c\" data-element_type=\"widget\" data-e-type=\"widget\" data-widget_type=\"text-editor.default\">\n\t\t\t\t<div class=\"elementor-widget-container\">\n\t\t\t\t\t\t\t\t\t<h6><em style=\"color: #26324b; font-family: arial, sans-serif; letter-spacing: normal;\">Co-funded by the European Union. Views and opinions expressed are however those of the author(s) only and do not necessarily reflect those of the European Union or CINEA. Neither the European Union nor the granting authority can be held responsible for them.<\/em><\/h6>\t\t\t\t\t\t\t\t<\/div>\n\t\t\t\t<\/div>\n\t\t\t\t\t<\/div>\n\t\t\t\t<\/div>\n\t\t\t\t<\/div>\n\t\t","protected":false},"excerpt":{"rendered":"<p>SKATEBOARDING BEYOND Skateboarding as an intersection to promote social inclusion, gender equality and mental health. D\u00e9but: 01\/01\/2024 Fin: 30\/06\/2026 Budget global: 400.000 \u20ac Subvention: 400.000 \u20ac Le projet SKATEBOARDING BEYOND, financ\u00e9 par le programme Erasmus + Sport de l&rsquo;Union Europ\u00e9enne, vise \u00e0 utiliser le skate comme outil de promotion de l&rsquo;inclusion sociale et de l&rsquo;\u00e9galit\u00e9 [&hellip;]<\/p>\n","protected":false},"author":4,"featured_media":0,"parent":0,"menu_order":0,"comment_status":"closed","ping_status":"closed","template":"","meta":{"footnotes":""},"class_list":["post-3802","page","type-page","status-publish","hentry"],"_links":{"self":[{"href":"https:\/\/blinkbcn.com\/fr\/wp-json\/wp\/v2\/pages\/3802","targetHints":{"allow":["GET"]}}],"collection":[{"href":"https:\/\/blinkbcn.com\/fr\/wp-json\/wp\/v2\/pages"}],"about":[{"href":"https:\/\/blinkbcn.com\/fr\/wp-json\/wp\/v2\/types\/page"}],"author":[{"embeddable":true,"href":"https:\/\/blinkbcn.com\/fr\/wp-json\/wp\/v2\/users\/4"}],"replies":[{"embeddable":true,"href":"https:\/\/blinkbcn.com\/fr\/wp-json\/wp\/v2\/comments?post=3802"}],"version-history":[{"count":19,"href":"https:\/\/blinkbcn.com\/fr\/wp-json\/wp\/v2\/pages\/3802\/revisions"}],"predecessor-version":[{"id":4697,"href":"https:\/\/blinkbcn.com\/fr\/wp-json\/wp\/v2\/pages\/3802\/revisions\/4697"}],"wp:attachment":[{"href":"https:\/\/blinkbcn.com\/fr\/wp-json\/wp\/v2\/media?parent=3802"}],"curies":[{"name":"wp","href":"https:\/\/api.w.org\/{rel}","templated":true}]}}