{"id":2793,"date":"2023-09-13T14:57:32","date_gmt":"2023-09-13T14:57:32","guid":{"rendered":"https:\/\/blinkbcn.com\/?page_id=2793"},"modified":"2026-01-14T16:00:57","modified_gmt":"2026-01-14T16:00:57","slug":"befuture","status":"publish","type":"page","link":"https:\/\/blinkbcn.com\/fr\/befuture\/","title":{"rendered":"BEFuture"},"content":{"rendered":"\t\t<div data-elementor-type=\"wp-page\" data-elementor-id=\"2793\" class=\"elementor elementor-2793 elementor-2780\" data-elementor-post-type=\"page\">\n\t\t\t\t<div class=\"elementor-element elementor-element-9727035 e-flex e-con-boxed e-con e-parent\" data-id=\"9727035\" data-element_type=\"container\" data-e-type=\"container\" data-settings=\"{&quot;background_background&quot;:&quot;classic&quot;}\">\n\t\t\t\t\t<div class=\"e-con-inner\">\n\t\t<div class=\"elementor-element elementor-element-6fb6183 e-con-full e-flex e-con e-child\" data-id=\"6fb6183\" data-element_type=\"container\" data-e-type=\"container\">\n\t\t\t\t<div class=\"elementor-element elementor-element-9681fa2 elementor-widget elementor-widget-heading\" data-id=\"9681fa2\" data-element_type=\"widget\" data-e-type=\"widget\" data-widget_type=\"heading.default\">\n\t\t\t\t<div class=\"elementor-widget-container\">\n\t\t\t\t\t<h1 class=\"elementor-heading-title elementor-size-default\">BEFuture<\/h1>\t\t\t\t<\/div>\n\t\t\t\t<\/div>\n\t\t\t\t<div class=\"elementor-element elementor-element-578174e elementor-widget elementor-widget-heading\" data-id=\"578174e\" data-element_type=\"widget\" data-e-type=\"widget\" data-widget_type=\"heading.default\">\n\t\t\t\t<div class=\"elementor-widget-container\">\n\t\t\t\t\t<h5 class=\"elementor-heading-title elementor-size-default\">Shaping the Future of Europe\u2019s Business Events sector through a regenerative, resilient and sustainable tourism industry transformation<\/h5>\t\t\t\t<\/div>\n\t\t\t\t<\/div>\n\t\t\t\t<\/div>\n\t\t<div class=\"elementor-element elementor-element-54211a6 e-con-full e-flex e-con e-child\" data-id=\"54211a6\" data-element_type=\"container\" data-e-type=\"container\">\n\t\t\t\t<div class=\"elementor-element elementor-element-7a64142 elementor-widget__width-initial elementor-widget elementor-widget-image\" data-id=\"7a64142\" data-element_type=\"widget\" data-e-type=\"widget\" data-widget_type=\"image.default\">\n\t\t\t\t<div class=\"elementor-widget-container\">\n\t\t\t\t\t\t\t\t\t\t\t\t\t\t\t<img fetchpriority=\"high\" decoding=\"async\" width=\"800\" height=\"518\" src=\"https:\/\/blinkbcn.com\/wp-content\/uploads\/Logo_BEFUTURE-1-1024x663.png\" class=\"attachment-large size-large wp-image-3342\" alt=\"\" srcset=\"https:\/\/blinkbcn.com\/wp-content\/uploads\/Logo_BEFUTURE-1-1024x663.png 1024w, https:\/\/blinkbcn.com\/wp-content\/uploads\/Logo_BEFUTURE-1-300x194.png 300w, https:\/\/blinkbcn.com\/wp-content\/uploads\/Logo_BEFUTURE-1-768x497.png 768w, https:\/\/blinkbcn.com\/wp-content\/uploads\/Logo_BEFUTURE-1-1536x995.png 1536w, https:\/\/blinkbcn.com\/wp-content\/uploads\/Logo_BEFUTURE-1.png 2000w\" sizes=\"(max-width: 800px) 100vw, 800px\" \/>\t\t\t\t\t\t\t\t\t\t\t\t\t\t\t<\/div>\n\t\t\t\t<\/div>\n\t\t\t\t<div class=\"elementor-element elementor-element-ff4c758 elementor-widget__width-initial elementor-widget elementor-widget-image\" data-id=\"ff4c758\" data-element_type=\"widget\" data-e-type=\"widget\" data-widget_type=\"image.default\">\n\t\t\t\t<div class=\"elementor-widget-container\">\n\t\t\t\t\t\t\t\t\t\t\t\t\t\t\t<img decoding=\"async\" width=\"800\" height=\"178\" src=\"https:\/\/blinkbcn.com\/wp-content\/uploads\/EN_Co-fundedbytheEU_RGB_Monochrome-1024x228.png\" class=\"attachment-large size-large wp-image-3245\" alt=\"\" srcset=\"https:\/\/blinkbcn.com\/wp-content\/uploads\/EN_Co-fundedbytheEU_RGB_Monochrome-1024x228.png 1024w, https:\/\/blinkbcn.com\/wp-content\/uploads\/EN_Co-fundedbytheEU_RGB_Monochrome-300x67.png 300w, https:\/\/blinkbcn.com\/wp-content\/uploads\/EN_Co-fundedbytheEU_RGB_Monochrome-768x171.png 768w, https:\/\/blinkbcn.com\/wp-content\/uploads\/EN_Co-fundedbytheEU_RGB_Monochrome-1536x343.png 1536w, https:\/\/blinkbcn.com\/wp-content\/uploads\/EN_Co-fundedbytheEU_RGB_Monochrome-2048x457.png 2048w\" sizes=\"(max-width: 800px) 100vw, 800px\" \/>\t\t\t\t\t\t\t\t\t\t\t\t\t\t\t<\/div>\n\t\t\t\t<\/div>\n\t\t\t\t<\/div>\n\t\t\t\t\t<\/div>\n\t\t\t\t<\/div>\n\t\t<div class=\"elementor-element elementor-element-cd90e32 e-flex e-con-boxed e-con e-parent\" data-id=\"cd90e32\" data-element_type=\"container\" data-e-type=\"container\" data-settings=\"{&quot;background_background&quot;:&quot;classic&quot;}\">\n\t\t\t\t\t<div class=\"e-con-inner\">\n\t\t<div class=\"elementor-element elementor-element-8e9cebc e-con-full e-flex e-con e-child\" data-id=\"8e9cebc\" data-element_type=\"container\" data-e-type=\"container\" data-settings=\"{&quot;background_background&quot;:&quot;classic&quot;}\">\n\t\t\t\t<div class=\"elementor-element elementor-element-e631d52 elementor-icon-list--layout-traditional elementor-list-item-link-full_width elementor-widget elementor-widget-icon-list\" data-id=\"e631d52\" data-element_type=\"widget\" data-e-type=\"widget\" data-widget_type=\"icon-list.default\">\n\t\t\t\t<div class=\"elementor-widget-container\">\n\t\t\t\t\t\t\t<ul class=\"elementor-icon-list-items\">\n\t\t\t\t\t\t\t<li class=\"elementor-icon-list-item\">\n\t\t\t\t\t\t\t\t\t\t\t<span class=\"elementor-icon-list-icon\">\n\t\t\t\t\t\t\t<svg aria-hidden=\"true\" class=\"e-font-icon-svg e-fas-play-circle\" viewBox=\"0 0 512 512\" xmlns=\"http:\/\/www.w3.org\/2000\/svg\"><path d=\"M256 8C119 8 8 119 8 256s111 248 248 248 248-111 248-248S393 8 256 8zm115.7 272l-176 101c-15.8 8.8-35.7-2.5-35.7-21V152c0-18.4 19.8-29.8 35.7-21l176 107c16.4 9.2 16.4 32.9 0 42z\"><\/path><\/svg>\t\t\t\t\t\t<\/span>\n\t\t\t\t\t\t\t\t\t\t<span class=\"elementor-icon-list-text\">D\u00e9but: <b>16\/09\/2023<\/b><\/span>\n\t\t\t\t\t\t\t\t\t<\/li>\n\t\t\t\t\t\t\t\t<li class=\"elementor-icon-list-item\">\n\t\t\t\t\t\t\t\t\t\t\t<span class=\"elementor-icon-list-icon\">\n\t\t\t\t\t\t\t<svg aria-hidden=\"true\" class=\"e-font-icon-svg e-fas-flag-checkered\" viewBox=\"0 0 512 512\" xmlns=\"http:\/\/www.w3.org\/2000\/svg\"><path d=\"M243.2 189.9V258c26.1 5.9 49.3 15.6 73.6 22.3v-68.2c-26-5.8-49.4-15.5-73.6-22.2zm223.3-123c-34.3 15.9-76.5 31.9-117 31.9C296 98.8 251.7 64 184.3 64c-25 0-47.3 4.4-68 12 2.8-7.3 4.1-15.2 3.6-23.6C118.1 24 94.8 1.2 66.3 0 34.3-1.3 8 24.3 8 56c0 19 9.5 35.8 24 45.9V488c0 13.3 10.7 24 24 24h16c13.3 0 24-10.7 24-24v-94.4c28.3-12.1 63.6-22.1 114.4-22.1 53.6 0 97.8 34.8 165.2 34.8 48.2 0 86.7-16.3 122.5-40.9 8.7-6 13.8-15.8 13.8-26.4V95.9c.1-23.3-24.2-38.8-45.4-29zM169.6 325.5c-25.8 2.7-50 8.2-73.6 16.6v-70.5c26.2-9.3 47.5-15 73.6-17.4zM464 191c-23.6 9.8-46.3 19.5-73.6 23.9V286c24.8-3.4 51.4-11.8 73.6-26v70.5c-25.1 16.1-48.5 24.7-73.6 27.1V286c-27 3.7-47.9 1.5-73.6-5.6v67.4c-23.9-7.4-47.3-16.7-73.6-21.3V258c-19.7-4.4-40.8-6.8-73.6-3.8v-70c-22.4 3.1-44.6 10.2-73.6 20.9v-70.5c33.2-12.2 50.1-19.8 73.6-22v71.6c27-3.7 48.4-1.3 73.6 5.7v-67.4c23.7 7.4 47.2 16.7 73.6 21.3v68.4c23.7 5.3 47.6 6.9 73.6 2.7V143c27-4.8 52.3-13.6 73.6-22.5z\"><\/path><\/svg>\t\t\t\t\t\t<\/span>\n\t\t\t\t\t\t\t\t\t\t<span class=\"elementor-icon-list-text\">Fin: <b>16\/03\/2026<\/b><\/span>\n\t\t\t\t\t\t\t\t\t<\/li>\n\t\t\t\t\t\t<\/ul>\n\t\t\t\t\t\t<\/div>\n\t\t\t\t<\/div>\n\t\t\t\t<div class=\"elementor-element elementor-element-27acede elementor-icon-list--layout-traditional elementor-list-item-link-full_width elementor-widget elementor-widget-icon-list\" data-id=\"27acede\" data-element_type=\"widget\" data-e-type=\"widget\" data-widget_type=\"icon-list.default\">\n\t\t\t\t<div class=\"elementor-widget-container\">\n\t\t\t\t\t\t\t<ul class=\"elementor-icon-list-items\">\n\t\t\t\t\t\t\t<li class=\"elementor-icon-list-item\">\n\t\t\t\t\t\t\t\t\t\t\t<span class=\"elementor-icon-list-icon\">\n\t\t\t\t\t\t\t<svg aria-hidden=\"true\" class=\"e-font-icon-svg e-fas-money-bill-wave\" viewBox=\"0 0 640 512\" xmlns=\"http:\/\/www.w3.org\/2000\/svg\"><path d=\"M621.16 54.46C582.37 38.19 543.55 32 504.75 32c-123.17-.01-246.33 62.34-369.5 62.34-30.89 0-61.76-3.92-92.65-13.72-3.47-1.1-6.95-1.62-10.35-1.62C15.04 79 0 92.32 0 110.81v317.26c0 12.63 7.23 24.6 18.84 29.46C57.63 473.81 96.45 480 135.25 480c123.17 0 246.34-62.35 369.51-62.35 30.89 0 61.76 3.92 92.65 13.72 3.47 1.1 6.95 1.62 10.35 1.62 17.21 0 32.25-13.32 32.25-31.81V83.93c-.01-12.64-7.24-24.6-18.85-29.47zM48 132.22c20.12 5.04 41.12 7.57 62.72 8.93C104.84 170.54 79 192.69 48 192.69v-60.47zm0 285v-47.78c34.37 0 62.18 27.27 63.71 61.4-22.53-1.81-43.59-6.31-63.71-13.62zM320 352c-44.19 0-80-42.99-80-96 0-53.02 35.82-96 80-96s80 42.98 80 96c0 53.03-35.83 96-80 96zm272 27.78c-17.52-4.39-35.71-6.85-54.32-8.44 5.87-26.08 27.5-45.88 54.32-49.28v57.72zm0-236.11c-30.89-3.91-54.86-29.7-55.81-61.55 19.54 2.17 38.09 6.23 55.81 12.66v48.89z\"><\/path><\/svg>\t\t\t\t\t\t<\/span>\n\t\t\t\t\t\t\t\t\t\t<span class=\"elementor-icon-list-text\">Budget total: <b>4.174.193,05 \u20ac<\/b><\/span>\n\t\t\t\t\t\t\t\t\t<\/li>\n\t\t\t\t\t\t\t\t<li class=\"elementor-icon-list-item\">\n\t\t\t\t\t\t\t\t\t\t\t<span class=\"elementor-icon-list-icon\">\n\t\t\t\t\t\t\t<svg aria-hidden=\"true\" class=\"e-font-icon-svg e-fas-money-bill-wave\" viewBox=\"0 0 640 512\" xmlns=\"http:\/\/www.w3.org\/2000\/svg\"><path d=\"M621.16 54.46C582.37 38.19 543.55 32 504.75 32c-123.17-.01-246.33 62.34-369.5 62.34-30.89 0-61.76-3.92-92.65-13.72-3.47-1.1-6.95-1.62-10.35-1.62C15.04 79 0 92.32 0 110.81v317.26c0 12.63 7.23 24.6 18.84 29.46C57.63 473.81 96.45 480 135.25 480c123.17 0 246.34-62.35 369.51-62.35 30.89 0 61.76 3.92 92.65 13.72 3.47 1.1 6.95 1.62 10.35 1.62 17.21 0 32.25-13.32 32.25-31.81V83.93c-.01-12.64-7.24-24.6-18.85-29.47zM48 132.22c20.12 5.04 41.12 7.57 62.72 8.93C104.84 170.54 79 192.69 48 192.69v-60.47zm0 285v-47.78c34.37 0 62.18 27.27 63.71 61.4-22.53-1.81-43.59-6.31-63.71-13.62zM320 352c-44.19 0-80-42.99-80-96 0-53.02 35.82-96 80-96s80 42.98 80 96c0 53.03-35.83 96-80 96zm272 27.78c-17.52-4.39-35.71-6.85-54.32-8.44 5.87-26.08 27.5-45.88 54.32-49.28v57.72zm0-236.11c-30.89-3.91-54.86-29.7-55.81-61.55 19.54 2.17 38.09 6.23 55.81 12.66v48.89z\"><\/path><\/svg>\t\t\t\t\t\t<\/span>\n\t\t\t\t\t\t\t\t\t\t<span class=\"elementor-icon-list-text\">Subvention: <b>3.996.773,70 \u20ac<\/b><\/span>\n\t\t\t\t\t\t\t\t\t<\/li>\n\t\t\t\t\t\t<\/ul>\n\t\t\t\t\t\t<\/div>\n\t\t\t\t<\/div>\n\t\t\t\t<div class=\"elementor-element elementor-element-373e681 elementor-widget elementor-widget-button\" data-id=\"373e681\" data-element_type=\"widget\" data-e-type=\"widget\" data-widget_type=\"button.default\">\n\t\t\t\t<div class=\"elementor-widget-container\">\n\t\t\t\t\t\t\t\t\t<div class=\"elementor-button-wrapper\">\n\t\t\t\t\t<a class=\"elementor-button elementor-button-link elementor-size-sm\" href=\"https:\/\/www.be-future.eu\/\" target=\"_blank\" rel=\"noopener\">\n\t\t\t\t\t\t<span class=\"elementor-button-content-wrapper\">\n\t\t\t\t\t\t\t\t\t<span class=\"elementor-button-text\">Page officielle du projet<\/span>\n\t\t\t\t\t<\/span>\n\t\t\t\t\t<\/a>\n\t\t\t\t<\/div>\n\t\t\t\t\t\t\t\t<\/div>\n\t\t\t\t<\/div>\n\t\t\t\t<\/div>\n\t\t\t\t\t<\/div>\n\t\t\t\t<\/div>\n\t\t<div class=\"elementor-element elementor-element-098db3c e-flex e-con-boxed e-con e-parent\" data-id=\"098db3c\" data-element_type=\"container\" data-e-type=\"container\" data-settings=\"{&quot;background_background&quot;:&quot;classic&quot;}\">\n\t\t\t\t\t<div class=\"e-con-inner\">\n\t\t\t\t<div class=\"elementor-element elementor-element-f84a66c elementor-widget elementor-widget-text-editor\" data-id=\"f84a66c\" data-element_type=\"widget\" data-e-type=\"widget\" data-widget_type=\"text-editor.default\">\n\t\t\t\t<div class=\"elementor-widget-container\">\n\t\t\t\t\t\t\t\t\t<p>Le projet BEFuture, financ\u00e9 par le programme de l&rsquo;Union europ\u00e9enne pour la comp\u00e9titivit\u00e9 des PME (Single Market Programme), vise \u00e0 renforcer la durabilit\u00e9, la num\u00e9risation et la r\u00e9silience des PME dans le secteur du tourisme \u00e9v\u00e9nementiel d&rsquo;affaires.<\/p>\t\t\t\t\t\t\t\t<\/div>\n\t\t\t\t<\/div>\n\t\t\t\t\t<\/div>\n\t\t\t\t<\/div>\n\t\t<div class=\"elementor-element elementor-element-5533e00 e-flex e-con-boxed e-con e-parent\" data-id=\"5533e00\" data-element_type=\"container\" data-e-type=\"container\">\n\t\t\t\t\t<div class=\"e-con-inner\">\n\t\t<div class=\"elementor-element elementor-element-0c28415 e-con-full e-flex e-con e-child\" data-id=\"0c28415\" data-element_type=\"container\" data-e-type=\"container\">\n\t\t\t\t<div class=\"elementor-element elementor-element-5a2d35d elementor-widget elementor-widget-heading\" data-id=\"5a2d35d\" data-element_type=\"widget\" data-e-type=\"widget\" data-widget_type=\"heading.default\">\n\t\t\t\t<div class=\"elementor-widget-container\">\n\t\t\t\t\t<h2 class=\"elementor-heading-title elementor-size-default\">Un secteur clef, mais une empreinte carbone substantielle<\/h2>\t\t\t\t<\/div>\n\t\t\t\t<\/div>\n\t\t\t\t<div class=\"elementor-element elementor-element-5937f48 elementor-widget elementor-widget-text-editor\" data-id=\"5937f48\" data-element_type=\"widget\" data-e-type=\"widget\" data-widget_type=\"text-editor.default\">\n\t\t\t\t<div class=\"elementor-widget-container\">\n\t\t\t\t\t\t\t\t\t<p>Les conventions professionnelles jouent un r\u00f4le clef dans l&rsquo;industrie europ\u00e9enne du tourisme, en attirant des visiteurs ayant un fort pouvoir d&rsquo;achat et en renfor\u00e7ant le tourisme en p\u00e9riode creuse. Avant la pand\u00e9mie de COVID-19, le secteur organisait 5,4 millions conventions en Europe par an, accueillant 704 millions de visiteurs. Ces conventions sont en outre des stimulateurs essentiels de la croissance \u00e9conomique locale et du d\u00e9veloppement social, ayant un impact important sur l&rsquo;\u00e9change de connaissances, la culture, l&rsquo;innovation, l&rsquo;acc\u00e8s \u00e0 la technologie, les opportunit\u00e9s d&rsquo;affaires et l&rsquo;attraction de talents. Malheureusement, le secteur a \u00e9galement une empreinte carbone consid\u00e9rable, consommant beaucoup de mat\u00e9riaux et g\u00e9n\u00e9rant d&rsquo;\u00e9normes quantit\u00e9s de d\u00e9chets.<\/p>\t\t\t\t\t\t\t\t<\/div>\n\t\t\t\t<\/div>\n\t\t\t\t<\/div>\n\t\t<div class=\"elementor-element elementor-element-72578a5 e-con-full e-flex e-con e-child\" data-id=\"72578a5\" data-element_type=\"container\" data-e-type=\"container\">\n\t\t\t\t<\/div>\n\t\t\t\t\t<\/div>\n\t\t\t\t<\/div>\n\t\t<div class=\"elementor-element elementor-element-5ea8d4c e-flex e-con-boxed e-con e-parent\" data-id=\"5ea8d4c\" data-element_type=\"container\" data-e-type=\"container\">\n\t\t\t\t\t<div class=\"e-con-inner\">\n\t\t<div class=\"elementor-element elementor-element-99384d8 e-con-full e-flex e-con e-child\" data-id=\"99384d8\" data-element_type=\"container\" data-e-type=\"container\">\n\t\t\t\t<div class=\"elementor-element elementor-element-80047e8 elementor-widget elementor-widget-heading\" data-id=\"80047e8\" data-element_type=\"widget\" data-e-type=\"widget\" data-widget_type=\"heading.default\">\n\t\t\t\t<div class=\"elementor-widget-container\">\n\t\t\t\t\t<h2 class=\"elementor-heading-title elementor-size-default\">Des solutions pour un secteur durable, num\u00e9rique et r\u00e9silient<\/h2>\t\t\t\t<\/div>\n\t\t\t\t<\/div>\n\t\t\t\t<div class=\"elementor-element elementor-element-95e7231 elementor-widget elementor-widget-text-editor\" data-id=\"95e7231\" data-element_type=\"widget\" data-e-type=\"widget\" data-widget_type=\"text-editor.default\">\n\t\t\t\t<div class=\"elementor-widget-container\">\n\t\t\t\t\t\t\t\t\t<p>Le projet BEFuture se propose de relever les d\u00e9fis du secteur du tourisme \u00e9v\u00e9nementiel d&rsquo;affaires en l&rsquo;accompagnant dans sa transition \u00e9cologique et num\u00e9rique et en renfor\u00e7ant sa r\u00e9silience. Pour ce faire, il cherche \u00e0 faciliter le d\u00e9veloppement et l&rsquo;adoption de solutions et de mod\u00e8les commerciaux alternatifs et durables, tout en stimulant largement l&rsquo;innovation et les start-ups. BEFuture d\u00e9ploie un syst\u00e8me de services d&rsquo;accompagnement transnational et inter-\u00e9cosyst\u00e8mes \u00e0 destination des PME, leur offrant des services \u00e0 haute valeur ajout\u00e9e favorisant le partage, la collaboration et l&rsquo;apprentissage mutuel.<\/p>\t\t\t\t\t\t\t\t<\/div>\n\t\t\t\t<\/div>\n\t\t\t\t<\/div>\n\t\t<div class=\"elementor-element elementor-element-726925b e-con-full e-flex e-con e-child\" data-id=\"726925b\" data-element_type=\"container\" data-e-type=\"container\">\n\t\t\t\t<div class=\"elementor-element elementor-element-72ca8d2 elementor-widget elementor-widget-image\" data-id=\"72ca8d2\" data-element_type=\"widget\" data-e-type=\"widget\" data-widget_type=\"image.default\">\n\t\t\t\t<div class=\"elementor-widget-container\">\n\t\t\t\t\t\t\t\t\t\t\t\t\t\t\t<img decoding=\"async\" width=\"800\" height=\"437\" src=\"https:\/\/blinkbcn.com\/wp-content\/uploads\/infographics-1024x559.png\" class=\"attachment-large size-large wp-image-3280\" alt=\"\" srcset=\"https:\/\/blinkbcn.com\/wp-content\/uploads\/infographics-1024x559.png 1024w, https:\/\/blinkbcn.com\/wp-content\/uploads\/infographics-300x164.png 300w, https:\/\/blinkbcn.com\/wp-content\/uploads\/infographics-768x419.png 768w, https:\/\/blinkbcn.com\/wp-content\/uploads\/infographics.png 1343w\" sizes=\"(max-width: 800px) 100vw, 800px\" \/>\t\t\t\t\t\t\t\t\t\t\t\t\t\t\t<\/div>\n\t\t\t\t<\/div>\n\t\t\t\t<\/div>\n\t\t\t\t\t<\/div>\n\t\t\t\t<\/div>\n\t\t<div class=\"elementor-element elementor-element-69fcc24 e-flex e-con-boxed e-con e-parent\" data-id=\"69fcc24\" data-element_type=\"container\" data-e-type=\"container\">\n\t\t\t\t\t<div class=\"e-con-inner\">\n\t\t<div class=\"elementor-element elementor-element-9228acb e-con-full e-flex e-con e-child\" data-id=\"9228acb\" data-element_type=\"container\" data-e-type=\"container\">\n\t\t<div class=\"elementor-element elementor-element-46faa3e e-flex e-con-boxed e-con e-child\" data-id=\"46faa3e\" data-element_type=\"container\" data-e-type=\"container\">\n\t\t\t\t\t<div class=\"e-con-inner\">\n\t\t\t\t<div class=\"elementor-element elementor-element-9a60409 elementor-widget elementor-widget-heading\" data-id=\"9a60409\" data-element_type=\"widget\" data-e-type=\"widget\" data-widget_type=\"heading.default\">\n\t\t\t\t<div class=\"elementor-widget-container\">\n\t\t\t\t\t<h2 class=\"elementor-heading-title elementor-size-default\">Huit partenaires et six pays<\/h2>\t\t\t\t<\/div>\n\t\t\t\t<\/div>\n\t\t\t\t<div class=\"elementor-element elementor-element-4064945 elementor-widget__width-initial elementor-widget elementor-widget-text-editor\" data-id=\"4064945\" data-element_type=\"widget\" data-e-type=\"widget\" data-widget_type=\"text-editor.default\">\n\t\t\t\t<div class=\"elementor-widget-container\">\n\t\t\t\t\t\t\t\t\t<p>BEFuture est mis en oeuvre par un consortium de 8 partenaires provenant de 6 pays diff\u00e9rents : Catalan Tourist Board \/ Catalan Convention Bureau (Espagne), Tipik Communication Agency (Belgique), Visit Flanders (Belgique), Linkeus (France), Verband der Veranstaltungsorganisatoren (Allemagne), NHL Stender \/ European Tourism Futures Institute (Pays-Bas), UNIMIB \u2013 Milano University (Italie) et B.Link Barcelona Strategic Projects.<\/p>\n<p class=\"MsoNormal\" style=\"margin: 12.0pt 0cm 12.0pt 0cm;\"><span lang=\"FR\">En tant que leader du WP3 B.Link coordonnera le soutien \u00e0 l\u2019acc\u00e9l\u00e9ration pour encourager des initiatives <b>durables, innovantes et collaboratives <\/b>dans le secteur des \u00e9v\u00e9nements d\u2019affaires. Cela inclut la conception et le lancement du Programme d\u2019Acc\u00e9l\u00e9ration, qui vise \u00e0 renforcer la r\u00e9silience et la comp\u00e9titivit\u00e9 de l\u2019industrie en \u00e9tablissant une structure de gouvernance et en d\u00e9finissant des priorit\u00e9s bas\u00e9es sur les r\u00e9sultats pr\u00e9liminaires du projet.<\/span><\/p>\n<p><\/p>\n<p class=\"MsoNormal\" style=\"margin: 12.0pt 0cm 12.0pt 0cm;\"><span lang=\"FR\">Les t\u00e2ches sp\u00e9cifiques de B.Link comprennent <b>le d\u00e9veloppement de l\u2019appel \u00e0 propositions<\/b> pour le Programme d\u2019Acc\u00e9l\u00e9ration, la d\u00e9finition des activit\u00e9s \u00e9ligibles, des montants des subventions et des crit\u00e8res d\u2019\u00e9valuation. En outre, B.Link organisera \u00e9galement des s\u00e9minaires d\u2019information pour pr\u00e9senter l\u2019appel \u00e0 propositions et m\u00e8nera une campagne de communication pour atteindre les PME dans les pays participants.<\/span><\/p>\t\t\t\t\t\t\t\t<\/div>\n\t\t\t\t<\/div>\n\t\t\t\t\t<\/div>\n\t\t\t\t<\/div>\n\t\t<div class=\"elementor-element elementor-element-449a9ef e-flex e-con-boxed e-con e-child\" data-id=\"449a9ef\" data-element_type=\"container\" data-e-type=\"container\">\n\t\t\t\t\t<div class=\"e-con-inner\">\n\t\t\t\t<div class=\"elementor-element elementor-element-8c923b7 elementor-widget elementor-widget-igmap\" data-id=\"8c923b7\" data-element_type=\"widget\" data-e-type=\"widget\" data-widget_type=\"igmap.default\">\n\t\t\t\t<div class=\"elementor-widget-container\">\n\t\t\t\t\t<div class=\"igmap-elementor-widget\"><div class=\"map_wrapper\" id=\"map_wrapper_3310\">\n<div class=\"map_box\" style=\"max-width:2000px\">\n<div class=\"map_aspect_ratio\" style=\"padding-top:56%\" data-padding-top=\"56%\" data-padding-top-mobile=\"0%\">\n<div class=\"map_container\">\n<div class=\"map_render map_loading\" id=\"map_3310\"><\/div>\n<\/div>\n<\/div>\n<\/div>\n<\/div><\/div>\t\t\t\t<\/div>\n\t\t\t\t<\/div>\n\t\t\t\t\t<\/div>\n\t\t\t\t<\/div>\n\t\t\t\t<\/div>\n\t\t\t\t\t<\/div>\n\t\t\t\t<\/div>\n\t\t<div class=\"elementor-element elementor-element-9d67827 e-flex e-con-boxed e-con e-parent\" data-id=\"9d67827\" data-element_type=\"container\" data-e-type=\"container\">\n\t\t\t\t\t<div class=\"e-con-inner\">\n\t\t\t\t\t<\/div>\n\t\t\t\t<\/div>\n\t\t\t\t<\/div>\n\t\t","protected":false},"excerpt":{"rendered":"<p>BEFuture Shaping the Future of Europe\u2019s Business Events sector through a regenerative, resilient and sustainable tourism industry transformation D\u00e9but: 16\/09\/2023 Fin: 16\/03\/2026 Budget total: 4.174.193,05 \u20ac Subvention: 3.996.773,70 \u20ac Page officielle du projet Le projet BEFuture, financ\u00e9 par le programme de l&rsquo;Union europ\u00e9enne pour la comp\u00e9titivit\u00e9 des PME (Single Market Programme), vise \u00e0 renforcer la [&hellip;]<\/p>\n","protected":false},"author":2,"featured_media":0,"parent":0,"menu_order":0,"comment_status":"closed","ping_status":"closed","template":"","meta":{"footnotes":""},"class_list":["post-2793","page","type-page","status-publish","hentry"],"_links":{"self":[{"href":"https:\/\/blinkbcn.com\/fr\/wp-json\/wp\/v2\/pages\/2793","targetHints":{"allow":["GET"]}}],"collection":[{"href":"https:\/\/blinkbcn.com\/fr\/wp-json\/wp\/v2\/pages"}],"about":[{"href":"https:\/\/blinkbcn.com\/fr\/wp-json\/wp\/v2\/types\/page"}],"author":[{"embeddable":true,"href":"https:\/\/blinkbcn.com\/fr\/wp-json\/wp\/v2\/users\/2"}],"replies":[{"embeddable":true,"href":"https:\/\/blinkbcn.com\/fr\/wp-json\/wp\/v2\/comments?post=2793"}],"version-history":[{"count":19,"href":"https:\/\/blinkbcn.com\/fr\/wp-json\/wp\/v2\/pages\/2793\/revisions"}],"predecessor-version":[{"id":5361,"href":"https:\/\/blinkbcn.com\/fr\/wp-json\/wp\/v2\/pages\/2793\/revisions\/5361"}],"wp:attachment":[{"href":"https:\/\/blinkbcn.com\/fr\/wp-json\/wp\/v2\/media?parent=2793"}],"curies":[{"name":"wp","href":"https:\/\/api.w.org\/{rel}","templated":true}]}}