{"id":2135,"date":"2023-05-30T10:29:05","date_gmt":"2023-05-30T10:29:05","guid":{"rendered":"https:\/\/blinkbcn.com\/?page_id=2135"},"modified":"2023-11-28T11:25:05","modified_gmt":"2023-11-28T11:25:05","slug":"secteurs-de-specialisation","status":"publish","type":"page","link":"https:\/\/blinkbcn.com\/fr\/secteurs-de-specialisation\/","title":{"rendered":"Secteurs de sp\u00e9cialisation"},"content":{"rendered":"\t\t<div data-elementor-type=\"wp-page\" data-elementor-id=\"2135\" class=\"elementor elementor-2135 elementor-410\" data-elementor-post-type=\"page\">\n\t\t\t\t<div class=\"elementor-element elementor-element-24bb118 e-flex e-con-boxed e-con e-parent\" data-id=\"24bb118\" data-element_type=\"container\" data-e-type=\"container\" data-settings=\"{&quot;background_background&quot;:&quot;classic&quot;}\">\n\t\t\t\t\t<div class=\"e-con-inner\">\n\t\t\t\t<div class=\"elementor-element elementor-element-4874965 elementor-widget elementor-widget-heading\" data-id=\"4874965\" data-element_type=\"widget\" data-e-type=\"widget\" data-widget_type=\"heading.default\">\n\t\t\t\t<div class=\"elementor-widget-container\">\n\t\t\t\t\t<h1 class=\"elementor-heading-title elementor-size-default\">Secteurs de sp\u00e9cialisation<\/h1>\t\t\t\t<\/div>\n\t\t\t\t<\/div>\n\t\t\t\t\t<\/div>\n\t\t\t\t<\/div>\n\t\t<div class=\"elementor-element elementor-element-ef7c851 e-flex e-con-boxed e-con e-parent\" data-id=\"ef7c851\" data-element_type=\"container\" data-e-type=\"container\">\n\t\t\t\t\t<div class=\"e-con-inner\">\n\t\t<div class=\"elementor-element elementor-element-f710e06 e-con-full e-flex e-con e-child\" data-id=\"f710e06\" data-element_type=\"container\" data-e-type=\"container\">\n\t\t\t\t<div class=\"elementor-element elementor-element-a2eecd2 elementor-widget elementor-widget-text-editor\" data-id=\"a2eecd2\" data-element_type=\"widget\" data-e-type=\"widget\" data-widget_type=\"text-editor.default\">\n\t\t\t\t<div class=\"elementor-widget-container\">\n\t\t\t\t\t\t\t\t\t<p>Chez B.Link, nous avons pleinement conscience de l\u2019importance de miser sur des projets qui agissent pour le bien commun, r\u00e9pondent de mani\u00e8re collective \u00e0 des probl\u00e8mes globaux et garantissent un impact positif \u00e0 long terme sur le plan soci\u00e9tal, environnemental et \u00e9conomique.<\/p><p>Ci-dessous se trouvent les secteurs dans lesquels nous sommes sp\u00e9cialis\u00e9s.<\/p>\t\t\t\t\t\t\t\t<\/div>\n\t\t\t\t<\/div>\n\t\t\t\t<\/div>\n\t\t\t\t\t<\/div>\n\t\t\t\t<\/div>\n\t\t<div class=\"elementor-element elementor-element-674140c e-flex e-con-boxed e-con e-parent\" data-id=\"674140c\" data-element_type=\"container\" data-e-type=\"container\" id=\"turisme\" data-settings=\"{&quot;background_background&quot;:&quot;classic&quot;}\">\n\t\t\t\t\t<div class=\"e-con-inner\">\n\t\t<div class=\"elementor-element elementor-element-31025a2 e-con-full e-flex e-con e-child\" data-id=\"31025a2\" data-element_type=\"container\" data-e-type=\"container\">\n\t\t\t\t<div class=\"elementor-element elementor-element-3dbba8a elementor-widget elementor-widget-image\" data-id=\"3dbba8a\" data-element_type=\"widget\" data-e-type=\"widget\" data-widget_type=\"image.default\">\n\t\t\t\t<div class=\"elementor-widget-container\">\n\t\t\t\t\t\t\t\t\t\t\t\t\t\t\t<img fetchpriority=\"high\" decoding=\"async\" width=\"800\" height=\"800\" src=\"https:\/\/blinkbcn.com\/wp-content\/uploads\/2023\/04\/2-1024x1024.jpg\" class=\"attachment-large size-large wp-image-563\" alt=\"\" srcset=\"https:\/\/blinkbcn.com\/wp-content\/uploads\/2023\/04\/2-1024x1024.jpg 1024w, https:\/\/blinkbcn.com\/wp-content\/uploads\/2023\/04\/2-300x300.jpg 300w, https:\/\/blinkbcn.com\/wp-content\/uploads\/2023\/04\/2-150x150.jpg 150w, https:\/\/blinkbcn.com\/wp-content\/uploads\/2023\/04\/2-768x768.jpg 768w, https:\/\/blinkbcn.com\/wp-content\/uploads\/2023\/04\/2-1536x1536.jpg 1536w, https:\/\/blinkbcn.com\/wp-content\/uploads\/2023\/04\/2-2048x2048.jpg 2048w\" sizes=\"(max-width: 800px) 100vw, 800px\" \/>\t\t\t\t\t\t\t\t\t\t\t\t\t\t\t<\/div>\n\t\t\t\t<\/div>\n\t\t\t\t<\/div>\n\t\t<div class=\"elementor-element elementor-element-3ec69fc e-flex e-con-boxed e-con e-child\" data-id=\"3ec69fc\" data-element_type=\"container\" data-e-type=\"container\">\n\t\t\t\t\t<div class=\"e-con-inner\">\n\t\t\t\t<div class=\"elementor-element elementor-element-3fb466b elementor-widget elementor-widget-heading\" data-id=\"3fb466b\" data-element_type=\"widget\" data-e-type=\"widget\" data-widget_type=\"heading.default\">\n\t\t\t\t<div class=\"elementor-widget-container\">\n\t\t\t\t\t<h2 class=\"elementor-heading-title elementor-size-default\">Tourisme durable et r\u00e9g\u00e9n\u00e9ratif <\/h2>\t\t\t\t<\/div>\n\t\t\t\t<\/div>\n\t\t\t\t<div class=\"elementor-element elementor-element-9856821 elementor-widget elementor-widget-text-editor\" data-id=\"9856821\" data-element_type=\"widget\" data-e-type=\"widget\" data-widget_type=\"text-editor.default\">\n\t\t\t\t<div class=\"elementor-widget-container\">\n\t\t\t\t\t\t\t\t\t<p>Comment d\u00e9velopper une activit\u00e9 touristique tout en g\u00e9n\u00e9rant le minimum d\u2019impact environnemental voire en inversant ses effets n\u00e9gatifs et en contribuant \u00e0 pr\u00e9server l\u2019environnement ?<\/p><p>Ce secteur comprend des projets qui visent \u00e0 promouvoir un tourisme respectueux de l\u2019environnement et des \u00e9cosyst\u00e8mes, en plus de favoriser la culture locale et la cr\u00e9ation d\u2019emplois pour les populations autochtones. Ce changement de paradigme vers un tourisme durable et r\u00e9g\u00e9n\u00e9ratif est essentiel pour pr\u00e9server les ressources naturelles, maintenir l\u2019identit\u00e9 culturelle des communaut\u00e9s et garantir l&rsquo;activit\u00e9 touristique des g\u00e9n\u00e9rations futures.<\/p><p>D\u00e9couvrez nos projets :<\/p><ul><li><a href=\"https:\/\/blinkbcn.com\/fr\/projets#tourbit\">TOURBIT<\/a><\/li><li><p class=\"elementor-heading-title elementor-size-default\"><a href=\"https:\/\/blinkbcn.com\/fr\/projets#medpearls\">MEDPEARLS<\/a><\/p><\/li><\/ul>\t\t\t\t\t\t\t\t<\/div>\n\t\t\t\t<\/div>\n\t\t\t\t\t<\/div>\n\t\t\t\t<\/div>\n\t\t\t\t\t<\/div>\n\t\t\t\t<\/div>\n\t\t<div class=\"elementor-element elementor-element-21cf25c e-flex e-con-boxed e-con e-parent\" data-id=\"21cf25c\" data-element_type=\"container\" data-e-type=\"container\" id=\"empresarial\" data-settings=\"{&quot;background_background&quot;:&quot;classic&quot;}\">\n\t\t\t\t\t<div class=\"e-con-inner\">\n\t\t<div class=\"elementor-element elementor-element-4d78520 e-con-full e-flex e-con e-child\" data-id=\"4d78520\" data-element_type=\"container\" data-e-type=\"container\">\n\t\t\t\t<div class=\"elementor-element elementor-element-7d318c2 elementor-widget elementor-widget-image\" data-id=\"7d318c2\" data-element_type=\"widget\" data-e-type=\"widget\" data-widget_type=\"image.default\">\n\t\t\t\t<div class=\"elementor-widget-container\">\n\t\t\t\t\t\t\t\t\t\t\t\t\t\t\t<img decoding=\"async\" width=\"800\" height=\"505\" src=\"https:\/\/blinkbcn.com\/wp-content\/uploads\/2023\/04\/1-1024x646.jpg\" class=\"attachment-large size-large wp-image-560\" alt=\"\" srcset=\"https:\/\/blinkbcn.com\/wp-content\/uploads\/2023\/04\/1-1024x646.jpg 1024w, https:\/\/blinkbcn.com\/wp-content\/uploads\/2023\/04\/1-300x189.jpg 300w, https:\/\/blinkbcn.com\/wp-content\/uploads\/2023\/04\/1-768x484.jpg 768w, https:\/\/blinkbcn.com\/wp-content\/uploads\/2023\/04\/1.jpg 1280w\" sizes=\"(max-width: 800px) 100vw, 800px\" \/>\t\t\t\t\t\t\t\t\t\t\t\t\t\t\t<\/div>\n\t\t\t\t<\/div>\n\t\t\t\t<\/div>\n\t\t<div class=\"elementor-element elementor-element-df847bd e-flex e-con-boxed e-con e-child\" data-id=\"df847bd\" data-element_type=\"container\" data-e-type=\"container\">\n\t\t\t\t\t<div class=\"e-con-inner\">\n\t\t\t\t<div class=\"elementor-element elementor-element-562cbde elementor-widget elementor-widget-heading\" data-id=\"562cbde\" data-element_type=\"widget\" data-e-type=\"widget\" data-widget_type=\"heading.default\">\n\t\t\t\t<div class=\"elementor-widget-container\">\n\t\t\t\t\t<h2 class=\"elementor-heading-title elementor-size-default\">Comp\u00e9titivit\u00e9 des petites et moyennes entreprises<\/h2>\t\t\t\t<\/div>\n\t\t\t\t<\/div>\n\t\t\t\t<div class=\"elementor-element elementor-element-9be14e2 elementor-widget elementor-widget-text-editor\" data-id=\"9be14e2\" data-element_type=\"widget\" data-e-type=\"widget\" data-widget_type=\"text-editor.default\">\n\t\t\t\t<div class=\"elementor-widget-container\">\n\t\t\t\t\t\t\t\t\t<p>Afin garantir la comp\u00e9titivit\u00e9 des petites et moyennes entreprises, il est n\u00e9cessaire de miser sur l\u2019innovation, l\u2019internationalisation, la num\u00e9risation et la promotion de la recherche et du d\u00e9veloppement.<\/p><p>Les projets de ce secteur ont pour but de relever le d\u00e9fi de la mondialisation et de parvenir \u00e0 une croissance \u00e9conomique inclusive et soutenue qui favorise le progr\u00e8s dans toutes ses acceptions.<\/p><p>Explorez nos initiatives :<\/p><ul><li><p class=\"elementor-heading-title elementor-size-default\"><a href=\"https:\/\/blinkbcn.com\/fr\/projets#tecniospring\">Tecniospring INDUSTRY<\/a><\/p><\/li><li><p class=\"elementor-heading-title elementor-size-default\"><a href=\"https:\/\/blinkbcn.com\/fr\/projets#kids\">KIDS<\/a><\/p><\/li><\/ul>\t\t\t\t\t\t\t\t<\/div>\n\t\t\t\t<\/div>\n\t\t\t\t\t<\/div>\n\t\t\t\t<\/div>\n\t\t\t\t\t<\/div>\n\t\t\t\t<\/div>\n\t\t<div class=\"elementor-element elementor-element-7aea619 e-flex e-con-boxed e-con e-parent\" data-id=\"7aea619\" data-element_type=\"container\" data-e-type=\"container\" id=\"biodiversitat\" data-settings=\"{&quot;background_background&quot;:&quot;classic&quot;}\">\n\t\t\t\t\t<div class=\"e-con-inner\">\n\t\t<div class=\"elementor-element elementor-element-33f0f3e e-con-full e-flex e-con e-child\" data-id=\"33f0f3e\" data-element_type=\"container\" data-e-type=\"container\">\n\t\t\t\t<div class=\"elementor-element elementor-element-d5d66b3 elementor-widget elementor-widget-image\" data-id=\"d5d66b3\" data-element_type=\"widget\" data-e-type=\"widget\" data-widget_type=\"image.default\">\n\t\t\t\t<div class=\"elementor-widget-container\">\n\t\t\t\t\t\t\t\t\t\t\t\t\t\t\t<img decoding=\"async\" width=\"800\" height=\"533\" src=\"https:\/\/blinkbcn.com\/wp-content\/uploads\/2023\/04\/3-1024x682.jpg\" class=\"attachment-large size-large wp-image-566\" alt=\"\" srcset=\"https:\/\/blinkbcn.com\/wp-content\/uploads\/2023\/04\/3-1024x682.jpg 1024w, https:\/\/blinkbcn.com\/wp-content\/uploads\/2023\/04\/3-300x200.jpg 300w, https:\/\/blinkbcn.com\/wp-content\/uploads\/2023\/04\/3-768x512.jpg 768w, https:\/\/blinkbcn.com\/wp-content\/uploads\/2023\/04\/3.jpg 1280w\" sizes=\"(max-width: 800px) 100vw, 800px\" \/>\t\t\t\t\t\t\t\t\t\t\t\t\t\t\t<\/div>\n\t\t\t\t<\/div>\n\t\t\t\t<\/div>\n\t\t<div class=\"elementor-element elementor-element-f134682 e-flex e-con-boxed e-con e-child\" data-id=\"f134682\" data-element_type=\"container\" data-e-type=\"container\">\n\t\t\t\t\t<div class=\"e-con-inner\">\n\t\t\t\t<div class=\"elementor-element elementor-element-5f74d4f elementor-widget elementor-widget-heading\" data-id=\"5f74d4f\" data-element_type=\"widget\" data-e-type=\"widget\" data-widget_type=\"heading.default\">\n\t\t\t\t<div class=\"elementor-widget-container\">\n\t\t\t\t\t<h2 class=\"elementor-heading-title elementor-size-default\">Biodiversit\u00e9, environnement et changement climatique<\/h2>\t\t\t\t<\/div>\n\t\t\t\t<\/div>\n\t\t\t\t<div class=\"elementor-element elementor-element-fe3d8ca elementor-widget elementor-widget-text-editor\" data-id=\"fe3d8ca\" data-element_type=\"widget\" data-e-type=\"widget\" data-widget_type=\"text-editor.default\">\n\t\t\t\t<div class=\"elementor-widget-container\">\n\t\t\t\t\t\t\t\t\t<p>Le changement climatique et la perte de biodiversit\u00e9 sont deux d\u00e9fis environnementaux mondiaux qui n\u00e9cessitent de mettre en place des solutions d\u2019adaptation et de mitigation et ne peuvent \u00eatre relev\u00e9s sans penser une soci\u00e9t\u00e9 plus efficace dans la gestion des ressources. Les projets de ce secteur visent, entre autres, \u00e0 proposer des alternatives pour minimiser notre empreinte \u00e9cologique et transformer les villes, r\u00e9duire les \u00e9missions, promouvoir l\u2019\u00e9conomie circulaire et prot\u00e9ger les oc\u00e9ans.<\/p><p>D\u00e9couvrez nos projets :<\/p><ul><li><p class=\"elementor-heading-title elementor-size-default\"><a href=\"https:\/\/blinkbcn.com\/fr\/projets#mpa\">MPA-ENGAGE<\/a><\/p><\/li><li><p class=\"elementor-heading-title elementor-size-default\"><a href=\"https:\/\/blinkbcn.com\/fr\/projets#med4waste\">MED4WASTE<\/a><\/p><\/li><\/ul>\t\t\t\t\t\t\t\t<\/div>\n\t\t\t\t<\/div>\n\t\t\t\t\t<\/div>\n\t\t\t\t<\/div>\n\t\t\t\t\t<\/div>\n\t\t\t\t<\/div>\n\t\t<div class=\"elementor-element elementor-element-1151097 e-flex e-con-boxed e-con e-parent\" data-id=\"1151097\" data-element_type=\"container\" data-e-type=\"container\" id=\"mobilitat\" data-settings=\"{&quot;background_background&quot;:&quot;classic&quot;}\">\n\t\t\t\t\t<div class=\"e-con-inner\">\n\t\t<div class=\"elementor-element elementor-element-8f9fbe9 e-con-full e-flex e-con e-child\" data-id=\"8f9fbe9\" data-element_type=\"container\" data-e-type=\"container\">\n\t\t\t\t<div class=\"elementor-element elementor-element-d85bb28 elementor-widget elementor-widget-image\" data-id=\"d85bb28\" data-element_type=\"widget\" data-e-type=\"widget\" data-widget_type=\"image.default\">\n\t\t\t\t<div class=\"elementor-widget-container\">\n\t\t\t\t\t\t\t\t\t\t\t\t\t\t\t<img loading=\"lazy\" decoding=\"async\" width=\"800\" height=\"534\" src=\"https:\/\/blinkbcn.com\/wp-content\/uploads\/2023\/04\/4-1024x683.jpg\" class=\"attachment-large size-large wp-image-569\" alt=\"\" srcset=\"https:\/\/blinkbcn.com\/wp-content\/uploads\/2023\/04\/4-1024x683.jpg 1024w, https:\/\/blinkbcn.com\/wp-content\/uploads\/2023\/04\/4-300x200.jpg 300w, https:\/\/blinkbcn.com\/wp-content\/uploads\/2023\/04\/4-768x512.jpg 768w, https:\/\/blinkbcn.com\/wp-content\/uploads\/2023\/04\/4-1536x1024.jpg 1536w, https:\/\/blinkbcn.com\/wp-content\/uploads\/2023\/04\/4-2048x1365.jpg 2048w\" sizes=\"(max-width: 800px) 100vw, 800px\" \/>\t\t\t\t\t\t\t\t\t\t\t\t\t\t\t<\/div>\n\t\t\t\t<\/div>\n\t\t\t\t<\/div>\n\t\t<div class=\"elementor-element elementor-element-29a084f e-flex e-con-boxed e-con e-child\" data-id=\"29a084f\" data-element_type=\"container\" data-e-type=\"container\">\n\t\t\t\t\t<div class=\"e-con-inner\">\n\t\t\t\t<div class=\"elementor-element elementor-element-b46b968 elementor-widget elementor-widget-heading\" data-id=\"b46b968\" data-element_type=\"widget\" data-e-type=\"widget\" data-widget_type=\"heading.default\">\n\t\t\t\t<div class=\"elementor-widget-container\">\n\t\t\t\t\t<h2 class=\"elementor-heading-title elementor-size-default\">Mobilit\u00e9 et cohesion territoriale <\/h2>\t\t\t\t<\/div>\n\t\t\t\t<\/div>\n\t\t\t\t<div class=\"elementor-element elementor-element-d842fa8 elementor-widget elementor-widget-text-editor\" data-id=\"d842fa8\" data-element_type=\"widget\" data-e-type=\"widget\" data-widget_type=\"text-editor.default\">\n\t\t\t\t<div class=\"elementor-widget-container\">\n\t\t\t\t\t\t\t\t\t<p>Une mobilit\u00e9 urbaine plus intelligente et durable, un d\u00e9veloppement socio-\u00e9conomique \u00e9quilibr\u00e9 au sein d\u2019un m\u00eame territoire, et l\u2019accessibilit\u00e9 de l&rsquo;ensemble de la citoyennet\u00e9 aux services et infrastructures publics sont autant de priorit\u00e9s inscrites \u00e0 l\u2019agenda europ\u00e9en. Pour trouver des solutions et s\u2019adapter aux nouvelles dynamiques d\u00e9mographiques et de mobilit\u00e9, les projets relevant de ce secteur visent \u00e0 am\u00e9liorer la coh\u00e9sion territoriale en fomentant la coop\u00e9ration entre les acteurs impliqu\u00e9s par-del\u00e0 les fronti\u00e8res.<\/p><p>Explorez nos projets :<\/p><ul><li><p class=\"elementor-heading-title elementor-size-default\"><a href=\"https:\/\/blinkbcn.com\/fr\/projets#connect\">CONNECT<\/a><\/p><\/li><li><p class=\"elementor-heading-title elementor-size-default\"><a href=\"https:\/\/blinkbcn.com\/fr\/projets#panoramed\">PANORAMED<\/a><\/p><\/li><\/ul>\t\t\t\t\t\t\t\t<\/div>\n\t\t\t\t<\/div>\n\t\t\t\t\t<\/div>\n\t\t\t\t<\/div>\n\t\t\t\t\t<\/div>\n\t\t\t\t<\/div>\n\t\t<div class=\"elementor-element elementor-element-b3169fa e-flex e-con-boxed e-con e-parent\" data-id=\"b3169fa\" data-element_type=\"container\" data-e-type=\"container\" id=\"social\" data-settings=\"{&quot;background_background&quot;:&quot;classic&quot;}\">\n\t\t\t\t\t<div class=\"e-con-inner\">\n\t\t<div class=\"elementor-element elementor-element-e6ebdb5 e-con-full e-flex e-con e-child\" data-id=\"e6ebdb5\" data-element_type=\"container\" data-e-type=\"container\">\n\t\t\t\t<div class=\"elementor-element elementor-element-327166c elementor-widget elementor-widget-image\" data-id=\"327166c\" data-element_type=\"widget\" data-e-type=\"widget\" data-widget_type=\"image.default\">\n\t\t\t\t<div class=\"elementor-widget-container\">\n\t\t\t\t\t\t\t\t\t\t\t\t\t\t\t<img loading=\"lazy\" decoding=\"async\" width=\"800\" height=\"450\" src=\"https:\/\/blinkbcn.com\/wp-content\/uploads\/2023\/04\/5-1024x576.jpg\" class=\"attachment-large size-large wp-image-572\" alt=\"\" srcset=\"https:\/\/blinkbcn.com\/wp-content\/uploads\/2023\/04\/5-1024x576.jpg 1024w, https:\/\/blinkbcn.com\/wp-content\/uploads\/2023\/04\/5-300x169.jpg 300w, https:\/\/blinkbcn.com\/wp-content\/uploads\/2023\/04\/5-768x432.jpg 768w, https:\/\/blinkbcn.com\/wp-content\/uploads\/2023\/04\/5-1536x864.jpg 1536w, https:\/\/blinkbcn.com\/wp-content\/uploads\/2023\/04\/5-2048x1152.jpg 2048w\" sizes=\"(max-width: 800px) 100vw, 800px\" \/>\t\t\t\t\t\t\t\t\t\t\t\t\t\t\t<\/div>\n\t\t\t\t<\/div>\n\t\t\t\t<\/div>\n\t\t<div class=\"elementor-element elementor-element-9f5d1c9 e-flex e-con-boxed e-con e-child\" data-id=\"9f5d1c9\" data-element_type=\"container\" data-e-type=\"container\">\n\t\t\t\t\t<div class=\"e-con-inner\">\n\t\t\t\t<div class=\"elementor-element elementor-element-e015f69 elementor-widget elementor-widget-heading\" data-id=\"e015f69\" data-element_type=\"widget\" data-e-type=\"widget\" data-widget_type=\"heading.default\">\n\t\t\t\t<div class=\"elementor-widget-container\">\n\t\t\t\t\t<h2 class=\"elementor-heading-title elementor-size-default\">Secteur social <\/h2>\t\t\t\t<\/div>\n\t\t\t\t<\/div>\n\t\t\t\t<div class=\"elementor-element elementor-element-758f1e1 elementor-widget elementor-widget-text-editor\" data-id=\"758f1e1\" data-element_type=\"widget\" data-e-type=\"widget\" data-widget_type=\"text-editor.default\">\n\t\t\t\t<div class=\"elementor-widget-container\">\n\t\t\t\t\t\t\t\t\t<p>Les projets li\u00e9s au secteur social visent \u00e0 am\u00e9liorer la qualit\u00e9 de vie des personnes et \u00e0 favoriser l\u2019inclusion des groupes les plus vuln\u00e9rables. Ils proposent de nouveaux mod\u00e8les et solutions pour r\u00e9pondre au d\u00e9fi d\u2019un d\u00e9veloppement durable qui profite au bien-\u00eatre de toute la soci\u00e9t\u00e9 sans exception, notamment \u00e0 travers l\u2019innovation sociale.<\/p><p>D\u00e9couvrez quelques exemples :<\/p><ul><li class=\"elementor-heading-title elementor-size-default\"><a href=\"https:\/\/blinkbcn.com\/fr\/projets#sircles\">SIRCLES<\/a><\/li><li class=\"elementor-heading-title elementor-size-default\"><a href=\"https:\/\/blinkbcn.com\/fr\/projets#westemeu\">WeSTEMEU<\/a><\/li><\/ul>\t\t\t\t\t\t\t\t<\/div>\n\t\t\t\t<\/div>\n\t\t\t\t\t<\/div>\n\t\t\t\t<\/div>\n\t\t\t\t\t<\/div>\n\t\t\t\t<\/div>\n\t\t<div class=\"elementor-element elementor-element-35698ca e-flex e-con-boxed e-con e-parent\" data-id=\"35698ca\" data-element_type=\"container\" data-e-type=\"container\" id=\"esport\" data-settings=\"{&quot;background_background&quot;:&quot;classic&quot;}\">\n\t\t\t\t\t<div class=\"e-con-inner\">\n\t\t<div class=\"elementor-element elementor-element-c89f018 e-con-full e-flex e-con e-child\" data-id=\"c89f018\" data-element_type=\"container\" data-e-type=\"container\">\n\t\t\t\t<div class=\"elementor-element elementor-element-4cce596 elementor-widget elementor-widget-image\" data-id=\"4cce596\" data-element_type=\"widget\" data-e-type=\"widget\" data-widget_type=\"image.default\">\n\t\t\t\t<div class=\"elementor-widget-container\">\n\t\t\t\t\t\t\t\t\t\t\t\t\t\t\t<img loading=\"lazy\" decoding=\"async\" width=\"800\" height=\"534\" src=\"https:\/\/blinkbcn.com\/wp-content\/uploads\/2023\/04\/6-1024x684.jpg\" class=\"attachment-large size-large wp-image-575\" alt=\"\" srcset=\"https:\/\/blinkbcn.com\/wp-content\/uploads\/2023\/04\/6-1024x684.jpg 1024w, https:\/\/blinkbcn.com\/wp-content\/uploads\/2023\/04\/6-300x200.jpg 300w, https:\/\/blinkbcn.com\/wp-content\/uploads\/2023\/04\/6-768x513.jpg 768w, https:\/\/blinkbcn.com\/wp-content\/uploads\/2023\/04\/6-1536x1025.jpg 1536w, https:\/\/blinkbcn.com\/wp-content\/uploads\/2023\/04\/6-2048x1367.jpg 2048w\" sizes=\"(max-width: 800px) 100vw, 800px\" \/>\t\t\t\t\t\t\t\t\t\t\t\t\t\t\t<\/div>\n\t\t\t\t<\/div>\n\t\t\t\t<\/div>\n\t\t<div class=\"elementor-element elementor-element-a287464 e-flex e-con-boxed e-con e-child\" data-id=\"a287464\" data-element_type=\"container\" data-e-type=\"container\">\n\t\t\t\t\t<div class=\"e-con-inner\">\n\t\t\t\t<div class=\"elementor-element elementor-element-ebcffe0 elementor-widget elementor-widget-heading\" data-id=\"ebcffe0\" data-element_type=\"widget\" data-e-type=\"widget\" data-widget_type=\"heading.default\">\n\t\t\t\t<div class=\"elementor-widget-container\">\n\t\t\t\t\t<h2 class=\"elementor-heading-title elementor-size-default\">Sport et culture <\/h2>\t\t\t\t<\/div>\n\t\t\t\t<\/div>\n\t\t\t\t<div class=\"elementor-element elementor-element-9fc19fa elementor-widget elementor-widget-text-editor\" data-id=\"9fc19fa\" data-element_type=\"widget\" data-e-type=\"widget\" data-widget_type=\"text-editor.default\">\n\t\t\t\t<div class=\"elementor-widget-container\">\n\t\t\t\t\t\t\t\t\t<p>Le sport et la culture constituent un autre de nos domaines de sp\u00e9cialisation. Visant la coop\u00e9ration, l&rsquo;\u00e9ducation ou la recherche, ces projets utilisent la culture et le sport comme outils de d\u00e9veloppement et d&rsquo;am\u00e9lioration de la soci\u00e9t\u00e9. Gr\u00e2ce au sport, \u00e0 la culture et \u00e0 l&rsquo;\u00e9ducation, ils ont pour objectif de cr\u00e9er une soci\u00e9t\u00e9 plus inclusive, juste et \u00e9galitaire.<\/p><p>D\u00e9couvrez quelques-uns de nos projets :<\/p><ul><li><p class=\"elementor-heading-title elementor-size-default\"><a href=\"https:\/\/blinkbcn.com\/fr\/projetsallin\">ALL-IN&amp;WIN<\/a><\/p><\/li><li><p class=\"elementor-heading-title elementor-size-default\"><a href=\"https:\/\/blinkbcn.com\/fr\/projets#opportunity\">OPPORTUNITY<\/a><\/p><\/li><\/ul>\t\t\t\t\t\t\t\t<\/div>\n\t\t\t\t<\/div>\n\t\t\t\t\t<\/div>\n\t\t\t\t<\/div>\n\t\t\t\t\t<\/div>\n\t\t\t\t<\/div>\n\t\t<div class=\"elementor-element elementor-element-da05874 e-flex e-con-boxed e-con e-parent\" data-id=\"da05874\" data-element_type=\"container\" data-e-type=\"container\">\n\t\t\t\t\t<div class=\"e-con-inner\">\n\t\t\t\t<div class=\"elementor-element elementor-element-677703b elementor-widget elementor-widget-spacer\" data-id=\"677703b\" data-element_type=\"widget\" data-e-type=\"widget\" data-widget_type=\"spacer.default\">\n\t\t\t\t<div class=\"elementor-widget-container\">\n\t\t\t\t\t\t\t<div class=\"elementor-spacer\">\n\t\t\t<div class=\"elementor-spacer-inner\"><\/div>\n\t\t<\/div>\n\t\t\t\t\t\t<\/div>\n\t\t\t\t<\/div>\n\t\t\t\t\t<\/div>\n\t\t\t\t<\/div>\n\t\t\t\t<\/div>\n\t\t","protected":false},"excerpt":{"rendered":"<p>Chez B.Link, nous avons pleinement conscience de l\u2019importance de miser sur des projets qui agissent pour le bien commun, r\u00e9pondent de mani\u00e8re collective \u00e0 des probl\u00e8mes globaux et garantissent un impact positif \u00e0 long terme sur le plan soci\u00e9tal, environnemental et \u00e9conomique. Ci-dessous se trouvent les secteurs dans lesquels nous sommes sp\u00e9cialis\u00e9s. Tourisme durable et [&hellip;]<\/p>\n","protected":false},"author":3,"featured_media":0,"parent":0,"menu_order":0,"comment_status":"closed","ping_status":"closed","template":"","meta":{"footnotes":""},"class_list":["post-2135","page","type-page","status-publish","hentry"],"_links":{"self":[{"href":"https:\/\/blinkbcn.com\/fr\/wp-json\/wp\/v2\/pages\/2135","targetHints":{"allow":["GET"]}}],"collection":[{"href":"https:\/\/blinkbcn.com\/fr\/wp-json\/wp\/v2\/pages"}],"about":[{"href":"https:\/\/blinkbcn.com\/fr\/wp-json\/wp\/v2\/types\/page"}],"author":[{"embeddable":true,"href":"https:\/\/blinkbcn.com\/fr\/wp-json\/wp\/v2\/users\/3"}],"replies":[{"embeddable":true,"href":"https:\/\/blinkbcn.com\/fr\/wp-json\/wp\/v2\/comments?post=2135"}],"version-history":[{"count":4,"href":"https:\/\/blinkbcn.com\/fr\/wp-json\/wp\/v2\/pages\/2135\/revisions"}],"predecessor-version":[{"id":3056,"href":"https:\/\/blinkbcn.com\/fr\/wp-json\/wp\/v2\/pages\/2135\/revisions\/3056"}],"wp:attachment":[{"href":"https:\/\/blinkbcn.com\/fr\/wp-json\/wp\/v2\/media?parent=2135"}],"curies":[{"name":"wp","href":"https:\/\/api.w.org\/{rel}","templated":true}]}}