{"id":2120,"date":"2023-04-26T07:42:07","date_gmt":"2023-04-26T07:42:07","guid":{"rendered":"https:\/\/blinkbcn.com\/?page_id=2120"},"modified":"2023-11-28T11:12:18","modified_gmt":"2023-11-28T11:12:18","slug":"responsabilite-sociale-et-ethique","status":"publish","type":"page","link":"https:\/\/blinkbcn.com\/fr\/responsabilite-sociale-et-ethique\/","title":{"rendered":"Responsabilit\u00e9 sociale et \u00e9thique"},"content":{"rendered":"\t\t<div data-elementor-type=\"wp-page\" data-elementor-id=\"2120\" class=\"elementor elementor-2120 elementor-261\" data-elementor-post-type=\"page\">\n\t\t\t\t<div class=\"elementor-element elementor-element-e0d490c e-flex e-con-boxed e-con e-parent\" data-id=\"e0d490c\" data-element_type=\"container\" data-e-type=\"container\" data-settings=\"{&quot;background_background&quot;:&quot;classic&quot;}\">\n\t\t\t\t\t<div class=\"e-con-inner\">\n\t\t\t\t<div class=\"elementor-element elementor-element-6c561d1 elementor-widget elementor-widget-heading\" data-id=\"6c561d1\" data-element_type=\"widget\" data-e-type=\"widget\" data-widget_type=\"heading.default\">\n\t\t\t\t<div class=\"elementor-widget-container\">\n\t\t\t\t\t<h1 class=\"elementor-heading-title elementor-size-default\">Responsabilit\u00e9 sociale et \u00e9thique<\/h1>\t\t\t\t<\/div>\n\t\t\t\t<\/div>\n\t\t\t\t\t<\/div>\n\t\t\t\t<\/div>\n\t\t<div class=\"elementor-element elementor-element-110c314 e-flex e-con-boxed e-con e-parent\" data-id=\"110c314\" data-element_type=\"container\" data-e-type=\"container\">\n\t\t\t\t\t<div class=\"e-con-inner\">\n\t\t\t\t<div class=\"elementor-element elementor-element-c3d66ed elementor-widget elementor-widget-image\" data-id=\"c3d66ed\" data-element_type=\"widget\" data-e-type=\"widget\" data-widget_type=\"image.default\">\n\t\t\t\t<div class=\"elementor-widget-container\">\n\t\t\t\t\t\t\t\t\t\t\t\t\t\t\t<img fetchpriority=\"high\" decoding=\"async\" width=\"800\" height=\"450\" src=\"https:\/\/blinkbcn.com\/wp-content\/uploads\/2023\/06\/Woods-view-with-sun-light-1109355-1024x576.webp\" class=\"attachment-large size-large wp-image-818\" alt=\"\" srcset=\"https:\/\/blinkbcn.com\/wp-content\/uploads\/2023\/06\/Woods-view-with-sun-light-1109355-1024x576.webp 1024w, https:\/\/blinkbcn.com\/wp-content\/uploads\/2023\/06\/Woods-view-with-sun-light-1109355-300x169.webp 300w, https:\/\/blinkbcn.com\/wp-content\/uploads\/2023\/06\/Woods-view-with-sun-light-1109355-768x432.webp 768w, https:\/\/blinkbcn.com\/wp-content\/uploads\/2023\/06\/Woods-view-with-sun-light-1109355.webp 1440w\" sizes=\"(max-width: 800px) 100vw, 800px\" \/>\t\t\t\t\t\t\t\t\t\t\t\t\t\t\t<\/div>\n\t\t\t\t<\/div>\n\t\t\t\t<div class=\"elementor-element elementor-element-d328e23 elementor-widget elementor-widget-heading\" data-id=\"d328e23\" data-element_type=\"widget\" data-e-type=\"widget\" data-widget_type=\"heading.default\">\n\t\t\t\t<div class=\"elementor-widget-container\">\n\t\t\t\t\t<h2 class=\"elementor-heading-title elementor-size-default\">D\u00e9finis par la nature de nos projets<\/h2>\t\t\t\t<\/div>\n\t\t\t\t<\/div>\n\t\t\t\t<div class=\"elementor-element elementor-element-ad14c9a elementor-widget elementor-widget-text-editor\" data-id=\"ad14c9a\" data-element_type=\"widget\" data-e-type=\"widget\" data-widget_type=\"text-editor.default\">\n\t\t\t\t<div class=\"elementor-widget-container\">\n\t\t\t\t\t\t\t\t\t<p>Agir de mani\u00e8re responsable d&rsquo;un point de vue social et environnemental est l&rsquo;un des piliers fondamentaux de notre philosophie en tant qu&rsquo;entreprise. B.Link soutient et s&rsquo;engage dans des projets g\u00e9n\u00e9rateurs de changement qui am\u00e9liorent le bien-\u00eatre de la soci\u00e9t\u00e9 et pr\u00e9servent la plan\u00e8te, align\u00e9s sur les strat\u00e9gies des principales organisations internationales.<\/p><p>Lutter contre la pauvret\u00e9, r\u00e9duire les in\u00e9galit\u00e9s, promouvoir la sant\u00e9 et le bien-\u00eatre, agir pour des villes et des communaut\u00e9s plus durables, ou encore favoriser l&rsquo;inclusion sociale des populations vuln\u00e9rables\u00a0: ce sont quelques exemples des changements que tentent d\u2019apporter les projets avec lesquels nous travaillons et auxquels nous croyons sinc\u00e8rement.<\/p><p>Notre mission est d&rsquo;aider les agents du changement \u00e0 construire une soci\u00e9t\u00e9 plus \u00e9quitable, durable et juste.<\/p><p><strong>Nous agissons pour un impact social et environnemental positif !<\/strong><\/p>\t\t\t\t\t\t\t\t<\/div>\n\t\t\t\t<\/div>\n\t\t\t\t\t<\/div>\n\t\t\t\t<\/div>\n\t\t<div class=\"elementor-element elementor-element-9af0204 e-flex e-con-boxed e-con e-parent\" data-id=\"9af0204\" data-element_type=\"container\" data-e-type=\"container\">\n\t\t\t\t\t<div class=\"e-con-inner\">\n\t\t<div class=\"elementor-element elementor-element-5ac8b6d e-con-full e-flex e-con e-child\" data-id=\"5ac8b6d\" data-element_type=\"container\" data-e-type=\"container\">\n\t\t\t\t<div class=\"elementor-element elementor-element-67e4fb9 elementor-widget elementor-widget-image\" data-id=\"67e4fb9\" data-element_type=\"widget\" data-e-type=\"widget\" data-widget_type=\"image.default\">\n\t\t\t\t<div class=\"elementor-widget-container\">\n\t\t\t\t\t\t\t\t\t\t\t\t\t\t\t<img decoding=\"async\" width=\"800\" height=\"534\" src=\"https:\/\/blinkbcn.com\/wp-content\/uploads\/2023\/06\/pexels-quang-nguyen-vinh-2161449-1024x683.jpg\" class=\"attachment-large size-large wp-image-1405\" alt=\"\" srcset=\"https:\/\/blinkbcn.com\/wp-content\/uploads\/2023\/06\/pexels-quang-nguyen-vinh-2161449-1024x683.jpg 1024w, https:\/\/blinkbcn.com\/wp-content\/uploads\/2023\/06\/pexels-quang-nguyen-vinh-2161449-300x200.jpg 300w, https:\/\/blinkbcn.com\/wp-content\/uploads\/2023\/06\/pexels-quang-nguyen-vinh-2161449-768x512.jpg 768w, https:\/\/blinkbcn.com\/wp-content\/uploads\/2023\/06\/pexels-quang-nguyen-vinh-2161449-1536x1025.jpg 1536w, https:\/\/blinkbcn.com\/wp-content\/uploads\/2023\/06\/pexels-quang-nguyen-vinh-2161449-2048x1366.jpg 2048w\" sizes=\"(max-width: 800px) 100vw, 800px\" \/>\t\t\t\t\t\t\t\t\t\t\t\t\t\t\t<\/div>\n\t\t\t\t<\/div>\n\t\t\t\t<\/div>\n\t\t<div class=\"elementor-element elementor-element-71a97b6 e-con-full e-flex e-con e-child\" data-id=\"71a97b6\" data-element_type=\"container\" data-e-type=\"container\">\n\t\t\t\t<div class=\"elementor-element elementor-element-cab536a elementor-widget elementor-widget-heading\" data-id=\"cab536a\" data-element_type=\"widget\" data-e-type=\"widget\" data-widget_type=\"heading.default\">\n\t\t\t\t<div class=\"elementor-widget-container\">\n\t\t\t\t\t<h2 class=\"elementor-heading-title elementor-size-default\">Une relation \u00e9troite et de confiance<\/h2>\t\t\t\t<\/div>\n\t\t\t\t<\/div>\n\t\t\t\t<div class=\"elementor-element elementor-element-1751542 elementor-widget elementor-widget-text-editor\" data-id=\"1751542\" data-element_type=\"widget\" data-e-type=\"widget\" data-widget_type=\"text-editor.default\">\n\t\t\t\t<div class=\"elementor-widget-container\">\n\t\t\t\t\t\t\t\t\t<p>La nature des projets europ\u00e9ens est complexe et se caract\u00e9rise par des d\u00e9lais courts, des pics de travail intensif et des moments d\u2019incertitude. Pour aborder ces situations de mani\u00e8re efficace, le parti pris de B.Link est de cr\u00e9er des liens \u00e9troits avec nos clients et des relations de confiance qui vont bien au-del\u00e0 de la simple prestation de services. Notre \u00e9quipe fait siens les projets des clients et s&rsquo;implique en tant que partenaire \u00e0 part enti\u00e8re \u00e0 toutes les \u00e9tapes, garantissant proximit\u00e9, empathie et engagement pour assurer des r\u00e9sultats de qualit\u00e9.<\/p>\t\t\t\t\t\t\t\t<\/div>\n\t\t\t\t<\/div>\n\t\t\t\t<\/div>\n\t\t\t\t\t<\/div>\n\t\t\t\t<\/div>\n\t\t\t\t<\/div>\n\t\t","protected":false},"excerpt":{"rendered":"<p>D\u00e9finis par la nature de nos projets Agir de mani\u00e8re responsable d&rsquo;un point de vue social et environnemental est l&rsquo;un des piliers fondamentaux de notre philosophie en tant qu&rsquo;entreprise. B.Link soutient et s&rsquo;engage dans des projets g\u00e9n\u00e9rateurs de changement qui am\u00e9liorent le bien-\u00eatre de la soci\u00e9t\u00e9 et pr\u00e9servent la plan\u00e8te, align\u00e9s sur les strat\u00e9gies des [&hellip;]<\/p>\n","protected":false},"author":3,"featured_media":0,"parent":0,"menu_order":0,"comment_status":"closed","ping_status":"closed","template":"","meta":{"footnotes":""},"class_list":["post-2120","page","type-page","status-publish","hentry"],"_links":{"self":[{"href":"https:\/\/blinkbcn.com\/fr\/wp-json\/wp\/v2\/pages\/2120","targetHints":{"allow":["GET"]}}],"collection":[{"href":"https:\/\/blinkbcn.com\/fr\/wp-json\/wp\/v2\/pages"}],"about":[{"href":"https:\/\/blinkbcn.com\/fr\/wp-json\/wp\/v2\/types\/page"}],"author":[{"embeddable":true,"href":"https:\/\/blinkbcn.com\/fr\/wp-json\/wp\/v2\/users\/3"}],"replies":[{"embeddable":true,"href":"https:\/\/blinkbcn.com\/fr\/wp-json\/wp\/v2\/comments?post=2120"}],"version-history":[{"count":4,"href":"https:\/\/blinkbcn.com\/fr\/wp-json\/wp\/v2\/pages\/2120\/revisions"}],"predecessor-version":[{"id":3046,"href":"https:\/\/blinkbcn.com\/fr\/wp-json\/wp\/v2\/pages\/2120\/revisions\/3046"}],"wp:attachment":[{"href":"https:\/\/blinkbcn.com\/fr\/wp-json\/wp\/v2\/media?parent=2120"}],"curies":[{"name":"wp","href":"https:\/\/api.w.org\/{rel}","templated":true}]}}