{"id":2101,"date":"2023-06-20T07:07:42","date_gmt":"2023-06-20T07:07:42","guid":{"rendered":"https:\/\/blinkbcn.com\/?page_id=2101"},"modified":"2023-07-06T11:13:17","modified_gmt":"2023-07-06T11:13:17","slug":"politique-de-confidentialite","status":"publish","type":"page","link":"https:\/\/blinkbcn.com\/fr\/politique-de-confidentialite\/","title":{"rendered":"Politique de confidentialit\u00e9"},"content":{"rendered":"\t\t<div data-elementor-type=\"wp-page\" data-elementor-id=\"2101\" class=\"elementor elementor-2101 elementor-1584\" data-elementor-post-type=\"page\">\n\t\t\t\t<div class=\"elementor-element elementor-element-769914b e-flex e-con-boxed e-con e-parent\" data-id=\"769914b\" data-element_type=\"container\" data-e-type=\"container\" data-settings=\"{&quot;background_background&quot;:&quot;classic&quot;}\">\n\t\t\t\t\t<div class=\"e-con-inner\">\n\t\t\t\t<div class=\"elementor-element elementor-element-8c3f150 elementor-widget elementor-widget-heading\" data-id=\"8c3f150\" data-element_type=\"widget\" data-e-type=\"widget\" data-widget_type=\"heading.default\">\n\t\t\t\t<div class=\"elementor-widget-container\">\n\t\t\t\t\t<h1 class=\"elementor-heading-title elementor-size-default\">Pol\u00edtica de privacidad<\/h1>\t\t\t\t<\/div>\n\t\t\t\t<\/div>\n\t\t\t\t\t<\/div>\n\t\t\t\t<\/div>\n\t\t<div class=\"elementor-element elementor-element-4fb78da e-flex e-con-boxed e-con e-parent\" data-id=\"4fb78da\" data-element_type=\"container\" data-e-type=\"container\">\n\t\t\t\t\t<div class=\"e-con-inner\">\n\t\t\t\t<div class=\"elementor-element elementor-element-5f6b8bd elementor-widget elementor-widget-text-editor\" data-id=\"5f6b8bd\" data-element_type=\"widget\" data-e-type=\"widget\" data-widget_type=\"text-editor.default\">\n\t\t\t\t<div class=\"elementor-widget-container\">\n\t\t\t\t\t\t\t\t\t<p>INTRODUCTION<\/p><p>Votre vie priv\u00e9e est importante pour nous, c&rsquo;est pourquoi nous vous expliquons, par le biais de ce document, quelles donn\u00e9es nous collectons aupr\u00e8s des utilisateurs, comment nous les utilisons et dans quel but, entre autres indications.<\/p><p>Pour votre information, nous ne demanderons jamais plus d&rsquo;informations que n\u00e9cessaire pour les services requis ; nous ne les partagerons jamais avec des tiers, sauf obligation l\u00e9gale ou avec votre autorisation pr\u00e9alable ; et nous n&rsquo;utiliserons jamais vos donn\u00e9es \u00e0 d&rsquo;autres fins non pr\u00e9alablement indiqu\u00e9es.<\/p><p>En tant qu&rsquo;utilisateur, vous devez lire attentivement cette politique de confidentialit\u00e9 r\u00e9guli\u00e8rement, et chaque fois que vous fournissez vos donn\u00e9es personnelles, car ce document peut \u00eatre modifi\u00e9 par le prestataire pour se conformer \u00e0 la r\u00e9glementation ou mettre \u00e0 jour la politique, sans obligation de pr\u00e9avis ou de communication \u00e0 l&rsquo;utilisateur, la publication sur le site Web du prestataire \u00e9tant suffisante.<\/p><p>RESPONSABLE DU TRAITEMENT :<\/p><p>Identit\u00e9 : B.LINK BARCELONA STRATEGIC PROJECTS, S.L. (\u00e9galement d\u00e9nomm\u00e9 \u00ab\u00a0le prestataire\u00a0\u00bb)<\/p><p>NIF : B-66709304<\/p><p>Adresse postale : C\/ Dom\u00e8nech, 7, 2\u00ba 2\u00aa, 08012, Barcelone<\/p><p>Courriel : <a href=\"mailto:info@blinkbcn.com\" target=\"_new\">info@blinkbcn.com<\/a><\/p><p>BARCELONA STRATEGIC PROJECTS, S.L., en tant que responsable du site Web, conform\u00e9ment aux dispositions du R\u00e8glement (UE) 2016\/679 du 27 avril 2016 (RGPD) relatif \u00e0 la protection des personnes physiques \u00e0 l&rsquo;\u00e9gard du traitement des donn\u00e9es \u00e0 caract\u00e8re personnel et \u00e0 la libre circulation de ces donn\u00e9es, ainsi qu&rsquo;\u00e0 toute autre r\u00e9glementation en vigueur en mati\u00e8re de protection des donn\u00e9es \u00e0 caract\u00e8re personnel, et \u00e0 la Loi 34\/2002 du 11 juillet 2002 sur les services de la soci\u00e9t\u00e9 de l&rsquo;information et du commerce \u00e9lectronique (LSSICE), vous informe qu&rsquo;elle a mis en place les mesures de s\u00e9curit\u00e9 n\u00e9cessaires, d&rsquo;ordre technique et organisationnel, pour garantir et prot\u00e9ger la confidentialit\u00e9, l&rsquo;int\u00e9grit\u00e9 et la disponibilit\u00e9 des donn\u00e9es saisies.<\/p><p>M\u00c9THODE DE COLLECTE DES DONN\u00c9ES, QUELS DONN\u00c9ES COLLECTONS-NOUS ET POURQUOI :<\/p><p>Les donn\u00e9es que nous collectons, la mani\u00e8re dont nous les obtenons et la finalit\u00e9 du traitement sont les suivantes :<\/p><p>Formulaire d&rsquo;abonnement \u00e0 la newsletter : Donn\u00e9es requises : adresse e-mail Finalit\u00e9 : vous envoyer des informations commerciales sur nos services qui pourraient vous int\u00e9resser par e-mail Base l\u00e9gale : Consentement de l&rsquo;utilisateur Mener \u00e0 bien la relation contractuelle et les formalit\u00e9s administratives, fiscales et comptables similaires n\u00e9cessaires en vertu de la l\u00e9gislation en vigueur Donn\u00e9es requises : nom et pr\u00e9nom, t\u00e9l\u00e9phone, adresse, num\u00e9ro d&rsquo;identification, adresse e-mail, donn\u00e9es de signature Finalit\u00e9 : mener \u00e0 bien la gestion commerciale, fiscale et administrative interne Base l\u00e9gale : Consentement de la personne concern\u00e9e et relation contractuelle<\/p><p>Les photographies affich\u00e9es sur le site Web sont la propri\u00e9t\u00e9 de BARCELONA STRATEGIC PROJECTS, S.L.<\/p><p>Vous pouvez r\u00e9voquer votre consentement \u00e0 tout moment en envoyant une lettre avec pour objet \u00ab\u00a0D\u00e9sinscription\u00a0\u00bb \u00e0 l&rsquo;adresse e-mail mentionn\u00e9e.<\/p><p>Conform\u00e0 la LSSICE, B.LINK BARCELONA STRATEGIC PROJECTS, S.L. ne pratique pas le SPAM, donc nous n&rsquo;envoyons pas d&rsquo;e-mails commerciaux non sollicit\u00e9s ou non autoris\u00e9s par l&rsquo;utilisateur. Par cons\u00e9quent, dans toutes les communications que vous recevrez de notre part, vous aurez la possibilit\u00e9 de retirer votre consentement explicite pour recevoir nos communications.<\/p><p>Nous ne traiterons pas vos donn\u00e9es personnelles \u00e0 d&rsquo;autres fins que celles d\u00e9crites, sauf en cas d&rsquo;obligation l\u00e9gale ou d&rsquo;exigence judiciaire.<\/p><p>Vous ne serez pas soumis \u00e0 des d\u00e9cisions automatis\u00e9es bas\u00e9es sur le traitement de vos donn\u00e9es.<\/p><p>DUR\u00c9E DE CONSERVATION DES DONN\u00c9ES :<\/p><p>Vos donn\u00e9es seront conserv\u00e9es pendant toute la dur\u00e9e de notre relation commerciale ou jusqu&rsquo;\u00e0 ce que vous exerciez votre droit de suppression, d&rsquo;opposition ou de limitation du traitement. Cependant, nous conserverons vos donn\u00e9es pendant les d\u00e9lais l\u00e9galement pr\u00e9vus dans les dispositions applicables.<\/p><p>DESTINATAIRES DES TRANSMISSIONS OU TRANSFERTS :<\/p><p>B.LINK BARCELONA STRATEGIC PROJECTS, S.L. ne fournira des informations qu&rsquo;aux forces de l&rsquo;ordre sur ordonnance judiciaire ou en vertu d&rsquo;une obligation l\u00e9gale, sans pr\u00e9judice de la possibilit\u00e9 de bloquer ou de supprimer votre compte s&rsquo;il existe des indices d&rsquo;une infraction de votre part. Les informations fournies seront celles dont dispose le prestataire \u00e0 ce moment-l\u00e0.<\/p><p>Les informations que vous nous fournissez via ce site Web seront h\u00e9berg\u00e9es sur les serveurs de BARCELONA STRATEGIC PROJECTS, S.L., contract\u00e9s aupr\u00e8s de la soci\u00e9t\u00e9 qui fournit le service d&rsquo;h\u00e9bergement du site Web. Le traitement des donn\u00e9es par l&rsquo;entit\u00e9 est r\u00e9glement\u00e9 par un contrat de responsable du traitement entre le prestataire et cette entreprise.<\/p><p>De plus, le prestataire utilise certains outils pour fournir les services n\u00e9cessaires au d\u00e9veloppement de l&rsquo;activit\u00e9, ce qui peut impliquer le stockage de vos donn\u00e9es. Ces outils sont les suivants :<\/p><p>Email Marketing : utilis\u00e9 pour le service de marketing par e-mail : The Rocket Science Group, LLC 675 Ponce de Leon Ave NE Suite 5000 Atlanta, GA 30308 USA, une entreprise du groupe Intuit Inc.<\/p><p>DROITS DES PERSONNES CONCERN\u00c9ES :<\/p><p>En tant qu&rsquo;utilisateur concern\u00e9, vous pouvez exercer les droits suivants aupr\u00e8s de B.LINK BARCELONA STRATEGIC PROJECTS, S.L. en envoyant un \u00e9crit \u00e0 l&rsquo;adresse postale mentionn\u00e9e en en-t\u00eate ou en envoyant un courriel \u00e0 <a href=\"mailto:info@blinkbcn.com\" target=\"_new\">info@blinkbcn.com<\/a>, en indiquant comme objet : \u00ab\u00a0PROTECTION DES DONN\u00c9ES : DROITS DES PERSONNES CONCERN\u00c9ES\u00a0\u00bb.<\/p><p>Droits :<\/p><p>Droit d&rsquo;acc\u00e8s : permet \u00e0 la personne concern\u00e9e de conna\u00eetre et d&rsquo;obtenir des informations sur ses donn\u00e9es \u00e0 caract\u00e8re personnel trait\u00e9es. Droit de rectification ou d&rsquo;effacement : permet de corriger les erreurs et de modifier les donn\u00e9es qui s&rsquo;av\u00e8rent inexactes ou incompl\u00e8tes. Droit d&rsquo;effacement : permet de supprimer les donn\u00e9es qui sont inappropri\u00e9es ou excessives. Droit d&rsquo;opposition : droit de la personne concern\u00e9e de s&rsquo;opposer au traitement de ses donn\u00e9es \u00e0 caract\u00e8re personnel ou d&rsquo;en demander la cessation. Droit \u00e0 la limitation du traitement: implique de marquer les donn\u00e9es personnelles conserv\u00e9es afin de limiter leur traitement ult\u00e9rieur, dans le but d&rsquo;exercer ou de d\u00e9fendre des r\u00e9clamations. Droit \u00e0 la portabilit\u00e9 des donn\u00e9es : permet \u00e0 la personne concern\u00e9e de recevoir les donn\u00e9es \u00e0 caract\u00e8re personnel la concernant dans un format structur\u00e9, couramment utilis\u00e9 et lisible par machine, afin de les transmettre \u00e0 un autre responsable du traitement, sans obstacle. Droit de ne pas faire l&rsquo;objet d&rsquo;une d\u00e9cision individuelle automatis\u00e9e (y compris la cr\u00e9ation de profils) : droit de ne pas \u00eatre soumis \u00e0 une d\u00e9cision bas\u00e9e uniquement sur le traitement automatis\u00e9, y compris le profilage, qui produirait des effets juridiques ou vous affecterait de mani\u00e8re significative.<\/p><p>En tant qu&rsquo;utilisateur, vous avez le droit de retirer votre consentement \u00e0 tout moment. Le retrait du consentement n&rsquo;affectera pas la lic\u00e9it\u00e9 du traitement effectu\u00e9 avant le retrait du consentement.<\/p><p>Vous avez \u00e9galement le droit de d\u00e9poser une plainte aupr\u00e8s de l&rsquo;autorit\u00e9 de contr\u00f4le si vous estimez que vos droits en mati\u00e8re de protection des donn\u00e9es ont \u00e9t\u00e9 viol\u00e9s (aepd.es).<\/p><p>INFORMATIONS ADDITIONNELLES<\/p><p>MESURES DE S\u00c9CURIT\u00c9 :<\/p><p>Les donn\u00e9es que vous nous fournissez seront trait\u00e9es de mani\u00e8re confidentielle. Le prestataire a mis en place toutes les mesures techniques, organisationnelles et de protection n\u00e9cessaires pour garantir la s\u00e9curit\u00e9 du traitement des donn\u00e9es, afin d&rsquo;\u00e9viter toute alt\u00e9ration, perte, vol, traitement ou acc\u00e8s non autoris\u00e9s, conform\u00e9ment \u00e0 l&rsquo;\u00e9tat de la technologie et \u00e0 la nature des donn\u00e9es stock\u00e9es. De plus, il est \u00e9galement garanti que le traitement et l&rsquo;enregistrement des fichiers, programmes, syst\u00e8mes ou \u00e9quipements, locaux et centres r\u00e9pondent aux exigences et conditions d&rsquo;int\u00e9grit\u00e9 et de s\u00e9curit\u00e9 \u00e9tablies par la r\u00e9glementation en vigueur.<\/p><p>LANGUE<\/p><p>La langue applicable \u00e0 cette politique de confidentialit\u00e9 est l&rsquo;espagnol. Par cons\u00e9quent, en cas de contradiction entre les diff\u00e9rentes versions fournies dans d&rsquo;autres langues, la version espagnole pr\u00e9vaudra.<\/p><p>R\u00c9SEAUX SOCIAUX<\/p><p>Nous vous informons que B.LINK BARCELONA STRATEGIC PROJECTS, S.L. peut \u00eatre pr\u00e9sent sur les r\u00e9seaux sociaux. Le traitement des donn\u00e9es des personnes qui deviennent des abonn\u00e9s sur les r\u00e9seaux sociaux (et\/ou effectuent des liens ou des actions de connexion via les r\u00e9seaux sociaux) des pages officielles de B.LINK BARCELONA STRATEGIC PROJECTS, S.L. sera r\u00e9gi par cette section, ainsi que par les conditions d&rsquo;utilisation, les politiques de confidentialit\u00e9 et les r\u00e9glementations d&rsquo;acc\u00e8s applicables aux r\u00e9seaux sociaux concern\u00e9s.<\/p>\t\t\t\t\t\t\t\t<\/div>\n\t\t\t\t<\/div>\n\t\t\t\t\t<\/div>\n\t\t\t\t<\/div>\n\t\t\t\t<\/div>\n\t\t","protected":false},"excerpt":{"rendered":"<p>Pol\u00edtica de privacidad INTRODUCTION Votre vie priv\u00e9e est importante pour nous, c&rsquo;est pourquoi nous vous expliquons, par le biais de ce document, quelles donn\u00e9es nous collectons aupr\u00e8s des utilisateurs, comment nous les utilisons et dans quel but, entre autres indications. Pour votre information, nous ne demanderons jamais plus d&rsquo;informations que n\u00e9cessaire pour les services requis [&hellip;]<\/p>\n","protected":false},"author":3,"featured_media":0,"parent":0,"menu_order":0,"comment_status":"closed","ping_status":"closed","template":"","meta":{"footnotes":""},"class_list":["post-2101","page","type-page","status-publish","hentry"],"_links":{"self":[{"href":"https:\/\/blinkbcn.com\/fr\/wp-json\/wp\/v2\/pages\/2101","targetHints":{"allow":["GET"]}}],"collection":[{"href":"https:\/\/blinkbcn.com\/fr\/wp-json\/wp\/v2\/pages"}],"about":[{"href":"https:\/\/blinkbcn.com\/fr\/wp-json\/wp\/v2\/types\/page"}],"author":[{"embeddable":true,"href":"https:\/\/blinkbcn.com\/fr\/wp-json\/wp\/v2\/users\/3"}],"replies":[{"embeddable":true,"href":"https:\/\/blinkbcn.com\/fr\/wp-json\/wp\/v2\/comments?post=2101"}],"version-history":[{"count":0,"href":"https:\/\/blinkbcn.com\/fr\/wp-json\/wp\/v2\/pages\/2101\/revisions"}],"wp:attachment":[{"href":"https:\/\/blinkbcn.com\/fr\/wp-json\/wp\/v2\/media?parent=2101"}],"curies":[{"name":"wp","href":"https:\/\/api.w.org\/{rel}","templated":true}]}}