{"id":2052,"date":"2023-06-20T07:02:03","date_gmt":"2023-06-20T07:02:03","guid":{"rendered":"https:\/\/blinkbcn.com\/?page_id=2052"},"modified":"2023-07-06T10:35:28","modified_gmt":"2023-07-06T10:35:28","slug":"avis-legal","status":"publish","type":"page","link":"https:\/\/blinkbcn.com\/fr\/avis-legal\/","title":{"rendered":"Avis l\u00e9gal"},"content":{"rendered":"\t\t<div data-elementor-type=\"wp-page\" data-elementor-id=\"2052\" class=\"elementor elementor-2052 elementor-1561\" data-elementor-post-type=\"page\">\n\t\t\t\t<div class=\"elementor-element elementor-element-6abc2c0 e-flex e-con-boxed e-con e-parent\" data-id=\"6abc2c0\" data-element_type=\"container\" data-e-type=\"container\" data-settings=\"{&quot;background_background&quot;:&quot;classic&quot;}\">\n\t\t\t\t\t<div class=\"e-con-inner\">\n\t\t\t\t<div class=\"elementor-element elementor-element-c0bf8c0 elementor-widget elementor-widget-heading\" data-id=\"c0bf8c0\" data-element_type=\"widget\" data-e-type=\"widget\" data-widget_type=\"heading.default\">\n\t\t\t\t<div class=\"elementor-widget-container\">\n\t\t\t\t\t<h1 class=\"elementor-heading-title elementor-size-default\">Avis l\u00e9gal<\/h1>\t\t\t\t<\/div>\n\t\t\t\t<\/div>\n\t\t\t\t\t<\/div>\n\t\t\t\t<\/div>\n\t\t<div class=\"elementor-element elementor-element-8ac3627 e-flex e-con-boxed e-con e-parent\" data-id=\"8ac3627\" data-element_type=\"container\" data-e-type=\"container\">\n\t\t\t\t\t<div class=\"e-con-inner\">\n\t\t\t\t<div class=\"elementor-element elementor-element-c09f449 elementor-widget elementor-widget-text-editor\" data-id=\"c09f449\" data-element_type=\"widget\" data-e-type=\"widget\" data-widget_type=\"text-editor.default\">\n\t\t\t\t<div class=\"elementor-widget-container\">\n\t\t\t\t\t\t\t\t\t<p>Pour se conformer \u00e0 l&rsquo;article 10 de la Loi 34\/2002 sur les services de la soci\u00e9t\u00e9 de l&rsquo;information et du commerce \u00e9lectronique, nous informons les utilisateurs de nos donn\u00e9es :<\/p><p>Raison sociale : B.LINK BARCELONA STRATEGIC PROJECTS, S.L.<\/p><p>Si\u00e8ge social : C\/ Dom\u00e8nech, 7, 2\u00ba 2\u00aa, 08012, Barcelone<\/p><p>NIF : B-66709304<\/p><p>T\u00e9l\u00e9phone : 618 70 98 25, 600 57 50 48 et 66 77 48 198<\/p><p>E-Mail : <a href=\"mailto:info@blinkbcn.com\" target=\"_new\">info@blinkbcn.com<\/a><\/p><p>Site Web : <a href=\"http:\/\/www.blinkbcn.com\/\" target=\"_new\">www.blinkbcn.com<\/a><\/p><p>Donn\u00e9es d&rsquo;enregistrement : Registre du commerce de Barcelone Tome 45218 Folio 139-140 Feuille B480709 Inscription 1 et 3<\/p><p>OBJET<\/p><p>B.LINK BARCELONA STRATEGIC PROJECTS, S.L. (d\u00e9sormais d\u00e9nomm\u00e9 \u00e9galement le prestataire) en tant que responsable du site Web, met \u00e0 la disposition des utilisateurs le pr\u00e9sent document qui r\u00e9glemente l&rsquo;utilisation du site Web <a href=\"http:\/\/www.blinkbcn.com\/\" target=\"_new\">www.blinkbcn.com<\/a>, dans le but de se conformer aux obligations \u00e9nonc\u00e9es dans la Loi 34\/2002 sur les services de la soci\u00e9t\u00e9 de l&rsquo;information et du commerce \u00e9lectronique (LSSICE ou LSSI) et d&rsquo;informer tous les utilisateurs du site Web des conditions d&rsquo;utilisation du site.<\/p><p>Par le biais du site Web, B.LINK BARCELONA STRATEGIC PROJECTS, S.L. permet aux utilisateurs d&rsquo;acc\u00e9der et d&rsquo;utiliser diff\u00e9rents services et contenus mis \u00e0 disposition via le site Web.<\/p><p>Toute personne acc\u00e9dant \u00e0 ce site Web assume le r\u00f4le d&rsquo;utilisateur (ci-apr\u00e8s d\u00e9nomm\u00e9 \u00ab\u00a0l&rsquo;utilisateur\u00a0\u00bb), ce qui implique l&rsquo;acceptation totale et sans r\u00e9serve de toutes les dispositions incluses dans cet avis juridique, ainsi que de toutes les dispositions l\u00e9gales applicables.<\/p><p>En tant qu&rsquo;utilisateurs, vous devez lire attentivement cet avis juridique \u00e0 chaque fois que vous acc\u00e9dez au site Web, car celui-ci peut \u00eatre modifi\u00e9. Le prestataire se r\u00e9serve le droit de modifier toute information pouvant appara\u00eetre sur le site Web, sans obligation de pr\u00e9avis ou de notification aux utilisateurs, la publication sur le site Web du prestataire \u00e9tant suffisante.<\/p><p>CONDITIONS D&rsquo;ACC\u00c8S ET D&rsquo;UTILISATION DU SITE WEB<\/p><p>2.1. Caract\u00e8re gratuit de l&rsquo;acc\u00e8s et de l&rsquo;utilisation du site Web.<\/p><p>L&rsquo;utilisation du site Web de B.LINK BARCELONA STRATEGIC PROJECTS, S.L. est gratuite pour tous les utilisateurs.<\/p><p>2.2. Inscription de l&rsquo;utilisateur.<\/p><p>En r\u00e8gle g\u00e9n\u00e9rale, la fourniture des services n&rsquo;exige pas l&rsquo;inscription pr\u00e9alable des utilisateurs.<\/p><p>2.3. V\u00e9racit\u00e9 des informations.<\/p><p>Toutes les informations fournies par l&rsquo;utilisateur doivent \u00eatre v\u00e9ridiques. \u00c0 cet \u00e9gard, l&rsquo;utilisateur garantit l&rsquo;authenticit\u00e9 des donn\u00e9es communiqu\u00e9es via les formulaires d&rsquo;inscription aux services. Il est de la responsabilit\u00e9 de l&rsquo;utilisateur de maintenir constamment \u00e0 jour toutes les informations fournies \u00e0 B.LINK BARCELONA STRATEGIC PROJECTS, S.L. afin qu&rsquo;elles correspondent \u00e0 sa situation r\u00e9elle \u00e0 tout moment. En tout \u00e9tat de cause, l&rsquo;utilisateur est seul responsable des d\u00e9clarations fausses ou inexactes qu&rsquo;il fait et des dommages qu&rsquo;il cause auprestataire ou \u00e0 des tiers.<\/p><p>2.4. Mineurs.<\/p><p>Pour utiliser les services, les mineurs doivent toujours obtenir le consentement pr\u00e9alable de leurs parents, tuteurs ou repr\u00e9sentants l\u00e9gaux, qui sont les responsables ultimes de tous les actes accomplis par les mineurs \u00e0 leur charge. La responsabilit\u00e9 de d\u00e9terminer les contenus sp\u00e9cifiques auxquels les mineurs acc\u00e8dent revient \u00e0 ces personnes. Par cons\u00e9quent, si les mineurs acc\u00e8dent \u00e0 des contenus inappropri\u00e9s pour Internet, des m\u00e9canismes tels que des logiciels, des filtres et des blocages doivent \u00eatre mis en place sur leurs ordinateurs pour limiter les contenus disponibles. Bien qu&rsquo;ils ne soient pas infaillibles, ces m\u00e9canismes sont particuli\u00e8rement utiles pour contr\u00f4ler et restreindre les mat\u00e9riaux auxquels les mineurs peuvent acc\u00e9der.<\/p><p>2.5. Obligation d&rsquo;une utilisation correcte du site Web.<\/p><p>L&rsquo;utilisateur s&rsquo;engage \u00e0 utiliser le site Web conform\u00e9ment \u00e0 la loi, \u00e0 cet avis juridique, ainsi qu&rsquo;\u00e0 la morale et aux bonnes m\u0153urs. En effet, l&rsquo;utilisateur s&rsquo;abstiendra d&rsquo;utiliser le site \u00e0 des fins illicites ou interdites, pr\u00e9judiciables aux droits et aux int\u00e9r\u00eats de tiers, ou qui pourraient d&rsquo;une mani\u00e8re ou d&rsquo;une autre endommager, d\u00e9sactiver, surcharger, d\u00e9t\u00e9riorer ou emp\u00eacher l&rsquo;utilisation normale des \u00e9quipements informatiques, des documents, des fichiers et de tout type de contenu stock\u00e9 sur les \u00e9quipements informatiques du prestataire.<\/p><p>En particulier, et \u00e0 titre indicatif mais non exhaustif, l&rsquo;utilisateur s&rsquo;engage \u00e0 ne pas transmettre, diffuser ou mettre \u00e0 disposition de tiers des informations, des donn\u00e9es, des contenus, des messages, des graphiques, des dessins, des fichiers sonores ou image, des photographies, des enregistrements, des logiciels et, en g\u00e9n\u00e9ral, tout type de mat\u00e9riel qui :<\/p><p>(A) est contraire, d\u00e9valorise ou porte atteinte aux droits fondamentaux et aux libert\u00e9s publiques reconnus constitutionnellement, dans les trait\u00e9s internationaux et autres normes en vigueur ;<\/p><p>(B) incite, encourage ou favorise des activit\u00e9s criminelles, diffamatoires, d\u00e9nigrantes, violentes ou, d&rsquo;une mani\u00e8re g\u00e9n\u00e9rale, contraires \u00e0 la loi, \u00e0 la morale et \u00e0 l&rsquo;ordre public ;<\/p><p>(C) incite, encourage ou favorise des actions, des attitudes ou des pens\u00e9es discriminatoires fond\u00e9es sur le sexe, la race, la religion, les croyances, l&rsquo;\u00e2ge ou la condition ;<\/p><p>(D) est contraire au droit \u00e0 l&rsquo;honneur, \u00e0 la vie priv\u00e9e ou familiale ou \u00e0 l&rsquo;image des personnes ;<\/p><p>(E) porte pr\u00e9judice \u00e0 la cr\u00e9dibilit\u00e9 du prestataire ou de tiers ; et<\/p><p>(F) constitue une publicit\u00e9 ill\u00e9gale, trompeuse ou d\u00e9loyale.<\/p><p>EXCLUSION DE GARANTIES ET RESPONSABILIT\u00c9<\/p><p>Le prestataire d\u00e9cline toute responsabilit\u00e9 d\u00e9coulant des informations publi\u00e9es sur notre site Web, pour autant que ces informations aient \u00e9t\u00e9 manipul\u00e9es ou introduites par un tiers.<\/p><p>Ce site Web a \u00e9t\u00e9 r\u00e9vis\u00e9 et test\u00e9 pour un fonctionnement correct. En principe, il peut \u00eatre garanti un fonctionnement correct 365 jours par an, 24 heures sur 24. Cependant, le prestataire n&rsquo;exclutpas la possibilit\u00e9 d&rsquo;erreurs de programmation, de cas de force majeure, de catastrophes naturelles, de gr\u00e8ves ou de circonstances similaires qui pourraient rendre l&rsquo;acc\u00e8s au site Web impossible.<\/p><p>B.LINK BARCELONA STRATEGIC PROJECTS, S.L. ne donne aucune garantie et n&rsquo;assume aucune responsabilit\u00e9, en aucun cas, pour les dommages et les pr\u00e9judices de toute nature qui pourraient d\u00e9couler de l&rsquo;indisponibilit\u00e9, de la maintenance et du bon fonctionnement effectif du site Web ou de ses services et contenus ; de l&rsquo;existence de virus, de programmes malveillants ou nuisibles dans les contenus ; de l&rsquo;utilisation illicite, n\u00e9gligente, frauduleuse ou contraire \u00e0 cet avis juridique et aux conditions d&rsquo;utilisation ; ou du manque de l\u00e9galit\u00e9, de qualit\u00e9, de fiabilit\u00e9, d&rsquo;utilit\u00e9 et de disponibilit\u00e9 des services fournis par des tiers et mis \u00e0 disposition des utilisateurs sur le site Web.<\/p><p>Le prestataire ne peut \u00eatre tenu responsable des dommages d\u00e9coulant de l&rsquo;utilisation ill\u00e9gale ou abusive du pr\u00e9sent site Web.<\/p><p>COOKIES<\/p><p>Le site Web du prestataire peut utiliser des cookies (de petits fichiers d&rsquo;informations que le serveur envoie \u00e0 l&rsquo;ordinateur de l&rsquo;utilisateur lorsqu&rsquo;il acc\u00e8de \u00e0 la page) pour effectuer certaines fonctions consid\u00e9r\u00e9es comme essentielles au bon fonctionnement et \u00e0 l&rsquo;affichage du site. Les cookies utilis\u00e9s sont temporaires et ont uniquement pour but de faciliter la navigation et disparaissent \u00e0 la fin de la session de l&rsquo;utilisateur. Les cookies ne seront en aucun cas utilis\u00e9s pour collecter des informations \u00e0 caract\u00e8re personnel. Pour plus d&rsquo;informations, veuillez consulter notre Politique de cookies.<\/p><p>LIENS<\/p><p>\u00c0 partir du site Web, il est possible de rediriger vers des contenus sponsoris\u00e9s, des publicit\u00e9s et\/ou des liens d&rsquo;affiliation et\/ou de sites Web tiers.<\/p><p>Parmi les liens fournis, il est possible d&rsquo;informer ou de faire r\u00e9f\u00e9rence \u00e0 des produits et\/ou services de tiers. \u00c9tant donn\u00e9 que nous ne pouvons pas contr\u00f4ler les contenus introduits par des tiers, B.LINK BARCELONA STRATEGIC PROJECTS, S.L. d\u00e9cline toute responsabilit\u00e9 concernant ces contenus, et ne garantit pas l&rsquo;exp\u00e9rience, l&rsquo;int\u00e9gralit\u00e9 ou la qualit\u00e9 de leurs produits.<\/p><p>En tout cas, nous nous effor\u00e7ons de veiller \u00e0 ce que les liens propos\u00e9s soient pertinents et fiables au moment de leur inclusion sur notre site Web.<\/p><p>PROPRI\u00c9T\u00c9 INTELLECTUELLE ET INDUSTRIELLE<\/p><p>Tous les droits de propri\u00e9t\u00e9 intellectuelle et industrielle sur le site Web et ses contenus appartiennent \u00e0 B.LINK BARCELONA STRATEGIC PROJECTS, S.L. ou \u00e0 des tiers. L&rsquo;acc\u00e8s au site Web ne conf\u00e8re aucun droit sur lesdits droits de propri\u00e9t\u00e9 intellectuelle et industrielle.<\/p><p>La reproduction totale ou partielle des contenus du site Web, ainsi que leur distribution, leur modification ou leur transformation, sans l&rsquo;autorisation pr\u00e9alable et \u00e9crite de B.LINK BARCELONA STRATEGIC PROJECTS, S.L., est interdite. Toute utilisation non autoris\u00e9e des contenus du site Web est consid\u00e9r\u00e9e comme une violation des lois r\u00e9gissant les droits de propri\u00e9t\u00e9 intellectuelle et industrielle.<\/p><p>LOI APPLICABLE ET JURIDICTION<\/p><p>Pour la r\u00e9solution de tous les litiges ou questions li\u00e9s \u00e0 ce site Web ou \u00e0 ses activit\u00e9s, la l\u00e9gislation espagnole sera applicable, \u00e0 laquelle les parties se soumettent express\u00e9ment, et les tribunaux de Barcelone seront comp\u00e9tents pour r\u00e9soudre tout litige d\u00e9coulant ou li\u00e9 \u00e0 son utilisation.<\/p><p>Si une disposition de cet avis juridique \u00e9tait d\u00e9clar\u00e9e nulle ou non applicable, en tout ou en partie, par un tribunal comp\u00e9tent, ladite nullit\u00e9 ou non-applicabilit\u00e9 n&rsquo;affecterait pas les autres dispositions de cet avis juridique, qui resteront en vigueur et continueront \u00e0 avoir plein effet.<\/p><p>CONTACT<\/p><p>Pour toute question ou clarification concernant cet avis l\u00e9gal, vous pouvez nous contacter \u00e0 l&rsquo;adresse e-mail <a href=\"mailto:info@blinkbcn.com\" target=\"_new\">info@blinkbcn.com<\/a>.<\/p><p>Nous vous remercions de lire attentivement cet avis l\u00e9gal.<\/p>\t\t\t\t\t\t\t\t<\/div>\n\t\t\t\t<\/div>\n\t\t\t\t\t<\/div>\n\t\t\t\t<\/div>\n\t\t\t\t<\/div>\n\t\t","protected":false},"excerpt":{"rendered":"<p>Avis l\u00e9gal Pour se conformer \u00e0 l&rsquo;article 10 de la Loi 34\/2002 sur les services de la soci\u00e9t\u00e9 de l&rsquo;information et du commerce \u00e9lectronique, nous informons les utilisateurs de nos donn\u00e9es : Raison sociale : B.LINK BARCELONA STRATEGIC PROJECTS, S.L. Si\u00e8ge social : C\/ Dom\u00e8nech, 7, 2\u00ba 2\u00aa, 08012, Barcelone NIF : B-66709304 T\u00e9l\u00e9phone : [&hellip;]<\/p>\n","protected":false},"author":3,"featured_media":0,"parent":0,"menu_order":0,"comment_status":"closed","ping_status":"closed","template":"","meta":{"footnotes":""},"class_list":["post-2052","page","type-page","status-publish","hentry"],"_links":{"self":[{"href":"https:\/\/blinkbcn.com\/fr\/wp-json\/wp\/v2\/pages\/2052","targetHints":{"allow":["GET"]}}],"collection":[{"href":"https:\/\/blinkbcn.com\/fr\/wp-json\/wp\/v2\/pages"}],"about":[{"href":"https:\/\/blinkbcn.com\/fr\/wp-json\/wp\/v2\/types\/page"}],"author":[{"embeddable":true,"href":"https:\/\/blinkbcn.com\/fr\/wp-json\/wp\/v2\/users\/3"}],"replies":[{"embeddable":true,"href":"https:\/\/blinkbcn.com\/fr\/wp-json\/wp\/v2\/comments?post=2052"}],"version-history":[{"count":0,"href":"https:\/\/blinkbcn.com\/fr\/wp-json\/wp\/v2\/pages\/2052\/revisions"}],"wp:attachment":[{"href":"https:\/\/blinkbcn.com\/fr\/wp-json\/wp\/v2\/media?parent=2052"}],"curies":[{"name":"wp","href":"https:\/\/api.w.org\/{rel}","templated":true}]}}