{"id":2043,"date":"2023-04-26T06:32:03","date_gmt":"2023-04-26T06:32:03","guid":{"rendered":"https:\/\/blinkbcn.com\/?page_id=2043"},"modified":"2023-11-28T17:13:21","modified_gmt":"2023-11-28T17:13:21","slug":"qui-sommes-nous","status":"publish","type":"page","link":"https:\/\/blinkbcn.com\/fr\/qui-sommes-nous\/","title":{"rendered":"Qui sommes-nous ?"},"content":{"rendered":"\t\t<div data-elementor-type=\"wp-page\" data-elementor-id=\"2043\" class=\"elementor elementor-2043 elementor-206\" data-elementor-post-type=\"page\">\n\t\t\t\t<div class=\"elementor-element elementor-element-8df3241 e-flex e-con-boxed e-con e-parent\" data-id=\"8df3241\" data-element_type=\"container\" data-e-type=\"container\" data-settings=\"{&quot;background_background&quot;:&quot;classic&quot;}\">\n\t\t\t\t\t<div class=\"e-con-inner\">\n\t\t\t\t<div class=\"elementor-element elementor-element-22ea748 elementor-widget elementor-widget-heading\" data-id=\"22ea748\" data-element_type=\"widget\" data-e-type=\"widget\" data-widget_type=\"heading.default\">\n\t\t\t\t<div class=\"elementor-widget-container\">\n\t\t\t\t\t<h1 class=\"elementor-heading-title elementor-size-default\">Qui sommes-nous ?<\/h1>\t\t\t\t<\/div>\n\t\t\t\t<\/div>\n\t\t\t\t\t<\/div>\n\t\t\t\t<\/div>\n\t\t<div class=\"elementor-element elementor-element-b0f4add e-flex e-con-boxed e-con e-parent\" data-id=\"b0f4add\" data-element_type=\"container\" data-e-type=\"container\">\n\t\t\t\t\t<div class=\"e-con-inner\">\n\t\t<div class=\"elementor-element elementor-element-b30d9e2 e-con-full e-flex e-con e-child\" data-id=\"b30d9e2\" data-element_type=\"container\" data-e-type=\"container\">\n\t\t\t\t<div class=\"elementor-element elementor-element-40899d1 elementor-widget elementor-widget-heading\" data-id=\"40899d1\" data-element_type=\"widget\" data-e-type=\"widget\" data-widget_type=\"heading.default\">\n\t\t\t\t<div class=\"elementor-widget-container\">\n\t\t\t\t\t<h2 class=\"elementor-heading-title elementor-size-default\">Nous conna\u00eetre<\/h2>\t\t\t\t<\/div>\n\t\t\t\t<\/div>\n\t\t\t\t<div class=\"elementor-element elementor-element-de4501c elementor-widget elementor-widget-text-editor\" data-id=\"de4501c\" data-element_type=\"widget\" data-e-type=\"widget\" data-widget_type=\"text-editor.default\">\n\t\t\t\t<div class=\"elementor-widget-container\">\n\t\t\t\t\t\t\t\t\t<p>B.Link est un cabinet de consulting sp\u00e9cialis\u00e9 dans l\u2019obtention et la gestion des fonds provenant des institutions europ\u00e9ennes et internationales. Nous conseillons nos clients dans leur strat\u00e9gie d&rsquo;internationalisation et les accompagnons tout au long du cycle de projet.<\/p>\t\t\t\t\t\t\t\t<\/div>\n\t\t\t\t<\/div>\n\t\t\t\t<div class=\"elementor-element elementor-element-add2701 elementor-widget elementor-widget-text-editor\" data-id=\"add2701\" data-element_type=\"widget\" data-e-type=\"widget\" data-widget_type=\"text-editor.default\">\n\t\t\t\t<div class=\"elementor-widget-container\">\n\t\t\t\t\t\t\t\t\t<p>Depuis sa cr\u00e9ation en 2014, B.Link a apport\u00e9 un soutien personnalis\u00e9 \u00e0 de nombreuses entit\u00e9s publiques et priv\u00e9es dans l&rsquo;obtention et la gestion de leurs projets de coop\u00e9ration contribuant \u00e0 l\u2019agenda politique de l&rsquo;Union Europ\u00e9enne tels que le Pacte Vert Europ\u00e9en, le Socle Europ\u00e9en des Droits Sociaux ou la Politique de Coh\u00e9sion.<\/p><p>Depuis Barcelone, nous apportons soutien et expertise \u00e0 la mise en \u0153uvre de projets dans de multiples secteurs et th\u00e9matiques \u00e0 travers l&rsquo;Europe et la M\u00e9diterran\u00e9e.<\/p>\t\t\t\t\t\t\t\t<\/div>\n\t\t\t\t<\/div>\n\t\t\t\t<\/div>\n\t\t<div class=\"elementor-element elementor-element-24db104 e-con-full e-flex e-con e-child\" data-id=\"24db104\" data-element_type=\"container\" data-e-type=\"container\">\n\t\t\t\t<div class=\"elementor-element elementor-element-34908ff elementor-widget elementor-widget-image\" data-id=\"34908ff\" data-element_type=\"widget\" data-e-type=\"widget\" data-widget_type=\"image.default\">\n\t\t\t\t<div class=\"elementor-widget-container\">\n\t\t\t\t\t\t\t\t\t\t\t\t\t\t\t<img fetchpriority=\"high\" decoding=\"async\" width=\"800\" height=\"600\" src=\"https:\/\/blinkbcn.com\/wp-content\/uploads\/2023\/06\/sam-chang-L6xHmv2R3G4-unsplash-1024x768.jpg\" class=\"attachment-large size-large wp-image-1384\" alt=\"\" srcset=\"https:\/\/blinkbcn.com\/wp-content\/uploads\/2023\/06\/sam-chang-L6xHmv2R3G4-unsplash-1024x768.jpg 1024w, https:\/\/blinkbcn.com\/wp-content\/uploads\/2023\/06\/sam-chang-L6xHmv2R3G4-unsplash-300x225.jpg 300w, https:\/\/blinkbcn.com\/wp-content\/uploads\/2023\/06\/sam-chang-L6xHmv2R3G4-unsplash-768x576.jpg 768w, https:\/\/blinkbcn.com\/wp-content\/uploads\/2023\/06\/sam-chang-L6xHmv2R3G4-unsplash-1536x1152.jpg 1536w, https:\/\/blinkbcn.com\/wp-content\/uploads\/2023\/06\/sam-chang-L6xHmv2R3G4-unsplash-2048x1536.jpg 2048w\" sizes=\"(max-width: 800px) 100vw, 800px\" \/>\t\t\t\t\t\t\t\t\t\t\t\t\t\t\t<\/div>\n\t\t\t\t<\/div>\n\t\t\t\t<\/div>\n\t\t\t\t\t<\/div>\n\t\t\t\t<\/div>\n\t\t<div class=\"elementor-element elementor-element-24931df e-flex e-con-boxed e-con e-parent\" data-id=\"24931df\" data-element_type=\"container\" data-e-type=\"container\" data-settings=\"{&quot;background_background&quot;:&quot;classic&quot;}\">\n\t\t\t\t\t<div class=\"e-con-inner\">\n\t\t\t\t<div class=\"elementor-element elementor-element-206b850 elementor-widget-mobile__width-initial elementor-widget elementor-widget-counter\" data-id=\"206b850\" data-element_type=\"widget\" data-e-type=\"widget\" data-widget_type=\"counter.default\">\n\t\t\t\t<div class=\"elementor-widget-container\">\n\t\t\t\t\t\t\t<div class=\"elementor-counter\">\n\t\t\t<div class=\"elementor-counter-title\">Projets<\/div>\t\t\t<div class=\"elementor-counter-number-wrapper\">\n\t\t\t\t<span class=\"elementor-counter-number-prefix\">+<\/span>\n\t\t\t\t<span class=\"elementor-counter-number\" data-duration=\"2000\" data-to-value=\"110\" data-from-value=\"0\" data-delimiter=\",\">0<\/span>\n\t\t\t\t<span class=\"elementor-counter-number-suffix\"><\/span>\n\t\t\t<\/div>\n\t\t<\/div>\n\t\t\t\t\t\t<\/div>\n\t\t\t\t<\/div>\n\t\t\t\t<div class=\"elementor-element elementor-element-cb8a9d9 elementor-widget-mobile__width-initial elementor-widget elementor-widget-counter\" data-id=\"cb8a9d9\" data-element_type=\"widget\" data-e-type=\"widget\" data-widget_type=\"counter.default\">\n\t\t\t\t<div class=\"elementor-widget-container\">\n\t\t\t\t\t\t\t<div class=\"elementor-counter\">\n\t\t\t<div class=\"elementor-counter-title\">Programmes europ\u00e9ens<\/div>\t\t\t<div class=\"elementor-counter-number-wrapper\">\n\t\t\t\t<span class=\"elementor-counter-number-prefix\"><\/span>\n\t\t\t\t<span class=\"elementor-counter-number\" data-duration=\"2000\" data-to-value=\"13\" data-from-value=\"0\" data-delimiter=\",\">0<\/span>\n\t\t\t\t<span class=\"elementor-counter-number-suffix\"><\/span>\n\t\t\t<\/div>\n\t\t<\/div>\n\t\t\t\t\t\t<\/div>\n\t\t\t\t<\/div>\n\t\t\t\t<div class=\"elementor-element elementor-element-7fdcf72 elementor-widget-mobile__width-initial elementor-widget elementor-widget-counter\" data-id=\"7fdcf72\" data-element_type=\"widget\" data-e-type=\"widget\" data-widget_type=\"counter.default\">\n\t\t\t\t<div class=\"elementor-widget-container\">\n\t\t\t\t\t\t\t<div class=\"elementor-counter\">\n\t\t\t<div class=\"elementor-counter-title\">Pays<\/div>\t\t\t<div class=\"elementor-counter-number-wrapper\">\n\t\t\t\t<span class=\"elementor-counter-number-prefix\"><\/span>\n\t\t\t\t<span class=\"elementor-counter-number\" data-duration=\"2000\" data-to-value=\"41\" data-from-value=\"0\" data-delimiter=\",\">0<\/span>\n\t\t\t\t<span class=\"elementor-counter-number-suffix\"><\/span>\n\t\t\t<\/div>\n\t\t<\/div>\n\t\t\t\t\t\t<\/div>\n\t\t\t\t<\/div>\n\t\t\t\t<div class=\"elementor-element elementor-element-7a26d39 elementor-widget-mobile__width-initial elementor-widget elementor-widget-counter\" data-id=\"7a26d39\" data-element_type=\"widget\" data-e-type=\"widget\" data-widget_type=\"counter.default\">\n\t\t\t\t<div class=\"elementor-widget-container\">\n\t\t\t\t\t\t\t<div class=\"elementor-counter\">\n\t\t\t<div class=\"elementor-counter-title\">Clients<\/div>\t\t\t<div class=\"elementor-counter-number-wrapper\">\n\t\t\t\t<span class=\"elementor-counter-number-prefix\">+<\/span>\n\t\t\t\t<span class=\"elementor-counter-number\" data-duration=\"2000\" data-to-value=\"180\" data-from-value=\"0\" data-delimiter=\",\">0<\/span>\n\t\t\t\t<span class=\"elementor-counter-number-suffix\"><\/span>\n\t\t\t<\/div>\n\t\t<\/div>\n\t\t\t\t\t\t<\/div>\n\t\t\t\t<\/div>\n\t\t\t\t\t<\/div>\n\t\t\t\t<\/div>\n\t\t<div class=\"elementor-element elementor-element-c2adece e-flex e-con-boxed e-con e-parent\" data-id=\"c2adece\" data-element_type=\"container\" data-e-type=\"container\">\n\t\t\t\t\t<div class=\"e-con-inner\">\n\t\t<div class=\"elementor-element elementor-element-c3ab055 e-con-full e-flex e-con e-child\" data-id=\"c3ab055\" data-element_type=\"container\" data-e-type=\"container\">\n\t\t\t\t<div class=\"elementor-element elementor-element-a25a2dc elementor-widget elementor-widget-image\" data-id=\"a25a2dc\" data-element_type=\"widget\" data-e-type=\"widget\" data-widget_type=\"image.default\">\n\t\t\t\t<div class=\"elementor-widget-container\">\n\t\t\t\t\t\t\t\t\t\t\t\t\t\t\t<img decoding=\"async\" width=\"678\" height=\"1024\" src=\"https:\/\/blinkbcn.com\/wp-content\/uploads\/2023\/06\/shane-rounce-DNkoNXQti3c-unsplash-678x1024.jpg\" class=\"attachment-large size-large wp-image-1388\" alt=\"\" srcset=\"https:\/\/blinkbcn.com\/wp-content\/uploads\/2023\/06\/shane-rounce-DNkoNXQti3c-unsplash-678x1024.jpg 678w, https:\/\/blinkbcn.com\/wp-content\/uploads\/2023\/06\/shane-rounce-DNkoNXQti3c-unsplash-199x300.jpg 199w, https:\/\/blinkbcn.com\/wp-content\/uploads\/2023\/06\/shane-rounce-DNkoNXQti3c-unsplash-768x1160.jpg 768w, https:\/\/blinkbcn.com\/wp-content\/uploads\/2023\/06\/shane-rounce-DNkoNXQti3c-unsplash-1017x1536.jpg 1017w, https:\/\/blinkbcn.com\/wp-content\/uploads\/2023\/06\/shane-rounce-DNkoNXQti3c-unsplash-1356x2048.jpg 1356w, https:\/\/blinkbcn.com\/wp-content\/uploads\/2023\/06\/shane-rounce-DNkoNXQti3c-unsplash-scaled.jpg 1696w\" sizes=\"(max-width: 678px) 100vw, 678px\" \/>\t\t\t\t\t\t\t\t\t\t\t\t\t\t\t<\/div>\n\t\t\t\t<\/div>\n\t\t\t\t<\/div>\n\t\t<div class=\"elementor-element elementor-element-fb8f18c e-con-full e-flex e-con e-child\" data-id=\"fb8f18c\" data-element_type=\"container\" data-e-type=\"container\">\n\t\t<div class=\"elementor-element elementor-element-0afb48e e-flex e-con-boxed e-con e-child\" data-id=\"0afb48e\" data-element_type=\"container\" data-e-type=\"container\">\n\t\t\t\t\t<div class=\"e-con-inner\">\n\t\t\t\t<div class=\"elementor-element elementor-element-35e8d59 elementor-widget elementor-widget-heading\" data-id=\"35e8d59\" data-element_type=\"widget\" data-e-type=\"widget\" data-widget_type=\"heading.default\">\n\t\t\t\t<div class=\"elementor-widget-container\">\n\t\t\t\t\t<h2 class=\"elementor-heading-title elementor-size-default\">Au c\u0153ur de B.Link<\/h2>\t\t\t\t<\/div>\n\t\t\t\t<\/div>\n\t\t\t\t<div class=\"elementor-element elementor-element-ab5a6be elementor-widget elementor-widget-text-editor\" data-id=\"ab5a6be\" data-element_type=\"widget\" data-e-type=\"widget\" data-widget_type=\"text-editor.default\">\n\t\t\t\t<div class=\"elementor-widget-container\">\n\t\t\t\t\t\t\t\t\t<p>Chez B.Link, nous aimons nous d\u00e9finir comme une entreprise de confiance et de proximit\u00e9. Nous travaillons en \u00e9troite collaboration avec nos clients et toutes les entit\u00e9s qui collaborent \u00e0 chaque projet, et nous nous engageons \u00e0 offrir un traitement personnalis\u00e9 et adapt\u00e9 \u00e0 chacun.<\/p><p>Form\u00e9e par des sp\u00e9cialistes en coop\u00e9ration internationale aux nationalit\u00e9s et parcours vari\u00e9s, notre \u00e9quipe multidisciplinaire et multilingue s\u2019engage pour un traitement empathique et de qualit\u00e9, gage de professionnalisme, de comp\u00e9tence et d&rsquo;expertise dans l&rsquo;accompagnement et la gestion des projets.<\/p>\t\t\t\t\t\t\t\t<\/div>\n\t\t\t\t<\/div>\n\t\t\t\t\t<\/div>\n\t\t\t\t<\/div>\n\t\t<div class=\"elementor-element elementor-element-a162a4b e-con-full elementor-hidden-mobile e-flex e-con e-child\" data-id=\"a162a4b\" data-element_type=\"container\" data-e-type=\"container\">\n\t\t\t\t<div class=\"elementor-element elementor-element-6653208 elementor-widget elementor-widget-image\" data-id=\"6653208\" data-element_type=\"widget\" data-e-type=\"widget\" data-widget_type=\"image.default\">\n\t\t\t\t<div class=\"elementor-widget-container\">\n\t\t\t\t\t\t\t\t\t\t\t\t\t\t\t<img decoding=\"async\" width=\"800\" height=\"534\" src=\"https:\/\/blinkbcn.com\/wp-content\/uploads\/2023\/06\/pexels-pixabay-432786-1024x683.jpg\" class=\"attachment-large size-large wp-image-1393\" alt=\"\" srcset=\"https:\/\/blinkbcn.com\/wp-content\/uploads\/2023\/06\/pexels-pixabay-432786-1024x683.jpg 1024w, https:\/\/blinkbcn.com\/wp-content\/uploads\/2023\/06\/pexels-pixabay-432786-300x200.jpg 300w, https:\/\/blinkbcn.com\/wp-content\/uploads\/2023\/06\/pexels-pixabay-432786-768x512.jpg 768w, https:\/\/blinkbcn.com\/wp-content\/uploads\/2023\/06\/pexels-pixabay-432786-1536x1024.jpg 1536w, https:\/\/blinkbcn.com\/wp-content\/uploads\/2023\/06\/pexels-pixabay-432786-2048x1365.jpg 2048w\" sizes=\"(max-width: 800px) 100vw, 800px\" \/>\t\t\t\t\t\t\t\t\t\t\t\t\t\t\t<\/div>\n\t\t\t\t<\/div>\n\t\t\t\t<\/div>\n\t\t<div class=\"elementor-element elementor-element-22a3670 e-con-full elementor-hidden-mobile e-flex e-con e-child\" data-id=\"22a3670\" data-element_type=\"container\" data-e-type=\"container\">\n\t\t\t\t<div class=\"elementor-element elementor-element-538843f elementor-widget elementor-widget-image\" data-id=\"538843f\" data-element_type=\"widget\" data-e-type=\"widget\" data-widget_type=\"image.default\">\n\t\t\t\t<div class=\"elementor-widget-container\">\n\t\t\t\t\t\t\t\t\t\t\t\t\t\t\t<img loading=\"lazy\" decoding=\"async\" width=\"800\" height=\"534\" src=\"https:\/\/blinkbcn.com\/wp-content\/uploads\/2023\/06\/pexels-akil-mazumder-1072824-1024x683.jpg\" class=\"attachment-large size-large wp-image-1397\" alt=\"\" srcset=\"https:\/\/blinkbcn.com\/wp-content\/uploads\/2023\/06\/pexels-akil-mazumder-1072824-1024x683.jpg 1024w, https:\/\/blinkbcn.com\/wp-content\/uploads\/2023\/06\/pexels-akil-mazumder-1072824-300x200.jpg 300w, https:\/\/blinkbcn.com\/wp-content\/uploads\/2023\/06\/pexels-akil-mazumder-1072824-768x512.jpg 768w, https:\/\/blinkbcn.com\/wp-content\/uploads\/2023\/06\/pexels-akil-mazumder-1072824-1536x1024.jpg 1536w, https:\/\/blinkbcn.com\/wp-content\/uploads\/2023\/06\/pexels-akil-mazumder-1072824-2048x1365.jpg 2048w\" sizes=\"(max-width: 800px) 100vw, 800px\" \/>\t\t\t\t\t\t\t\t\t\t\t\t\t\t\t<\/div>\n\t\t\t\t<\/div>\n\t\t\t\t<\/div>\n\t\t\t\t<\/div>\n\t\t\t\t\t<\/div>\n\t\t\t\t<\/div>\n\t\t<div class=\"elementor-element elementor-element-eb0ed08 e-flex e-con-boxed e-con e-parent\" data-id=\"eb0ed08\" data-element_type=\"container\" data-e-type=\"container\">\n\t\t\t\t\t<div class=\"e-con-inner\">\n\t\t<div class=\"elementor-element elementor-element-671df6d e-con-full e-flex e-con e-child\" data-id=\"671df6d\" data-element_type=\"container\" data-e-type=\"container\">\n\t\t<div class=\"elementor-element elementor-element-1036b92 e-con-full e-flex e-con e-child\" data-id=\"1036b92\" data-element_type=\"container\" data-e-type=\"container\">\n\t\t\t\t<div class=\"elementor-element elementor-element-28503e6 elementor-widget elementor-widget-image\" data-id=\"28503e6\" data-element_type=\"widget\" data-e-type=\"widget\" data-widget_type=\"image.default\">\n\t\t\t\t<div class=\"elementor-widget-container\">\n\t\t\t\t\t\t\t\t\t\t\t\t\t\t\t<img loading=\"lazy\" decoding=\"async\" width=\"800\" height=\"800\" src=\"https:\/\/blinkbcn.com\/wp-content\/uploads\/2023\/06\/pexels-aleksey-kuprikov-3493777-1024x1024.jpg\" class=\"attachment-large size-large wp-image-1401\" alt=\"\" srcset=\"https:\/\/blinkbcn.com\/wp-content\/uploads\/2023\/06\/pexels-aleksey-kuprikov-3493777-1024x1024.jpg 1024w, https:\/\/blinkbcn.com\/wp-content\/uploads\/2023\/06\/pexels-aleksey-kuprikov-3493777-300x300.jpg 300w, https:\/\/blinkbcn.com\/wp-content\/uploads\/2023\/06\/pexels-aleksey-kuprikov-3493777-150x150.jpg 150w, https:\/\/blinkbcn.com\/wp-content\/uploads\/2023\/06\/pexels-aleksey-kuprikov-3493777-768x768.jpg 768w, https:\/\/blinkbcn.com\/wp-content\/uploads\/2023\/06\/pexels-aleksey-kuprikov-3493777-1536x1536.jpg 1536w, https:\/\/blinkbcn.com\/wp-content\/uploads\/2023\/06\/pexels-aleksey-kuprikov-3493777-2048x2048.jpg 2048w\" sizes=\"(max-width: 800px) 100vw, 800px\" \/>\t\t\t\t\t\t\t\t\t\t\t\t\t\t\t<\/div>\n\t\t\t\t<\/div>\n\t\t\t\t<\/div>\n\t\t\t\t<\/div>\n\t\t<div class=\"elementor-element elementor-element-e76c0a0 e-con-full e-flex e-con e-child\" data-id=\"e76c0a0\" data-element_type=\"container\" data-e-type=\"container\">\n\t\t\t\t<div class=\"elementor-element elementor-element-97bf143 elementor-widget elementor-widget-heading\" data-id=\"97bf143\" data-element_type=\"widget\" data-e-type=\"widget\" data-widget_type=\"heading.default\">\n\t\t\t\t<div class=\"elementor-widget-container\">\n\t\t\t\t\t<h2 class=\"elementor-heading-title elementor-size-default\">Vos projets sont nos projets<\/h2>\t\t\t\t<\/div>\n\t\t\t\t<\/div>\n\t\t\t\t<div class=\"elementor-element elementor-element-e241c40 elementor-widget elementor-widget-text-editor\" data-id=\"e241c40\" data-element_type=\"widget\" data-e-type=\"widget\" data-widget_type=\"text-editor.default\">\n\t\t\t\t<div class=\"elementor-widget-container\">\n\t\t\t\t\t\t\t\t\t<p>Attention, implication et engagement\u00a0: ces trois facteurs sont essentiels pour d\u00e9finir le travail que nous effectuons \u00e0 B.Link et la relation que nous entretenons avec les projets que nous soutenons, d\u00e8s la phase initiale de formulation de la proposition jusqu&rsquo;\u00e0 l&rsquo;\u00e9valuation et la cl\u00f4ture.<\/p><p>Chez B.Link, nous nous investissons pleinement pour r\u00e9pondre \u00e0 toutes les demandes de nos clients et leur apporter notre soutien. Force de propositions, nous recherchons les meilleures solutions pour faciliter la mise en \u0153uvre et la gestion des projets et en assurer leur bon d\u00e9roulement.<\/p>\t\t\t\t\t\t\t\t<\/div>\n\t\t\t\t<\/div>\n\t\t\t\t<\/div>\n\t\t\t\t\t<\/div>\n\t\t\t\t<\/div>\n\t\t<div class=\"elementor-element elementor-element-cb07f8e e-flex e-con-boxed e-con e-parent\" data-id=\"cb07f8e\" data-element_type=\"container\" data-e-type=\"container\">\n\t\t\t\t\t<div class=\"e-con-inner\">\n\t\t\t\t<div class=\"elementor-element elementor-element-5cd68e9 elementor-headline--style-highlight elementor-widget elementor-widget-animated-headline\" data-id=\"5cd68e9\" data-element_type=\"widget\" data-e-type=\"widget\" data-settings=\"{&quot;marker&quot;:&quot;underline_zigzag&quot;,&quot;highlighted_text&quot;:&quot;vos projets!&quot;,&quot;headline_style&quot;:&quot;highlight&quot;,&quot;highlight_animation_duration&quot;:1200}\" data-widget_type=\"animated-headline.default\">\n\t\t\t\t<div class=\"elementor-widget-container\">\n\t\t\t\t\t\t\t<h3 class=\"elementor-headline\">\n\t\t\t\t\t<span class=\"elementor-headline-plain-text elementor-headline-text-wrapper\">Nous nous engageons pour la r\u00e9ussite de<\/span>\n\t\t\t\t<span class=\"elementor-headline-dynamic-wrapper elementor-headline-text-wrapper\">\n\t\t\t\t\t<span class=\"elementor-headline-dynamic-text elementor-headline-text-active\">vos projets!<\/span>\n\t\t\t\t<\/span>\n\t\t\t\t<\/h3>\n\t\t\t\t\t\t<\/div>\n\t\t\t\t<\/div>\n\t\t\t\t\t<\/div>\n\t\t\t\t<\/div>\n\t\t\t\t<\/div>\n\t\t","protected":false},"excerpt":{"rendered":"<p>Nous conna\u00eetre B.Link est un cabinet de consulting sp\u00e9cialis\u00e9 dans l\u2019obtention et la gestion des fonds provenant des institutions europ\u00e9ennes et internationales. Nous conseillons nos clients dans leur strat\u00e9gie d&rsquo;internationalisation et les accompagnons tout au long du cycle de projet. Depuis sa cr\u00e9ation en 2014, B.Link a apport\u00e9 un soutien personnalis\u00e9 \u00e0 de nombreuses entit\u00e9s [&hellip;]<\/p>\n","protected":false},"author":3,"featured_media":0,"parent":0,"menu_order":0,"comment_status":"closed","ping_status":"closed","template":"","meta":{"footnotes":""},"class_list":["post-2043","page","type-page","status-publish","hentry"],"_links":{"self":[{"href":"https:\/\/blinkbcn.com\/fr\/wp-json\/wp\/v2\/pages\/2043","targetHints":{"allow":["GET"]}}],"collection":[{"href":"https:\/\/blinkbcn.com\/fr\/wp-json\/wp\/v2\/pages"}],"about":[{"href":"https:\/\/blinkbcn.com\/fr\/wp-json\/wp\/v2\/types\/page"}],"author":[{"embeddable":true,"href":"https:\/\/blinkbcn.com\/fr\/wp-json\/wp\/v2\/users\/3"}],"replies":[{"embeddable":true,"href":"https:\/\/blinkbcn.com\/fr\/wp-json\/wp\/v2\/comments?post=2043"}],"version-history":[{"count":4,"href":"https:\/\/blinkbcn.com\/fr\/wp-json\/wp\/v2\/pages\/2043\/revisions"}],"predecessor-version":[{"id":3215,"href":"https:\/\/blinkbcn.com\/fr\/wp-json\/wp\/v2\/pages\/2043\/revisions\/3215"}],"wp:attachment":[{"href":"https:\/\/blinkbcn.com\/fr\/wp-json\/wp\/v2\/media?parent=2043"}],"curies":[{"name":"wp","href":"https:\/\/api.w.org\/{rel}","templated":true}]}}