{"id":723,"date":"2023-05-30T10:29:05","date_gmt":"2023-05-30T10:29:05","guid":{"rendered":"https:\/\/blinkbcn.com\/sectors-despecialitzacio\/"},"modified":"2023-09-29T13:23:39","modified_gmt":"2023-09-29T13:23:39","slug":"sectores-de-especializacion","status":"publish","type":"page","link":"https:\/\/blinkbcn.com\/es\/sectores-de-especializacion\/","title":{"rendered":"Sectores de especializaci\u00f3n"},"content":{"rendered":"\t\t<div data-elementor-type=\"wp-page\" data-elementor-id=\"723\" class=\"elementor elementor-723 elementor-410\" data-elementor-post-type=\"page\">\n\t\t\t\t<div class=\"elementor-element elementor-element-24bb118 e-flex e-con-boxed e-con e-parent\" data-id=\"24bb118\" data-element_type=\"container\" data-e-type=\"container\" data-settings=\"{&quot;background_background&quot;:&quot;classic&quot;}\">\n\t\t\t\t\t<div class=\"e-con-inner\">\n\t\t\t\t<div class=\"elementor-element elementor-element-4874965 elementor-widget elementor-widget-heading\" data-id=\"4874965\" data-element_type=\"widget\" data-e-type=\"widget\" data-widget_type=\"heading.default\">\n\t\t\t\t<div class=\"elementor-widget-container\">\n\t\t\t\t\t<h1 class=\"elementor-heading-title elementor-size-default\">Sectores de especializaci\u00f3n<\/h1>\t\t\t\t<\/div>\n\t\t\t\t<\/div>\n\t\t\t\t\t<\/div>\n\t\t\t\t<\/div>\n\t\t<div class=\"elementor-element elementor-element-ef7c851 e-flex e-con-boxed e-con e-parent\" data-id=\"ef7c851\" data-element_type=\"container\" data-e-type=\"container\">\n\t\t\t\t\t<div class=\"e-con-inner\">\n\t\t<div class=\"elementor-element elementor-element-f710e06 e-con-full e-flex e-con e-child\" data-id=\"f710e06\" data-element_type=\"container\" data-e-type=\"container\">\n\t\t\t\t<div class=\"elementor-element elementor-element-a2eecd2 elementor-widget elementor-widget-text-editor\" data-id=\"a2eecd2\" data-element_type=\"widget\" data-e-type=\"widget\" data-widget_type=\"text-editor.default\">\n\t\t\t\t<div class=\"elementor-widget-container\">\n\t\t\t\t\t\t\t\t\t<p>En B.Link somos conscientes de la importancia de apostar por proyectos que buscan un beneficio com\u00fan, dan respuesta a problemas de car\u00e1cter social y defienden los derechos humanos.<\/p><p>Por esta raz\u00f3n, contamos con un equipo plural con formaci\u00f3n y experiencia muy variadas y especializado en el asesoramiento de proyectos cooperativos.<\/p><p>\u00a1A continuaci\u00f3n, presentamos los sectores de especializaci\u00f3n en los que trabajamos!<\/p>\t\t\t\t\t\t\t\t<\/div>\n\t\t\t\t<\/div>\n\t\t\t\t<\/div>\n\t\t\t\t\t<\/div>\n\t\t\t\t<\/div>\n\t\t<div class=\"elementor-element elementor-element-674140c e-flex e-con-boxed e-con e-parent\" data-id=\"674140c\" data-element_type=\"container\" data-e-type=\"container\" id=\"turisme\" data-settings=\"{&quot;background_background&quot;:&quot;classic&quot;}\">\n\t\t\t\t\t<div class=\"e-con-inner\">\n\t\t<div class=\"elementor-element elementor-element-31025a2 e-con-full e-flex e-con e-child\" data-id=\"31025a2\" data-element_type=\"container\" data-e-type=\"container\">\n\t\t\t\t<div class=\"elementor-element elementor-element-3dbba8a elementor-widget elementor-widget-image\" data-id=\"3dbba8a\" data-element_type=\"widget\" data-e-type=\"widget\" data-widget_type=\"image.default\">\n\t\t\t\t<div class=\"elementor-widget-container\">\n\t\t\t\t\t\t\t\t\t\t\t\t\t\t\t<img fetchpriority=\"high\" decoding=\"async\" width=\"800\" height=\"800\" src=\"https:\/\/blinkbcn.com\/wp-content\/uploads\/2023\/04\/2-1024x1024.jpg\" class=\"attachment-large size-large wp-image-564\" alt=\"\" srcset=\"https:\/\/blinkbcn.com\/wp-content\/uploads\/2023\/04\/2-1024x1024.jpg 1024w, https:\/\/blinkbcn.com\/wp-content\/uploads\/2023\/04\/2-300x300.jpg 300w, https:\/\/blinkbcn.com\/wp-content\/uploads\/2023\/04\/2-150x150.jpg 150w, https:\/\/blinkbcn.com\/wp-content\/uploads\/2023\/04\/2-768x768.jpg 768w, https:\/\/blinkbcn.com\/wp-content\/uploads\/2023\/04\/2-1536x1536.jpg 1536w, https:\/\/blinkbcn.com\/wp-content\/uploads\/2023\/04\/2-2048x2048.jpg 2048w\" sizes=\"(max-width: 800px) 100vw, 800px\" \/>\t\t\t\t\t\t\t\t\t\t\t\t\t\t\t<\/div>\n\t\t\t\t<\/div>\n\t\t\t\t<\/div>\n\t\t<div class=\"elementor-element elementor-element-3ec69fc e-flex e-con-boxed e-con e-child\" data-id=\"3ec69fc\" data-element_type=\"container\" data-e-type=\"container\">\n\t\t\t\t\t<div class=\"e-con-inner\">\n\t\t\t\t<div class=\"elementor-element elementor-element-3fb466b elementor-widget elementor-widget-heading\" data-id=\"3fb466b\" data-element_type=\"widget\" data-e-type=\"widget\" data-widget_type=\"heading.default\">\n\t\t\t\t<div class=\"elementor-widget-container\">\n\t\t\t\t\t<h2 class=\"elementor-heading-title elementor-size-default\">Turismo sostenible y regenerativo <\/h2>\t\t\t\t<\/div>\n\t\t\t\t<\/div>\n\t\t\t\t<div class=\"elementor-element elementor-element-9856821 elementor-widget elementor-widget-text-editor\" data-id=\"9856821\" data-element_type=\"widget\" data-e-type=\"widget\" data-widget_type=\"text-editor.default\">\n\t\t\t\t<div class=\"elementor-widget-container\">\n\t\t\t\t\t\t\t\t\t<p>\u00bfC\u00f3mo desarrollar la actividad del turismo generando el m\u00ednimo impacto medioambiental, o incluso c\u00f3mo la actividad tur\u00edstica puede reforzar al medio ambiente revirtiendo los efectos negativos?<\/p><p>Este sector de especializaci\u00f3n engloba proyectos que buscan fomentar el turismo respetuoso con el entorno y el ecosistema, adem\u00e1s de favorecer la cultura local y la ocupaci\u00f3n de su poblaci\u00f3n. El turismo sostenible y regenerativo es una prioridad para conservar los recursos naturales, preservar la identidad cultural de las comunidades anfitrionas y garantizar la actividad del turismo para las futuras generaciones.<\/p><p>Descubre algunos de nuestros proyectos:<\/p><ul><li><a href=\"https:\/\/blinkbcn.com\/es\/proyectos#tourbit\">TOURBIT<\/a><\/li><li><p class=\"elementor-heading-title elementor-size-default\"><a href=\"https:\/\/blinkbcn.com\/es\/proyectos#medpearls\">MEDPEARLS<\/a><\/p><\/li><\/ul>\t\t\t\t\t\t\t\t<\/div>\n\t\t\t\t<\/div>\n\t\t\t\t\t<\/div>\n\t\t\t\t<\/div>\n\t\t\t\t\t<\/div>\n\t\t\t\t<\/div>\n\t\t<div class=\"elementor-element elementor-element-21cf25c e-flex e-con-boxed e-con e-parent\" data-id=\"21cf25c\" data-element_type=\"container\" data-e-type=\"container\" id=\"empresarial\" data-settings=\"{&quot;background_background&quot;:&quot;classic&quot;}\">\n\t\t\t\t\t<div class=\"e-con-inner\">\n\t\t<div class=\"elementor-element elementor-element-4d78520 e-con-full e-flex e-con e-child\" data-id=\"4d78520\" data-element_type=\"container\" data-e-type=\"container\">\n\t\t\t\t<div class=\"elementor-element elementor-element-7d318c2 elementor-widget elementor-widget-image\" data-id=\"7d318c2\" data-element_type=\"widget\" data-e-type=\"widget\" data-widget_type=\"image.default\">\n\t\t\t\t<div class=\"elementor-widget-container\">\n\t\t\t\t\t\t\t\t\t\t\t\t\t\t\t<img decoding=\"async\" width=\"800\" height=\"505\" src=\"https:\/\/blinkbcn.com\/wp-content\/uploads\/2023\/04\/1-1024x646.jpg\" class=\"attachment-large size-large wp-image-561\" alt=\"\" srcset=\"https:\/\/blinkbcn.com\/wp-content\/uploads\/2023\/04\/1-1024x646.jpg 1024w, https:\/\/blinkbcn.com\/wp-content\/uploads\/2023\/04\/1-300x189.jpg 300w, https:\/\/blinkbcn.com\/wp-content\/uploads\/2023\/04\/1-768x484.jpg 768w, https:\/\/blinkbcn.com\/wp-content\/uploads\/2023\/04\/1.jpg 1280w\" sizes=\"(max-width: 800px) 100vw, 800px\" \/>\t\t\t\t\t\t\t\t\t\t\t\t\t\t\t<\/div>\n\t\t\t\t<\/div>\n\t\t\t\t<\/div>\n\t\t<div class=\"elementor-element elementor-element-df847bd e-flex e-con-boxed e-con e-child\" data-id=\"df847bd\" data-element_type=\"container\" data-e-type=\"container\">\n\t\t\t\t\t<div class=\"e-con-inner\">\n\t\t\t\t<div class=\"elementor-element elementor-element-562cbde elementor-widget elementor-widget-heading\" data-id=\"562cbde\" data-element_type=\"widget\" data-e-type=\"widget\" data-widget_type=\"heading.default\">\n\t\t\t\t<div class=\"elementor-widget-container\">\n\t\t\t\t\t<h2 class=\"elementor-heading-title elementor-size-default\">Competitividad empresarial: cl\u00fasteres, internacionalizaci\u00f3n e innovaci\u00f3n <\/h2>\t\t\t\t<\/div>\n\t\t\t\t<\/div>\n\t\t\t\t<div class=\"elementor-element elementor-element-9be14e2 elementor-widget elementor-widget-text-editor\" data-id=\"9be14e2\" data-element_type=\"widget\" data-e-type=\"widget\" data-widget_type=\"text-editor.default\">\n\t\t\t\t<div class=\"elementor-widget-container\">\n\t\t\t\t\t\t\t\t\t<p>Para garantizar la competitividad empresarial es fundamental apostar por la innovaci\u00f3n, la internacionalizaci\u00f3n, la digitalizaci\u00f3n y el fomento de la I+D+i.<\/p><p>Este tipo de proyectos tienen la finalidad de dar respuesta al reto de la globalizaci\u00f3n y conseguir un crecimiento econ\u00f3mico inclusivo y sostenido que impulse el progreso de todos los actores.<\/p><p>Explora alguna de nuestras iniciativas:<\/p><ul><li><p class=\"elementor-heading-title elementor-size-default\"><a href=\"https:\/\/blinkbcn.com\/es\/proyectos#tecniospring\">Tecniospring INDUSTRY<\/a><\/p><\/li><li><p class=\"elementor-heading-title elementor-size-default\"><a href=\"https:\/\/blinkbcn.com\/es\/proyectos#kids\">KIDS<\/a><\/p><\/li><\/ul>\t\t\t\t\t\t\t\t<\/div>\n\t\t\t\t<\/div>\n\t\t\t\t\t<\/div>\n\t\t\t\t<\/div>\n\t\t\t\t\t<\/div>\n\t\t\t\t<\/div>\n\t\t<div class=\"elementor-element elementor-element-7aea619 e-flex e-con-boxed e-con e-parent\" data-id=\"7aea619\" data-element_type=\"container\" data-e-type=\"container\" id=\"biodiversitat\" data-settings=\"{&quot;background_background&quot;:&quot;classic&quot;}\">\n\t\t\t\t\t<div class=\"e-con-inner\">\n\t\t<div class=\"elementor-element elementor-element-33f0f3e e-con-full e-flex e-con e-child\" data-id=\"33f0f3e\" data-element_type=\"container\" data-e-type=\"container\">\n\t\t\t\t<div class=\"elementor-element elementor-element-d5d66b3 elementor-widget elementor-widget-image\" data-id=\"d5d66b3\" data-element_type=\"widget\" data-e-type=\"widget\" data-widget_type=\"image.default\">\n\t\t\t\t<div class=\"elementor-widget-container\">\n\t\t\t\t\t\t\t\t\t\t\t\t\t\t\t<img decoding=\"async\" width=\"800\" height=\"533\" src=\"https:\/\/blinkbcn.com\/wp-content\/uploads\/2023\/04\/3-1024x682.jpg\" class=\"attachment-large size-large wp-image-567\" alt=\"\" srcset=\"https:\/\/blinkbcn.com\/wp-content\/uploads\/2023\/04\/3-1024x682.jpg 1024w, https:\/\/blinkbcn.com\/wp-content\/uploads\/2023\/04\/3-300x200.jpg 300w, https:\/\/blinkbcn.com\/wp-content\/uploads\/2023\/04\/3-768x512.jpg 768w, https:\/\/blinkbcn.com\/wp-content\/uploads\/2023\/04\/3.jpg 1280w\" sizes=\"(max-width: 800px) 100vw, 800px\" \/>\t\t\t\t\t\t\t\t\t\t\t\t\t\t\t<\/div>\n\t\t\t\t<\/div>\n\t\t\t\t<\/div>\n\t\t<div class=\"elementor-element elementor-element-f134682 e-flex e-con-boxed e-con e-child\" data-id=\"f134682\" data-element_type=\"container\" data-e-type=\"container\">\n\t\t\t\t\t<div class=\"e-con-inner\">\n\t\t\t\t<div class=\"elementor-element elementor-element-5f74d4f elementor-widget elementor-widget-heading\" data-id=\"5f74d4f\" data-element_type=\"widget\" data-e-type=\"widget\" data-widget_type=\"heading.default\">\n\t\t\t\t<div class=\"elementor-widget-container\">\n\t\t\t\t\t<h2 class=\"elementor-heading-title elementor-size-default\">Biodiversidad, medio ambiente y cambio clim\u00e1tico<\/h2>\t\t\t\t<\/div>\n\t\t\t\t<\/div>\n\t\t\t\t<div class=\"elementor-element elementor-element-fe3d8ca elementor-widget elementor-widget-text-editor\" data-id=\"fe3d8ca\" data-element_type=\"widget\" data-e-type=\"widget\" data-widget_type=\"text-editor.default\">\n\t\t\t\t<div class=\"elementor-widget-container\">\n\t\t\t\t\t\t\t\t\t<p>El cambio clim\u00e1tico sumado a la p\u00e9rdida de biodiversidad son los grandes retos ambientales mundiales de la humanidad. Contar con una sociedad m\u00e1s eficiente con la gesti\u00f3n de los recursos es imprescindible. Estos proyectos tratan de proponer soluciones y minimizar la huella ecol\u00f3gica para conseguir una transformaci\u00f3n de \u00e1reas urbanas y rurales. Reducir las emisiones, fomentar la econom\u00eda circular y proteger los oc\u00e9anos forma parte de este reto.<\/p><p>Conoce algunos de nuestros proyectos:\u00a0<\/p><ul><li><p class=\"elementor-heading-title elementor-size-default\"><a href=\"https:\/\/blinkbcn.com\/es\/proyectos#mpa\">MPA-ENGAGE<\/a><\/p><\/li><li><p class=\"elementor-heading-title elementor-size-default\"><a href=\"https:\/\/blinkbcn.com\/es\/proyectos#med4waste\">MED4WASTE<\/a><\/p><\/li><\/ul>\t\t\t\t\t\t\t\t<\/div>\n\t\t\t\t<\/div>\n\t\t\t\t\t<\/div>\n\t\t\t\t<\/div>\n\t\t\t\t\t<\/div>\n\t\t\t\t<\/div>\n\t\t<div class=\"elementor-element elementor-element-1151097 e-flex e-con-boxed e-con e-parent\" data-id=\"1151097\" data-element_type=\"container\" data-e-type=\"container\" id=\"mobilitat\" data-settings=\"{&quot;background_background&quot;:&quot;classic&quot;}\">\n\t\t\t\t\t<div class=\"e-con-inner\">\n\t\t<div class=\"elementor-element elementor-element-8f9fbe9 e-con-full e-flex e-con e-child\" data-id=\"8f9fbe9\" data-element_type=\"container\" data-e-type=\"container\">\n\t\t\t\t<div class=\"elementor-element elementor-element-d85bb28 elementor-widget elementor-widget-image\" data-id=\"d85bb28\" data-element_type=\"widget\" data-e-type=\"widget\" data-widget_type=\"image.default\">\n\t\t\t\t<div class=\"elementor-widget-container\">\n\t\t\t\t\t\t\t\t\t\t\t\t\t\t\t<img loading=\"lazy\" decoding=\"async\" width=\"800\" height=\"534\" src=\"https:\/\/blinkbcn.com\/wp-content\/uploads\/2023\/04\/4-1024x683.jpg\" class=\"attachment-large size-large wp-image-570\" alt=\"\" srcset=\"https:\/\/blinkbcn.com\/wp-content\/uploads\/2023\/04\/4-1024x683.jpg 1024w, https:\/\/blinkbcn.com\/wp-content\/uploads\/2023\/04\/4-300x200.jpg 300w, https:\/\/blinkbcn.com\/wp-content\/uploads\/2023\/04\/4-768x512.jpg 768w, https:\/\/blinkbcn.com\/wp-content\/uploads\/2023\/04\/4-1536x1024.jpg 1536w, https:\/\/blinkbcn.com\/wp-content\/uploads\/2023\/04\/4-2048x1365.jpg 2048w\" sizes=\"(max-width: 800px) 100vw, 800px\" \/>\t\t\t\t\t\t\t\t\t\t\t\t\t\t\t<\/div>\n\t\t\t\t<\/div>\n\t\t\t\t<\/div>\n\t\t<div class=\"elementor-element elementor-element-29a084f e-flex e-con-boxed e-con e-child\" data-id=\"29a084f\" data-element_type=\"container\" data-e-type=\"container\">\n\t\t\t\t\t<div class=\"e-con-inner\">\n\t\t\t\t<div class=\"elementor-element elementor-element-b46b968 elementor-widget elementor-widget-heading\" data-id=\"b46b968\" data-element_type=\"widget\" data-e-type=\"widget\" data-widget_type=\"heading.default\">\n\t\t\t\t<div class=\"elementor-widget-container\">\n\t\t\t\t\t<h2 class=\"elementor-heading-title elementor-size-default\">Movilidad y cohesi\u00f3n territorial <\/h2>\t\t\t\t<\/div>\n\t\t\t\t<\/div>\n\t\t\t\t<div class=\"elementor-element elementor-element-d842fa8 elementor-widget elementor-widget-text-editor\" data-id=\"d842fa8\" data-element_type=\"widget\" data-e-type=\"widget\" data-widget_type=\"text-editor.default\">\n\t\t\t\t<div class=\"elementor-widget-container\">\n\t\t\t\t\t\t\t\t\t<p>Una movilidad urbana m\u00e1s inteligente y sostenible, el desarrollo socioecon\u00f3mico territorialmente equilibrado dentro de una regi\u00f3n y la accesibilidad de todos los ciudadanos a los servicios e infraestructuras p\u00fablicas son prioridades de la agenda actual. Los proyectos cooperativos englobados en este sector buscan mejorar la cohesi\u00f3n territorial y encontrar nuevas formas que se adapten a las nuevas din\u00e1micas de la poblaci\u00f3n y su movilidad.<\/p><p>Explora nuestros proyectos:<\/p><ul><li><p class=\"elementor-heading-title elementor-size-default\"><a href=\"https:\/\/blinkbcn.com\/es\/proyectos#connect\">CONNECT<\/a><\/p><\/li><li><p class=\"elementor-heading-title elementor-size-default\"><a href=\"https:\/\/blinkbcn.com\/es\/proyectos#panoramed\">PANORAMED<\/a><\/p><\/li><\/ul>\t\t\t\t\t\t\t\t<\/div>\n\t\t\t\t<\/div>\n\t\t\t\t\t<\/div>\n\t\t\t\t<\/div>\n\t\t\t\t\t<\/div>\n\t\t\t\t<\/div>\n\t\t<div class=\"elementor-element elementor-element-b3169fa e-flex e-con-boxed e-con e-parent\" data-id=\"b3169fa\" data-element_type=\"container\" data-e-type=\"container\" id=\"social\" data-settings=\"{&quot;background_background&quot;:&quot;classic&quot;}\">\n\t\t\t\t\t<div class=\"e-con-inner\">\n\t\t<div class=\"elementor-element elementor-element-e6ebdb5 e-con-full e-flex e-con e-child\" data-id=\"e6ebdb5\" data-element_type=\"container\" data-e-type=\"container\">\n\t\t\t\t<div class=\"elementor-element elementor-element-327166c elementor-widget elementor-widget-image\" data-id=\"327166c\" data-element_type=\"widget\" data-e-type=\"widget\" data-widget_type=\"image.default\">\n\t\t\t\t<div class=\"elementor-widget-container\">\n\t\t\t\t\t\t\t\t\t\t\t\t\t\t\t<img loading=\"lazy\" decoding=\"async\" width=\"800\" height=\"450\" src=\"https:\/\/blinkbcn.com\/wp-content\/uploads\/2023\/04\/5-1024x576.jpg\" class=\"attachment-large size-large wp-image-573\" alt=\"\" srcset=\"https:\/\/blinkbcn.com\/wp-content\/uploads\/2023\/04\/5-1024x576.jpg 1024w, https:\/\/blinkbcn.com\/wp-content\/uploads\/2023\/04\/5-300x169.jpg 300w, https:\/\/blinkbcn.com\/wp-content\/uploads\/2023\/04\/5-768x432.jpg 768w, https:\/\/blinkbcn.com\/wp-content\/uploads\/2023\/04\/5-1536x864.jpg 1536w, https:\/\/blinkbcn.com\/wp-content\/uploads\/2023\/04\/5-2048x1152.jpg 2048w\" sizes=\"(max-width: 800px) 100vw, 800px\" \/>\t\t\t\t\t\t\t\t\t\t\t\t\t\t\t<\/div>\n\t\t\t\t<\/div>\n\t\t\t\t<\/div>\n\t\t<div class=\"elementor-element elementor-element-9f5d1c9 e-flex e-con-boxed e-con e-child\" data-id=\"9f5d1c9\" data-element_type=\"container\" data-e-type=\"container\">\n\t\t\t\t\t<div class=\"e-con-inner\">\n\t\t\t\t<div class=\"elementor-element elementor-element-e015f69 elementor-widget elementor-widget-heading\" data-id=\"e015f69\" data-element_type=\"widget\" data-e-type=\"widget\" data-widget_type=\"heading.default\">\n\t\t\t\t<div class=\"elementor-widget-container\">\n\t\t\t\t\t<h2 class=\"elementor-heading-title elementor-size-default\">Sector social<\/h2>\t\t\t\t<\/div>\n\t\t\t\t<\/div>\n\t\t\t\t<div class=\"elementor-element elementor-element-758f1e1 elementor-widget elementor-widget-text-editor\" data-id=\"758f1e1\" data-element_type=\"widget\" data-e-type=\"widget\" data-widget_type=\"text-editor.default\">\n\t\t\t\t<div class=\"elementor-widget-container\">\n\t\t\t\t\t\t\t\t\t<p>Los proyectos relacionados con el sector social quieren mejorar la calidad de vida de las personas, as\u00ed como favorecer la inclusi\u00f3n de los colectivos m\u00e1s vulnerables. Las iniciativas de este sector proponen nuevos modelos sociales e ideas que den respuesta a los principales problemas que afectan a la sociedad. La innovaci\u00f3n social es un factor clave a la hora de conseguir un desarrollo sostenible que beneficie el bienestar de los ciudadanos.<\/p><p>Conoce algunos de los ejemplos:<\/p><ul><li class=\"elementor-heading-title elementor-size-default\"><a href=\"https:\/\/blinkbcn.com\/es\/proyectos#sircles\">SIRCLES<\/a><\/li><li class=\"elementor-heading-title elementor-size-default\"><a href=\"https:\/\/blinkbcn.com\/es\/proyectos#westemeu\">WeSTEMEU<\/a><\/li><\/ul>\t\t\t\t\t\t\t\t<\/div>\n\t\t\t\t<\/div>\n\t\t\t\t\t<\/div>\n\t\t\t\t<\/div>\n\t\t\t\t\t<\/div>\n\t\t\t\t<\/div>\n\t\t<div class=\"elementor-element elementor-element-35698ca e-flex e-con-boxed e-con e-parent\" data-id=\"35698ca\" data-element_type=\"container\" data-e-type=\"container\" id=\"esport\" data-settings=\"{&quot;background_background&quot;:&quot;classic&quot;}\">\n\t\t\t\t\t<div class=\"e-con-inner\">\n\t\t<div class=\"elementor-element elementor-element-c89f018 e-con-full e-flex e-con e-child\" data-id=\"c89f018\" data-element_type=\"container\" data-e-type=\"container\">\n\t\t\t\t<div class=\"elementor-element elementor-element-4cce596 elementor-widget elementor-widget-image\" data-id=\"4cce596\" data-element_type=\"widget\" data-e-type=\"widget\" data-widget_type=\"image.default\">\n\t\t\t\t<div class=\"elementor-widget-container\">\n\t\t\t\t\t\t\t\t\t\t\t\t\t\t\t<img loading=\"lazy\" decoding=\"async\" width=\"800\" height=\"534\" src=\"https:\/\/blinkbcn.com\/wp-content\/uploads\/2023\/04\/6-1024x684.jpg\" class=\"attachment-large size-large wp-image-576\" alt=\"\" srcset=\"https:\/\/blinkbcn.com\/wp-content\/uploads\/2023\/04\/6-1024x684.jpg 1024w, https:\/\/blinkbcn.com\/wp-content\/uploads\/2023\/04\/6-300x200.jpg 300w, https:\/\/blinkbcn.com\/wp-content\/uploads\/2023\/04\/6-768x513.jpg 768w, https:\/\/blinkbcn.com\/wp-content\/uploads\/2023\/04\/6-1536x1025.jpg 1536w, https:\/\/blinkbcn.com\/wp-content\/uploads\/2023\/04\/6-2048x1367.jpg 2048w\" sizes=\"(max-width: 800px) 100vw, 800px\" \/>\t\t\t\t\t\t\t\t\t\t\t\t\t\t\t<\/div>\n\t\t\t\t<\/div>\n\t\t\t\t<\/div>\n\t\t<div class=\"elementor-element elementor-element-a287464 e-flex e-con-boxed e-con e-child\" data-id=\"a287464\" data-element_type=\"container\" data-e-type=\"container\">\n\t\t\t\t\t<div class=\"e-con-inner\">\n\t\t\t\t<div class=\"elementor-element elementor-element-ebcffe0 elementor-widget elementor-widget-heading\" data-id=\"ebcffe0\" data-element_type=\"widget\" data-e-type=\"widget\" data-widget_type=\"heading.default\">\n\t\t\t\t<div class=\"elementor-widget-container\">\n\t\t\t\t\t<h2 class=\"elementor-heading-title elementor-size-default\">Deporte y cultura <\/h2>\t\t\t\t<\/div>\n\t\t\t\t<\/div>\n\t\t\t\t<div class=\"elementor-element elementor-element-9fc19fa elementor-widget elementor-widget-text-editor\" data-id=\"9fc19fa\" data-element_type=\"widget\" data-e-type=\"widget\" data-widget_type=\"text-editor.default\">\n\t\t\t\t<div class=\"elementor-widget-container\">\n\t\t\t\t\t\t\t\t\t<p>Otro de nuestros principales sectores de especializaci\u00f3n son el deporte y la cultura. Trabajamos con proyectos cooperativos que quieren fomentar la cultura y el deporte como herramientas de desarrollo y mejora de la sociedad. En este \u00e1mbito, tambi\u00e9n se encuentran los proyectos educativos y de investigaci\u00f3n. Estos tipos de proyectos buscan, a trav\u00e9s del deporte, la cultura y la educaci\u00f3n, conseguir una sociedad m\u00e1s inclusiva, justa e igualitaria.<\/p>\n<p>Descubre algunos de nuestros proyectos:<\/p>\n<ul>\n<li>\n<p class=\"elementor-heading-title elementor-size-default\"><a href=\"https:\/\/blinkbcn.com\/es\/proyectos#allin\">ALL-IN&amp;WIN<\/a><\/p>\n<\/li>\n<li>\n<p class=\"elementor-heading-title elementor-size-default\"><a href=\"https:\/\/blinkbcn.com\/es\/proyectos#opportunity\">OPPORTUNITY<\/a><\/p>\n<\/li>\n<\/ul>\t\t\t\t\t\t\t\t<\/div>\n\t\t\t\t<\/div>\n\t\t\t\t\t<\/div>\n\t\t\t\t<\/div>\n\t\t\t\t\t<\/div>\n\t\t\t\t<\/div>\n\t\t<div class=\"elementor-element elementor-element-da05874 e-flex e-con-boxed e-con e-parent\" data-id=\"da05874\" data-element_type=\"container\" data-e-type=\"container\">\n\t\t\t\t\t<div class=\"e-con-inner\">\n\t\t\t\t<div class=\"elementor-element elementor-element-677703b elementor-widget elementor-widget-spacer\" data-id=\"677703b\" data-element_type=\"widget\" data-e-type=\"widget\" data-widget_type=\"spacer.default\">\n\t\t\t\t<div class=\"elementor-widget-container\">\n\t\t\t\t\t\t\t<div class=\"elementor-spacer\">\n\t\t\t<div class=\"elementor-spacer-inner\"><\/div>\n\t\t<\/div>\n\t\t\t\t\t\t<\/div>\n\t\t\t\t<\/div>\n\t\t\t\t\t<\/div>\n\t\t\t\t<\/div>\n\t\t\t\t<\/div>\n\t\t","protected":false},"excerpt":{"rendered":"<p>En B.Link somos conscientes de la importancia de apostar por proyectos que buscan un beneficio com\u00fan, dan respuesta a problemas de car\u00e1cter social y defienden los derechos humanos. Por esta raz\u00f3n, contamos con un equipo plural con formaci\u00f3n y experiencia muy variadas y especializado en el asesoramiento de proyectos cooperativos. \u00a1A continuaci\u00f3n, presentamos los sectores [&hellip;]<\/p>\n","protected":false},"author":2,"featured_media":0,"parent":0,"menu_order":0,"comment_status":"closed","ping_status":"closed","template":"","meta":{"footnotes":""},"class_list":["post-723","page","type-page","status-publish","hentry"],"_links":{"self":[{"href":"https:\/\/blinkbcn.com\/es\/wp-json\/wp\/v2\/pages\/723","targetHints":{"allow":["GET"]}}],"collection":[{"href":"https:\/\/blinkbcn.com\/es\/wp-json\/wp\/v2\/pages"}],"about":[{"href":"https:\/\/blinkbcn.com\/es\/wp-json\/wp\/v2\/types\/page"}],"author":[{"embeddable":true,"href":"https:\/\/blinkbcn.com\/es\/wp-json\/wp\/v2\/users\/2"}],"replies":[{"embeddable":true,"href":"https:\/\/blinkbcn.com\/es\/wp-json\/wp\/v2\/comments?post=723"}],"version-history":[{"count":10,"href":"https:\/\/blinkbcn.com\/es\/wp-json\/wp\/v2\/pages\/723\/revisions"}],"predecessor-version":[{"id":2930,"href":"https:\/\/blinkbcn.com\/es\/wp-json\/wp\/v2\/pages\/723\/revisions\/2930"}],"wp:attachment":[{"href":"https:\/\/blinkbcn.com\/es\/wp-json\/wp\/v2\/media?parent=723"}],"curies":[{"name":"wp","href":"https:\/\/api.w.org\/{rel}","templated":true}]}}