{"id":714,"date":"2023-04-26T07:42:07","date_gmt":"2023-04-26T07:42:07","guid":{"rendered":"https:\/\/blinkbcn.com\/responsabilitat-social-i-etica\/"},"modified":"2023-07-03T10:47:27","modified_gmt":"2023-07-03T10:47:27","slug":"responsabildad-social-i-etica","status":"publish","type":"page","link":"https:\/\/blinkbcn.com\/es\/responsabildad-social-i-etica\/","title":{"rendered":"Responsabilidad social y \u00e9tica"},"content":{"rendered":"\t\t<div data-elementor-type=\"wp-page\" data-elementor-id=\"714\" class=\"elementor elementor-714 elementor-261\" data-elementor-post-type=\"page\">\n\t\t\t\t<div class=\"elementor-element elementor-element-e0d490c e-flex e-con-boxed e-con e-parent\" data-id=\"e0d490c\" data-element_type=\"container\" data-e-type=\"container\" data-settings=\"{&quot;background_background&quot;:&quot;classic&quot;}\">\n\t\t\t\t\t<div class=\"e-con-inner\">\n\t\t\t\t<div class=\"elementor-element elementor-element-6c561d1 elementor-widget elementor-widget-heading\" data-id=\"6c561d1\" data-element_type=\"widget\" data-e-type=\"widget\" data-widget_type=\"heading.default\">\n\t\t\t\t<div class=\"elementor-widget-container\">\n\t\t\t\t\t<h1 class=\"elementor-heading-title elementor-size-default\">Responsabilidad social y \u00e9tica<\/h1>\t\t\t\t<\/div>\n\t\t\t\t<\/div>\n\t\t\t\t\t<\/div>\n\t\t\t\t<\/div>\n\t\t<div class=\"elementor-element elementor-element-110c314 e-flex e-con-boxed e-con e-parent\" data-id=\"110c314\" data-element_type=\"container\" data-e-type=\"container\">\n\t\t\t\t\t<div class=\"e-con-inner\">\n\t\t\t\t<div class=\"elementor-element elementor-element-c3d66ed elementor-widget elementor-widget-image\" data-id=\"c3d66ed\" data-element_type=\"widget\" data-e-type=\"widget\" data-widget_type=\"image.default\">\n\t\t\t\t<div class=\"elementor-widget-container\">\n\t\t\t\t\t\t\t\t\t\t\t\t\t\t\t<img fetchpriority=\"high\" decoding=\"async\" width=\"800\" height=\"450\" src=\"https:\/\/blinkbcn.com\/wp-content\/uploads\/2023\/06\/Woods-view-with-sun-light-1109355-1024x576.webp\" class=\"attachment-large size-large wp-image-819\" alt=\"\" srcset=\"https:\/\/blinkbcn.com\/wp-content\/uploads\/2023\/06\/Woods-view-with-sun-light-1109355-1024x576.webp 1024w, https:\/\/blinkbcn.com\/wp-content\/uploads\/2023\/06\/Woods-view-with-sun-light-1109355-300x169.webp 300w, https:\/\/blinkbcn.com\/wp-content\/uploads\/2023\/06\/Woods-view-with-sun-light-1109355-768x432.webp 768w, https:\/\/blinkbcn.com\/wp-content\/uploads\/2023\/06\/Woods-view-with-sun-light-1109355.webp 1440w\" sizes=\"(max-width: 800px) 100vw, 800px\" \/>\t\t\t\t\t\t\t\t\t\t\t\t\t\t\t<\/div>\n\t\t\t\t<\/div>\n\t\t\t\t<div class=\"elementor-element elementor-element-d328e23 elementor-widget elementor-widget-heading\" data-id=\"d328e23\" data-element_type=\"widget\" data-e-type=\"widget\" data-widget_type=\"heading.default\">\n\t\t\t\t<div class=\"elementor-widget-container\">\n\t\t\t\t\t<h2 class=\"elementor-heading-title elementor-size-default\">Nos define el impacto de nuestros proyectos <\/h2>\t\t\t\t<\/div>\n\t\t\t\t<\/div>\n\t\t\t\t<div class=\"elementor-element elementor-element-ad14c9a elementor-widget elementor-widget-text-editor\" data-id=\"ad14c9a\" data-element_type=\"widget\" data-e-type=\"widget\" data-widget_type=\"text-editor.default\">\n\t\t\t\t<div class=\"elementor-widget-container\">\n\t\t\t\t\t\t\t\t\t<p>Actuar de manera responsable desde la perspectiva social y medioambiental es uno de los pilares fundamentales de nuestra filosof\u00eda como empresa. B.Link apoya y se implica en proyectos transformadores que mejoran el bienestar de la sociedad y la salud del planeta, alineados con la agenda por el cambio de las principales organizaciones internacionales.<\/p><p>Combatir la pobreza, reducir las desigualdades, fomentar la salud y el bienestar, trabajar para vivir en ciudades y comunidades m\u00e1s sostenibles o bien potenciar la inclusi\u00f3n social de la gente mayor, personas con discapacidad, migrantes y otros colectivos vulnerables. Estos son solo algunos de los aspectos que tratan de mejorar o lograr los proyectos con los cuales trabajamos y en los que creemos firmemente.<\/p><p>Nuestra misi\u00f3n es ayudar a los agentes del cambio a construir una sociedad m\u00e1s equitativa, sostenible y justa.<\/p><p><strong>\u00a1Trabajamos por un impacto social y medioambiental positivo!<\/strong><\/p>\t\t\t\t\t\t\t\t<\/div>\n\t\t\t\t<\/div>\n\t\t\t\t\t<\/div>\n\t\t\t\t<\/div>\n\t\t<div class=\"elementor-element elementor-element-9af0204 e-flex e-con-boxed e-con e-parent\" data-id=\"9af0204\" data-element_type=\"container\" data-e-type=\"container\">\n\t\t\t\t\t<div class=\"e-con-inner\">\n\t\t<div class=\"elementor-element elementor-element-5ac8b6d e-con-full e-flex e-con e-child\" data-id=\"5ac8b6d\" data-element_type=\"container\" data-e-type=\"container\">\n\t\t\t\t<div class=\"elementor-element elementor-element-67e4fb9 elementor-widget elementor-widget-image\" data-id=\"67e4fb9\" data-element_type=\"widget\" data-e-type=\"widget\" data-widget_type=\"image.default\">\n\t\t\t\t<div class=\"elementor-widget-container\">\n\t\t\t\t\t\t\t\t\t\t\t\t\t\t\t<img decoding=\"async\" width=\"800\" height=\"534\" src=\"https:\/\/blinkbcn.com\/wp-content\/uploads\/2023\/06\/pexels-quang-nguyen-vinh-2161449-1024x683.jpg\" class=\"attachment-large size-large wp-image-1406\" alt=\"\" srcset=\"https:\/\/blinkbcn.com\/wp-content\/uploads\/2023\/06\/pexels-quang-nguyen-vinh-2161449-1024x683.jpg 1024w, https:\/\/blinkbcn.com\/wp-content\/uploads\/2023\/06\/pexels-quang-nguyen-vinh-2161449-300x200.jpg 300w, https:\/\/blinkbcn.com\/wp-content\/uploads\/2023\/06\/pexels-quang-nguyen-vinh-2161449-768x512.jpg 768w, https:\/\/blinkbcn.com\/wp-content\/uploads\/2023\/06\/pexels-quang-nguyen-vinh-2161449-1536x1025.jpg 1536w, https:\/\/blinkbcn.com\/wp-content\/uploads\/2023\/06\/pexels-quang-nguyen-vinh-2161449-2048x1366.jpg 2048w\" sizes=\"(max-width: 800px) 100vw, 800px\" \/>\t\t\t\t\t\t\t\t\t\t\t\t\t\t\t<\/div>\n\t\t\t\t<\/div>\n\t\t\t\t<\/div>\n\t\t<div class=\"elementor-element elementor-element-71a97b6 e-con-full e-flex e-con e-child\" data-id=\"71a97b6\" data-element_type=\"container\" data-e-type=\"container\">\n\t\t\t\t<div class=\"elementor-element elementor-element-cab536a elementor-widget elementor-widget-heading\" data-id=\"cab536a\" data-element_type=\"widget\" data-e-type=\"widget\" data-widget_type=\"heading.default\">\n\t\t\t\t<div class=\"elementor-widget-container\">\n\t\t\t\t\t<h2 class=\"elementor-heading-title elementor-size-default\">Una relaci\u00f3n estrecha y de confianza <\/h2>\t\t\t\t<\/div>\n\t\t\t\t<\/div>\n\t\t\t\t<div class=\"elementor-element elementor-element-1751542 elementor-widget elementor-widget-text-editor\" data-id=\"1751542\" data-element_type=\"widget\" data-e-type=\"widget\" data-widget_type=\"text-editor.default\">\n\t\t\t\t<div class=\"elementor-widget-container\">\n\t\t\t\t\t\t\t\t\t<p>La naturaleza de los proyectos europeos es compleja y se caracteriza por plazos ajustados, picos de trabajo de alta intensidad, gesti\u00f3n de escenarios inciertos, etc. Para abordar estas situaciones de manera eficiente, la apuesta de B.Link es crear v\u00ednculos estrechos con el cliente y relaciones de confianza que van mucho m\u00e1s all\u00e1 de la simple prestaci\u00f3n de un servicio. Nuestro equipo se hace suyos los proyectos de los clientes y se implica como un socio m\u00e1s en todas sus fases, garantizando proximidad, empat\u00eda y compromiso para asegurar resultados satisfactorios.<\/p>\t\t\t\t\t\t\t\t<\/div>\n\t\t\t\t<\/div>\n\t\t\t\t<\/div>\n\t\t\t\t\t<\/div>\n\t\t\t\t<\/div>\n\t\t\t\t<\/div>\n\t\t","protected":false},"excerpt":{"rendered":"<p>Nos define el impacto de nuestros proyectos Actuar de manera responsable desde la perspectiva social y medioambiental es uno de los pilares fundamentales de nuestra filosof\u00eda como empresa. B.Link apoya y se implica en proyectos transformadores que mejoran el bienestar de la sociedad y la salud del planeta, alineados con la agenda por el cambio [&hellip;]<\/p>\n","protected":false},"author":2,"featured_media":0,"parent":0,"menu_order":0,"comment_status":"closed","ping_status":"closed","template":"","meta":{"footnotes":""},"class_list":["post-714","page","type-page","status-publish","hentry"],"_links":{"self":[{"href":"https:\/\/blinkbcn.com\/es\/wp-json\/wp\/v2\/pages\/714","targetHints":{"allow":["GET"]}}],"collection":[{"href":"https:\/\/blinkbcn.com\/es\/wp-json\/wp\/v2\/pages"}],"about":[{"href":"https:\/\/blinkbcn.com\/es\/wp-json\/wp\/v2\/types\/page"}],"author":[{"embeddable":true,"href":"https:\/\/blinkbcn.com\/es\/wp-json\/wp\/v2\/users\/2"}],"replies":[{"embeddable":true,"href":"https:\/\/blinkbcn.com\/es\/wp-json\/wp\/v2\/comments?post=714"}],"version-history":[{"count":0,"href":"https:\/\/blinkbcn.com\/es\/wp-json\/wp\/v2\/pages\/714\/revisions"}],"wp:attachment":[{"href":"https:\/\/blinkbcn.com\/es\/wp-json\/wp\/v2\/media?parent=714"}],"curies":[{"name":"wp","href":"https:\/\/api.w.org\/{rel}","templated":true}]}}