{"id":708,"date":"2023-04-26T06:32:03","date_gmt":"2023-04-26T06:32:03","guid":{"rendered":"https:\/\/blinkbcn.com\/que-es-b-link\/"},"modified":"2023-11-28T17:15:31","modified_gmt":"2023-11-28T17:15:31","slug":"que-es-b-link","status":"publish","type":"page","link":"https:\/\/blinkbcn.com\/es\/que-es-b-link\/","title":{"rendered":"\u00bfQu\u00e9 es B.Link?"},"content":{"rendered":"\t\t<div data-elementor-type=\"wp-page\" data-elementor-id=\"708\" class=\"elementor elementor-708 elementor-206\" data-elementor-post-type=\"page\">\n\t\t\t\t<div class=\"elementor-element elementor-element-8df3241 e-flex e-con-boxed e-con e-parent\" data-id=\"8df3241\" data-element_type=\"container\" data-e-type=\"container\" data-settings=\"{&quot;background_background&quot;:&quot;classic&quot;}\">\n\t\t\t\t\t<div class=\"e-con-inner\">\n\t\t\t\t<div class=\"elementor-element elementor-element-22ea748 elementor-widget elementor-widget-heading\" data-id=\"22ea748\" data-element_type=\"widget\" data-e-type=\"widget\" data-widget_type=\"heading.default\">\n\t\t\t\t<div class=\"elementor-widget-container\">\n\t\t\t\t\t<h1 class=\"elementor-heading-title elementor-size-default\">\u00bfQu\u00e9 es B.Link?<\/h1>\t\t\t\t<\/div>\n\t\t\t\t<\/div>\n\t\t\t\t\t<\/div>\n\t\t\t\t<\/div>\n\t\t<div class=\"elementor-element elementor-element-b0f4add e-flex e-con-boxed e-con e-parent\" data-id=\"b0f4add\" data-element_type=\"container\" data-e-type=\"container\">\n\t\t\t\t\t<div class=\"e-con-inner\">\n\t\t<div class=\"elementor-element elementor-element-b30d9e2 e-con-full e-flex e-con e-child\" data-id=\"b30d9e2\" data-element_type=\"container\" data-e-type=\"container\">\n\t\t\t\t<div class=\"elementor-element elementor-element-40899d1 elementor-widget elementor-widget-heading\" data-id=\"40899d1\" data-element_type=\"widget\" data-e-type=\"widget\" data-widget_type=\"heading.default\">\n\t\t\t\t<div class=\"elementor-widget-container\">\n\t\t\t\t\t<h2 class=\"elementor-heading-title elementor-size-default\">Conoce B.Link<\/h2>\t\t\t\t<\/div>\n\t\t\t\t<\/div>\n\t\t\t\t<div class=\"elementor-element elementor-element-de4501c elementor-widget elementor-widget-text-editor\" data-id=\"de4501c\" data-element_type=\"widget\" data-e-type=\"widget\" data-widget_type=\"text-editor.default\">\n\t\t\t\t<div class=\"elementor-widget-container\">\n\t\t\t\t\t\t\t\t\t<p>B.Link es una empresa de consultor\u00eda experta en fondos europeos y otras instituciones internacionales. Asesoramos y acompa\u00f1amos a nuestros clientes en su estrategia de internacionalizaci\u00f3n y durante todo el ciclo del proyecto.<\/p>\t\t\t\t\t\t\t\t<\/div>\n\t\t\t\t<\/div>\n\t\t\t\t<div class=\"elementor-element elementor-element-add2701 elementor-widget elementor-widget-text-editor\" data-id=\"add2701\" data-element_type=\"widget\" data-e-type=\"widget\" data-widget_type=\"text-editor.default\">\n\t\t\t\t<div class=\"elementor-widget-container\">\n\t\t\t\t\t\t\t\t\t<p>Ofreciendo apoyo individualizado a entidades p\u00fablicas y privadas desde 2014, en B.Link estamos especializados en la obtenci\u00f3n y gesti\u00f3n de financiamiento para impulsar proyectos de cooperaci\u00f3n que persiguen el cumplimiento de la Agenda de la Uni\u00f3n Europea, el Pacto Verde Europeo, el Pilar Europeo de los Derechos Sociales o la Pol\u00edtica de Cohesi\u00f3n.<\/p><p>Desde nuestra oficina en Barcelona apoyamos la implementaci\u00f3n de proyectos de m\u00faltiples sectores y tem\u00e1ticas en pa\u00edses de todo Europa y del Mediterr\u00e1neo.<\/p>\t\t\t\t\t\t\t\t<\/div>\n\t\t\t\t<\/div>\n\t\t\t\t<\/div>\n\t\t<div class=\"elementor-element elementor-element-24db104 e-con-full e-flex e-con e-child\" data-id=\"24db104\" data-element_type=\"container\" data-e-type=\"container\">\n\t\t\t\t<div class=\"elementor-element elementor-element-34908ff elementor-widget elementor-widget-image\" data-id=\"34908ff\" data-element_type=\"widget\" data-e-type=\"widget\" data-widget_type=\"image.default\">\n\t\t\t\t<div class=\"elementor-widget-container\">\n\t\t\t\t\t\t\t\t\t\t\t\t\t\t\t<img fetchpriority=\"high\" decoding=\"async\" width=\"800\" height=\"600\" src=\"https:\/\/blinkbcn.com\/wp-content\/uploads\/2023\/06\/sam-chang-L6xHmv2R3G4-unsplash-1024x768.jpg\" class=\"attachment-large size-large wp-image-1385\" alt=\"\" srcset=\"https:\/\/blinkbcn.com\/wp-content\/uploads\/2023\/06\/sam-chang-L6xHmv2R3G4-unsplash-1024x768.jpg 1024w, https:\/\/blinkbcn.com\/wp-content\/uploads\/2023\/06\/sam-chang-L6xHmv2R3G4-unsplash-300x225.jpg 300w, https:\/\/blinkbcn.com\/wp-content\/uploads\/2023\/06\/sam-chang-L6xHmv2R3G4-unsplash-768x576.jpg 768w, https:\/\/blinkbcn.com\/wp-content\/uploads\/2023\/06\/sam-chang-L6xHmv2R3G4-unsplash-1536x1152.jpg 1536w, https:\/\/blinkbcn.com\/wp-content\/uploads\/2023\/06\/sam-chang-L6xHmv2R3G4-unsplash-2048x1536.jpg 2048w\" sizes=\"(max-width: 800px) 100vw, 800px\" \/>\t\t\t\t\t\t\t\t\t\t\t\t\t\t\t<\/div>\n\t\t\t\t<\/div>\n\t\t\t\t<\/div>\n\t\t\t\t\t<\/div>\n\t\t\t\t<\/div>\n\t\t<div class=\"elementor-element elementor-element-24931df e-flex e-con-boxed e-con e-parent\" data-id=\"24931df\" data-element_type=\"container\" data-e-type=\"container\" data-settings=\"{&quot;background_background&quot;:&quot;classic&quot;}\">\n\t\t\t\t\t<div class=\"e-con-inner\">\n\t\t\t\t<div class=\"elementor-element elementor-element-206b850 elementor-widget-mobile__width-initial elementor-widget elementor-widget-counter\" data-id=\"206b850\" data-element_type=\"widget\" data-e-type=\"widget\" data-widget_type=\"counter.default\">\n\t\t\t\t<div class=\"elementor-widget-container\">\n\t\t\t\t\t\t\t<div class=\"elementor-counter\">\n\t\t\t<div class=\"elementor-counter-title\">Proyectos<\/div>\t\t\t<div class=\"elementor-counter-number-wrapper\">\n\t\t\t\t<span class=\"elementor-counter-number-prefix\">+<\/span>\n\t\t\t\t<span class=\"elementor-counter-number\" data-duration=\"2000\" data-to-value=\"110\" data-from-value=\"0\" data-delimiter=\",\">0<\/span>\n\t\t\t\t<span class=\"elementor-counter-number-suffix\"><\/span>\n\t\t\t<\/div>\n\t\t<\/div>\n\t\t\t\t\t\t<\/div>\n\t\t\t\t<\/div>\n\t\t\t\t<div class=\"elementor-element elementor-element-cb8a9d9 elementor-widget-mobile__width-initial elementor-widget elementor-widget-counter\" data-id=\"cb8a9d9\" data-element_type=\"widget\" data-e-type=\"widget\" data-widget_type=\"counter.default\">\n\t\t\t\t<div class=\"elementor-widget-container\">\n\t\t\t\t\t\t\t<div class=\"elementor-counter\">\n\t\t\t<div class=\"elementor-counter-title\">Programas europeos<\/div>\t\t\t<div class=\"elementor-counter-number-wrapper\">\n\t\t\t\t<span class=\"elementor-counter-number-prefix\"><\/span>\n\t\t\t\t<span class=\"elementor-counter-number\" data-duration=\"2000\" data-to-value=\"13\" data-from-value=\"0\" data-delimiter=\",\">0<\/span>\n\t\t\t\t<span class=\"elementor-counter-number-suffix\"><\/span>\n\t\t\t<\/div>\n\t\t<\/div>\n\t\t\t\t\t\t<\/div>\n\t\t\t\t<\/div>\n\t\t\t\t<div class=\"elementor-element elementor-element-7fdcf72 elementor-widget-mobile__width-initial elementor-widget elementor-widget-counter\" data-id=\"7fdcf72\" data-element_type=\"widget\" data-e-type=\"widget\" data-widget_type=\"counter.default\">\n\t\t\t\t<div class=\"elementor-widget-container\">\n\t\t\t\t\t\t\t<div class=\"elementor-counter\">\n\t\t\t<div class=\"elementor-counter-title\">Pa\u00edses<\/div>\t\t\t<div class=\"elementor-counter-number-wrapper\">\n\t\t\t\t<span class=\"elementor-counter-number-prefix\"><\/span>\n\t\t\t\t<span class=\"elementor-counter-number\" data-duration=\"2000\" data-to-value=\"41\" data-from-value=\"0\" data-delimiter=\",\">0<\/span>\n\t\t\t\t<span class=\"elementor-counter-number-suffix\"><\/span>\n\t\t\t<\/div>\n\t\t<\/div>\n\t\t\t\t\t\t<\/div>\n\t\t\t\t<\/div>\n\t\t\t\t<div class=\"elementor-element elementor-element-7a26d39 elementor-widget-mobile__width-initial elementor-widget elementor-widget-counter\" data-id=\"7a26d39\" data-element_type=\"widget\" data-e-type=\"widget\" data-widget_type=\"counter.default\">\n\t\t\t\t<div class=\"elementor-widget-container\">\n\t\t\t\t\t\t\t<div class=\"elementor-counter\">\n\t\t\t<div class=\"elementor-counter-title\">Clientes<\/div>\t\t\t<div class=\"elementor-counter-number-wrapper\">\n\t\t\t\t<span class=\"elementor-counter-number-prefix\">+<\/span>\n\t\t\t\t<span class=\"elementor-counter-number\" data-duration=\"2000\" data-to-value=\"180\" data-from-value=\"0\" data-delimiter=\",\">0<\/span>\n\t\t\t\t<span class=\"elementor-counter-number-suffix\"><\/span>\n\t\t\t<\/div>\n\t\t<\/div>\n\t\t\t\t\t\t<\/div>\n\t\t\t\t<\/div>\n\t\t\t\t\t<\/div>\n\t\t\t\t<\/div>\n\t\t<div class=\"elementor-element elementor-element-c2adece e-flex e-con-boxed e-con e-parent\" data-id=\"c2adece\" data-element_type=\"container\" data-e-type=\"container\">\n\t\t\t\t\t<div class=\"e-con-inner\">\n\t\t<div class=\"elementor-element elementor-element-c3ab055 e-con-full e-flex e-con e-child\" data-id=\"c3ab055\" data-element_type=\"container\" data-e-type=\"container\">\n\t\t\t\t<div class=\"elementor-element elementor-element-a25a2dc elementor-widget elementor-widget-image\" data-id=\"a25a2dc\" data-element_type=\"widget\" data-e-type=\"widget\" data-widget_type=\"image.default\">\n\t\t\t\t<div class=\"elementor-widget-container\">\n\t\t\t\t\t\t\t\t\t\t\t\t\t\t\t<img decoding=\"async\" width=\"678\" height=\"1024\" src=\"https:\/\/blinkbcn.com\/wp-content\/uploads\/2023\/06\/shane-rounce-DNkoNXQti3c-unsplash-678x1024.jpg\" class=\"attachment-large size-large wp-image-1389\" alt=\"\" srcset=\"https:\/\/blinkbcn.com\/wp-content\/uploads\/2023\/06\/shane-rounce-DNkoNXQti3c-unsplash-678x1024.jpg 678w, https:\/\/blinkbcn.com\/wp-content\/uploads\/2023\/06\/shane-rounce-DNkoNXQti3c-unsplash-199x300.jpg 199w, https:\/\/blinkbcn.com\/wp-content\/uploads\/2023\/06\/shane-rounce-DNkoNXQti3c-unsplash-768x1160.jpg 768w, https:\/\/blinkbcn.com\/wp-content\/uploads\/2023\/06\/shane-rounce-DNkoNXQti3c-unsplash-1017x1536.jpg 1017w, https:\/\/blinkbcn.com\/wp-content\/uploads\/2023\/06\/shane-rounce-DNkoNXQti3c-unsplash-1356x2048.jpg 1356w, https:\/\/blinkbcn.com\/wp-content\/uploads\/2023\/06\/shane-rounce-DNkoNXQti3c-unsplash-scaled.jpg 1696w\" sizes=\"(max-width: 678px) 100vw, 678px\" \/>\t\t\t\t\t\t\t\t\t\t\t\t\t\t\t<\/div>\n\t\t\t\t<\/div>\n\t\t\t\t<\/div>\n\t\t<div class=\"elementor-element elementor-element-fb8f18c e-con-full e-flex e-con e-child\" data-id=\"fb8f18c\" data-element_type=\"container\" data-e-type=\"container\">\n\t\t<div class=\"elementor-element elementor-element-0afb48e e-flex e-con-boxed e-con e-child\" data-id=\"0afb48e\" data-element_type=\"container\" data-e-type=\"container\">\n\t\t\t\t\t<div class=\"e-con-inner\">\n\t\t\t\t<div class=\"elementor-element elementor-element-35e8d59 elementor-widget elementor-widget-heading\" data-id=\"35e8d59\" data-element_type=\"widget\" data-e-type=\"widget\" data-widget_type=\"heading.default\">\n\t\t\t\t<div class=\"elementor-widget-container\">\n\t\t\t\t\t<h2 class=\"elementor-heading-title elementor-size-default\">La esencia de B.Link<\/h2>\t\t\t\t<\/div>\n\t\t\t\t<\/div>\n\t\t\t\t<div class=\"elementor-element elementor-element-ab5a6be elementor-widget elementor-widget-text-editor\" data-id=\"ab5a6be\" data-element_type=\"widget\" data-e-type=\"widget\" data-widget_type=\"text-editor.default\">\n\t\t\t\t<div class=\"elementor-widget-container\">\n\t\t\t\t\t\t\t\t\t<p>En B.Link nos gusta definirnos como una empresa de confianza y cercana. Trabajamos estrechamente con los clientes y las entidades que colaboran en cada proyecto, y apostamos por un trato personalizado e individualizado.<\/p><p><br \/>Nuestro equipo multidisciplinario y pluriling\u00fce est\u00e1 formado por profesionales de nacionalidades diversas expertos en el desarrollo de negocio internacional que, de manera emp\u00e1tica y resolutiva, garantizan profesionalidad, conocimiento y experiencia en el acompa\u00f1amiento y la gesti\u00f3n de los proyectos.<\/p>\t\t\t\t\t\t\t\t<\/div>\n\t\t\t\t<\/div>\n\t\t\t\t\t<\/div>\n\t\t\t\t<\/div>\n\t\t<div class=\"elementor-element elementor-element-a162a4b e-con-full elementor-hidden-mobile e-flex e-con e-child\" data-id=\"a162a4b\" data-element_type=\"container\" data-e-type=\"container\">\n\t\t\t\t<div class=\"elementor-element elementor-element-6653208 elementor-widget elementor-widget-image\" data-id=\"6653208\" data-element_type=\"widget\" data-e-type=\"widget\" data-widget_type=\"image.default\">\n\t\t\t\t<div class=\"elementor-widget-container\">\n\t\t\t\t\t\t\t\t\t\t\t\t\t\t\t<img decoding=\"async\" width=\"800\" height=\"534\" src=\"https:\/\/blinkbcn.com\/wp-content\/uploads\/2023\/06\/pexels-pixabay-432786-1024x683.jpg\" class=\"attachment-large size-large wp-image-1394\" alt=\"\" srcset=\"https:\/\/blinkbcn.com\/wp-content\/uploads\/2023\/06\/pexels-pixabay-432786-1024x683.jpg 1024w, https:\/\/blinkbcn.com\/wp-content\/uploads\/2023\/06\/pexels-pixabay-432786-300x200.jpg 300w, https:\/\/blinkbcn.com\/wp-content\/uploads\/2023\/06\/pexels-pixabay-432786-768x512.jpg 768w, https:\/\/blinkbcn.com\/wp-content\/uploads\/2023\/06\/pexels-pixabay-432786-1536x1024.jpg 1536w, https:\/\/blinkbcn.com\/wp-content\/uploads\/2023\/06\/pexels-pixabay-432786-2048x1365.jpg 2048w\" sizes=\"(max-width: 800px) 100vw, 800px\" \/>\t\t\t\t\t\t\t\t\t\t\t\t\t\t\t<\/div>\n\t\t\t\t<\/div>\n\t\t\t\t<\/div>\n\t\t<div class=\"elementor-element elementor-element-22a3670 e-con-full elementor-hidden-mobile e-flex e-con e-child\" data-id=\"22a3670\" data-element_type=\"container\" data-e-type=\"container\">\n\t\t\t\t<div class=\"elementor-element elementor-element-538843f elementor-widget elementor-widget-image\" data-id=\"538843f\" data-element_type=\"widget\" data-e-type=\"widget\" data-widget_type=\"image.default\">\n\t\t\t\t<div class=\"elementor-widget-container\">\n\t\t\t\t\t\t\t\t\t\t\t\t\t\t\t<img loading=\"lazy\" decoding=\"async\" width=\"800\" height=\"534\" src=\"https:\/\/blinkbcn.com\/wp-content\/uploads\/2023\/06\/pexels-akil-mazumder-1072824-1024x683.jpg\" class=\"attachment-large size-large wp-image-1398\" alt=\"\" srcset=\"https:\/\/blinkbcn.com\/wp-content\/uploads\/2023\/06\/pexels-akil-mazumder-1072824-1024x683.jpg 1024w, https:\/\/blinkbcn.com\/wp-content\/uploads\/2023\/06\/pexels-akil-mazumder-1072824-300x200.jpg 300w, https:\/\/blinkbcn.com\/wp-content\/uploads\/2023\/06\/pexels-akil-mazumder-1072824-768x512.jpg 768w, https:\/\/blinkbcn.com\/wp-content\/uploads\/2023\/06\/pexels-akil-mazumder-1072824-1536x1024.jpg 1536w, https:\/\/blinkbcn.com\/wp-content\/uploads\/2023\/06\/pexels-akil-mazumder-1072824-2048x1365.jpg 2048w\" sizes=\"(max-width: 800px) 100vw, 800px\" \/>\t\t\t\t\t\t\t\t\t\t\t\t\t\t\t<\/div>\n\t\t\t\t<\/div>\n\t\t\t\t<\/div>\n\t\t\t\t<\/div>\n\t\t\t\t\t<\/div>\n\t\t\t\t<\/div>\n\t\t<div class=\"elementor-element elementor-element-eb0ed08 e-flex e-con-boxed e-con e-parent\" data-id=\"eb0ed08\" data-element_type=\"container\" data-e-type=\"container\">\n\t\t\t\t\t<div class=\"e-con-inner\">\n\t\t<div class=\"elementor-element elementor-element-671df6d e-con-full e-flex e-con e-child\" data-id=\"671df6d\" data-element_type=\"container\" data-e-type=\"container\">\n\t\t<div class=\"elementor-element elementor-element-1036b92 e-con-full e-flex e-con e-child\" data-id=\"1036b92\" data-element_type=\"container\" data-e-type=\"container\">\n\t\t\t\t<div class=\"elementor-element elementor-element-28503e6 elementor-widget elementor-widget-image\" data-id=\"28503e6\" data-element_type=\"widget\" data-e-type=\"widget\" data-widget_type=\"image.default\">\n\t\t\t\t<div class=\"elementor-widget-container\">\n\t\t\t\t\t\t\t\t\t\t\t\t\t\t\t<img loading=\"lazy\" decoding=\"async\" width=\"800\" height=\"800\" src=\"https:\/\/blinkbcn.com\/wp-content\/uploads\/2023\/06\/pexels-aleksey-kuprikov-3493777-1024x1024.jpg\" class=\"attachment-large size-large wp-image-1402\" alt=\"\" srcset=\"https:\/\/blinkbcn.com\/wp-content\/uploads\/2023\/06\/pexels-aleksey-kuprikov-3493777-1024x1024.jpg 1024w, https:\/\/blinkbcn.com\/wp-content\/uploads\/2023\/06\/pexels-aleksey-kuprikov-3493777-300x300.jpg 300w, https:\/\/blinkbcn.com\/wp-content\/uploads\/2023\/06\/pexels-aleksey-kuprikov-3493777-150x150.jpg 150w, https:\/\/blinkbcn.com\/wp-content\/uploads\/2023\/06\/pexels-aleksey-kuprikov-3493777-768x768.jpg 768w, https:\/\/blinkbcn.com\/wp-content\/uploads\/2023\/06\/pexels-aleksey-kuprikov-3493777-1536x1536.jpg 1536w, https:\/\/blinkbcn.com\/wp-content\/uploads\/2023\/06\/pexels-aleksey-kuprikov-3493777-2048x2048.jpg 2048w\" sizes=\"(max-width: 800px) 100vw, 800px\" \/>\t\t\t\t\t\t\t\t\t\t\t\t\t\t\t<\/div>\n\t\t\t\t<\/div>\n\t\t\t\t<\/div>\n\t\t\t\t<\/div>\n\t\t<div class=\"elementor-element elementor-element-e76c0a0 e-con-full e-flex e-con e-child\" data-id=\"e76c0a0\" data-element_type=\"container\" data-e-type=\"container\">\n\t\t\t\t<div class=\"elementor-element elementor-element-97bf143 elementor-widget elementor-widget-heading\" data-id=\"97bf143\" data-element_type=\"widget\" data-e-type=\"widget\" data-widget_type=\"heading.default\">\n\t\t\t\t<div class=\"elementor-widget-container\">\n\t\t\t\t\t<h2 class=\"elementor-heading-title elementor-size-default\">Sentimos los proyectos como nuestros<\/h2>\t\t\t\t<\/div>\n\t\t\t\t<\/div>\n\t\t\t\t<div class=\"elementor-element elementor-element-e241c40 elementor-widget elementor-widget-text-editor\" data-id=\"e241c40\" data-element_type=\"widget\" data-e-type=\"widget\" data-widget_type=\"text-editor.default\">\n\t\t\t\t<div class=\"elementor-widget-container\">\n\t\t\t\t\t\t\t\t\t<p>Dedicaci\u00f3n, entrega y compromiso con los proyectos. Estos tres factores son claves para definir la tarea que realizamos en B.Link y su relaci\u00f3n con las iniciativas que apoyamos, desde la fase m\u00e1s inicial de la formulaci\u00f3n de propuesta hasta la evaluaci\u00f3n y el cierre.<\/p><p><br \/>En B.Link nos adentramos en los proyectos para atender todas las solicitudes del cliente, ofrecer nuestro apoyo, proponer soluciones, facilitar las tareas y gestiones y, en definitiva, asegurar su buen funcionamiento.<\/p>\t\t\t\t\t\t\t\t<\/div>\n\t\t\t\t<\/div>\n\t\t\t\t<\/div>\n\t\t\t\t\t<\/div>\n\t\t\t\t<\/div>\n\t\t<div class=\"elementor-element elementor-element-cb07f8e e-flex e-con-boxed e-con e-parent\" data-id=\"cb07f8e\" data-element_type=\"container\" data-e-type=\"container\">\n\t\t\t\t\t<div class=\"e-con-inner\">\n\t\t\t\t<div class=\"elementor-element elementor-element-5cd68e9 elementor-headline--style-highlight elementor-widget elementor-widget-animated-headline\" data-id=\"5cd68e9\" data-element_type=\"widget\" data-e-type=\"widget\" data-settings=\"{&quot;marker&quot;:&quot;underline&quot;,&quot;highlighted_text&quot;:&quot;\\u00a1Creemos y apostamos &quot;,&quot;headline_style&quot;:&quot;highlight&quot;,&quot;highlight_animation_duration&quot;:1200}\" data-widget_type=\"animated-headline.default\">\n\t\t\t\t<div class=\"elementor-widget-container\">\n\t\t\t\t\t\t\t<h3 class=\"elementor-headline\">\n\t\t\t\t<span class=\"elementor-headline-dynamic-wrapper elementor-headline-text-wrapper\">\n\t\t\t\t\t<span class=\"elementor-headline-dynamic-text elementor-headline-text-active\">\u00a1Creemos y apostamos <\/span>\n\t\t\t\t<\/span>\n\t\t\t\t\t<span class=\"elementor-headline-plain-text elementor-headline-text-wrapper\">por las iniciativas con las que trabajamos!<\/span>\n\t\t\t\t\t<\/h3>\n\t\t\t\t\t\t<\/div>\n\t\t\t\t<\/div>\n\t\t\t\t\t<\/div>\n\t\t\t\t<\/div>\n\t\t\t\t<\/div>\n\t\t","protected":false},"excerpt":{"rendered":"<p>Conoce B.Link B.Link es una empresa de consultor\u00eda experta en fondos europeos y otras instituciones internacionales. Asesoramos y acompa\u00f1amos a nuestros clientes en su estrategia de internacionalizaci\u00f3n y durante todo el ciclo del proyecto. Ofreciendo apoyo individualizado a entidades p\u00fablicas y privadas desde 2014, en B.Link estamos especializados en la obtenci\u00f3n y gesti\u00f3n de financiamiento [&hellip;]<\/p>\n","protected":false},"author":2,"featured_media":0,"parent":0,"menu_order":0,"comment_status":"closed","ping_status":"closed","template":"","meta":{"footnotes":""},"class_list":["post-708","page","type-page","status-publish","hentry"],"_links":{"self":[{"href":"https:\/\/blinkbcn.com\/es\/wp-json\/wp\/v2\/pages\/708","targetHints":{"allow":["GET"]}}],"collection":[{"href":"https:\/\/blinkbcn.com\/es\/wp-json\/wp\/v2\/pages"}],"about":[{"href":"https:\/\/blinkbcn.com\/es\/wp-json\/wp\/v2\/types\/page"}],"author":[{"embeddable":true,"href":"https:\/\/blinkbcn.com\/es\/wp-json\/wp\/v2\/users\/2"}],"replies":[{"embeddable":true,"href":"https:\/\/blinkbcn.com\/es\/wp-json\/wp\/v2\/comments?post=708"}],"version-history":[{"count":10,"href":"https:\/\/blinkbcn.com\/es\/wp-json\/wp\/v2\/pages\/708\/revisions"}],"predecessor-version":[{"id":3221,"href":"https:\/\/blinkbcn.com\/es\/wp-json\/wp\/v2\/pages\/708\/revisions\/3221"}],"wp:attachment":[{"href":"https:\/\/blinkbcn.com\/es\/wp-json\/wp\/v2\/media?parent=708"}],"curies":[{"name":"wp","href":"https:\/\/api.w.org\/{rel}","templated":true}]}}