{"id":5056,"date":"2025-05-30T14:37:53","date_gmt":"2025-05-30T14:37:53","guid":{"rendered":"https:\/\/blinkbcn.com\/?page_id=5056"},"modified":"2025-10-21T11:55:57","modified_gmt":"2025-10-21T11:55:57","slug":"regenera4med","status":"publish","type":"page","link":"https:\/\/blinkbcn.com\/es\/regenera4med\/","title":{"rendered":"Regenera4MED"},"content":{"rendered":"\t\t<div data-elementor-type=\"wp-page\" data-elementor-id=\"5056\" class=\"elementor elementor-5056 elementor-5006\" data-elementor-post-type=\"page\">\n\t\t\t\t<div class=\"elementor-element elementor-element-29945c4f e-flex e-con-boxed e-con e-parent\" data-id=\"29945c4f\" data-element_type=\"container\" data-e-type=\"container\" data-settings=\"{&quot;background_background&quot;:&quot;classic&quot;}\">\n\t\t\t\t\t<div class=\"e-con-inner\">\n\t\t<div class=\"elementor-element elementor-element-76b715d4 e-con-full e-flex e-con e-child\" data-id=\"76b715d4\" data-element_type=\"container\" data-e-type=\"container\">\n\t\t\t\t<div class=\"elementor-element elementor-element-34228017 elementor-widget elementor-widget-heading\" data-id=\"34228017\" data-element_type=\"widget\" data-e-type=\"widget\" data-widget_type=\"heading.default\">\n\t\t\t\t<div class=\"elementor-widget-container\">\n\t\t\t\t\t<h1 class=\"elementor-heading-title elementor-size-default\">Regenera4MED<\/h1>\t\t\t\t<\/div>\n\t\t\t\t<\/div>\n\t\t\t\t<div class=\"elementor-element elementor-element-58df2730 elementor-widget elementor-widget-heading\" data-id=\"58df2730\" data-element_type=\"widget\" data-e-type=\"widget\" data-widget_type=\"heading.default\">\n\t\t\t\t<div class=\"elementor-widget-container\">\n\t\t\t\t\t<h5 class=\"elementor-heading-title elementor-size-default\">Towards a Mediterranean model of Regenerative Tourism as Climate Change adaptation and risk prevention<\/h5>\t\t\t\t<\/div>\n\t\t\t\t<\/div>\n\t\t\t\t<\/div>\n\t\t\t\t\t<\/div>\n\t\t\t\t<\/div>\n\t\t<div class=\"elementor-element elementor-element-562658c e-flex e-con-boxed e-con e-parent\" data-id=\"562658c\" data-element_type=\"container\" data-e-type=\"container\">\n\t\t\t\t\t<div class=\"e-con-inner\">\n\t\t\t\t<div class=\"elementor-element elementor-element-5bd67c6 elementor-widget elementor-widget-image\" data-id=\"5bd67c6\" data-element_type=\"widget\" data-e-type=\"widget\" data-widget_type=\"image.default\">\n\t\t\t\t<div class=\"elementor-widget-container\">\n\t\t\t\t\t\t\t\t\t\t\t\t\t\t\t<img decoding=\"async\" src=\"https:\/\/blinkbcn.com\/wp-content\/uploads\/elementor\/thumbs\/Interreg_Euro_MED_Standard_Logo_RGB_EN-r6drwnj195inu3xqompknvn3zbaufjbetp7whz6pcg.jpg\" title=\"Interreg_Euro_MED_Standard_Logo_RGB_EN\" alt=\"Interreg_Euro_MED_Standard_Logo_RGB_EN\" loading=\"lazy\" \/>\t\t\t\t\t\t\t\t\t\t\t\t\t\t\t<\/div>\n\t\t\t\t<\/div>\n\t\t\t\t\t<\/div>\n\t\t\t\t<\/div>\n\t\t<div class=\"elementor-element elementor-element-54857749 e-flex e-con-boxed e-con e-parent\" data-id=\"54857749\" data-element_type=\"container\" data-e-type=\"container\" data-settings=\"{&quot;background_background&quot;:&quot;classic&quot;}\">\n\t\t\t\t\t<div class=\"e-con-inner\">\n\t\t<div class=\"elementor-element elementor-element-15ae55b e-con-full e-flex e-con e-child\" data-id=\"15ae55b\" data-element_type=\"container\" data-e-type=\"container\" data-settings=\"{&quot;background_background&quot;:&quot;classic&quot;}\">\n\t\t\t\t<div class=\"elementor-element elementor-element-96494bc elementor-icon-list--layout-traditional elementor-list-item-link-full_width elementor-widget elementor-widget-icon-list\" data-id=\"96494bc\" data-element_type=\"widget\" data-e-type=\"widget\" data-widget_type=\"icon-list.default\">\n\t\t\t\t<div class=\"elementor-widget-container\">\n\t\t\t\t\t\t\t<ul class=\"elementor-icon-list-items\">\n\t\t\t\t\t\t\t<li class=\"elementor-icon-list-item\">\n\t\t\t\t\t\t\t\t\t\t\t<span class=\"elementor-icon-list-icon\">\n\t\t\t\t\t\t\t<svg aria-hidden=\"true\" class=\"e-font-icon-svg e-fas-play-circle\" viewBox=\"0 0 512 512\" xmlns=\"http:\/\/www.w3.org\/2000\/svg\"><path d=\"M256 8C119 8 8 119 8 256s111 248 248 248 248-111 248-248S393 8 256 8zm115.7 272l-176 101c-15.8 8.8-35.7-2.5-35.7-21V152c0-18.4 19.8-29.8 35.7-21l176 107c16.4 9.2 16.4 32.9 0 42z\"><\/path><\/svg>\t\t\t\t\t\t<\/span>\n\t\t\t\t\t\t\t\t\t\t<span class=\"elementor-icon-list-text\">Inicio: <b>01\/04\/2025<\/b><\/span>\n\t\t\t\t\t\t\t\t\t<\/li>\n\t\t\t\t\t\t\t\t<li class=\"elementor-icon-list-item\">\n\t\t\t\t\t\t\t\t\t\t\t<span class=\"elementor-icon-list-icon\">\n\t\t\t\t\t\t\t<svg aria-hidden=\"true\" class=\"e-font-icon-svg e-fas-flag-checkered\" viewBox=\"0 0 512 512\" xmlns=\"http:\/\/www.w3.org\/2000\/svg\"><path d=\"M243.2 189.9V258c26.1 5.9 49.3 15.6 73.6 22.3v-68.2c-26-5.8-49.4-15.5-73.6-22.2zm223.3-123c-34.3 15.9-76.5 31.9-117 31.9C296 98.8 251.7 64 184.3 64c-25 0-47.3 4.4-68 12 2.8-7.3 4.1-15.2 3.6-23.6C118.1 24 94.8 1.2 66.3 0 34.3-1.3 8 24.3 8 56c0 19 9.5 35.8 24 45.9V488c0 13.3 10.7 24 24 24h16c13.3 0 24-10.7 24-24v-94.4c28.3-12.1 63.6-22.1 114.4-22.1 53.6 0 97.8 34.8 165.2 34.8 48.2 0 86.7-16.3 122.5-40.9 8.7-6 13.8-15.8 13.8-26.4V95.9c.1-23.3-24.2-38.8-45.4-29zM169.6 325.5c-25.8 2.7-50 8.2-73.6 16.6v-70.5c26.2-9.3 47.5-15 73.6-17.4zM464 191c-23.6 9.8-46.3 19.5-73.6 23.9V286c24.8-3.4 51.4-11.8 73.6-26v70.5c-25.1 16.1-48.5 24.7-73.6 27.1V286c-27 3.7-47.9 1.5-73.6-5.6v67.4c-23.9-7.4-47.3-16.7-73.6-21.3V258c-19.7-4.4-40.8-6.8-73.6-3.8v-70c-22.4 3.1-44.6 10.2-73.6 20.9v-70.5c33.2-12.2 50.1-19.8 73.6-22v71.6c27-3.7 48.4-1.3 73.6 5.7v-67.4c23.7 7.4 47.2 16.7 73.6 21.3v68.4c23.7 5.3 47.6 6.9 73.6 2.7V143c27-4.8 52.3-13.6 73.6-22.5z\"><\/path><\/svg>\t\t\t\t\t\t<\/span>\n\t\t\t\t\t\t\t\t\t\t<span class=\"elementor-icon-list-text\">Fin: <b>31\/12\/2027<\/b><\/span>\n\t\t\t\t\t\t\t\t\t<\/li>\n\t\t\t\t\t\t<\/ul>\n\t\t\t\t\t\t<\/div>\n\t\t\t\t<\/div>\n\t\t\t\t<div class=\"elementor-element elementor-element-3121456 elementor-icon-list--layout-traditional elementor-list-item-link-full_width elementor-widget elementor-widget-icon-list\" data-id=\"3121456\" data-element_type=\"widget\" data-e-type=\"widget\" data-widget_type=\"icon-list.default\">\n\t\t\t\t<div class=\"elementor-widget-container\">\n\t\t\t\t\t\t\t<ul class=\"elementor-icon-list-items\">\n\t\t\t\t\t\t\t<li class=\"elementor-icon-list-item\">\n\t\t\t\t\t\t\t\t\t\t\t<span class=\"elementor-icon-list-icon\">\n\t\t\t\t\t\t\t<svg aria-hidden=\"true\" class=\"e-font-icon-svg e-fas-money-bill-wave\" viewBox=\"0 0 640 512\" xmlns=\"http:\/\/www.w3.org\/2000\/svg\"><path d=\"M621.16 54.46C582.37 38.19 543.55 32 504.75 32c-123.17-.01-246.33 62.34-369.5 62.34-30.89 0-61.76-3.92-92.65-13.72-3.47-1.1-6.95-1.62-10.35-1.62C15.04 79 0 92.32 0 110.81v317.26c0 12.63 7.23 24.6 18.84 29.46C57.63 473.81 96.45 480 135.25 480c123.17 0 246.34-62.35 369.51-62.35 30.89 0 61.76 3.92 92.65 13.72 3.47 1.1 6.95 1.62 10.35 1.62 17.21 0 32.25-13.32 32.25-31.81V83.93c-.01-12.64-7.24-24.6-18.85-29.47zM48 132.22c20.12 5.04 41.12 7.57 62.72 8.93C104.84 170.54 79 192.69 48 192.69v-60.47zm0 285v-47.78c34.37 0 62.18 27.27 63.71 61.4-22.53-1.81-43.59-6.31-63.71-13.62zM320 352c-44.19 0-80-42.99-80-96 0-53.02 35.82-96 80-96s80 42.98 80 96c0 53.03-35.83 96-80 96zm272 27.78c-17.52-4.39-35.71-6.85-54.32-8.44 5.87-26.08 27.5-45.88 54.32-49.28v57.72zm0-236.11c-30.89-3.91-54.86-29.7-55.81-61.55 19.54 2.17 38.09 6.23 55.81 12.66v48.89z\"><\/path><\/svg>\t\t\t\t\t\t<\/span>\n\t\t\t\t\t\t\t\t\t\t<span class=\"elementor-icon-list-text\">Presupuesto global: <b>2.442.612,50\u20ac<\/b><\/span>\n\t\t\t\t\t\t\t\t\t<\/li>\n\t\t\t\t\t\t\t\t<li class=\"elementor-icon-list-item\">\n\t\t\t\t\t\t\t\t\t\t\t<span class=\"elementor-icon-list-icon\">\n\t\t\t\t\t\t\t<svg aria-hidden=\"true\" class=\"e-font-icon-svg e-fas-money-bill-wave\" viewBox=\"0 0 640 512\" xmlns=\"http:\/\/www.w3.org\/2000\/svg\"><path d=\"M621.16 54.46C582.37 38.19 543.55 32 504.75 32c-123.17-.01-246.33 62.34-369.5 62.34-30.89 0-61.76-3.92-92.65-13.72-3.47-1.1-6.95-1.62-10.35-1.62C15.04 79 0 92.32 0 110.81v317.26c0 12.63 7.23 24.6 18.84 29.46C57.63 473.81 96.45 480 135.25 480c123.17 0 246.34-62.35 369.51-62.35 30.89 0 61.76 3.92 92.65 13.72 3.47 1.1 6.95 1.62 10.35 1.62 17.21 0 32.25-13.32 32.25-31.81V83.93c-.01-12.64-7.24-24.6-18.85-29.47zM48 132.22c20.12 5.04 41.12 7.57 62.72 8.93C104.84 170.54 79 192.69 48 192.69v-60.47zm0 285v-47.78c34.37 0 62.18 27.27 63.71 61.4-22.53-1.81-43.59-6.31-63.71-13.62zM320 352c-44.19 0-80-42.99-80-96 0-53.02 35.82-96 80-96s80 42.98 80 96c0 53.03-35.83 96-80 96zm272 27.78c-17.52-4.39-35.71-6.85-54.32-8.44 5.87-26.08 27.5-45.88 54.32-49.28v57.72zm0-236.11c-30.89-3.91-54.86-29.7-55.81-61.55 19.54 2.17 38.09 6.23 55.81 12.66v48.89z\"><\/path><\/svg>\t\t\t\t\t\t<\/span>\n\t\t\t\t\t\t\t\t\t\t<span class=\"elementor-icon-list-text\">Subvenci\u00f3n: <b>1.954.090 \u20ac<\/b><\/span>\n\t\t\t\t\t\t\t\t\t<\/li>\n\t\t\t\t\t\t<\/ul>\n\t\t\t\t\t\t<\/div>\n\t\t\t\t<\/div>\n\t\t\t\t<div class=\"elementor-element elementor-element-bf6efe3 elementor-widget elementor-widget-button\" data-id=\"bf6efe3\" data-element_type=\"widget\" data-e-type=\"widget\" data-widget_type=\"button.default\">\n\t\t\t\t<div class=\"elementor-widget-container\">\n\t\t\t\t\t\t\t\t\t<div class=\"elementor-button-wrapper\">\n\t\t\t\t\t<a class=\"elementor-button elementor-button-link elementor-size-sm\" href=\"https:\/\/regenera4med.interreg-euro-med.eu\/\" target=\"_blank\" rel=\"noopener\">\n\t\t\t\t\t\t<span class=\"elementor-button-content-wrapper\">\n\t\t\t\t\t\t\t\t\t<span class=\"elementor-button-text\">Web del proyecto<\/span>\n\t\t\t\t\t<\/span>\n\t\t\t\t\t<\/a>\n\t\t\t\t<\/div>\n\t\t\t\t\t\t\t\t<\/div>\n\t\t\t\t<\/div>\n\t\t\t\t<\/div>\n\t\t\t\t\t<\/div>\n\t\t\t\t<\/div>\n\t\t<div class=\"elementor-element elementor-element-2f90e324 e-flex e-con-boxed e-con e-parent\" data-id=\"2f90e324\" data-element_type=\"container\" data-e-type=\"container\" data-settings=\"{&quot;background_background&quot;:&quot;classic&quot;}\">\n\t\t\t\t\t<div class=\"e-con-inner\">\n\t\t\t\t<div class=\"elementor-element elementor-element-8ac6fe9 elementor-widget__width-initial elementor-widget elementor-widget-text-editor\" data-id=\"8ac6fe9\" data-element_type=\"widget\" data-e-type=\"widget\" data-widget_type=\"text-editor.default\">\n\t\t\t\t<div class=\"elementor-widget-container\">\n\t\t\t\t\t\t\t\t\t<p>Regenera4MED, financiado por el programa Interreg Euro-MED, pretende reformular los modelos tur\u00edsticos del Mediterr\u00e1neo para convertirlos en un motor de creaci\u00f3n de valor social y medioambiental positivo, contribuyendo as\u00ed a la adaptaci\u00f3n al cambio clim\u00e1tico y la prevenci\u00f3n de riesgos.<\/p>\t\t\t\t\t\t\t\t<\/div>\n\t\t\t\t<\/div>\n\t\t\t\t\t<\/div>\n\t\t\t\t<\/div>\n\t\t<div class=\"elementor-element elementor-element-577afb0c e-flex e-con-boxed e-con e-parent\" data-id=\"577afb0c\" data-element_type=\"container\" data-e-type=\"container\">\n\t\t\t\t\t<div class=\"e-con-inner\">\n\t\t<div class=\"elementor-element elementor-element-1847e3e8 e-con-full e-flex e-con e-child\" data-id=\"1847e3e8\" data-element_type=\"container\" data-e-type=\"container\">\n\t\t\t\t<div class=\"elementor-element elementor-element-4ce82b10 elementor-widget elementor-widget-heading\" data-id=\"4ce82b10\" data-element_type=\"widget\" data-e-type=\"widget\" data-widget_type=\"heading.default\">\n\t\t\t\t<div class=\"elementor-widget-container\">\n\t\t\t\t\t<h2 class=\"elementor-heading-title elementor-size-default\">El modelo tur\u00edstico en el Mediterr\u00e1neo: La necesidad de un cambio<\/h2>\t\t\t\t<\/div>\n\t\t\t\t<\/div>\n\t\t\t\t<div class=\"elementor-element elementor-element-af0aae5 elementor-widget elementor-widget-text-editor\" data-id=\"af0aae5\" data-element_type=\"widget\" data-e-type=\"widget\" data-widget_type=\"text-editor.default\">\n\t\t\t\t<div class=\"elementor-widget-container\">\n\t\t\t\t\t\t\t\t\t<p>La regi\u00f3n mediterr\u00e1nea es especialmente vulnerable al cambio clim\u00e1tico. Sin embargo, esta vulnerabilidad se ve reforzada por el modelo tur\u00edstico actual, basado en el consumismo de masas y en pr\u00e1cticas insostenibles. Teniendo en cuenta la relevancia que el sector tur\u00edstico tiene en la econom\u00eda de la regi\u00f3n (el Mediterr\u00e1neo acoge el 35% de todas las llegadas de turistas internacionales), una soluci\u00f3n integral a este desaf\u00edo debe necesariamente crear un cambio en el turismo sin disminuir la actividad del sector, con el fin de proteger y fortalecer la econom\u00eda regional. Esto es posible: m\u00e1s del 70% de los ciudadanos europeos afirman estar dispuestos a cambiar sus h\u00e1bitos de viaje, con el fin de orientarse hacia un modelo m\u00e1s sostenible.<\/p>\t\t\t\t\t\t\t\t<\/div>\n\t\t\t\t<\/div>\n\t\t\t\t<\/div>\n\t\t\t\t\t<\/div>\n\t\t\t\t<\/div>\n\t\t<div class=\"elementor-element elementor-element-ea4eb2b e-flex e-con-boxed e-con e-parent\" data-id=\"ea4eb2b\" data-element_type=\"container\" data-e-type=\"container\">\n\t\t\t\t\t<div class=\"e-con-inner\">\n\t\t<div class=\"elementor-element elementor-element-5e70605 e-con-full e-flex e-con e-child\" data-id=\"5e70605\" data-element_type=\"container\" data-e-type=\"container\">\n\t\t\t\t<div class=\"elementor-element elementor-element-0b342b7 elementor-widget elementor-widget-heading\" data-id=\"0b342b7\" data-element_type=\"widget\" data-e-type=\"widget\" data-widget_type=\"heading.default\">\n\t\t\t\t<div class=\"elementor-widget-container\">\n\t\t\t\t\t<h2 class=\"elementor-heading-title elementor-size-default\">Un modelo de turismo regenerativo para luchar contra el cambio clim\u00e1tico<\/h2>\t\t\t\t<\/div>\n\t\t\t\t<\/div>\n\t\t\t\t<div class=\"elementor-element elementor-element-6bd2ec7 elementor-widget elementor-widget-text-editor\" data-id=\"6bd2ec7\" data-element_type=\"widget\" data-e-type=\"widget\" data-widget_type=\"text-editor.default\">\n\t\t\t\t<div class=\"elementor-widget-container\">\n\t\t\t\t\t\t\t\t\t<p>Regenera4MED ser\u00e1 pionero en un nuevo modelo de turismo regenerativo que pretende ir m\u00e1s all\u00e1 de la sostenibilidad, restaurando y revitalizando activamente los ecosistemas y las comunidades de los destinos. En el proyecto participar\u00e1n m\u00faltiples actores, como comunidades locales, autoridades p\u00fablicas, PYMEs, instituciones acad\u00e9micas y organizaciones ecologistas, que colaborar\u00e1n a trav\u00e9s de un modelo de gobernanza de 5 h\u00e9lices.<\/p><p>El proyecto se centrar\u00e1 en tres elementos principales:\u00a0<\/p><ol><li><strong>Modelo de turismo regenerativo<\/strong> &#8211; Prueba y puesta en marcha de un nuevo modelo de turismo regenerativo en seis regiones piloto para promover la adaptaci\u00f3n al cambio clim\u00e1tico, la resiliencia y un impacto medioambiental positivo.<\/li><li><strong>Experiencias regenerativas<\/strong> &#8211; Desarrollar y probar experiencias de turismo regenerativo para crear opciones de viaje sostenibles que fortalezcan las econom\u00edas locales y preserven el patrimonio y la cultura locales.<\/li><li><strong>Conocimientos y herramientas<\/strong> &#8211; Creaci\u00f3n de herramientas de autoevaluaci\u00f3n, incluida la herramienta digital RISET, y elaboraci\u00f3n de una Regenera4MED Blueprint para garantizar la escalabilidad de los resultados del proyecto.<\/li><\/ol>\t\t\t\t\t\t\t\t<\/div>\n\t\t\t\t<\/div>\n\t\t\t\t<\/div>\n\t\t\t\t\t<\/div>\n\t\t\t\t<\/div>\n\t\t<div class=\"elementor-element elementor-element-677632a2 e-flex e-con-boxed e-con e-parent\" data-id=\"677632a2\" data-element_type=\"container\" data-e-type=\"container\">\n\t\t\t\t\t<div class=\"e-con-inner\">\n\t\t<div class=\"elementor-element elementor-element-4721b8d e-con-full e-flex e-con e-child\" data-id=\"4721b8d\" data-element_type=\"container\" data-e-type=\"container\">\n\t\t\t\t<div class=\"elementor-element elementor-element-66bdace elementor-widget__width-inherit elementor-absolute elementor-widget elementor-widget-image\" data-id=\"66bdace\" data-element_type=\"widget\" data-e-type=\"widget\" data-settings=\"{&quot;_position&quot;:&quot;absolute&quot;}\" data-widget_type=\"image.default\">\n\t\t\t\t<div class=\"elementor-widget-container\">\n\t\t\t\t\t\t\t\t\t\t\t\t\t\t\t<img decoding=\"async\" src=\"https:\/\/blinkbcn.com\/wp-content\/uploads\/Regenera4MED-Project-map.png\" title=\"Regenera4MED Project map\" alt=\"Regenera4MED Project map\" loading=\"lazy\" \/>\t\t\t\t\t\t\t\t\t\t\t\t\t\t\t<\/div>\n\t\t\t\t<\/div>\n\t\t\t\t<\/div>\n\t\t<div class=\"elementor-element elementor-element-2e8e8fd1 e-con-full e-flex e-con e-child\" data-id=\"2e8e8fd1\" data-element_type=\"container\" data-e-type=\"container\">\n\t\t<div class=\"elementor-element elementor-element-37782af e-con-full e-flex e-con e-child\" data-id=\"37782af\" data-element_type=\"container\" data-e-type=\"container\">\n\t\t\t\t<div class=\"elementor-element elementor-element-738fcbd0 elementor-widget elementor-widget-heading\" data-id=\"738fcbd0\" data-element_type=\"widget\" data-e-type=\"widget\" data-widget_type=\"heading.default\">\n\t\t\t\t<div class=\"elementor-widget-container\">\n\t\t\t\t\t<h2 class=\"elementor-heading-title elementor-size-default\">Diez socios de seis pa\u00edses<\/h2>\t\t\t\t<\/div>\n\t\t\t\t<\/div>\n\t\t\t\t<\/div>\n\t\t\t\t<div class=\"elementor-element elementor-element-37cfbc81 elementor-widget__width-initial elementor-widget elementor-widget-text-editor\" data-id=\"37cfbc81\" data-element_type=\"widget\" data-e-type=\"widget\" data-widget_type=\"text-editor.default\">\n\t\t\t\t<div class=\"elementor-widget-container\">\n\t\t\t\t\t\t\t\t\t<p>Regenera4MED est\u00e1 impulsado por un consorcio de 10 socios de 6 pa\u00edses: la Agencia Catalana de Turismo (<strong>Espa\u00f1a<\/strong>), B. Link Barcelona Strategic Projects (Espa\u00f1a), la Conferencia de Regiones Perif\u00e9ricas Mar\u00edtimas (<strong>Francia<\/strong>), la Regi\u00f3n de Liguria (<strong>Italia<\/strong>), la Regi\u00f3n de Abruzzo (Italia), la Regi\u00f3n de Creta (<strong>Grecia<\/strong>), el Centro de Investigaci\u00f3n de la Academia Eslovena de Ciencias y Artes (<strong>Eslovenia<\/strong>), la Agencia de Turismo de C\u00f3rcega (Francia), la Instituci\u00f3n P\u00fablica RERA S.D para la Coordinaci\u00f3n y el Desarrollo del Condado de Split Dalmacia (<strong>Croacia<\/strong>), y la Universidad del Peloponeso (Grecia).<\/p><p><strong>B.Link<\/strong> contribuye a la elaboraci\u00f3n y ejecuci\u00f3n del Programa de Elicitaci\u00f3n Regenera4MED, coordinando la creaci\u00f3n de nuevas experiencias de turismo regenerativo en 6 destinos piloto de 5 pa\u00edses mediterr\u00e1neos. Tambi\u00e9n codirigir\u00e1 las actividades sobre sostenibilidad a largo plazo y amplificaci\u00f3n, garantizando especialmente la fertilizaci\u00f3n cruzada entre los resultados del proyecto y la experiencia y conocimientos de otros agentes relevantes del sector tur\u00edstico, asegurando el aprendizaje entre iguales y la transferibilidad de los resultados a los objetivos del proyecto.<\/p>\t\t\t\t\t\t\t\t<\/div>\n\t\t\t\t<\/div>\n\t\t\t\t<\/div>\n\t\t\t\t\t<\/div>\n\t\t\t\t<\/div>\n\t\t<div class=\"elementor-element elementor-element-07c2da3 e-flex e-con-boxed e-con e-parent\" data-id=\"07c2da3\" data-element_type=\"container\" data-e-type=\"container\">\n\t\t\t\t\t<div class=\"e-con-inner\">\n\t\t\t\t<div class=\"elementor-element elementor-element-4885d69 elementor-widget elementor-widget-spacer\" data-id=\"4885d69\" data-element_type=\"widget\" data-e-type=\"widget\" data-widget_type=\"spacer.default\">\n\t\t\t\t<div class=\"elementor-widget-container\">\n\t\t\t\t\t\t\t<div class=\"elementor-spacer\">\n\t\t\t<div class=\"elementor-spacer-inner\"><\/div>\n\t\t<\/div>\n\t\t\t\t\t\t<\/div>\n\t\t\t\t<\/div>\n\t\t\t\t\t<\/div>\n\t\t\t\t<\/div>\n\t\t<div class=\"elementor-element elementor-element-e3ed7cb e-flex e-con-boxed e-con e-parent\" data-id=\"e3ed7cb\" data-element_type=\"container\" data-e-type=\"container\">\n\t\t\t\t\t<div class=\"e-con-inner\">\n\t\t\t\t<div class=\"elementor-element elementor-element-a1188c0 elementor-widget elementor-widget-spacer\" data-id=\"a1188c0\" data-element_type=\"widget\" data-e-type=\"widget\" data-widget_type=\"spacer.default\">\n\t\t\t\t<div class=\"elementor-widget-container\">\n\t\t\t\t\t\t\t<div class=\"elementor-spacer\">\n\t\t\t<div class=\"elementor-spacer-inner\"><\/div>\n\t\t<\/div>\n\t\t\t\t\t\t<\/div>\n\t\t\t\t<\/div>\n\t\t\t\t\t<\/div>\n\t\t\t\t<\/div>\n\t\t<div class=\"elementor-element elementor-element-3971dc7 e-flex e-con-boxed e-con e-parent\" data-id=\"3971dc7\" data-element_type=\"container\" data-e-type=\"container\">\n\t\t\t\t\t<div class=\"e-con-inner\">\n\t\t\t\t<div class=\"elementor-element elementor-element-465a4fb elementor-widget elementor-widget-spacer\" data-id=\"465a4fb\" data-element_type=\"widget\" data-e-type=\"widget\" data-widget_type=\"spacer.default\">\n\t\t\t\t<div class=\"elementor-widget-container\">\n\t\t\t\t\t\t\t<div class=\"elementor-spacer\">\n\t\t\t<div class=\"elementor-spacer-inner\"><\/div>\n\t\t<\/div>\n\t\t\t\t\t\t<\/div>\n\t\t\t\t<\/div>\n\t\t\t\t\t<\/div>\n\t\t\t\t<\/div>\n\t\t<div class=\"elementor-element elementor-element-a67dbe3 e-flex e-con-boxed e-con e-parent\" data-id=\"a67dbe3\" data-element_type=\"container\" data-e-type=\"container\">\n\t\t\t\t\t<div class=\"e-con-inner\">\n\t\t<div class=\"elementor-element elementor-element-449e405 e-grid e-con-full e-con e-child\" data-id=\"449e405\" data-element_type=\"container\" data-e-type=\"container\">\n\t\t\t\t<div class=\"elementor-element elementor-element-a6abd05 elementor-widget elementor-widget-heading\" data-id=\"a6abd05\" data-element_type=\"widget\" data-e-type=\"widget\" data-widget_type=\"heading.default\">\n\t\t\t\t<div class=\"elementor-widget-container\">\n\t\t\t\t\t<h6 class=\"elementor-heading-title elementor-size-default\">Con el apoyo de<\/h6>\t\t\t\t<\/div>\n\t\t\t\t<\/div>\n\t\t\t\t<div class=\"elementor-element elementor-element-be3d48b elementor-widget elementor-widget-image\" data-id=\"be3d48b\" data-element_type=\"widget\" data-e-type=\"widget\" data-widget_type=\"image.default\">\n\t\t\t\t<div class=\"elementor-widget-container\">\n\t\t\t\t\t\t\t\t\t\t\t\t\t\t\t<img decoding=\"async\" width=\"300\" height=\"79\" src=\"https:\/\/blinkbcn.com\/wp-content\/uploads\/IVY-logo-transparent-300x79.png\" class=\"attachment-medium size-medium wp-image-5163\" alt=\"\" srcset=\"https:\/\/blinkbcn.com\/wp-content\/uploads\/IVY-logo-transparent-300x79.png 300w, https:\/\/blinkbcn.com\/wp-content\/uploads\/IVY-logo-transparent-1024x269.png 1024w, https:\/\/blinkbcn.com\/wp-content\/uploads\/IVY-logo-transparent-768x202.png 768w, https:\/\/blinkbcn.com\/wp-content\/uploads\/IVY-logo-transparent-1536x404.png 1536w, https:\/\/blinkbcn.com\/wp-content\/uploads\/IVY-logo-transparent.png 1940w\" sizes=\"(max-width: 300px) 100vw, 300px\" \/>\t\t\t\t\t\t\t\t\t\t\t\t\t\t\t<\/div>\n\t\t\t\t<\/div>\n\t\t\t\t<\/div>\n\t\t\t\t\t<\/div>\n\t\t\t\t<\/div>\n\t\t<div class=\"elementor-element elementor-element-92517f1 e-flex e-con-boxed e-con e-parent\" data-id=\"92517f1\" data-element_type=\"container\" data-e-type=\"container\">\n\t\t\t\t\t<div class=\"e-con-inner\">\n\t\t\t\t<div class=\"elementor-element elementor-element-eace638 elementor-widget elementor-widget-spacer\" data-id=\"eace638\" data-element_type=\"widget\" data-e-type=\"widget\" data-widget_type=\"spacer.default\">\n\t\t\t\t<div class=\"elementor-widget-container\">\n\t\t\t\t\t\t\t<div class=\"elementor-spacer\">\n\t\t\t<div class=\"elementor-spacer-inner\"><\/div>\n\t\t<\/div>\n\t\t\t\t\t\t<\/div>\n\t\t\t\t<\/div>\n\t\t\t\t\t<\/div>\n\t\t\t\t<\/div>\n\t\t\t\t<\/div>\n\t\t","protected":false},"excerpt":{"rendered":"<p>Regenera4MED Towards a Mediterranean model of Regenerative Tourism as Climate Change adaptation and risk prevention Inicio: 01\/04\/2025 Fin: 31\/12\/2027 Presupuesto global: 2.442.612,50\u20ac Subvenci\u00f3n: 1.954.090 \u20ac Web del proyecto Regenera4MED, financiado por el programa Interreg Euro-MED, pretende reformular los modelos tur\u00edsticos del Mediterr\u00e1neo para convertirlos en un motor de creaci\u00f3n de valor social y medioambiental positivo, [&hellip;]<\/p>\n","protected":false},"author":4,"featured_media":0,"parent":0,"menu_order":0,"comment_status":"closed","ping_status":"closed","template":"","meta":{"footnotes":""},"class_list":["post-5056","page","type-page","status-publish","hentry"],"_links":{"self":[{"href":"https:\/\/blinkbcn.com\/es\/wp-json\/wp\/v2\/pages\/5056","targetHints":{"allow":["GET"]}}],"collection":[{"href":"https:\/\/blinkbcn.com\/es\/wp-json\/wp\/v2\/pages"}],"about":[{"href":"https:\/\/blinkbcn.com\/es\/wp-json\/wp\/v2\/types\/page"}],"author":[{"embeddable":true,"href":"https:\/\/blinkbcn.com\/es\/wp-json\/wp\/v2\/users\/4"}],"replies":[{"embeddable":true,"href":"https:\/\/blinkbcn.com\/es\/wp-json\/wp\/v2\/comments?post=5056"}],"version-history":[{"count":19,"href":"https:\/\/blinkbcn.com\/es\/wp-json\/wp\/v2\/pages\/5056\/revisions"}],"predecessor-version":[{"id":5182,"href":"https:\/\/blinkbcn.com\/es\/wp-json\/wp\/v2\/pages\/5056\/revisions\/5182"}],"wp:attachment":[{"href":"https:\/\/blinkbcn.com\/es\/wp-json\/wp\/v2\/media?parent=5056"}],"curies":[{"name":"wp","href":"https:\/\/api.w.org\/{rel}","templated":true}]}}