{"id":4622,"date":"2024-11-06T15:44:23","date_gmt":"2024-11-06T15:44:23","guid":{"rendered":"https:\/\/blinkbcn.com\/?page_id=4622"},"modified":"2024-11-25T15:29:18","modified_gmt":"2024-11-25T15:29:18","slug":"facilita","status":"publish","type":"page","link":"https:\/\/blinkbcn.com\/es\/facilita\/","title":{"rendered":"FACILITA"},"content":{"rendered":"\t\t<div data-elementor-type=\"wp-page\" data-elementor-id=\"4622\" class=\"elementor elementor-4622 elementor-4491\" data-elementor-post-type=\"page\">\n\t\t\t\t<div class=\"elementor-element elementor-element-210c289c e-flex e-con-boxed e-con e-parent\" data-id=\"210c289c\" data-element_type=\"container\" data-e-type=\"container\" data-settings=\"{&quot;background_background&quot;:&quot;classic&quot;}\">\n\t\t\t\t\t<div class=\"e-con-inner\">\n\t\t<div class=\"elementor-element elementor-element-2113aa8e e-con-full e-flex e-con e-child\" data-id=\"2113aa8e\" data-element_type=\"container\" data-e-type=\"container\">\n\t\t\t\t<div class=\"elementor-element elementor-element-2a11fb33 elementor-widget elementor-widget-heading\" data-id=\"2a11fb33\" data-element_type=\"widget\" data-e-type=\"widget\" data-widget_type=\"heading.default\">\n\t\t\t\t<div class=\"elementor-widget-container\">\n\t\t\t\t\t<h1 class=\"elementor-heading-title elementor-size-default\">FACILITA<\/h1>\t\t\t\t<\/div>\n\t\t\t\t<\/div>\n\t\t\t\t<div class=\"elementor-element elementor-element-59be1762 elementor-widget elementor-widget-heading\" data-id=\"59be1762\" data-element_type=\"widget\" data-e-type=\"widget\" data-widget_type=\"heading.default\">\n\t\t\t\t<div class=\"elementor-widget-container\">\n\t\t\t\t\t<h5 class=\"elementor-heading-title elementor-size-default\">Transforming Public Buildings Towards Energy Efficiency<\/h5>\t\t\t\t<\/div>\n\t\t\t\t<\/div>\n\t\t\t\t<\/div>\n\t\t\t\t\t<\/div>\n\t\t\t\t<\/div>\n\t\t<div class=\"elementor-element elementor-element-165ec93d e-flex e-con-boxed e-con e-parent\" data-id=\"165ec93d\" data-element_type=\"container\" data-e-type=\"container\">\n\t\t\t\t\t<div class=\"e-con-inner\">\n\t\t<div class=\"elementor-element elementor-element-5a5757e7 e-con-full e-flex e-con e-child\" data-id=\"5a5757e7\" data-element_type=\"container\" data-e-type=\"container\">\n\t\t\t\t<div class=\"elementor-element elementor-element-bef04aa elementor-absolute elementor-widget elementor-widget-image\" data-id=\"bef04aa\" data-element_type=\"widget\" data-e-type=\"widget\" data-settings=\"{&quot;_position&quot;:&quot;absolute&quot;}\" data-widget_type=\"image.default\">\n\t\t\t\t<div class=\"elementor-widget-container\">\n\t\t\t\t\t\t\t\t\t\t\t\t\t\t\t<img fetchpriority=\"high\" decoding=\"async\" width=\"800\" height=\"200\" src=\"https:\/\/blinkbcn.com\/wp-content\/uploads\/Logo-Facilita-green-1-1024x256.jpg\" class=\"attachment-large size-large wp-image-4516\" alt=\"\" srcset=\"https:\/\/blinkbcn.com\/wp-content\/uploads\/Logo-Facilita-green-1-1024x256.jpg 1024w, https:\/\/blinkbcn.com\/wp-content\/uploads\/Logo-Facilita-green-1-300x75.jpg 300w, https:\/\/blinkbcn.com\/wp-content\/uploads\/Logo-Facilita-green-1-768x192.jpg 768w, https:\/\/blinkbcn.com\/wp-content\/uploads\/Logo-Facilita-green-1-1536x384.jpg 1536w, https:\/\/blinkbcn.com\/wp-content\/uploads\/Logo-Facilita-green-1-2048x512.jpg 2048w\" sizes=\"(max-width: 800px) 100vw, 800px\" \/>\t\t\t\t\t\t\t\t\t\t\t\t\t\t\t<\/div>\n\t\t\t\t<\/div>\n\t\t\t\t<\/div>\n\t\t<div class=\"elementor-element elementor-element-1b984b03 e-con-full e-flex e-con e-child\" data-id=\"1b984b03\" data-element_type=\"container\" data-e-type=\"container\">\n\t\t\t\t<div class=\"elementor-element elementor-element-389b2d19 elementor-widget__width-initial elementor-widget elementor-widget-image\" data-id=\"389b2d19\" data-element_type=\"widget\" data-e-type=\"widget\" data-widget_type=\"image.default\">\n\t\t\t\t<div class=\"elementor-widget-container\">\n\t\t\t\t\t\t\t\t\t\t\t\t\t\t\t<img decoding=\"async\" width=\"300\" height=\"119\" src=\"https:\/\/blinkbcn.com\/wp-content\/uploads\/eufunding-300x119.png\" class=\"attachment-medium size-medium wp-image-3706\" alt=\"\" srcset=\"https:\/\/blinkbcn.com\/wp-content\/uploads\/eufunding-300x119.png 300w, https:\/\/blinkbcn.com\/wp-content\/uploads\/eufunding-1024x408.png 1024w, https:\/\/blinkbcn.com\/wp-content\/uploads\/eufunding-768x306.png 768w, https:\/\/blinkbcn.com\/wp-content\/uploads\/eufunding.png 1263w\" sizes=\"(max-width: 300px) 100vw, 300px\" \/>\t\t\t\t\t\t\t\t\t\t\t\t\t\t\t<\/div>\n\t\t\t\t<\/div>\n\t\t\t\t<\/div>\n\t\t\t\t\t<\/div>\n\t\t\t\t<\/div>\n\t\t<div class=\"elementor-element elementor-element-2a3757e5 e-flex e-con-boxed e-con e-parent\" data-id=\"2a3757e5\" data-element_type=\"container\" data-e-type=\"container\" data-settings=\"{&quot;background_background&quot;:&quot;classic&quot;}\">\n\t\t\t\t\t<div class=\"e-con-inner\">\n\t\t<div class=\"elementor-element elementor-element-17d9577f e-con-full e-flex e-con e-child\" data-id=\"17d9577f\" data-element_type=\"container\" data-e-type=\"container\" data-settings=\"{&quot;background_background&quot;:&quot;classic&quot;}\">\n\t\t\t\t<div class=\"elementor-element elementor-element-1704fe16 elementor-icon-list--layout-traditional elementor-list-item-link-full_width elementor-widget elementor-widget-icon-list\" data-id=\"1704fe16\" data-element_type=\"widget\" data-e-type=\"widget\" data-widget_type=\"icon-list.default\">\n\t\t\t\t<div class=\"elementor-widget-container\">\n\t\t\t\t\t\t\t<ul class=\"elementor-icon-list-items\">\n\t\t\t\t\t\t\t<li class=\"elementor-icon-list-item\">\n\t\t\t\t\t\t\t\t\t\t\t<span class=\"elementor-icon-list-icon\">\n\t\t\t\t\t\t\t<svg aria-hidden=\"true\" class=\"e-font-icon-svg e-fas-play-circle\" viewBox=\"0 0 512 512\" xmlns=\"http:\/\/www.w3.org\/2000\/svg\"><path d=\"M256 8C119 8 8 119 8 256s111 248 248 248 248-111 248-248S393 8 256 8zm115.7 272l-176 101c-15.8 8.8-35.7-2.5-35.7-21V152c0-18.4 19.8-29.8 35.7-21l176 107c16.4 9.2 16.4 32.9 0 42z\"><\/path><\/svg>\t\t\t\t\t\t<\/span>\n\t\t\t\t\t\t\t\t\t\t<span class=\"elementor-icon-list-text\">Inicio: <b>01\/10\/2024<\/b><\/span>\n\t\t\t\t\t\t\t\t\t<\/li>\n\t\t\t\t\t\t\t\t<li class=\"elementor-icon-list-item\">\n\t\t\t\t\t\t\t\t\t\t\t<span class=\"elementor-icon-list-icon\">\n\t\t\t\t\t\t\t<svg aria-hidden=\"true\" class=\"e-font-icon-svg e-fas-flag-checkered\" viewBox=\"0 0 512 512\" xmlns=\"http:\/\/www.w3.org\/2000\/svg\"><path d=\"M243.2 189.9V258c26.1 5.9 49.3 15.6 73.6 22.3v-68.2c-26-5.8-49.4-15.5-73.6-22.2zm223.3-123c-34.3 15.9-76.5 31.9-117 31.9C296 98.8 251.7 64 184.3 64c-25 0-47.3 4.4-68 12 2.8-7.3 4.1-15.2 3.6-23.6C118.1 24 94.8 1.2 66.3 0 34.3-1.3 8 24.3 8 56c0 19 9.5 35.8 24 45.9V488c0 13.3 10.7 24 24 24h16c13.3 0 24-10.7 24-24v-94.4c28.3-12.1 63.6-22.1 114.4-22.1 53.6 0 97.8 34.8 165.2 34.8 48.2 0 86.7-16.3 122.5-40.9 8.7-6 13.8-15.8 13.8-26.4V95.9c.1-23.3-24.2-38.8-45.4-29zM169.6 325.5c-25.8 2.7-50 8.2-73.6 16.6v-70.5c26.2-9.3 47.5-15 73.6-17.4zM464 191c-23.6 9.8-46.3 19.5-73.6 23.9V286c24.8-3.4 51.4-11.8 73.6-26v70.5c-25.1 16.1-48.5 24.7-73.6 27.1V286c-27 3.7-47.9 1.5-73.6-5.6v67.4c-23.9-7.4-47.3-16.7-73.6-21.3V258c-19.7-4.4-40.8-6.8-73.6-3.8v-70c-22.4 3.1-44.6 10.2-73.6 20.9v-70.5c33.2-12.2 50.1-19.8 73.6-22v71.6c27-3.7 48.4-1.3 73.6 5.7v-67.4c23.7 7.4 47.2 16.7 73.6 21.3v68.4c23.7 5.3 47.6 6.9 73.6 2.7V143c27-4.8 52.3-13.6 73.6-22.5z\"><\/path><\/svg>\t\t\t\t\t\t<\/span>\n\t\t\t\t\t\t\t\t\t\t<span class=\"elementor-icon-list-text\">Fin: <b>30\/09\/2027<\/b><\/span>\n\t\t\t\t\t\t\t\t\t<\/li>\n\t\t\t\t\t\t<\/ul>\n\t\t\t\t\t\t<\/div>\n\t\t\t\t<\/div>\n\t\t\t\t<div class=\"elementor-element elementor-element-142942ac elementor-icon-list--layout-traditional elementor-list-item-link-full_width elementor-widget elementor-widget-icon-list\" data-id=\"142942ac\" data-element_type=\"widget\" data-e-type=\"widget\" data-widget_type=\"icon-list.default\">\n\t\t\t\t<div class=\"elementor-widget-container\">\n\t\t\t\t\t\t\t<ul class=\"elementor-icon-list-items\">\n\t\t\t\t\t\t\t<li class=\"elementor-icon-list-item\">\n\t\t\t\t\t\t\t\t\t\t\t<span class=\"elementor-icon-list-icon\">\n\t\t\t\t\t\t\t<svg aria-hidden=\"true\" class=\"e-font-icon-svg e-fas-money-bill-wave\" viewBox=\"0 0 640 512\" xmlns=\"http:\/\/www.w3.org\/2000\/svg\"><path d=\"M621.16 54.46C582.37 38.19 543.55 32 504.75 32c-123.17-.01-246.33 62.34-369.5 62.34-30.89 0-61.76-3.92-92.65-13.72-3.47-1.1-6.95-1.62-10.35-1.62C15.04 79 0 92.32 0 110.81v317.26c0 12.63 7.23 24.6 18.84 29.46C57.63 473.81 96.45 480 135.25 480c123.17 0 246.34-62.35 369.51-62.35 30.89 0 61.76 3.92 92.65 13.72 3.47 1.1 6.95 1.62 10.35 1.62 17.21 0 32.25-13.32 32.25-31.81V83.93c-.01-12.64-7.24-24.6-18.85-29.47zM48 132.22c20.12 5.04 41.12 7.57 62.72 8.93C104.84 170.54 79 192.69 48 192.69v-60.47zm0 285v-47.78c34.37 0 62.18 27.27 63.71 61.4-22.53-1.81-43.59-6.31-63.71-13.62zM320 352c-44.19 0-80-42.99-80-96 0-53.02 35.82-96 80-96s80 42.98 80 96c0 53.03-35.83 96-80 96zm272 27.78c-17.52-4.39-35.71-6.85-54.32-8.44 5.87-26.08 27.5-45.88 54.32-49.28v57.72zm0-236.11c-30.89-3.91-54.86-29.7-55.81-61.55 19.54 2.17 38.09 6.23 55.81 12.66v48.89z\"><\/path><\/svg>\t\t\t\t\t\t<\/span>\n\t\t\t\t\t\t\t\t\t\t<span class=\"elementor-icon-list-text\">Presupuesto: <b>1.498.897,73  \u20ac<\/b><\/span>\n\t\t\t\t\t\t\t\t\t<\/li>\n\t\t\t\t\t\t\t\t<li class=\"elementor-icon-list-item\">\n\t\t\t\t\t\t\t\t\t\t\t<span class=\"elementor-icon-list-icon\">\n\t\t\t\t\t\t\t<svg aria-hidden=\"true\" class=\"e-font-icon-svg e-fas-money-bill-wave\" viewBox=\"0 0 640 512\" xmlns=\"http:\/\/www.w3.org\/2000\/svg\"><path d=\"M621.16 54.46C582.37 38.19 543.55 32 504.75 32c-123.17-.01-246.33 62.34-369.5 62.34-30.89 0-61.76-3.92-92.65-13.72-3.47-1.1-6.95-1.62-10.35-1.62C15.04 79 0 92.32 0 110.81v317.26c0 12.63 7.23 24.6 18.84 29.46C57.63 473.81 96.45 480 135.25 480c123.17 0 246.34-62.35 369.51-62.35 30.89 0 61.76 3.92 92.65 13.72 3.47 1.1 6.95 1.62 10.35 1.62 17.21 0 32.25-13.32 32.25-31.81V83.93c-.01-12.64-7.24-24.6-18.85-29.47zM48 132.22c20.12 5.04 41.12 7.57 62.72 8.93C104.84 170.54 79 192.69 48 192.69v-60.47zm0 285v-47.78c34.37 0 62.18 27.27 63.71 61.4-22.53-1.81-43.59-6.31-63.71-13.62zM320 352c-44.19 0-80-42.99-80-96 0-53.02 35.82-96 80-96s80 42.98 80 96c0 53.03-35.83 96-80 96zm272 27.78c-17.52-4.39-35.71-6.85-54.32-8.44 5.87-26.08 27.5-45.88 54.32-49.28v57.72zm0-236.11c-30.89-3.91-54.86-29.7-55.81-61.55 19.54 2.17 38.09 6.23 55.81 12.66v48.89z\"><\/path><\/svg>\t\t\t\t\t\t<\/span>\n\t\t\t\t\t\t\t\t\t\t<span class=\"elementor-icon-list-text\">Subvenci\u00f3n: <b> 1.423.952,86 \u20ac<\/b><\/span>\n\t\t\t\t\t\t\t\t\t<\/li>\n\t\t\t\t\t\t<\/ul>\n\t\t\t\t\t\t<\/div>\n\t\t\t\t<\/div>\n\t\t\t\t<\/div>\n\t\t\t\t\t<\/div>\n\t\t\t\t<\/div>\n\t\t<div class=\"elementor-element elementor-element-a95735b e-flex e-con-boxed e-con e-parent\" data-id=\"a95735b\" data-element_type=\"container\" data-e-type=\"container\" data-settings=\"{&quot;background_background&quot;:&quot;classic&quot;}\">\n\t\t\t\t\t<div class=\"e-con-inner\">\n\t\t\t\t<div class=\"elementor-element elementor-element-1c22323c elementor-widget elementor-widget-text-editor\" data-id=\"1c22323c\" data-element_type=\"widget\" data-e-type=\"widget\" data-widget_type=\"text-editor.default\">\n\t\t\t\t<div class=\"elementor-widget-container\">\n\t\t\t\t\t\t\t\t\t<p class=\"MsoNormal\"><span lang=\"ES\">El proyecto FACILITA, financiado por el programa LIFE Clean Energy Transition, promueve renovaciones energ\u00e9ticas profundas en los edificios p\u00fablicos de Espa\u00f1a. A trav\u00e9s de tres Ventanillas \u00danicas (OSS) regionales en Extremadura, Madrid y Valencia, FACILITA conecta a los gobiernos locales con servicios integrales \u2014t\u00e9cnicos, financieros y regulatorios\u2014 para facilitar mejoras energ\u00e9ticas en edificios p\u00fablicos como escuelas, hospitales o instalaciones administrativas, entre otros.\u00a0\u00a0<\/span><\/p>\t\t\t\t\t\t\t\t<\/div>\n\t\t\t\t<\/div>\n\t\t\t\t\t<\/div>\n\t\t\t\t<\/div>\n\t\t<div class=\"elementor-element elementor-element-311e9b12 e-flex e-con-boxed e-con e-parent\" data-id=\"311e9b12\" data-element_type=\"container\" data-e-type=\"container\">\n\t\t\t\t\t<div class=\"e-con-inner\">\n\t\t<div class=\"elementor-element elementor-element-413fc4 e-con-full e-flex e-con e-child\" data-id=\"413fc4\" data-element_type=\"container\" data-e-type=\"container\">\n\t\t\t\t<div class=\"elementor-element elementor-element-62ff28c7 elementor-widget elementor-widget-heading\" data-id=\"62ff28c7\" data-element_type=\"widget\" data-e-type=\"widget\" data-widget_type=\"heading.default\">\n\t\t\t\t<div class=\"elementor-widget-container\">\n\t\t\t\t\t<h2 class=\"elementor-heading-title elementor-size-default\">La necesidad de FACILITA para la Transici\u00f3n<\/h2>\t\t\t\t<\/div>\n\t\t\t\t<\/div>\n\t\t\t\t<div class=\"elementor-element elementor-element-7aac5397 elementor-widget elementor-widget-text-editor\" data-id=\"7aac5397\" data-element_type=\"widget\" data-e-type=\"widget\" data-widget_type=\"text-editor.default\">\n\t\t\t\t<div class=\"elementor-widget-container\">\n\t\t\t\t\t\t\t\t\t<p>En l\u00ednea con los objetivos energ\u00e9ticos y clim\u00e1ticos de la UE, FACILITA avanza en el Plan Nacional Integrado de Energ\u00eda y Clima de Espa\u00f1a, que se compromete a importantes ahorros energ\u00e9ticos y reducciones de emisiones en edificios p\u00fablicos para 2030. Las instalaciones p\u00fablicas en Espa\u00f1a a menudo dependen de sistemas energ\u00e9ticos obsoletos e ineficientes, lo que genera altos costos ambientales y financieros. FACILITA aborda estos desaf\u00edos proporcionando caminos accesibles y asequibles para que las autoridades locales y regionales implementen renovaciones energ\u00e9ticas profundas, adapt\u00e1ndose a diversos contextos clim\u00e1ticos y urbanos.\u00a0<\/p><p>El proyecto busca <b>eliminar barreras administrativas, legales, financieras y t\u00e9cnicas comunes<\/b>, equipando a las autoridades locales y regionales con un servicio integral que respalda la planificaci\u00f3n eficiente de proyectos, la estructuraci\u00f3n financiera y la implementaci\u00f3n de alta calidad. Por lo tanto, los objetivos de FACILITA son tres: operar tres Ventanillas \u00danicas sostenibles para la renovaci\u00f3n de edificios p\u00fablicos, desencadenar inversiones para mejoras energ\u00e9ticas profundas en instalaciones p\u00fablicas que contribuyan a la transici\u00f3n hacia energ\u00eda limpia, y facilitar la replicaci\u00f3n y escalamiento de las OSS en otras regiones europeas.\u00a0<\/p>\t\t\t\t\t\t\t\t<\/div>\n\t\t\t\t<\/div>\n\t\t\t\t<\/div>\n\t\t\t\t\t<\/div>\n\t\t\t\t<\/div>\n\t\t<div class=\"elementor-element elementor-element-5741538e e-flex e-con-boxed e-con e-parent\" data-id=\"5741538e\" data-element_type=\"container\" data-e-type=\"container\">\n\t\t\t\t\t<div class=\"e-con-inner\">\n\t\t<div class=\"elementor-element elementor-element-5d85d75f e-con-full e-flex e-con e-child\" data-id=\"5d85d75f\" data-element_type=\"container\" data-e-type=\"container\">\n\t\t\t\t<div class=\"elementor-element elementor-element-169cfc69 elementor-widget elementor-widget-heading\" data-id=\"169cfc69\" data-element_type=\"widget\" data-e-type=\"widget\" data-widget_type=\"heading.default\">\n\t\t\t\t<div class=\"elementor-widget-container\">\n\t\t\t\t\t<h2 class=\"elementor-heading-title elementor-size-default\">Enfoque de FACILITA<\/h2>\t\t\t\t<\/div>\n\t\t\t\t<\/div>\n\t\t\t\t<div class=\"elementor-element elementor-element-39ee474c elementor-widget elementor-widget-text-editor\" data-id=\"39ee474c\" data-element_type=\"widget\" data-e-type=\"widget\" data-widget_type=\"text-editor.default\">\n\t\t\t\t<div class=\"elementor-widget-container\">\n\t\t\t\t\t\t\t\t\t<p>FACILITA planea crear y operar servicios integrales de renovaci\u00f3n -OSS- en tres regiones espa\u00f1olas, combinando oficinas f\u00edsicas y virtuales, con un servicio m\u00f3vil. Como centros de servicios integrados, las OSS de FACILITA ofrecer\u00e1n a las autoridades locales y regionales una cartera completa de servicios, incluyendo asesoramiento t\u00e9cnico, financiero y legal, gesti\u00f3n de compras y aseguramiento de calidad. As\u00ed, se cubrir\u00e1 todo el Viaje del Cliente: desde la fase de Incorporaci\u00f3n hasta el monitoreo de las obras, pasando por el dise\u00f1o del proyecto, preparaci\u00f3n y licitaci\u00f3n, y la construcci\u00f3n.\u00a0<\/p><p>Tras un an\u00e1lisis exhaustivo de los marcos legales, regulatorios y financieros, as\u00ed como una evaluaci\u00f3n de los modelos existentes, las OSS de FACILITA ser\u00e1n dise\u00f1adas mediante un enfoque cocreativo, teniendo en cuenta las especificidades geogr\u00e1ficas, institucionales, econ\u00f3micas y sociales de cada regi\u00f3n. En consecuencia, se probar\u00e1n tres modelos de gobernanza de OSS distintos: gesti\u00f3n p\u00fablica (Extremadura), privada sin \u00e1nimo de lucro (Valencia) y privada (Madrid).\u00a0<\/p><p>Posteriormente, se llevar\u00e1 a cabo una fase de prueba y ajuste, tras la cual se desarrollar\u00e1n herramientas replicables -Toolkit de FACILITA-. Estas herramientas, junto con los conocimientos y resultados del proyecto, se divulgar\u00e1n y replicar\u00e1n en otras regiones de la UE a trav\u00e9s de la Comunidad de Pr\u00e1ctica de FACILITA en la UE.\u00a0<\/p>\t\t\t\t\t\t\t\t<\/div>\n\t\t\t\t<\/div>\n\t\t\t\t<\/div>\n\t\t<div class=\"elementor-element elementor-element-71462d0e e-con-full e-flex e-con e-child\" data-id=\"71462d0e\" data-element_type=\"container\" data-e-type=\"container\">\n\t\t\t\t<div class=\"elementor-element elementor-element-3528ad3f elementor-widget elementor-widget-image\" data-id=\"3528ad3f\" data-element_type=\"widget\" data-e-type=\"widget\" data-widget_type=\"image.default\">\n\t\t\t\t<div class=\"elementor-widget-container\">\n\t\t\t\t\t\t\t\t\t\t\t\t\t\t\t<img decoding=\"async\" width=\"791\" height=\"1024\" src=\"https:\/\/blinkbcn.com\/wp-content\/uploads\/FACILITA-791x1024.png\" class=\"attachment-large size-large wp-image-4483\" alt=\"\" srcset=\"https:\/\/blinkbcn.com\/wp-content\/uploads\/FACILITA-791x1024.png 791w, https:\/\/blinkbcn.com\/wp-content\/uploads\/FACILITA-232x300.png 232w, https:\/\/blinkbcn.com\/wp-content\/uploads\/FACILITA-768x994.png 768w, https:\/\/blinkbcn.com\/wp-content\/uploads\/FACILITA-1187x1536.png 1187w, https:\/\/blinkbcn.com\/wp-content\/uploads\/FACILITA.png 1545w\" sizes=\"(max-width: 791px) 100vw, 791px\" \/>\t\t\t\t\t\t\t\t\t\t\t\t\t\t\t<\/div>\n\t\t\t\t<\/div>\n\t\t\t\t<\/div>\n\t\t\t\t\t<\/div>\n\t\t\t\t<\/div>\n\t\t<div class=\"elementor-element elementor-element-61ef5193 e-flex e-con-boxed e-con e-parent\" data-id=\"61ef5193\" data-element_type=\"container\" data-e-type=\"container\">\n\t\t\t\t\t<div class=\"e-con-inner\">\n\t\t<div class=\"elementor-element elementor-element-49cd14d6 e-con-full e-flex e-con e-child\" data-id=\"49cd14d6\" data-element_type=\"container\" data-e-type=\"container\">\n\t\t<div class=\"elementor-element elementor-element-8bb22a2 e-flex e-con-boxed e-con e-child\" data-id=\"8bb22a2\" data-element_type=\"container\" data-e-type=\"container\">\n\t\t\t\t\t<div class=\"e-con-inner\">\n\t\t\t\t<div class=\"elementor-element elementor-element-5161a4c3 elementor-widget elementor-widget-heading\" data-id=\"5161a4c3\" data-element_type=\"widget\" data-e-type=\"widget\" data-widget_type=\"heading.default\">\n\t\t\t\t<div class=\"elementor-widget-container\">\n\t\t\t\t\t<h2 class=\"elementor-heading-title elementor-size-default\">Tres OSS, Siete Socios<\/h2>\t\t\t\t<\/div>\n\t\t\t\t<\/div>\n\t\t\t\t<div class=\"elementor-element elementor-element-21931d9b elementor-widget__width-initial elementor-widget elementor-widget-text-editor\" data-id=\"21931d9b\" data-element_type=\"widget\" data-e-type=\"widget\" data-widget_type=\"text-editor.default\">\n\t\t\t\t<div class=\"elementor-widget-container\">\n\t\t\t\t\t\t\t\t\t<p>El proyecto FACILITA re\u00fane una s\u00f3lida red de socios, liderada por el Instituto Valenciano de la Edificaci\u00f3n (IVE), cada uno aportando experiencia clave en diversas \u00e1reas de la transici\u00f3n energ\u00e9tica e importantes conocimientos regionales. IVE ser\u00e1 el operador de la OSS en Valencia, mientras que la Agencia Extreme\u00f1a de la Energ\u00eda (AGENEX) y ESCAN dise\u00f1ar\u00e1n y operar\u00e1n las OSS de Extremadura y Madrid, respectivamente. Ideas for Change, la Federaci\u00f3n Europea de Agencias y Regiones para la Energ\u00eda y el Medio Ambiente (FEDARENE) y B.Link complementan el consorcio con un enfoque hol\u00edstico en la participaci\u00f3n de las partes interesadas, la replicaci\u00f3n y transferencia, y la gesti\u00f3n del proyecto.&nbsp;<\/p>\n<p>B.Link aporta su experiencia en mapeo estrat\u00e9gico de oportunidades y gesti\u00f3n integral al proyecto FACILITA. B.Link apoya al IVE en el Paquete de Trabajo (WP1), gestionando tareas administrativas y log\u00edsticas clave. Adem\u00e1s, como l\u00edder de <b>Aseguramiento de la Calidad y Gesti\u00f3n de Riesgos (WP1)<\/b>, B.Link se dedica a mantener altos est\u00e1ndares a lo largo del ciclo de vida del proyecto.&nbsp;<\/p>\n<p>En la fase de <b>dise\u00f1o de las OSS (WP3)<\/b>, B.Link lidera un proceso participativo y cocreativo para desarrollar tres OSS de FACILITA adaptadas, respondiendo a los diversos contextos regionales. La <b>evaluaci\u00f3n de las OSS (WP4)<\/b> tambi\u00e9n es responsabilidad de B.Link, asegurando una implementaci\u00f3n adecuada y recopilando los datos m\u00e1s relevantes para extraer conclusiones apropiadas y ajustar las OSS piloto hacia su sostenibilidad y replicabilidad.&nbsp; <\/p>\t\t\t\t\t\t\t\t<\/div>\n\t\t\t\t<\/div>\n\t\t\t\t\t<\/div>\n\t\t\t\t<\/div>\n\t\t<div class=\"elementor-element elementor-element-6a740c1a e-flex e-con-boxed e-con e-child\" data-id=\"6a740c1a\" data-element_type=\"container\" data-e-type=\"container\">\n\t\t\t\t\t<div class=\"e-con-inner\">\n\t\t\t\t<div class=\"elementor-element elementor-element-22952f8 elementor-widget elementor-widget-image\" data-id=\"22952f8\" data-element_type=\"widget\" data-e-type=\"widget\" data-widget_type=\"image.default\">\n\t\t\t\t<div class=\"elementor-widget-container\">\n\t\t\t\t\t\t\t\t\t\t\t\t\t\t\t<img loading=\"lazy\" decoding=\"async\" width=\"791\" height=\"1024\" src=\"https:\/\/blinkbcn.com\/wp-content\/uploads\/Facilita-Mapa-Web-791x1024.png\" class=\"attachment-large size-large wp-image-4701\" alt=\"\" srcset=\"https:\/\/blinkbcn.com\/wp-content\/uploads\/Facilita-Mapa-Web-791x1024.png 791w, https:\/\/blinkbcn.com\/wp-content\/uploads\/Facilita-Mapa-Web-232x300.png 232w, https:\/\/blinkbcn.com\/wp-content\/uploads\/Facilita-Mapa-Web-768x994.png 768w, https:\/\/blinkbcn.com\/wp-content\/uploads\/Facilita-Mapa-Web-1187x1536.png 1187w, https:\/\/blinkbcn.com\/wp-content\/uploads\/Facilita-Mapa-Web.png 1545w\" sizes=\"(max-width: 791px) 100vw, 791px\" \/>\t\t\t\t\t\t\t\t\t\t\t\t\t\t\t<\/div>\n\t\t\t\t<\/div>\n\t\t\t\t\t<\/div>\n\t\t\t\t<\/div>\n\t\t\t\t<\/div>\n\t\t\t\t\t<\/div>\n\t\t\t\t<\/div>\n\t\t<div class=\"elementor-element elementor-element-5ae26125 e-flex e-con-boxed e-con e-parent\" data-id=\"5ae26125\" data-element_type=\"container\" data-e-type=\"container\">\n\t\t\t\t\t<div class=\"e-con-inner\">\n\t\t\t\t<div class=\"elementor-element elementor-element-2529247 elementor-widget__width-initial elementor-widget elementor-widget-text-editor\" data-id=\"2529247\" data-element_type=\"widget\" data-e-type=\"widget\" data-widget_type=\"text-editor.default\">\n\t\t\t\t<div class=\"elementor-widget-container\">\n\t\t\t\t\t\t\t\t\t<p>Co-funded<em style=\"text-align: justify; color: #26324b; font-family: arial, sans-serif; letter-spacing: normal;\"> by the European Union. Views and opinions expressed are however those of the author(s) only and do not necessarily reflect those of the European Union or CINEA. Neither the European Union nor the granting authority can be held responsible for them.<\/em><\/p>\t\t\t\t\t\t\t\t<\/div>\n\t\t\t\t<\/div>\n\t\t\t\t\t<\/div>\n\t\t\t\t<\/div>\n\t\t\t\t<\/div>\n\t\t","protected":false},"excerpt":{"rendered":"<p>FACILITA Transforming Public Buildings Towards Energy Efficiency Inicio: 01\/10\/2024 Fin: 30\/09\/2027 Presupuesto: 1.498.897,73 \u20ac Subvenci\u00f3n: 1.423.952,86 \u20ac El proyecto FACILITA, financiado por el programa LIFE Clean Energy Transition, promueve renovaciones energ\u00e9ticas profundas en los edificios p\u00fablicos de Espa\u00f1a. A trav\u00e9s de tres Ventanillas \u00danicas (OSS) regionales en Extremadura, Madrid y Valencia, FACILITA conecta a los [&hellip;]<\/p>\n","protected":false},"author":4,"featured_media":0,"parent":0,"menu_order":0,"comment_status":"closed","ping_status":"closed","template":"","meta":{"footnotes":""},"class_list":["post-4622","page","type-page","status-publish","hentry"],"_links":{"self":[{"href":"https:\/\/blinkbcn.com\/es\/wp-json\/wp\/v2\/pages\/4622","targetHints":{"allow":["GET"]}}],"collection":[{"href":"https:\/\/blinkbcn.com\/es\/wp-json\/wp\/v2\/pages"}],"about":[{"href":"https:\/\/blinkbcn.com\/es\/wp-json\/wp\/v2\/types\/page"}],"author":[{"embeddable":true,"href":"https:\/\/blinkbcn.com\/es\/wp-json\/wp\/v2\/users\/4"}],"replies":[{"embeddable":true,"href":"https:\/\/blinkbcn.com\/es\/wp-json\/wp\/v2\/comments?post=4622"}],"version-history":[{"count":6,"href":"https:\/\/blinkbcn.com\/es\/wp-json\/wp\/v2\/pages\/4622\/revisions"}],"predecessor-version":[{"id":4712,"href":"https:\/\/blinkbcn.com\/es\/wp-json\/wp\/v2\/pages\/4622\/revisions\/4712"}],"wp:attachment":[{"href":"https:\/\/blinkbcn.com\/es\/wp-json\/wp\/v2\/media?parent=4622"}],"curies":[{"name":"wp","href":"https:\/\/api.w.org\/{rel}","templated":true}]}}