{"id":4381,"date":"2024-10-21T11:22:35","date_gmt":"2024-10-21T11:22:35","guid":{"rendered":"https:\/\/blinkbcn.com\/?page_id=4381"},"modified":"2025-01-17T11:27:36","modified_gmt":"2025-01-17T11:27:36","slug":"enact","status":"publish","type":"page","link":"https:\/\/blinkbcn.com\/es\/enact\/","title":{"rendered":"ENACT"},"content":{"rendered":"\t\t<div data-elementor-type=\"wp-page\" data-elementor-id=\"4381\" class=\"elementor elementor-4381 elementor-4266\" data-elementor-post-type=\"page\">\n\t\t\t\t<div class=\"elementor-element elementor-element-40e6aea e-flex e-con-boxed e-con e-parent\" data-id=\"40e6aea\" data-element_type=\"container\" data-e-type=\"container\" data-settings=\"{&quot;background_background&quot;:&quot;classic&quot;}\">\n\t\t\t\t\t<div class=\"e-con-inner\">\n\t\t<div class=\"elementor-element elementor-element-657e2058 e-con-full e-flex e-con e-child\" data-id=\"657e2058\" data-element_type=\"container\" data-e-type=\"container\">\n\t\t\t\t<div class=\"elementor-element elementor-element-71b1b4e5 elementor-widget elementor-widget-heading\" data-id=\"71b1b4e5\" data-element_type=\"widget\" data-e-type=\"widget\" data-widget_type=\"heading.default\">\n\t\t\t\t<div class=\"elementor-widget-container\">\n\t\t\t\t\t<h1 class=\"elementor-heading-title elementor-size-default\">ENACT<\/h1>\t\t\t\t<\/div>\n\t\t\t\t<\/div>\n\t\t\t\t<div class=\"elementor-element elementor-element-61269671 elementor-widget elementor-widget-heading\" data-id=\"61269671\" data-element_type=\"widget\" data-e-type=\"widget\" data-widget_type=\"heading.default\">\n\t\t\t\t<div class=\"elementor-widget-container\">\n\t\t\t\t\t<h5 class=\"elementor-heading-title elementor-size-default\">Driving the Digital Transition in the Agri-food Social Economy<\/h5>\t\t\t\t<\/div>\n\t\t\t\t<\/div>\n\t\t\t\t<\/div>\n\t\t\t\t\t<\/div>\n\t\t\t\t<\/div>\n\t\t<div class=\"elementor-element elementor-element-4f690dac e-flex e-con-boxed e-con e-parent\" data-id=\"4f690dac\" data-element_type=\"container\" data-e-type=\"container\">\n\t\t\t\t\t<div class=\"e-con-inner\">\n\t\t<div class=\"elementor-element elementor-element-3e391adf e-con-full e-flex e-con e-child\" data-id=\"3e391adf\" data-element_type=\"container\" data-e-type=\"container\">\n\t\t\t\t<div class=\"elementor-element elementor-element-55658e5e elementor-widget elementor-widget-image\" data-id=\"55658e5e\" data-element_type=\"widget\" data-e-type=\"widget\" data-widget_type=\"image.default\">\n\t\t\t\t<div class=\"elementor-widget-container\">\n\t\t\t\t\t\t\t\t\t\t\t\t\t\t\t<img fetchpriority=\"high\" decoding=\"async\" width=\"800\" height=\"460\" src=\"https:\/\/blinkbcn.com\/wp-content\/uploads\/ENACT_logo_H_Color-1024x589.png\" class=\"attachment-large size-large wp-image-4745\" alt=\"\" srcset=\"https:\/\/blinkbcn.com\/wp-content\/uploads\/ENACT_logo_H_Color-1024x589.png 1024w, https:\/\/blinkbcn.com\/wp-content\/uploads\/ENACT_logo_H_Color-300x173.png 300w, https:\/\/blinkbcn.com\/wp-content\/uploads\/ENACT_logo_H_Color-768x442.png 768w, https:\/\/blinkbcn.com\/wp-content\/uploads\/ENACT_logo_H_Color-1536x884.png 1536w, https:\/\/blinkbcn.com\/wp-content\/uploads\/ENACT_logo_H_Color.png 1725w\" sizes=\"(max-width: 800px) 100vw, 800px\" \/>\t\t\t\t\t\t\t\t\t\t\t\t\t\t\t<\/div>\n\t\t\t\t<\/div>\n\t\t\t\t<\/div>\n\t\t<div class=\"elementor-element elementor-element-8393c97 e-con-full e-flex e-con e-child\" data-id=\"8393c97\" data-element_type=\"container\" data-e-type=\"container\">\n\t\t\t\t<div class=\"elementor-element elementor-element-65d53b35 elementor-widget__width-initial elementor-widget elementor-widget-image\" data-id=\"65d53b35\" data-element_type=\"widget\" data-e-type=\"widget\" data-widget_type=\"image.default\">\n\t\t\t\t<div class=\"elementor-widget-container\">\n\t\t\t\t\t\t\t\t\t\t\t\t\t\t\t<img decoding=\"async\" width=\"300\" height=\"119\" src=\"https:\/\/blinkbcn.com\/wp-content\/uploads\/eufunding-300x119.png\" class=\"attachment-medium size-medium wp-image-3706\" alt=\"\" srcset=\"https:\/\/blinkbcn.com\/wp-content\/uploads\/eufunding-300x119.png 300w, https:\/\/blinkbcn.com\/wp-content\/uploads\/eufunding-1024x408.png 1024w, https:\/\/blinkbcn.com\/wp-content\/uploads\/eufunding-768x306.png 768w, https:\/\/blinkbcn.com\/wp-content\/uploads\/eufunding.png 1263w\" sizes=\"(max-width: 300px) 100vw, 300px\" \/>\t\t\t\t\t\t\t\t\t\t\t\t\t\t\t<\/div>\n\t\t\t\t<\/div>\n\t\t\t\t<\/div>\n\t\t\t\t\t<\/div>\n\t\t\t\t<\/div>\n\t\t<div class=\"elementor-element elementor-element-19c2c92c e-flex e-con-boxed e-con e-parent\" data-id=\"19c2c92c\" data-element_type=\"container\" data-e-type=\"container\" data-settings=\"{&quot;background_background&quot;:&quot;classic&quot;}\">\n\t\t\t\t\t<div class=\"e-con-inner\">\n\t\t<div class=\"elementor-element elementor-element-126bd242 e-con-full e-flex e-con e-child\" data-id=\"126bd242\" data-element_type=\"container\" data-e-type=\"container\" data-settings=\"{&quot;background_background&quot;:&quot;classic&quot;}\">\n\t\t\t\t<div class=\"elementor-element elementor-element-5e2c174e elementor-icon-list--layout-traditional elementor-list-item-link-full_width elementor-widget elementor-widget-icon-list\" data-id=\"5e2c174e\" data-element_type=\"widget\" data-e-type=\"widget\" data-widget_type=\"icon-list.default\">\n\t\t\t\t<div class=\"elementor-widget-container\">\n\t\t\t\t\t\t\t<ul class=\"elementor-icon-list-items\">\n\t\t\t\t\t\t\t<li class=\"elementor-icon-list-item\">\n\t\t\t\t\t\t\t\t\t\t\t<span class=\"elementor-icon-list-icon\">\n\t\t\t\t\t\t\t<svg aria-hidden=\"true\" class=\"e-font-icon-svg e-fas-play-circle\" viewBox=\"0 0 512 512\" xmlns=\"http:\/\/www.w3.org\/2000\/svg\"><path d=\"M256 8C119 8 8 119 8 256s111 248 248 248 248-111 248-248S393 8 256 8zm115.7 272l-176 101c-15.8 8.8-35.7-2.5-35.7-21V152c0-18.4 19.8-29.8 35.7-21l176 107c16.4 9.2 16.4 32.9 0 42z\"><\/path><\/svg>\t\t\t\t\t\t<\/span>\n\t\t\t\t\t\t\t\t\t\t<span class=\"elementor-icon-list-text\">Inicio: <b>01\/01\/2024<\/b><\/span>\n\t\t\t\t\t\t\t\t\t<\/li>\n\t\t\t\t\t\t\t\t<li class=\"elementor-icon-list-item\">\n\t\t\t\t\t\t\t\t\t\t\t<span class=\"elementor-icon-list-icon\">\n\t\t\t\t\t\t\t<svg aria-hidden=\"true\" class=\"e-font-icon-svg e-fas-flag-checkered\" viewBox=\"0 0 512 512\" xmlns=\"http:\/\/www.w3.org\/2000\/svg\"><path d=\"M243.2 189.9V258c26.1 5.9 49.3 15.6 73.6 22.3v-68.2c-26-5.8-49.4-15.5-73.6-22.2zm223.3-123c-34.3 15.9-76.5 31.9-117 31.9C296 98.8 251.7 64 184.3 64c-25 0-47.3 4.4-68 12 2.8-7.3 4.1-15.2 3.6-23.6C118.1 24 94.8 1.2 66.3 0 34.3-1.3 8 24.3 8 56c0 19 9.5 35.8 24 45.9V488c0 13.3 10.7 24 24 24h16c13.3 0 24-10.7 24-24v-94.4c28.3-12.1 63.6-22.1 114.4-22.1 53.6 0 97.8 34.8 165.2 34.8 48.2 0 86.7-16.3 122.5-40.9 8.7-6 13.8-15.8 13.8-26.4V95.9c.1-23.3-24.2-38.8-45.4-29zM169.6 325.5c-25.8 2.7-50 8.2-73.6 16.6v-70.5c26.2-9.3 47.5-15 73.6-17.4zM464 191c-23.6 9.8-46.3 19.5-73.6 23.9V286c24.8-3.4 51.4-11.8 73.6-26v70.5c-25.1 16.1-48.5 24.7-73.6 27.1V286c-27 3.7-47.9 1.5-73.6-5.6v67.4c-23.9-7.4-47.3-16.7-73.6-21.3V258c-19.7-4.4-40.8-6.8-73.6-3.8v-70c-22.4 3.1-44.6 10.2-73.6 20.9v-70.5c33.2-12.2 50.1-19.8 73.6-22v71.6c27-3.7 48.4-1.3 73.6 5.7v-67.4c23.7 7.4 47.2 16.7 73.6 21.3v68.4c23.7 5.3 47.6 6.9 73.6 2.7V143c27-4.8 52.3-13.6 73.6-22.5z\"><\/path><\/svg>\t\t\t\t\t\t<\/span>\n\t\t\t\t\t\t\t\t\t\t<span class=\"elementor-icon-list-text\">Fin: <b>30\/06\/2026<\/b><\/span>\n\t\t\t\t\t\t\t\t\t<\/li>\n\t\t\t\t\t\t<\/ul>\n\t\t\t\t\t\t<\/div>\n\t\t\t\t<\/div>\n\t\t\t\t<div class=\"elementor-element elementor-element-6d886e79 elementor-icon-list--layout-traditional elementor-list-item-link-full_width elementor-widget elementor-widget-icon-list\" data-id=\"6d886e79\" data-element_type=\"widget\" data-e-type=\"widget\" data-widget_type=\"icon-list.default\">\n\t\t\t\t<div class=\"elementor-widget-container\">\n\t\t\t\t\t\t\t<ul class=\"elementor-icon-list-items\">\n\t\t\t\t\t\t\t<li class=\"elementor-icon-list-item\">\n\t\t\t\t\t\t\t\t\t\t\t<span class=\"elementor-icon-list-icon\">\n\t\t\t\t\t\t\t<svg aria-hidden=\"true\" class=\"e-font-icon-svg e-fas-money-bill-wave\" viewBox=\"0 0 640 512\" xmlns=\"http:\/\/www.w3.org\/2000\/svg\"><path d=\"M621.16 54.46C582.37 38.19 543.55 32 504.75 32c-123.17-.01-246.33 62.34-369.5 62.34-30.89 0-61.76-3.92-92.65-13.72-3.47-1.1-6.95-1.62-10.35-1.62C15.04 79 0 92.32 0 110.81v317.26c0 12.63 7.23 24.6 18.84 29.46C57.63 473.81 96.45 480 135.25 480c123.17 0 246.34-62.35 369.51-62.35 30.89 0 61.76 3.92 92.65 13.72 3.47 1.1 6.95 1.62 10.35 1.62 17.21 0 32.25-13.32 32.25-31.81V83.93c-.01-12.64-7.24-24.6-18.85-29.47zM48 132.22c20.12 5.04 41.12 7.57 62.72 8.93C104.84 170.54 79 192.69 48 192.69v-60.47zm0 285v-47.78c34.37 0 62.18 27.27 63.71 61.4-22.53-1.81-43.59-6.31-63.71-13.62zM320 352c-44.19 0-80-42.99-80-96 0-53.02 35.82-96 80-96s80 42.98 80 96c0 53.03-35.83 96-80 96zm272 27.78c-17.52-4.39-35.71-6.85-54.32-8.44 5.87-26.08 27.5-45.88 54.32-49.28v57.72zm0-236.11c-30.89-3.91-54.86-29.7-55.81-61.55 19.54 2.17 38.09 6.23 55.81 12.66v48.89z\"><\/path><\/svg>\t\t\t\t\t\t<\/span>\n\t\t\t\t\t\t\t\t\t\t<span class=\"elementor-icon-list-text\">Presupuesto global: <b> 1.233.772 \u20ac<\/b><\/span>\n\t\t\t\t\t\t\t\t\t<\/li>\n\t\t\t\t\t\t\t\t<li class=\"elementor-icon-list-item\">\n\t\t\t\t\t\t\t\t\t\t\t<span class=\"elementor-icon-list-icon\">\n\t\t\t\t\t\t\t<svg aria-hidden=\"true\" class=\"e-font-icon-svg e-fas-money-bill-wave\" viewBox=\"0 0 640 512\" xmlns=\"http:\/\/www.w3.org\/2000\/svg\"><path d=\"M621.16 54.46C582.37 38.19 543.55 32 504.75 32c-123.17-.01-246.33 62.34-369.5 62.34-30.89 0-61.76-3.92-92.65-13.72-3.47-1.1-6.95-1.62-10.35-1.62C15.04 79 0 92.32 0 110.81v317.26c0 12.63 7.23 24.6 18.84 29.46C57.63 473.81 96.45 480 135.25 480c123.17 0 246.34-62.35 369.51-62.35 30.89 0 61.76 3.92 92.65 13.72 3.47 1.1 6.95 1.62 10.35 1.62 17.21 0 32.25-13.32 32.25-31.81V83.93c-.01-12.64-7.24-24.6-18.85-29.47zM48 132.22c20.12 5.04 41.12 7.57 62.72 8.93C104.84 170.54 79 192.69 48 192.69v-60.47zm0 285v-47.78c34.37 0 62.18 27.27 63.71 61.4-22.53-1.81-43.59-6.31-63.71-13.62zM320 352c-44.19 0-80-42.99-80-96 0-53.02 35.82-96 80-96s80 42.98 80 96c0 53.03-35.83 96-80 96zm272 27.78c-17.52-4.39-35.71-6.85-54.32-8.44 5.87-26.08 27.5-45.88 54.32-49.28v57.72zm0-236.11c-30.89-3.91-54.86-29.7-55.81-61.55 19.54 2.17 38.09 6.23 55.81 12.66v48.89z\"><\/path><\/svg>\t\t\t\t\t\t<\/span>\n\t\t\t\t\t\t\t\t\t\t<span class=\"elementor-icon-list-text\">Subvenci\u00f3n: <b>1.132.394  \u20ac<\/b><\/span>\n\t\t\t\t\t\t\t\t\t<\/li>\n\t\t\t\t\t\t<\/ul>\n\t\t\t\t\t\t<\/div>\n\t\t\t\t<\/div>\n\t\t\t\t<\/div>\n\t\t\t\t\t<\/div>\n\t\t\t\t<\/div>\n\t\t<div class=\"elementor-element elementor-element-ef6f7f6 e-flex e-con-boxed e-con e-parent\" data-id=\"ef6f7f6\" data-element_type=\"container\" data-e-type=\"container\" data-settings=\"{&quot;background_background&quot;:&quot;classic&quot;}\">\n\t\t\t\t\t<div class=\"e-con-inner\">\n\t\t\t\t<div class=\"elementor-element elementor-element-2429136d elementor-widget elementor-widget-text-editor\" data-id=\"2429136d\" data-element_type=\"widget\" data-e-type=\"widget\" data-widget_type=\"text-editor.default\">\n\t\t\t\t<div class=\"elementor-widget-container\">\n\t\t\t\t\t\t\t\t\t<p>\u00a0<\/p><p>El proyecto ENACT, cofinanciado por el Single Market Programme para la competitividad empresarial, es una iniciativa pionera centrada en acelerar la transici\u00f3n digital y promover el emprendimiento dentro de la econom\u00eda social agroalimentaria. Con el objetivo de transformar el sistema alimentario europeo hacia la sostenibilidad, ENACT hace hincapi\u00e9 en la cooperaci\u00f3n transnacional para mejorar capacidades y fomentar territorios resilientes, justos e inclusivos.<\/p>\t\t\t\t\t\t\t\t<\/div>\n\t\t\t\t<\/div>\n\t\t\t\t\t<\/div>\n\t\t\t\t<\/div>\n\t\t<div class=\"elementor-element elementor-element-7affac2e e-flex e-con-boxed e-con e-parent\" data-id=\"7affac2e\" data-element_type=\"container\" data-e-type=\"container\">\n\t\t\t\t\t<div class=\"e-con-inner\">\n\t\t<div class=\"elementor-element elementor-element-6ac273e8 e-con-full e-flex e-con e-child\" data-id=\"6ac273e8\" data-element_type=\"container\" data-e-type=\"container\">\n\t\t\t\t<div class=\"elementor-element elementor-element-6c37d219 elementor-widget elementor-widget-heading\" data-id=\"6c37d219\" data-element_type=\"widget\" data-e-type=\"widget\" data-widget_type=\"heading.default\">\n\t\t\t\t<div class=\"elementor-widget-container\">\n\t\t\t\t\t<h2 class=\"elementor-heading-title elementor-size-default\">Hacia un Sector Agroalimentario m\u00e1s Verde y Digital<\/h2>\t\t\t\t<\/div>\n\t\t\t\t<\/div>\n\t\t\t\t<div class=\"elementor-element elementor-element-59c9894d elementor-widget elementor-widget-text-editor\" data-id=\"59c9894d\" data-element_type=\"widget\" data-e-type=\"widget\" data-widget_type=\"text-editor.default\">\n\t\t\t\t<div class=\"elementor-widget-container\">\n\t\t\t\t\t\t\t\t\t<p>ENACT aborda los desaf\u00edos cr\u00edticos del sector agroalimentario europeo mediante la integraci\u00f3n de la innovaci\u00f3n digital para impulsar la sostenibilidad, la resiliencia y la eficiencia. Con una visi\u00f3n que va m\u00e1s all\u00e1 de la mera digitalizaci\u00f3n, ENACT busca transformar la econom\u00eda social agroalimentaria, un actor clave en el desarrollo local y la inclusi\u00f3n social. Las acciones del proyecto incluyen la evaluaci\u00f3n de necesidades a nivel local e internacional para garantizar que las soluciones implementadas respondan a los verdaderos desaf\u00edos del sector, adem\u00e1s de proporcionar capacitaci\u00f3n y herramientas que faciliten la transici\u00f3n digital de empresas e iniciativas sociales.<\/p><p>Promueve la colaboraci\u00f3n y la creaci\u00f3n de redes transnacionales para fomentar pr\u00e1cticas agroalimentarias m\u00e1s sostenibles, justas y eficientes. Con un enfoque en reducir la huella ecol\u00f3gica y generar soluciones replicables en toda Europa, el proyecto busca desarrollar un modelo agroalimentario innovador y respetuoso con el medio ambiente. El objetivo final es asegurar que el sector est\u00e9 preparado para enfrentar los futuros desaf\u00edos sociales y ambientales, creando territorios m\u00e1s resilientes y solidarios.<\/p>\t\t\t\t\t\t\t\t<\/div>\n\t\t\t\t<\/div>\n\t\t\t\t<\/div>\n\t\t\t\t\t<\/div>\n\t\t\t\t<\/div>\n\t\t<div class=\"elementor-element elementor-element-5a9162c4 e-flex e-con-boxed e-con e-parent\" data-id=\"5a9162c4\" data-element_type=\"container\" data-e-type=\"container\">\n\t\t\t\t\t<div class=\"e-con-inner\">\n\t\t<div class=\"elementor-element elementor-element-4c470c01 e-con-full e-flex e-con e-child\" data-id=\"4c470c01\" data-element_type=\"container\" data-e-type=\"container\">\n\t\t\t\t<div class=\"elementor-element elementor-element-189c33c0 elementor-widget elementor-widget-heading\" data-id=\"189c33c0\" data-element_type=\"widget\" data-e-type=\"widget\" data-widget_type=\"heading.default\">\n\t\t\t\t<div class=\"elementor-widget-container\">\n\t\t\t\t\t<h2 class=\"elementor-heading-title elementor-size-default\">El Ecosistema de ENACT<\/h2>\t\t\t\t<\/div>\n\t\t\t\t<\/div>\n\t\t\t\t<div class=\"elementor-element elementor-element-c34ac6 elementor-widget elementor-widget-text-editor\" data-id=\"c34ac6\" data-element_type=\"widget\" data-e-type=\"widget\" data-widget_type=\"text-editor.default\">\n\t\t\t\t<div class=\"elementor-widget-container\">\n\t\t\t\t\t\t\t\t\t<p><span style=\"color: var( --e-global-color-text ); font-size: 1rem; letter-spacing: -0.3px;\">El ecosistema creado por ENACT se basa en la adopci\u00f3n de <\/span><b style=\"color: var( --e-global-color-text ); font-size: 1rem; letter-spacing: -0.3px;\">soluciones digitales<\/b><span style=\"color: var( --e-global-color-text ); font-size: 1rem; letter-spacing: -0.3px;\"> orientadas a transformar el sector agroalimentario hacia la sostenibilidad y la resiliencia. Con el objetivo de <\/span><b style=\"color: var( --e-global-color-text ); font-size: 1rem; letter-spacing: -0.3px;\">reducir el impacto ambiental<\/b><span style=\"color: var( --e-global-color-text ); font-size: 1rem; letter-spacing: -0.3px;\">, este ecosistema conecta a empresas, organizaciones y comunidades dentro de la econom\u00eda social para compartir conocimientos y acceder a nuevas tecnolog\u00edas, impulsando la innovaci\u00f3n en cada parte de la cadena agroalimentaria.<\/span><\/p><p>A trav\u00e9s de <b>programas de capacitaci\u00f3n e iniciativas educativas<\/b>, ENACT proporciona las herramientas y habilidades necesarias para que las iniciativas sociales y las pymes den el salto digital y aborden los desaf\u00edos del sector. Esta red promueve la cocreaci\u00f3n de soluciones, apoyando la producci\u00f3n sostenible, la reducci\u00f3n de desechos, la eficiencia energ\u00e9tica y la optimizaci\u00f3n de recursos en todos los niveles.<\/p><p>Adem\u00e1s, el ecosistema de ENACT fomenta la colaboraci\u00f3n transnacional, reuniendo a actores de diversos pa\u00edses europeos para trabajar conjuntamente en el desarrollo de pr\u00e1cticas agroalimentarias <b>m\u00e1s eficientes y sostenibles<\/b>. Al hacerlo, crea <b>una red de apoyo y una plataforma de aprendizaje mutuo<\/b> que no solo beneficia al sector agroalimentario, sino que tambi\u00e9n contribuye a una econom\u00eda social m\u00e1s justa y resiliente a nivel europeo.<\/p>\t\t\t\t\t\t\t\t<\/div>\n\t\t\t\t<\/div>\n\t\t\t\t<\/div>\n\t\t<div class=\"elementor-element elementor-element-73009d26 e-con-full e-flex e-con e-child\" data-id=\"73009d26\" data-element_type=\"container\" data-e-type=\"container\">\n\t\t\t\t<div class=\"elementor-element elementor-element-7fac1a70 elementor-widget__width-initial elementor-widget elementor-widget-image\" data-id=\"7fac1a70\" data-element_type=\"widget\" data-e-type=\"widget\" data-widget_type=\"image.default\">\n\t\t\t\t<div class=\"elementor-widget-container\">\n\t\t\t\t\t\t\t\t\t\t\t\t\t\t\t<img decoding=\"async\" width=\"800\" height=\"427\" src=\"https:\/\/blinkbcn.com\/wp-content\/uploads\/ENACT-1024x547.jpg\" class=\"attachment-large size-large wp-image-4262\" alt=\"\" srcset=\"https:\/\/blinkbcn.com\/wp-content\/uploads\/ENACT-1024x547.jpg 1024w, https:\/\/blinkbcn.com\/wp-content\/uploads\/ENACT-300x160.jpg 300w, https:\/\/blinkbcn.com\/wp-content\/uploads\/ENACT-768x410.jpg 768w, https:\/\/blinkbcn.com\/wp-content\/uploads\/ENACT.jpg 1071w\" sizes=\"(max-width: 800px) 100vw, 800px\" \/>\t\t\t\t\t\t\t\t\t\t\t\t\t\t\t<\/div>\n\t\t\t\t<\/div>\n\t\t\t\t<\/div>\n\t\t\t\t\t<\/div>\n\t\t\t\t<\/div>\n\t\t<div class=\"elementor-element elementor-element-d84221c e-grid e-con-boxed e-con e-parent\" data-id=\"d84221c\" data-element_type=\"container\" data-e-type=\"container\">\n\t\t\t\t\t<div class=\"e-con-inner\">\n\t\t<div class=\"elementor-element elementor-element-66c972a2 e-con-full e-flex e-con e-child\" data-id=\"66c972a2\" data-element_type=\"container\" data-e-type=\"container\">\n\t\t\t\t<div class=\"elementor-element elementor-element-130a12a elementor-widget elementor-widget-image\" data-id=\"130a12a\" data-element_type=\"widget\" data-e-type=\"widget\" data-widget_type=\"image.default\">\n\t\t\t\t<div class=\"elementor-widget-container\">\n\t\t\t\t\t\t\t\t\t\t\t\t\t\t\t<img loading=\"lazy\" decoding=\"async\" width=\"791\" height=\"1024\" src=\"https:\/\/blinkbcn.com\/wp-content\/uploads\/ENACT-Mapa-791x1024.png\" class=\"attachment-large size-large wp-image-4750\" alt=\"\" srcset=\"https:\/\/blinkbcn.com\/wp-content\/uploads\/ENACT-Mapa-791x1024.png 791w, https:\/\/blinkbcn.com\/wp-content\/uploads\/ENACT-Mapa-232x300.png 232w, https:\/\/blinkbcn.com\/wp-content\/uploads\/ENACT-Mapa-768x994.png 768w, https:\/\/blinkbcn.com\/wp-content\/uploads\/ENACT-Mapa-1187x1536.png 1187w, https:\/\/blinkbcn.com\/wp-content\/uploads\/ENACT-Mapa.png 1545w\" sizes=\"(max-width: 791px) 100vw, 791px\" \/>\t\t\t\t\t\t\t\t\t\t\t\t\t\t\t<\/div>\n\t\t\t\t<\/div>\n\t\t\t\t<\/div>\n\t\t<div class=\"elementor-element elementor-element-493d5fe6 e-con-full e-flex e-con e-child\" data-id=\"493d5fe6\" data-element_type=\"container\" data-e-type=\"container\">\n\t\t\t\t<div class=\"elementor-element elementor-element-169c9319 elementor-widget elementor-widget-heading\" data-id=\"169c9319\" data-element_type=\"widget\" data-e-type=\"widget\" data-widget_type=\"heading.default\">\n\t\t\t\t<div class=\"elementor-widget-container\">\n\t\t\t\t\t<h2 class=\"elementor-heading-title elementor-size-default\">Seis Socios Para unos Resultados a Largo Plazo<\/h2>\t\t\t\t<\/div>\n\t\t\t\t<\/div>\n\t\t\t\t<div class=\"elementor-element elementor-element-2fcaf61f elementor-widget__width-initial elementor-widget elementor-widget-text-editor\" data-id=\"2fcaf61f\" data-element_type=\"widget\" data-e-type=\"widget\" data-widget_type=\"text-editor.default\">\n\t\t\t\t<div class=\"elementor-widget-container\">\n\t\t\t\t\t\t\t\t\t<p><span style=\"color: var( --e-global-color-text ); font-size: 1rem; letter-spacing: -0.3px;\">Los socios del proyecto desempe\u00f1an un papel clave en la implementaci\u00f3n de ENACT, aportando experiencia en innovaci\u00f3n digital, sostenibilidad y econom\u00eda social para adaptar la iniciativa a las necesidades del sector agroalimentario.<\/span><\/p><p>ENACT aspira a lograr una transformaci\u00f3n significativa en el sector agroalimentario europeo. Se espera que m\u00e1s de 200 actores de la econom\u00eda social reciban <b>capacitaci\u00f3n en habilidades digitales y sostenibles<\/b>, y que se formen redes transnacionales para promover una colaboraci\u00f3n continua entre los participantes. A trav\u00e9s del apoyo financiero, se anticipa el desarrollo de soluciones digitales innovadoras que mejoren la eficiencia y sostenibilidad del sector. El proyecto tambi\u00e9n tiene como objetivo establecer <b>un modelo que pueda replicarse en otras regiones de Europa<\/b>, asegurando que el impacto de ENACT perdure a largo plazo.<\/p><p><span style=\"color: var( --e-global-color-text ); font-size: 1rem; letter-spacing: -0.3px;\">B.Link, gracias a su <b>experiencia en la gesti\u00f3n de Apoyo Financiero a Terceros (FSTP),<\/b> es responsable de desarrollar pautas completas para la concesi\u00f3n de FSTP a empresas de econom\u00eda social y organizaciones facilitadoras. Esto incluye detallar el proceso de selecci\u00f3n, establecer criterios objetivos para la concesi\u00f3n de FSTP en diversas actividades y definir pautas para determinar la cantidad de apoyo asignada a cada participante. Adem\u00e1s, B.Link dise\u00f1ar\u00e1 e implementar\u00e1 la herramienta principal para el seguimiento y la gesti\u00f3n integral y detallada del proyecto, lo que permitir\u00e1 un monitoreo eficiente del progreso, los objetivos y los indicadores clave de rendimiento en todas las actividades del proyecto.<\/span><\/p>\t\t\t\t\t\t\t\t<\/div>\n\t\t\t\t<\/div>\n\t\t\t\t<\/div>\n\t\t\t\t\t<\/div>\n\t\t\t\t<\/div>\n\t\t<div class=\"elementor-element elementor-element-1d630068 e-flex e-con-boxed e-con e-parent\" data-id=\"1d630068\" data-element_type=\"container\" data-e-type=\"container\">\n\t\t\t\t\t<div class=\"e-con-inner\">\n\t\t\t\t<div class=\"elementor-element elementor-element-242fd1ca elementor-widget__width-initial elementor-widget elementor-widget-text-editor\" data-id=\"242fd1ca\" data-element_type=\"widget\" data-e-type=\"widget\" data-widget_type=\"text-editor.default\">\n\t\t\t\t<div class=\"elementor-widget-container\">\n\t\t\t\t\t\t\t\t\t<p>Co-funded<em style=\"text-align: justify; color: #26324b; font-family: arial, sans-serif; letter-spacing: normal;\"> by the European Union. Views and opinions expressed are however those of the author(s) only and do not necessarily reflect those of the European Union or CINEA. Neither the European Union nor the granting authority can be held responsible for them.<\/em><\/p>\t\t\t\t\t\t\t\t<\/div>\n\t\t\t\t<\/div>\n\t\t\t\t\t<\/div>\n\t\t\t\t<\/div>\n\t\t\t\t<\/div>\n\t\t","protected":false},"excerpt":{"rendered":"<p>ENACT Driving the Digital Transition in the Agri-food Social Economy Inicio: 01\/01\/2024 Fin: 30\/06\/2026 Presupuesto global: 1.233.772 \u20ac Subvenci\u00f3n: 1.132.394 \u20ac \u00a0 El proyecto ENACT, cofinanciado por el Single Market Programme para la competitividad empresarial, es una iniciativa pionera centrada en acelerar la transici\u00f3n digital y promover el emprendimiento dentro de la econom\u00eda social agroalimentaria. [&hellip;]<\/p>\n","protected":false},"author":4,"featured_media":0,"parent":0,"menu_order":0,"comment_status":"closed","ping_status":"closed","template":"","meta":{"footnotes":""},"class_list":["post-4381","page","type-page","status-publish","hentry"],"_links":{"self":[{"href":"https:\/\/blinkbcn.com\/es\/wp-json\/wp\/v2\/pages\/4381","targetHints":{"allow":["GET"]}}],"collection":[{"href":"https:\/\/blinkbcn.com\/es\/wp-json\/wp\/v2\/pages"}],"about":[{"href":"https:\/\/blinkbcn.com\/es\/wp-json\/wp\/v2\/types\/page"}],"author":[{"embeddable":true,"href":"https:\/\/blinkbcn.com\/es\/wp-json\/wp\/v2\/users\/4"}],"replies":[{"embeddable":true,"href":"https:\/\/blinkbcn.com\/es\/wp-json\/wp\/v2\/comments?post=4381"}],"version-history":[{"count":6,"href":"https:\/\/blinkbcn.com\/es\/wp-json\/wp\/v2\/pages\/4381\/revisions"}],"predecessor-version":[{"id":4770,"href":"https:\/\/blinkbcn.com\/es\/wp-json\/wp\/v2\/pages\/4381\/revisions\/4770"}],"wp:attachment":[{"href":"https:\/\/blinkbcn.com\/es\/wp-json\/wp\/v2\/media?parent=4381"}],"curies":[{"name":"wp","href":"https:\/\/api.w.org\/{rel}","templated":true}]}}