{"id":4347,"date":"2024-10-18T09:56:34","date_gmt":"2024-10-18T09:56:34","guid":{"rendered":"https:\/\/blinkbcn.com\/?page_id=4347"},"modified":"2025-03-27T15:27:43","modified_gmt":"2025-03-27T15:27:43","slug":"barrio","status":"publish","type":"page","link":"https:\/\/blinkbcn.com\/es\/barrio\/","title":{"rendered":"BARRIO"},"content":{"rendered":"\t\t<div data-elementor-type=\"wp-page\" data-elementor-id=\"4347\" class=\"elementor elementor-4347 elementor-4231\" data-elementor-post-type=\"page\">\n\t\t\t\t<div class=\"elementor-element elementor-element-29945c4f e-flex e-con-boxed e-con e-parent\" data-id=\"29945c4f\" data-element_type=\"container\" data-e-type=\"container\" data-settings=\"{&quot;background_background&quot;:&quot;classic&quot;}\">\n\t\t\t\t\t<div class=\"e-con-inner\">\n\t\t<div class=\"elementor-element elementor-element-76b715d4 e-con-full e-flex e-con e-child\" data-id=\"76b715d4\" data-element_type=\"container\" data-e-type=\"container\">\n\t\t\t\t<div class=\"elementor-element elementor-element-34228017 elementor-widget elementor-widget-heading\" data-id=\"34228017\" data-element_type=\"widget\" data-e-type=\"widget\" data-widget_type=\"heading.default\">\n\t\t\t\t<div class=\"elementor-widget-container\">\n\t\t\t\t\t<h1 class=\"elementor-heading-title elementor-size-default\">BARRIO<\/h1>\t\t\t\t<\/div>\n\t\t\t\t<\/div>\n\t\t\t\t<div class=\"elementor-element elementor-element-58df2730 elementor-widget elementor-widget-heading\" data-id=\"58df2730\" data-element_type=\"widget\" data-e-type=\"widget\" data-widget_type=\"heading.default\">\n\t\t\t\t<div class=\"elementor-widget-container\">\n\t\t\t\t\t<h5 class=\"elementor-heading-title elementor-size-default\">Fostering deep Building Renovation by Aggregating demand, developing\nbusiness models and Rolling out IndustRialized prefabricated sOlutions for a\ndecarbonized building stock<\/h5>\t\t\t\t<\/div>\n\t\t\t\t<\/div>\n\t\t\t\t<\/div>\n\t\t\t\t\t<\/div>\n\t\t\t\t<\/div>\n\t\t<div class=\"elementor-element elementor-element-63a6b00d e-grid e-con-boxed e-con e-parent\" data-id=\"63a6b00d\" data-element_type=\"container\" data-e-type=\"container\">\n\t\t\t\t\t<div class=\"e-con-inner\">\n\t\t\t\t<div class=\"elementor-element elementor-element-5796af9f elementor-widget elementor-widget-image\" data-id=\"5796af9f\" data-element_type=\"widget\" data-e-type=\"widget\" data-widget_type=\"image.default\">\n\t\t\t\t<div class=\"elementor-widget-container\">\n\t\t\t\t\t\t\t\t\t\t\t\t\t\t\t<img fetchpriority=\"high\" decoding=\"async\" width=\"300\" height=\"185\" src=\"https:\/\/blinkbcn.com\/wp-content\/uploads\/Barrio_Slogan_COLOR-300x185.png\" class=\"attachment-medium size-medium wp-image-4908\" alt=\"\" srcset=\"https:\/\/blinkbcn.com\/wp-content\/uploads\/Barrio_Slogan_COLOR-300x185.png 300w, https:\/\/blinkbcn.com\/wp-content\/uploads\/Barrio_Slogan_COLOR-1024x632.png 1024w, https:\/\/blinkbcn.com\/wp-content\/uploads\/Barrio_Slogan_COLOR-768x474.png 768w, https:\/\/blinkbcn.com\/wp-content\/uploads\/Barrio_Slogan_COLOR-1536x947.png 1536w, https:\/\/blinkbcn.com\/wp-content\/uploads\/Barrio_Slogan_COLOR.png 1897w\" sizes=\"(max-width: 300px) 100vw, 300px\" \/>\t\t\t\t\t\t\t\t\t\t\t\t\t\t\t<\/div>\n\t\t\t\t<\/div>\n\t\t\t\t<div class=\"elementor-element elementor-element-980e99e elementor-widget elementor-widget-image\" data-id=\"980e99e\" data-element_type=\"widget\" data-e-type=\"widget\" data-widget_type=\"image.default\">\n\t\t\t\t<div class=\"elementor-widget-container\">\n\t\t\t\t\t\t\t\t\t\t\t\t\t\t\t<img decoding=\"async\" width=\"768\" height=\"161\" src=\"https:\/\/blinkbcn.com\/wp-content\/uploads\/EN-Co-funded-by-the-EU_POS-768x161.png\" class=\"attachment-medium_large size-medium_large wp-image-4904\" alt=\"\" srcset=\"https:\/\/blinkbcn.com\/wp-content\/uploads\/EN-Co-funded-by-the-EU_POS-768x161.png 768w, https:\/\/blinkbcn.com\/wp-content\/uploads\/EN-Co-funded-by-the-EU_POS-300x63.png 300w, https:\/\/blinkbcn.com\/wp-content\/uploads\/EN-Co-funded-by-the-EU_POS-1024x215.png 1024w, https:\/\/blinkbcn.com\/wp-content\/uploads\/EN-Co-funded-by-the-EU_POS-1536x322.png 1536w, https:\/\/blinkbcn.com\/wp-content\/uploads\/EN-Co-funded-by-the-EU_POS-2048x429.png 2048w\" sizes=\"(max-width: 768px) 100vw, 768px\" \/>\t\t\t\t\t\t\t\t\t\t\t\t\t\t\t<\/div>\n\t\t\t\t<\/div>\n\t\t\t\t\t<\/div>\n\t\t\t\t<\/div>\n\t\t<div class=\"elementor-element elementor-element-54857749 e-flex e-con-boxed e-con e-parent\" data-id=\"54857749\" data-element_type=\"container\" data-e-type=\"container\" data-settings=\"{&quot;background_background&quot;:&quot;classic&quot;}\">\n\t\t\t\t\t<div class=\"e-con-inner\">\n\t\t<div class=\"elementor-element elementor-element-2ab41f1e e-con-full e-flex e-con e-child\" data-id=\"2ab41f1e\" data-element_type=\"container\" data-e-type=\"container\" data-settings=\"{&quot;background_background&quot;:&quot;classic&quot;}\">\n\t\t\t\t<div class=\"elementor-element elementor-element-9414ce3 elementor-icon-list--layout-traditional elementor-list-item-link-full_width elementor-widget elementor-widget-icon-list\" data-id=\"9414ce3\" data-element_type=\"widget\" data-e-type=\"widget\" data-widget_type=\"icon-list.default\">\n\t\t\t\t<div class=\"elementor-widget-container\">\n\t\t\t\t\t\t\t<ul class=\"elementor-icon-list-items\">\n\t\t\t\t\t\t\t<li class=\"elementor-icon-list-item\">\n\t\t\t\t\t\t\t\t\t\t\t<span class=\"elementor-icon-list-icon\">\n\t\t\t\t\t\t\t<svg aria-hidden=\"true\" class=\"e-font-icon-svg e-fas-play-circle\" viewBox=\"0 0 512 512\" xmlns=\"http:\/\/www.w3.org\/2000\/svg\"><path d=\"M256 8C119 8 8 119 8 256s111 248 248 248 248-111 248-248S393 8 256 8zm115.7 272l-176 101c-15.8 8.8-35.7-2.5-35.7-21V152c0-18.4 19.8-29.8 35.7-21l176 107c16.4 9.2 16.4 32.9 0 42z\"><\/path><\/svg>\t\t\t\t\t\t<\/span>\n\t\t\t\t\t\t\t\t\t\t<span class=\"elementor-icon-list-text\">Inicio: <b>01\/10\/2024<\/b><\/span>\n\t\t\t\t\t\t\t\t\t<\/li>\n\t\t\t\t\t\t\t\t<li class=\"elementor-icon-list-item\">\n\t\t\t\t\t\t\t\t\t\t\t<span class=\"elementor-icon-list-icon\">\n\t\t\t\t\t\t\t<svg aria-hidden=\"true\" class=\"e-font-icon-svg e-fas-flag-checkered\" viewBox=\"0 0 512 512\" xmlns=\"http:\/\/www.w3.org\/2000\/svg\"><path d=\"M243.2 189.9V258c26.1 5.9 49.3 15.6 73.6 22.3v-68.2c-26-5.8-49.4-15.5-73.6-22.2zm223.3-123c-34.3 15.9-76.5 31.9-117 31.9C296 98.8 251.7 64 184.3 64c-25 0-47.3 4.4-68 12 2.8-7.3 4.1-15.2 3.6-23.6C118.1 24 94.8 1.2 66.3 0 34.3-1.3 8 24.3 8 56c0 19 9.5 35.8 24 45.9V488c0 13.3 10.7 24 24 24h16c13.3 0 24-10.7 24-24v-94.4c28.3-12.1 63.6-22.1 114.4-22.1 53.6 0 97.8 34.8 165.2 34.8 48.2 0 86.7-16.3 122.5-40.9 8.7-6 13.8-15.8 13.8-26.4V95.9c.1-23.3-24.2-38.8-45.4-29zM169.6 325.5c-25.8 2.7-50 8.2-73.6 16.6v-70.5c26.2-9.3 47.5-15 73.6-17.4zM464 191c-23.6 9.8-46.3 19.5-73.6 23.9V286c24.8-3.4 51.4-11.8 73.6-26v70.5c-25.1 16.1-48.5 24.7-73.6 27.1V286c-27 3.7-47.9 1.5-73.6-5.6v67.4c-23.9-7.4-47.3-16.7-73.6-21.3V258c-19.7-4.4-40.8-6.8-73.6-3.8v-70c-22.4 3.1-44.6 10.2-73.6 20.9v-70.5c33.2-12.2 50.1-19.8 73.6-22v71.6c27-3.7 48.4-1.3 73.6 5.7v-67.4c23.7 7.4 47.2 16.7 73.6 21.3v68.4c23.7 5.3 47.6 6.9 73.6 2.7V143c27-4.8 52.3-13.6 73.6-22.5z\"><\/path><\/svg>\t\t\t\t\t\t<\/span>\n\t\t\t\t\t\t\t\t\t\t<span class=\"elementor-icon-list-text\">Fin: <b>30\/09\/2027<\/b><\/span>\n\t\t\t\t\t\t\t\t\t<\/li>\n\t\t\t\t\t\t<\/ul>\n\t\t\t\t\t\t<\/div>\n\t\t\t\t<\/div>\n\t\t\t\t<div class=\"elementor-element elementor-element-6d869814 elementor-icon-list--layout-traditional elementor-list-item-link-full_width elementor-widget elementor-widget-icon-list\" data-id=\"6d869814\" data-element_type=\"widget\" data-e-type=\"widget\" data-widget_type=\"icon-list.default\">\n\t\t\t\t<div class=\"elementor-widget-container\">\n\t\t\t\t\t\t\t<ul class=\"elementor-icon-list-items\">\n\t\t\t\t\t\t\t<li class=\"elementor-icon-list-item\">\n\t\t\t\t\t\t\t\t\t\t\t<span class=\"elementor-icon-list-icon\">\n\t\t\t\t\t\t\t<svg aria-hidden=\"true\" class=\"e-font-icon-svg e-fas-money-bill-wave\" viewBox=\"0 0 640 512\" xmlns=\"http:\/\/www.w3.org\/2000\/svg\"><path d=\"M621.16 54.46C582.37 38.19 543.55 32 504.75 32c-123.17-.01-246.33 62.34-369.5 62.34-30.89 0-61.76-3.92-92.65-13.72-3.47-1.1-6.95-1.62-10.35-1.62C15.04 79 0 92.32 0 110.81v317.26c0 12.63 7.23 24.6 18.84 29.46C57.63 473.81 96.45 480 135.25 480c123.17 0 246.34-62.35 369.51-62.35 30.89 0 61.76 3.92 92.65 13.72 3.47 1.1 6.95 1.62 10.35 1.62 17.21 0 32.25-13.32 32.25-31.81V83.93c-.01-12.64-7.24-24.6-18.85-29.47zM48 132.22c20.12 5.04 41.12 7.57 62.72 8.93C104.84 170.54 79 192.69 48 192.69v-60.47zm0 285v-47.78c34.37 0 62.18 27.27 63.71 61.4-22.53-1.81-43.59-6.31-63.71-13.62zM320 352c-44.19 0-80-42.99-80-96 0-53.02 35.82-96 80-96s80 42.98 80 96c0 53.03-35.83 96-80 96zm272 27.78c-17.52-4.39-35.71-6.85-54.32-8.44 5.87-26.08 27.5-45.88 54.32-49.28v57.72zm0-236.11c-30.89-3.91-54.86-29.7-55.81-61.55 19.54 2.17 38.09 6.23 55.81 12.66v48.89z\"><\/path><\/svg>\t\t\t\t\t\t<\/span>\n\t\t\t\t\t\t\t\t\t\t<span class=\"elementor-icon-list-text\">Presupuesto global: <b>1.957.640,97 \u20ac<\/b><\/span>\n\t\t\t\t\t\t\t\t\t<\/li>\n\t\t\t\t\t\t\t\t<li class=\"elementor-icon-list-item\">\n\t\t\t\t\t\t\t\t\t\t\t<span class=\"elementor-icon-list-icon\">\n\t\t\t\t\t\t\t<svg aria-hidden=\"true\" class=\"e-font-icon-svg e-fas-money-bill-wave\" viewBox=\"0 0 640 512\" xmlns=\"http:\/\/www.w3.org\/2000\/svg\"><path d=\"M621.16 54.46C582.37 38.19 543.55 32 504.75 32c-123.17-.01-246.33 62.34-369.5 62.34-30.89 0-61.76-3.92-92.65-13.72-3.47-1.1-6.95-1.62-10.35-1.62C15.04 79 0 92.32 0 110.81v317.26c0 12.63 7.23 24.6 18.84 29.46C57.63 473.81 96.45 480 135.25 480c123.17 0 246.34-62.35 369.51-62.35 30.89 0 61.76 3.92 92.65 13.72 3.47 1.1 6.95 1.62 10.35 1.62 17.21 0 32.25-13.32 32.25-31.81V83.93c-.01-12.64-7.24-24.6-18.85-29.47zM48 132.22c20.12 5.04 41.12 7.57 62.72 8.93C104.84 170.54 79 192.69 48 192.69v-60.47zm0 285v-47.78c34.37 0 62.18 27.27 63.71 61.4-22.53-1.81-43.59-6.31-63.71-13.62zM320 352c-44.19 0-80-42.99-80-96 0-53.02 35.82-96 80-96s80 42.98 80 96c0 53.03-35.83 96-80 96zm272 27.78c-17.52-4.39-35.71-6.85-54.32-8.44 5.87-26.08 27.5-45.88 54.32-49.28v57.72zm0-236.11c-30.89-3.91-54.86-29.7-55.81-61.55 19.54 2.17 38.09 6.23 55.81 12.66v48.89z\"><\/path><\/svg>\t\t\t\t\t\t<\/span>\n\t\t\t\t\t\t\t\t\t\t<span class=\"elementor-icon-list-text\">Subvenci\u00f3n: <b> 1.859.758,93 \u20ac<\/b><\/span>\n\t\t\t\t\t\t\t\t\t<\/li>\n\t\t\t\t\t\t<\/ul>\n\t\t\t\t\t\t<\/div>\n\t\t\t\t<\/div>\n\t\t\t\t<\/div>\n\t\t\t\t\t<\/div>\n\t\t\t\t<\/div>\n\t\t<div class=\"elementor-element elementor-element-2f90e324 e-flex e-con-boxed e-con e-parent\" data-id=\"2f90e324\" data-element_type=\"container\" data-e-type=\"container\" data-settings=\"{&quot;background_background&quot;:&quot;classic&quot;}\">\n\t\t\t\t\t<div class=\"e-con-inner\">\n\t\t\t\t<div class=\"elementor-element elementor-element-8ac6fe9 elementor-widget__width-initial elementor-widget elementor-widget-text-editor\" data-id=\"8ac6fe9\" data-element_type=\"widget\" data-e-type=\"widget\" data-widget_type=\"text-editor.default\">\n\t\t\t\t<div class=\"elementor-widget-container\">\n\t\t\t\t\t\t\t\t\t<p>\u00a0<\/p><p>El <strong>proyecto BARRIO<\/strong>, financiado por el programa LIFE de la Uni\u00f3n Europea, tiene como objetivo descarbonizar los edificios agrupando la demanda a nivel de barrio, implementando soluciones prefabricadas para una renovaci\u00f3n energ\u00e9tica profunda y creando una herramienta digital para conectar la oferta y la demanda de servicios.<\/p>\t\t\t\t\t\t\t\t<\/div>\n\t\t\t\t<\/div>\n\t\t\t\t\t<\/div>\n\t\t\t\t<\/div>\n\t\t<div class=\"elementor-element elementor-element-577afb0c e-flex e-con-boxed e-con e-parent\" data-id=\"577afb0c\" data-element_type=\"container\" data-e-type=\"container\">\n\t\t\t\t\t<div class=\"e-con-inner\">\n\t\t<div class=\"elementor-element elementor-element-1847e3e8 e-con-full e-flex e-con e-child\" data-id=\"1847e3e8\" data-element_type=\"container\" data-e-type=\"container\">\n\t\t\t\t<div class=\"elementor-element elementor-element-4ce82b10 elementor-widget elementor-widget-heading\" data-id=\"4ce82b10\" data-element_type=\"widget\" data-e-type=\"widget\" data-widget_type=\"heading.default\">\n\t\t\t\t<div class=\"elementor-widget-container\">\n\t\t\t\t\t<h2 class=\"elementor-heading-title elementor-size-default\">El reto de BARRIO<\/h2>\t\t\t\t<\/div>\n\t\t\t\t<\/div>\n\t\t\t\t<div class=\"elementor-element elementor-element-af0aae5 elementor-widget elementor-widget-text-editor\" data-id=\"af0aae5\" data-element_type=\"widget\" data-e-type=\"widget\" data-widget_type=\"text-editor.default\">\n\t\t\t\t<div class=\"elementor-widget-container\">\n\t\t\t\t\t\t\t\t\t<p>El principal reto del proyecto <b>BARRIO<\/b> es superar la fragmentaci\u00f3n que existe tanto en la demanda como en la oferta de renovaci\u00f3n energ\u00e9tica de edificios. La dispersi\u00f3n de propietarios, la falta de coordinaci\u00f3n entre los diferentes actores y las dificultades de acceso a soluciones industrializadas eficientes hacen que la renovaci\u00f3n energ\u00e9tica a gran escala sea compleja y costosa.<\/p><p>Adem\u00e1s, la ausencia de econom\u00edas de escala y la falta de modelos de negocio s\u00f3lidos para compartir riesgos agravan el desaf\u00edo, haciendo que la transici\u00f3n hacia un parque inmobiliario descarbonizado sea un proceso lento y desigual. Este reto es particularmente urgente de cara al objetivo de la Uni\u00f3n Europea de reducir dr\u00e1sticamente las emisiones para 2030.<\/p>\t\t\t\t\t\t\t\t<\/div>\n\t\t\t\t<\/div>\n\t\t\t\t<\/div>\n\t\t\t\t\t<\/div>\n\t\t\t\t<\/div>\n\t\t<div class=\"elementor-element elementor-element-389fd784 e-flex e-con-boxed e-con e-parent\" data-id=\"389fd784\" data-element_type=\"container\" data-e-type=\"container\">\n\t\t\t\t\t<div class=\"e-con-inner\">\n\t\t<div class=\"elementor-element elementor-element-6df7a7b6 e-con-full e-flex e-con e-child\" data-id=\"6df7a7b6\" data-element_type=\"container\" data-e-type=\"container\">\n\t\t\t\t<div class=\"elementor-element elementor-element-5531ca35 elementor-widget elementor-widget-heading\" data-id=\"5531ca35\" data-element_type=\"widget\" data-e-type=\"widget\" data-widget_type=\"heading.default\">\n\t\t\t\t<div class=\"elementor-widget-container\">\n\t\t\t\t\t<h2 class=\"elementor-heading-title elementor-size-default\">La intervenci\u00f3n de BARRIO<\/h2>\t\t\t\t<\/div>\n\t\t\t\t<\/div>\n\t\t\t\t<div class=\"elementor-element elementor-element-3cd37231 elementor-widget elementor-widget-text-editor\" data-id=\"3cd37231\" data-element_type=\"widget\" data-e-type=\"widget\" data-widget_type=\"text-editor.default\">\n\t\t\t\t<div class=\"elementor-widget-container\">\n\t\t\t\t\t\t\t\t\t<p>Para hacer frente a este reto, <b>BARRIO <\/b>plantea una estrategia de intervenci\u00f3n basada en varios pilares clave. El primero consiste en agrupar la demanda de renovaci\u00f3n energ\u00e9tica a nivel de barrio, una estrategia que permite superar la fragmentaci\u00f3n de los propietarios individuales y maximizar las econom\u00edas de escala.<\/p><p>En lugar de renovaciones aisladas y dispersas, BARRIO coordina las intervenciones en grupos de edificios, facilitando una planificaci\u00f3n y ejecuci\u00f3n eficiente. Este proceso incluye la creaci\u00f3n de un <strong>Plan Agregado Prefabricado Industrializado (APP)<\/strong>, una herramienta digital que no solo agrupa la demanda, sino que tambi\u00e9n conecta esta demanda con una oferta industrializada y prefabricada de soluciones de renovaci\u00f3n energ\u00e9tica.<\/p><p>El <strong>Defragmentation Multidisciplinary Toolkit (DMT)<\/strong> integra este APP con un sistema para identificar las necesidades espec\u00edficas de cada edificio y definir hojas de ruta de renovaci\u00f3n a largo plazo. Adem\u00e1s, el proyecto utiliza una metodolog\u00eda flexible para dise\u00f1ar modelos de negocio que permitan el reparto de riesgos entre los diferentes actores implicados, incluyendo propietarios, proveedores de servicios e instituciones financieras. As\u00ed, se garantiza que las soluciones implementadas sean escalables y replicables en otros mercados.<\/p><p>El proyecto tambi\u00e9n incluye formaciones espec\u00edficas para los actores locales con el objetivo de mejorar la calidad de las intervenciones y promover la participaci\u00f3n activa de todos los agentes.<\/p>\t\t\t\t\t\t\t\t<\/div>\n\t\t\t\t<\/div>\n\t\t\t\t<\/div>\n\t\t<div class=\"elementor-element elementor-element-61918661 e-con-full e-flex e-con e-child\" data-id=\"61918661\" data-element_type=\"container\" data-e-type=\"container\">\n\t\t\t\t<div class=\"elementor-element elementor-element-6077e5e2 elementor-widget elementor-widget-image\" data-id=\"6077e5e2\" data-element_type=\"widget\" data-e-type=\"widget\" data-widget_type=\"image.default\">\n\t\t\t\t<div class=\"elementor-widget-container\">\n\t\t\t\t\t\t\t\t\t\t\t\t\t\t\t<img decoding=\"async\" width=\"678\" height=\"406\" src=\"https:\/\/blinkbcn.com\/wp-content\/uploads\/BARRIO-Logic.jpg\" class=\"attachment-large size-large wp-image-4138\" alt=\"\" srcset=\"https:\/\/blinkbcn.com\/wp-content\/uploads\/BARRIO-Logic.jpg 678w, https:\/\/blinkbcn.com\/wp-content\/uploads\/BARRIO-Logic-300x180.jpg 300w\" sizes=\"(max-width: 678px) 100vw, 678px\" \/>\t\t\t\t\t\t\t\t\t\t\t\t\t\t\t<\/div>\n\t\t\t\t<\/div>\n\t\t\t\t<\/div>\n\t\t\t\t\t<\/div>\n\t\t\t\t<\/div>\n\t\t<div class=\"elementor-element elementor-element-677632a2 e-flex e-con-boxed e-con e-parent\" data-id=\"677632a2\" data-element_type=\"container\" data-e-type=\"container\">\n\t\t\t\t\t<div class=\"e-con-inner\">\n\t\t<div class=\"elementor-element elementor-element-4721b8d e-con-full e-flex e-con e-child\" data-id=\"4721b8d\" data-element_type=\"container\" data-e-type=\"container\">\n\t\t\t\t<div class=\"elementor-element elementor-element-9880f22 elementor-widget elementor-widget-image\" data-id=\"9880f22\" data-element_type=\"widget\" data-e-type=\"widget\" data-widget_type=\"image.default\">\n\t\t\t\t<div class=\"elementor-widget-container\">\n\t\t\t\t\t\t\t\t\t\t\t\t\t\t\t<img loading=\"lazy\" decoding=\"async\" width=\"791\" height=\"1024\" src=\"https:\/\/blinkbcn.com\/wp-content\/uploads\/BARRIO-791x1024.png\" class=\"attachment-large size-large wp-image-4562\" alt=\"\" srcset=\"https:\/\/blinkbcn.com\/wp-content\/uploads\/BARRIO-791x1024.png 791w, https:\/\/blinkbcn.com\/wp-content\/uploads\/BARRIO-232x300.png 232w, https:\/\/blinkbcn.com\/wp-content\/uploads\/BARRIO-768x994.png 768w, https:\/\/blinkbcn.com\/wp-content\/uploads\/BARRIO-1187x1536.png 1187w, https:\/\/blinkbcn.com\/wp-content\/uploads\/BARRIO.png 1545w\" sizes=\"(max-width: 791px) 100vw, 791px\" \/>\t\t\t\t\t\t\t\t\t\t\t\t\t\t\t<\/div>\n\t\t\t\t<\/div>\n\t\t\t\t<\/div>\n\t\t<div class=\"elementor-element elementor-element-2e8e8fd1 e-con-full e-flex e-con e-child\" data-id=\"2e8e8fd1\" data-element_type=\"container\" data-e-type=\"container\">\n\t\t<div class=\"elementor-element elementor-element-37782af e-con-full e-flex e-con e-child\" data-id=\"37782af\" data-element_type=\"container\" data-e-type=\"container\">\n\t\t\t\t<div class=\"elementor-element elementor-element-738fcbd0 elementor-widget elementor-widget-heading\" data-id=\"738fcbd0\" data-element_type=\"widget\" data-e-type=\"widget\" data-widget_type=\"heading.default\">\n\t\t\t\t<div class=\"elementor-widget-container\">\n\t\t\t\t\t<h2 class=\"elementor-heading-title elementor-size-default\">Ocho socios y cuatro pilotos<\/h2>\t\t\t\t<\/div>\n\t\t\t\t<\/div>\n\t\t\t\t<\/div>\n\t\t\t\t<div class=\"elementor-element elementor-element-37cfbc81 elementor-widget__width-initial elementor-widget elementor-widget-text-editor\" data-id=\"37cfbc81\" data-element_type=\"widget\" data-e-type=\"widget\" data-widget_type=\"text-editor.default\">\n\t\t\t\t<div class=\"elementor-widget-container\">\n\t\t\t\t\t\t\t\t\t<p>El proyecto <b>BARRIO<\/b> se desarrolla con la colaboraci\u00f3n de organizaciones de varios pa\u00edses europeos, incluyendo Italia, Espa\u00f1a, Eslovenia, Bulgaria y B\u00e9lgica. Estos pa\u00edses participar\u00e1n en la implementaci\u00f3n de cuatro pilotos que se seleccionar\u00e1n en funci\u00f3n del nivel de madurez del mercado de renovaci\u00f3n energ\u00e9tica en cada territorio. Los pilotos cubrir\u00e1n diferentes ecosistemas con variadas condiciones econ\u00f3micas, clim\u00e1ticas y regulatorias, con el objetivo de adaptar y validar la herramienta APP y los modelos de negocio en contextos reales y diversos.<\/p><p>Por ejemplo, en Espa\u00f1a se probar\u00e1n soluciones en zonas con altas temperaturas, donde la refrigeraci\u00f3n de los edificios es clave, mientras que en Eslovenia se pondr\u00e1 el foco en la mejora del aislamiento para climas fr\u00edos. Este enfoque diversificado permitir\u00e1 refinar las soluciones del proyecto y asegurar que puedan ser replicadas con \u00e9xito en otras regiones europeas. Los pilotos se llevar\u00e1n a cabo entre 2024 y 2027, con el objetivo de demostrar la viabilidad t\u00e9cnica y econ\u00f3mica de las intervenciones a gran escala y facilitar la transici\u00f3n hacia un parque inmobiliario descarbonizado a largo plazo.<\/p><p><strong>B.Link<\/strong>, gracias a su experiencia y conocimiento en proyectos de distintos programas europeos, act\u00faa desde una posici\u00f3n privilegiada dentro de una red variada de proyectos, lo que le permite aportar un conocimiento pr\u00e1ctico y diversificado al proyecto BARRIO. Como l\u00edder del <strong>WP6 \u2013 Sostenibilidad, Replicaci\u00f3n y Explotaci\u00f3n<\/strong>, B.Link coordina las tareas relacionadas con la visi\u00f3n a largo plazo del proyecto, incluyendo la capitalizaci\u00f3n de otras iniciativas y proyectos, la capacidad de replicar los resultados de BARRIO en otros territorios o \u00e1mbitos, el impacto sobre las pol\u00edticas p\u00fablicas o la generaci\u00f3n de modelos de negocio. Adem\u00e1s, en el <strong>WP1<\/strong>, B.Link co-lidera la coordinaci\u00f3n del proyecto, especialmente en el \u00e1mbito financiero.<\/p>\n<p><\/p>\t\t\t\t\t\t\t\t<\/div>\n\t\t\t\t<\/div>\n\t\t\t\t<\/div>\n\t\t\t\t\t<\/div>\n\t\t\t\t<\/div>\n\t\t<div class=\"elementor-element elementor-element-4f557daf e-flex e-con-boxed e-con e-parent\" data-id=\"4f557daf\" data-element_type=\"container\" data-e-type=\"container\">\n\t\t\t\t\t<div class=\"e-con-inner\">\n\t\t\t\t<div class=\"elementor-element elementor-element-6825dd1 elementor-widget__width-initial elementor-widget elementor-widget-text-editor\" data-id=\"6825dd1\" data-element_type=\"widget\" data-e-type=\"widget\" data-widget_type=\"text-editor.default\">\n\t\t\t\t<div class=\"elementor-widget-container\">\n\t\t\t\t\t\t\t\t\t<p>Co-funded<em style=\"text-align: justify; color: #26324b; font-family: arial, sans-serif; letter-spacing: normal;\"> by the European Union. Views and opinions expressed are however those of the author(s) only and do not necessarily reflect those of the European Union or CINEA. Neither the European Union nor the granting authority can be held responsible for them.<\/em><\/p>\t\t\t\t\t\t\t\t<\/div>\n\t\t\t\t<\/div>\n\t\t\t\t\t<\/div>\n\t\t\t\t<\/div>\n\t\t<div class=\"elementor-element elementor-element-5e142ae e-flex e-con-boxed e-con e-parent\" data-id=\"5e142ae\" data-element_type=\"container\" data-e-type=\"container\">\n\t\t\t\t\t<div class=\"e-con-inner\">\n\t\t\t\t\t<\/div>\n\t\t\t\t<\/div>\n\t\t\t\t<\/div>\n\t\t","protected":false},"excerpt":{"rendered":"<p>BARRIO Fostering deep Building Renovation by Aggregating demand, developing business models and Rolling out IndustRialized prefabricated sOlutions for a decarbonized building stock Inicio: 01\/10\/2024 Fin: 30\/09\/2027 Presupuesto global: 1.957.640,97 \u20ac Subvenci\u00f3n: 1.859.758,93 \u20ac \u00a0 El proyecto BARRIO, financiado por el programa LIFE de la Uni\u00f3n Europea, tiene como objetivo descarbonizar los edificios agrupando la demanda [&hellip;]<\/p>\n","protected":false},"author":4,"featured_media":0,"parent":0,"menu_order":0,"comment_status":"closed","ping_status":"closed","template":"","meta":{"footnotes":""},"class_list":["post-4347","page","type-page","status-publish","hentry"],"_links":{"self":[{"href":"https:\/\/blinkbcn.com\/es\/wp-json\/wp\/v2\/pages\/4347","targetHints":{"allow":["GET"]}}],"collection":[{"href":"https:\/\/blinkbcn.com\/es\/wp-json\/wp\/v2\/pages"}],"about":[{"href":"https:\/\/blinkbcn.com\/es\/wp-json\/wp\/v2\/types\/page"}],"author":[{"embeddable":true,"href":"https:\/\/blinkbcn.com\/es\/wp-json\/wp\/v2\/users\/4"}],"replies":[{"embeddable":true,"href":"https:\/\/blinkbcn.com\/es\/wp-json\/wp\/v2\/comments?post=4347"}],"version-history":[{"count":15,"href":"https:\/\/blinkbcn.com\/es\/wp-json\/wp\/v2\/pages\/4347\/revisions"}],"predecessor-version":[{"id":4933,"href":"https:\/\/blinkbcn.com\/es\/wp-json\/wp\/v2\/pages\/4347\/revisions\/4933"}],"wp:attachment":[{"href":"https:\/\/blinkbcn.com\/es\/wp-json\/wp\/v2\/media?parent=4347"}],"curies":[{"name":"wp","href":"https:\/\/api.w.org\/{rel}","templated":true}]}}