{"id":4317,"date":"2024-10-25T11:24:30","date_gmt":"2024-10-25T11:24:30","guid":{"rendered":"https:\/\/blinkbcn.com\/?page_id=4317"},"modified":"2025-08-18T08:44:00","modified_gmt":"2025-08-18T08:44:00","slug":"taste","status":"publish","type":"page","link":"https:\/\/blinkbcn.com\/es\/taste\/","title":{"rendered":"TASTE"},"content":{"rendered":"\t\t<div data-elementor-type=\"wp-page\" data-elementor-id=\"4317\" class=\"elementor elementor-4317 elementor-4302\" data-elementor-post-type=\"page\">\n\t\t\t\t<div class=\"elementor-element elementor-element-14c2f611 e-flex e-con-boxed e-con e-parent\" data-id=\"14c2f611\" data-element_type=\"container\" data-e-type=\"container\" data-settings=\"{&quot;background_background&quot;:&quot;classic&quot;}\">\n\t\t\t\t\t<div class=\"e-con-inner\">\n\t\t<div class=\"elementor-element elementor-element-7695b9e7 e-con-full e-flex e-con e-child\" data-id=\"7695b9e7\" data-element_type=\"container\" data-e-type=\"container\">\n\t\t\t\t<div class=\"elementor-element elementor-element-474bdabf elementor-widget elementor-widget-heading\" data-id=\"474bdabf\" data-element_type=\"widget\" data-e-type=\"widget\" data-widget_type=\"heading.default\">\n\t\t\t\t<div class=\"elementor-widget-container\">\n\t\t\t\t\t<h1 class=\"elementor-heading-title elementor-size-default\">TASTE<\/h1>\t\t\t\t<\/div>\n\t\t\t\t<\/div>\n\t\t\t\t<div class=\"elementor-element elementor-element-26d5437 elementor-widget elementor-widget-heading\" data-id=\"26d5437\" data-element_type=\"widget\" data-e-type=\"widget\" data-widget_type=\"heading.default\">\n\t\t\t\t<div class=\"elementor-widget-container\">\n\t\t\t\t\t<h5 class=\"elementor-heading-title elementor-size-default\">Transformative approaches for sustainable food in tourism<\/h5>\t\t\t\t<\/div>\n\t\t\t\t<\/div>\n\t\t\t\t<\/div>\n\t\t\t\t\t<\/div>\n\t\t\t\t<\/div>\n\t\t<div class=\"elementor-element elementor-element-217f31fa e-flex e-con-boxed e-con e-parent\" data-id=\"217f31fa\" data-element_type=\"container\" data-e-type=\"container\">\n\t\t\t\t\t<div class=\"e-con-inner\">\n\t\t<div class=\"elementor-element elementor-element-6bfcfde4 e-con-full e-flex e-con e-child\" data-id=\"6bfcfde4\" data-element_type=\"container\" data-e-type=\"container\">\n\t\t\t\t<div class=\"elementor-element elementor-element-0eef25e elementor-widget__width-initial elementor-widget elementor-widget-image\" data-id=\"0eef25e\" data-element_type=\"widget\" data-e-type=\"widget\" data-widget_type=\"image.default\">\n\t\t\t\t<div class=\"elementor-widget-container\">\n\t\t\t\t\t\t\t\t\t\t\t\t\t\t\t<img decoding=\"async\" width=\"300\" height=\"109\" src=\"https:\/\/blinkbcn.com\/wp-content\/uploads\/3-TASTE-LOGO-HORIZONTAL-PRIMARY-300x109.png\" class=\"attachment-medium size-medium wp-image-4887\" alt=\"\" srcset=\"https:\/\/blinkbcn.com\/wp-content\/uploads\/3-TASTE-LOGO-HORIZONTAL-PRIMARY-300x109.png 300w, https:\/\/blinkbcn.com\/wp-content\/uploads\/3-TASTE-LOGO-HORIZONTAL-PRIMARY-1024x373.png 1024w, https:\/\/blinkbcn.com\/wp-content\/uploads\/3-TASTE-LOGO-HORIZONTAL-PRIMARY-768x280.png 768w, https:\/\/blinkbcn.com\/wp-content\/uploads\/3-TASTE-LOGO-HORIZONTAL-PRIMARY.png 1285w\" sizes=\"(max-width: 300px) 100vw, 300px\" \/>\t\t\t\t\t\t\t\t\t\t\t\t\t\t\t<\/div>\n\t\t\t\t<\/div>\n\t\t\t\t<\/div>\n\t\t<div class=\"elementor-element elementor-element-64b9c8dc e-con-full e-flex e-con e-child\" data-id=\"64b9c8dc\" data-element_type=\"container\" data-e-type=\"container\">\n\t\t\t\t<div class=\"elementor-element elementor-element-566d97a2 elementor-widget__width-initial elementor-widget elementor-widget-image\" data-id=\"566d97a2\" data-element_type=\"widget\" data-e-type=\"widget\" data-widget_type=\"image.default\">\n\t\t\t\t<div class=\"elementor-widget-container\">\n\t\t\t\t\t\t\t\t\t\t\t\t\t\t\t<img decoding=\"async\" width=\"300\" height=\"119\" src=\"https:\/\/blinkbcn.com\/wp-content\/uploads\/eufunding-300x119.png\" class=\"attachment-medium size-medium wp-image-3706\" alt=\"\" srcset=\"https:\/\/blinkbcn.com\/wp-content\/uploads\/eufunding-300x119.png 300w, https:\/\/blinkbcn.com\/wp-content\/uploads\/eufunding-1024x408.png 1024w, https:\/\/blinkbcn.com\/wp-content\/uploads\/eufunding-768x306.png 768w, https:\/\/blinkbcn.com\/wp-content\/uploads\/eufunding.png 1263w\" sizes=\"(max-width: 300px) 100vw, 300px\" \/>\t\t\t\t\t\t\t\t\t\t\t\t\t\t\t<\/div>\n\t\t\t\t<\/div>\n\t\t\t\t<\/div>\n\t\t\t\t\t<\/div>\n\t\t\t\t<\/div>\n\t\t<div class=\"elementor-element elementor-element-5af5afe2 e-flex e-con-boxed e-con e-parent\" data-id=\"5af5afe2\" data-element_type=\"container\" data-e-type=\"container\" data-settings=\"{&quot;background_background&quot;:&quot;classic&quot;}\">\n\t\t\t\t\t<div class=\"e-con-inner\">\n\t\t<div class=\"elementor-element elementor-element-f98b523 e-con-full e-flex e-con e-child\" data-id=\"f98b523\" data-element_type=\"container\" data-e-type=\"container\" data-settings=\"{&quot;background_background&quot;:&quot;classic&quot;}\">\n\t\t\t\t<div class=\"elementor-element elementor-element-5f1b6d52 elementor-icon-list--layout-traditional elementor-list-item-link-full_width elementor-widget elementor-widget-icon-list\" data-id=\"5f1b6d52\" data-element_type=\"widget\" data-e-type=\"widget\" data-widget_type=\"icon-list.default\">\n\t\t\t\t<div class=\"elementor-widget-container\">\n\t\t\t\t\t\t\t<ul class=\"elementor-icon-list-items\">\n\t\t\t\t\t\t\t<li class=\"elementor-icon-list-item\">\n\t\t\t\t\t\t\t\t\t\t\t<span class=\"elementor-icon-list-icon\">\n\t\t\t\t\t\t\t<svg aria-hidden=\"true\" class=\"e-font-icon-svg e-fas-play-circle\" viewBox=\"0 0 512 512\" xmlns=\"http:\/\/www.w3.org\/2000\/svg\"><path d=\"M256 8C119 8 8 119 8 256s111 248 248 248 248-111 248-248S393 8 256 8zm115.7 272l-176 101c-15.8 8.8-35.7-2.5-35.7-21V152c0-18.4 19.8-29.8 35.7-21l176 107c16.4 9.2 16.4 32.9 0 42z\"><\/path><\/svg>\t\t\t\t\t\t<\/span>\n\t\t\t\t\t\t\t\t\t\t<span class=\"elementor-icon-list-text\">Inicio: <b>01\/11\/2024<\/b><\/span>\n\t\t\t\t\t\t\t\t\t<\/li>\n\t\t\t\t\t\t\t\t<li class=\"elementor-icon-list-item\">\n\t\t\t\t\t\t\t\t\t\t\t<span class=\"elementor-icon-list-icon\">\n\t\t\t\t\t\t\t<svg aria-hidden=\"true\" class=\"e-font-icon-svg e-fas-flag-checkered\" viewBox=\"0 0 512 512\" xmlns=\"http:\/\/www.w3.org\/2000\/svg\"><path d=\"M243.2 189.9V258c26.1 5.9 49.3 15.6 73.6 22.3v-68.2c-26-5.8-49.4-15.5-73.6-22.2zm223.3-123c-34.3 15.9-76.5 31.9-117 31.9C296 98.8 251.7 64 184.3 64c-25 0-47.3 4.4-68 12 2.8-7.3 4.1-15.2 3.6-23.6C118.1 24 94.8 1.2 66.3 0 34.3-1.3 8 24.3 8 56c0 19 9.5 35.8 24 45.9V488c0 13.3 10.7 24 24 24h16c13.3 0 24-10.7 24-24v-94.4c28.3-12.1 63.6-22.1 114.4-22.1 53.6 0 97.8 34.8 165.2 34.8 48.2 0 86.7-16.3 122.5-40.9 8.7-6 13.8-15.8 13.8-26.4V95.9c.1-23.3-24.2-38.8-45.4-29zM169.6 325.5c-25.8 2.7-50 8.2-73.6 16.6v-70.5c26.2-9.3 47.5-15 73.6-17.4zM464 191c-23.6 9.8-46.3 19.5-73.6 23.9V286c24.8-3.4 51.4-11.8 73.6-26v70.5c-25.1 16.1-48.5 24.7-73.6 27.1V286c-27 3.7-47.9 1.5-73.6-5.6v67.4c-23.9-7.4-47.3-16.7-73.6-21.3V258c-19.7-4.4-40.8-6.8-73.6-3.8v-70c-22.4 3.1-44.6 10.2-73.6 20.9v-70.5c33.2-12.2 50.1-19.8 73.6-22v71.6c27-3.7 48.4-1.3 73.6 5.7v-67.4c23.7 7.4 47.2 16.7 73.6 21.3v68.4c23.7 5.3 47.6 6.9 73.6 2.7V143c27-4.8 52.3-13.6 73.6-22.5z\"><\/path><\/svg>\t\t\t\t\t\t<\/span>\n\t\t\t\t\t\t\t\t\t\t<span class=\"elementor-icon-list-text\">Fin: <b>30\/04\/2027<\/b><\/span>\n\t\t\t\t\t\t\t\t\t<\/li>\n\t\t\t\t\t\t<\/ul>\n\t\t\t\t\t\t<\/div>\n\t\t\t\t<\/div>\n\t\t\t\t<div class=\"elementor-element elementor-element-11eb329a elementor-icon-list--layout-traditional elementor-list-item-link-full_width elementor-widget elementor-widget-icon-list\" data-id=\"11eb329a\" data-element_type=\"widget\" data-e-type=\"widget\" data-widget_type=\"icon-list.default\">\n\t\t\t\t<div class=\"elementor-widget-container\">\n\t\t\t\t\t\t\t<ul class=\"elementor-icon-list-items\">\n\t\t\t\t\t\t\t<li class=\"elementor-icon-list-item\">\n\t\t\t\t\t\t\t\t\t\t\t<span class=\"elementor-icon-list-icon\">\n\t\t\t\t\t\t\t<svg aria-hidden=\"true\" class=\"e-font-icon-svg e-fas-money-bill-wave\" viewBox=\"0 0 640 512\" xmlns=\"http:\/\/www.w3.org\/2000\/svg\"><path d=\"M621.16 54.46C582.37 38.19 543.55 32 504.75 32c-123.17-.01-246.33 62.34-369.5 62.34-30.89 0-61.76-3.92-92.65-13.72-3.47-1.1-6.95-1.62-10.35-1.62C15.04 79 0 92.32 0 110.81v317.26c0 12.63 7.23 24.6 18.84 29.46C57.63 473.81 96.45 480 135.25 480c123.17 0 246.34-62.35 369.51-62.35 30.89 0 61.76 3.92 92.65 13.72 3.47 1.1 6.95 1.62 10.35 1.62 17.21 0 32.25-13.32 32.25-31.81V83.93c-.01-12.64-7.24-24.6-18.85-29.47zM48 132.22c20.12 5.04 41.12 7.57 62.72 8.93C104.84 170.54 79 192.69 48 192.69v-60.47zm0 285v-47.78c34.37 0 62.18 27.27 63.71 61.4-22.53-1.81-43.59-6.31-63.71-13.62zM320 352c-44.19 0-80-42.99-80-96 0-53.02 35.82-96 80-96s80 42.98 80 96c0 53.03-35.83 96-80 96zm272 27.78c-17.52-4.39-35.71-6.85-54.32-8.44 5.87-26.08 27.5-45.88 54.32-49.28v57.72zm0-236.11c-30.89-3.91-54.86-29.7-55.81-61.55 19.54 2.17 38.09 6.23 55.81 12.66v48.89z\"><\/path><\/svg>\t\t\t\t\t\t<\/span>\n\t\t\t\t\t\t\t\t\t\t<span class=\"elementor-icon-list-text\">Presupuesto global: <b>2,194,690.91\u20ac<\/b><\/span>\n\t\t\t\t\t\t\t\t\t<\/li>\n\t\t\t\t\t\t\t\t<li class=\"elementor-icon-list-item\">\n\t\t\t\t\t\t\t\t\t\t\t<span class=\"elementor-icon-list-icon\">\n\t\t\t\t\t\t\t<svg aria-hidden=\"true\" class=\"e-font-icon-svg e-fas-money-bill-wave\" viewBox=\"0 0 640 512\" xmlns=\"http:\/\/www.w3.org\/2000\/svg\"><path d=\"M621.16 54.46C582.37 38.19 543.55 32 504.75 32c-123.17-.01-246.33 62.34-369.5 62.34-30.89 0-61.76-3.92-92.65-13.72-3.47-1.1-6.95-1.62-10.35-1.62C15.04 79 0 92.32 0 110.81v317.26c0 12.63 7.23 24.6 18.84 29.46C57.63 473.81 96.45 480 135.25 480c123.17 0 246.34-62.35 369.51-62.35 30.89 0 61.76 3.92 92.65 13.72 3.47 1.1 6.95 1.62 10.35 1.62 17.21 0 32.25-13.32 32.25-31.81V83.93c-.01-12.64-7.24-24.6-18.85-29.47zM48 132.22c20.12 5.04 41.12 7.57 62.72 8.93C104.84 170.54 79 192.69 48 192.69v-60.47zm0 285v-47.78c34.37 0 62.18 27.27 63.71 61.4-22.53-1.81-43.59-6.31-63.71-13.62zM320 352c-44.19 0-80-42.99-80-96 0-53.02 35.82-96 80-96s80 42.98 80 96c0 53.03-35.83 96-80 96zm272 27.78c-17.52-4.39-35.71-6.85-54.32-8.44 5.87-26.08 27.5-45.88 54.32-49.28v57.72zm0-236.11c-30.89-3.91-54.86-29.7-55.81-61.55 19.54 2.17 38.09 6.23 55.81 12.66v48.89z\"><\/path><\/svg>\t\t\t\t\t\t<\/span>\n\t\t\t\t\t\t\t\t\t\t<span class=\"elementor-icon-list-text\">Subvenci\u00f3n: <b>2,050,221.74\n\u20ac<\/b><\/span>\n\t\t\t\t\t\t\t\t\t<\/li>\n\t\t\t\t\t\t<\/ul>\n\t\t\t\t\t\t<\/div>\n\t\t\t\t<\/div>\n\t\t\t\t<\/div>\n\t\t\t\t\t<\/div>\n\t\t\t\t<\/div>\n\t\t<div class=\"elementor-element elementor-element-7e56fc91 e-flex e-con-boxed e-con e-parent\" data-id=\"7e56fc91\" data-element_type=\"container\" data-e-type=\"container\" data-settings=\"{&quot;background_background&quot;:&quot;classic&quot;}\">\n\t\t\t\t\t<div class=\"e-con-inner\">\n\t\t\t\t<div class=\"elementor-element elementor-element-20ddd46e elementor-widget elementor-widget-text-editor\" data-id=\"20ddd46e\" data-element_type=\"widget\" data-e-type=\"widget\" data-widget_type=\"text-editor.default\">\n\t\t\t\t<div class=\"elementor-widget-container\">\n\t\t\t\t\t\t\t\t\t<p>TASTE tiene como objetivo promover soluciones innovadoras que ayuden a las empresas del turismo gastron\u00f3mico europeo a avanzar hacia la sostenibilidad, la digitalizaci\u00f3n y la resiliencia.\u00a0<\/p>\t\t\t\t\t\t\t\t<\/div>\n\t\t\t\t<\/div>\n\t\t\t\t\t<\/div>\n\t\t\t\t<\/div>\n\t\t<div class=\"elementor-element elementor-element-71dca6c6 e-flex e-con-boxed e-con e-parent\" data-id=\"71dca6c6\" data-element_type=\"container\" data-e-type=\"container\">\n\t\t\t\t\t<div class=\"e-con-inner\">\n\t\t<div class=\"elementor-element elementor-element-30e8fbaa e-con-full e-flex e-con e-child\" data-id=\"30e8fbaa\" data-element_type=\"container\" data-e-type=\"container\">\n\t\t\t\t<div class=\"elementor-element elementor-element-fd1cacf elementor-widget elementor-widget-heading\" data-id=\"fd1cacf\" data-element_type=\"widget\" data-e-type=\"widget\" data-widget_type=\"heading.default\">\n\t\t\t\t<div class=\"elementor-widget-container\">\n\t\t\t\t\t<h2 class=\"elementor-heading-title elementor-size-default\">Alimentaci\u00f3n sostenible en el turismo: un desaf\u00edo clave<\/h2>\t\t\t\t<\/div>\n\t\t\t\t<\/div>\n\t\t\t\t<div class=\"elementor-element elementor-element-444925e0 elementor-widget elementor-widget-text-editor\" data-id=\"444925e0\" data-element_type=\"widget\" data-e-type=\"widget\" data-widget_type=\"text-editor.default\">\n\t\t\t\t<div class=\"elementor-widget-container\">\n\t\t\t\t\t\t\t\t\t<p><span style=\"color: var( --e-global-color-text ); font-size: 1rem; letter-spacing: -0.3px;\">El sector tur\u00edstico europeo enfrenta desaf\u00edos relacionados con la <\/span><b style=\"color: var( --e-global-color-text ); font-size: 1rem; letter-spacing: -0.3px;\">transformaci\u00f3n verde y digital, la sostenibilidad y la resiliencia<\/b><span style=\"color: var( --e-global-color-text ); font-size: 1rem; letter-spacing: -0.3px;\">. Con el aumento de la conciencia ambiental, las preocupaciones sobre la seguridad y un cambio hacia experiencias personalizadas que van m\u00e1s all\u00e1 de las ofertas tur\u00edsticas tradicionales, la integraci\u00f3n de <\/span><b style=\"color: var( --e-global-color-text ); font-size: 1rem; letter-spacing: -0.3px;\">pr\u00e1cticas alimentarias sostenibles en el turismo <\/b><span style=\"color: var( --e-global-color-text ); font-size: 1rem; letter-spacing: -0.3px;\">se ha vuelto esencial. La complejidad de alinear el modelo \u00abde la granja a la mesa\u00bb con las demandas de la industria tur\u00edstica, incluyendo temas como la diversificaci\u00f3n de proveedores y la minimizaci\u00f3n del desperdicio alimentario, requiere <\/span><b style=\"color: var( --e-global-color-text ); font-size: 1rem; letter-spacing: -0.3px;\">estrategias innovadoras<\/b><span style=\"color: var( --e-global-color-text ); font-size: 1rem; letter-spacing: -0.3px;\"> para garantizar una gesti\u00f3n alimentaria sostenible dentro de los ecosistemas tur\u00edsticos. Abordar estos desaf\u00edos es esencial para garantizar la competitividad a largo plazo y reducir el impacto ambiental en el sector.<\/span><\/p>\t\t\t\t\t\t\t\t<\/div>\n\t\t\t\t<\/div>\n\t\t\t\t<\/div>\n\t\t\t\t\t<\/div>\n\t\t\t\t<\/div>\n\t\t<div class=\"elementor-element elementor-element-22acc8f3 e-flex e-con-boxed e-con e-parent\" data-id=\"22acc8f3\" data-element_type=\"container\" data-e-type=\"container\">\n\t\t\t\t\t<div class=\"e-con-inner\">\n\t\t<div class=\"elementor-element elementor-element-753e2c6e e-con-full e-flex e-con e-child\" data-id=\"753e2c6e\" data-element_type=\"container\" data-e-type=\"container\">\n\t\t\t\t<div class=\"elementor-element elementor-element-6fa1fd25 elementor-widget elementor-widget-heading\" data-id=\"6fa1fd25\" data-element_type=\"widget\" data-e-type=\"widget\" data-widget_type=\"heading.default\">\n\t\t\t\t<div class=\"elementor-widget-container\">\n\t\t\t\t\t<h2 class=\"elementor-heading-title elementor-size-default\">Fomentando el turismo alimentario sostenible<\/h2>\t\t\t\t<\/div>\n\t\t\t\t<\/div>\n\t\t\t\t<div class=\"elementor-element elementor-element-3b5cd0e8 elementor-widget elementor-widget-text-editor\" data-id=\"3b5cd0e8\" data-element_type=\"widget\" data-e-type=\"widget\" data-widget_type=\"text-editor.default\">\n\t\t\t\t<div class=\"elementor-widget-container\">\n\t\t\t\t\t\t\t\t\t<p><span style=\"color: var( --e-global-color-text ); font-size: 1rem; letter-spacing: -0.3px;\">El proyecto <\/span><b style=\"color: var( --e-global-color-text ); font-size: 1rem; letter-spacing: -0.3px;\">TASTE <\/b><span style=\"color: var( --e-global-color-text ); font-size: 1rem; letter-spacing: -0.3px;\">tiene como objetivo transformar el sector del turismo alimentario enfoc\u00e1ndose en la sostenibilidad y la resiliencia. El proyecto ha desarrollado un esquema de apoyo integral para las pymes tur\u00edsticas, que incluye la identificaci\u00f3n de las mejores pr\u00e1cticas en<\/span><b style=\"color: var( --e-global-color-text ); font-size: 1rem; letter-spacing: -0.3px;\"> turismo alimentario sostenible<\/b><span style=\"color: var( --e-global-color-text ); font-size: 1rem; letter-spacing: -0.3px;\">, la implementaci\u00f3n de programas de capacitaci\u00f3n y el lanzamiento de iniciativas de aceleraci\u00f3n.&nbsp;<\/span><\/p>\n<p>A trav\u00e9s de sus seis paquetes de trabajo (WP), TASTE documentar\u00e1 las <b>mejores pr\u00e1cticas, capacitar\u00e1<\/b> a los principales actores involucrados y <b>apoyar\u00e1 <\/b>a las pymes en la adopci\u00f3n de soluciones innovadoras, como modelos de econom\u00eda circular y herramientas digitales.<\/p>\n<p>Los resultados impulsar\u00e1n la triple transici\u00f3n de \u00ab<b>Go Green, Get Digital, Be Resilien<\/b>t\u00bb, asegurando que las empresas tur\u00edsticas est\u00e9n preparadas para ofrecer experiencias alimentarias sostenibles y contribuir a la sostenibilidad a largo plazo del sector tur\u00edstico europeo.<\/p>\n<p>Si tu organizaci\u00f3n o empresa trabaja en el sector de la alimentaci\u00f3n y el turismo en Europa, \u00a1\u00fanete a nuestra <b><a href=\"https:\/\/www.linkedin.com\/groups\/8503166\/\" target=\"_blank\" rel=\"noopener\">comunidad TASTERS<\/a><\/b> en LinkedIn!<\/p>\t\t\t\t\t\t\t\t<\/div>\n\t\t\t\t<\/div>\n\t\t\t\t<\/div>\n\t\t<div class=\"elementor-element elementor-element-484c3ab0 e-con-full e-flex e-con e-child\" data-id=\"484c3ab0\" data-element_type=\"container\" data-e-type=\"container\">\n\t\t\t\t<div class=\"elementor-element elementor-element-641c3764 elementor-widget elementor-widget-image\" data-id=\"641c3764\" data-element_type=\"widget\" data-e-type=\"widget\" data-widget_type=\"image.default\">\n\t\t\t\t<div class=\"elementor-widget-container\">\n\t\t\t\t\t\t\t\t\t\t\t\t\t\t\t<img fetchpriority=\"high\" decoding=\"async\" width=\"800\" height=\"457\" src=\"https:\/\/blinkbcn.com\/wp-content\/uploads\/TASTE-1024x585.webp\" class=\"attachment-large size-large wp-image-4292\" alt=\"\" srcset=\"https:\/\/blinkbcn.com\/wp-content\/uploads\/TASTE-1024x585.webp 1024w, https:\/\/blinkbcn.com\/wp-content\/uploads\/TASTE-300x171.webp 300w, https:\/\/blinkbcn.com\/wp-content\/uploads\/TASTE-768x439.webp 768w, https:\/\/blinkbcn.com\/wp-content\/uploads\/TASTE-1536x878.webp 1536w, https:\/\/blinkbcn.com\/wp-content\/uploads\/TASTE.webp 1792w\" sizes=\"(max-width: 800px) 100vw, 800px\" \/>\t\t\t\t\t\t\t\t\t\t\t\t\t\t\t<\/div>\n\t\t\t\t<\/div>\n\t\t\t\t<\/div>\n\t\t\t\t\t<\/div>\n\t\t\t\t<\/div>\n\t\t<div class=\"elementor-element elementor-element-51b5de8 e-flex e-con-boxed e-con e-parent\" data-id=\"51b5de8\" data-element_type=\"container\" data-e-type=\"container\">\n\t\t\t\t\t<div class=\"e-con-inner\">\n\t\t<div class=\"elementor-element elementor-element-71be4142 e-con-full e-flex e-con e-child\" data-id=\"71be4142\" data-element_type=\"container\" data-e-type=\"container\">\n\t\t<div class=\"elementor-element elementor-element-a39f5b e-flex e-con-boxed e-con e-child\" data-id=\"a39f5b\" data-element_type=\"container\" data-e-type=\"container\">\n\t\t\t\t\t<div class=\"e-con-inner\">\n\t\t\t\t<div class=\"elementor-element elementor-element-252183c4 elementor-widget elementor-widget-heading\" data-id=\"252183c4\" data-element_type=\"widget\" data-e-type=\"widget\" data-widget_type=\"heading.default\">\n\t\t\t\t<div class=\"elementor-widget-container\">\n\t\t\t\t\t<h2 class=\"elementor-heading-title elementor-size-default\">Siete socios de cinco pa\u00edses<\/h2>\t\t\t\t<\/div>\n\t\t\t\t<\/div>\n\t\t\t\t<div class=\"elementor-element elementor-element-4e4430f2 elementor-widget__width-initial elementor-widget elementor-widget-text-editor\" data-id=\"4e4430f2\" data-element_type=\"widget\" data-e-type=\"widget\" data-widget_type=\"text-editor.default\">\n\t\t\t\t<div class=\"elementor-widget-container\">\n\t\t\t\t\t\t\t\t\t<p><span style=\"color: var( --e-global-color-text ); font-size: 1rem; letter-spacing: -0.3px;\">El proyecto TASTE est\u00e1 impulsado por un consorcio de siete socios de cinco\u00a0<\/span><span style=\"color: var( --e-global-color-text ); font-size: 1rem; letter-spacing: -0.3px;\">pa\u00edses (<\/span><b style=\"color: var( --e-global-color-text ); font-size: 1rem; letter-spacing: -0.3px;\">B\u00e9lgica, Dinamarca, Italia, Eslovenia y Espa\u00f1a<\/b><span style=\"color: var( --e-global-color-text ); font-size: 1rem; letter-spacing: -0.3px;\">): C\u00e1mara de Comercio de\u00a0<\/span><span style=\"color: var( --e-global-color-text ); font-size: 1rem; letter-spacing: -0.3px;\">Barcelona (Espa\u00f1a), hub.brussels (B\u00e9lgica), C\u00e1mara de Comercio de Tur\u00edn\u00a0<\/span><span style=\"color: var( --e-global-color-text ); font-size: 1rem; letter-spacing: -0.3px;\">(Italia), Destination V\u00e4sterbotten (Dinamarca), Agencia de Desarrollo Regional <\/span><span lang=\"ES\">de Podravje &#8211; Maribor (Eslovenia), IGHOR \u2013 Instituto de Investigaci\u00f3n en<br \/>Turismo (Italia) y BLINK EU Projects (Espa\u00f1a). Estas organizaciones representan<br \/>una combinaci\u00f3n de organizaciones de apoyo empresarial (BSO), organizaciones de gesti\u00f3n de destinos (DMO), instituciones acad\u00e9micas y pymes <b>con experiencia en sostenibilidad y digitalizaci\u00f3n en el turismo.<\/b><\/span><\/p><p><b style=\"color: var( --e-global-color-text ); font-size: 1rem; letter-spacing: -0.3px;\">B.Link<\/b><span style=\"color: var( --e-global-color-text ); font-size: 1rem; letter-spacing: -0.3px;\">, gracias a su amplia experiencia en la gesti\u00f3n de Proyectos de <\/span><b style=\"color: var( --e-global-color-text ); font-size: 1rem; letter-spacing: -0.3px;\">financiaci\u00f3n en cascada<\/b><span style=\"color: var( --e-global-color-text ); font-size: 1rem; letter-spacing: -0.3px;\">, ser\u00e1 responsable de supervisar el mecanismo de <\/span><b style=\"color: var( --e-global-color-text ); font-size: 1rem; letter-spacing: -0.3px;\">Apoyo Financiero a Terceros (FSTP)<\/b><span style=\"color: var( --e-global-color-text ); font-size: 1rem; letter-spacing: -0.3px;\">, asegurando un seguimiento financiero transparente y continuo en alineaci\u00f3n con el <\/span><b style=\"color: var( --e-global-color-text ); font-size: 1rem; letter-spacing: -0.3px;\">WP6<\/b><span style=\"color: var( --e-global-color-text ); font-size: 1rem; letter-spacing: -0.3px;\">. Esta supervisi\u00f3n incluye informes regulares para garantizar el uso eficiente de los recursos de la UE.<\/span><\/p><p>Como<b> l\u00edder del WP4<\/b>, B.Link se centrar\u00e1 en coordinar el<b> apoyo de aceleraci\u00f3n dirigido a fomentar iniciativas sostenibles, innovadoras y colaborativas<\/b> en el \u00e1mbito de la alimentaci\u00f3n sostenible dentro del sector tur\u00edstico. Para alcanzar este objetivo, B.Link dise\u00f1ar\u00e1 y lanzar\u00e1 el <b>Programa de Aceleraci\u00f3n<\/b>, evaluar\u00e1 las solicitudes, har\u00e1 un seguimiento del progreso de los proyectos colaborativos y desarrollar\u00e1 un marco completo de KPI para medir y hacer un seguimiento efectivo del impacto de las acciones del proyecto.<\/p>\t\t\t\t\t\t\t\t<\/div>\n\t\t\t\t<\/div>\n\t\t\t\t\t<\/div>\n\t\t\t\t<\/div>\n\t\t<div class=\"elementor-element elementor-element-2b572b63 e-flex e-con-boxed e-con e-child\" data-id=\"2b572b63\" data-element_type=\"container\" data-e-type=\"container\">\n\t\t\t\t\t<div class=\"e-con-inner\">\n\t\t\t\t<div class=\"elementor-element elementor-element-2bb73012 elementor-widget elementor-widget-igmap\" data-id=\"2bb73012\" data-element_type=\"widget\" data-e-type=\"widget\" data-widget_type=\"igmap.default\">\n\t\t\t\t<div class=\"elementor-widget-container\">\n\t\t\t\t\t<div class=\"igmap-elementor-widget\"><div class=\"map_wrapper\" id=\"map_wrapper_4295\">\n<div class=\"map_box\" style=\"max-width:2200px\">\n<div class=\"map_aspect_ratio\" style=\"padding-top:60%\" data-padding-top=\"60%\" data-padding-top-mobile=\"0%\">\n<div class=\"map_container\">\n<div class=\"map_render map_loading\" id=\"map_4295\"><\/div>\n<\/div>\n<\/div>\n<\/div>\n<\/div><\/div>\t\t\t\t<\/div>\n\t\t\t\t<\/div>\n\t\t\t\t\t<\/div>\n\t\t\t\t<\/div>\n\t\t\t\t<\/div>\n\t\t\t\t\t<\/div>\n\t\t\t\t<\/div>\n\t\t\t\t<\/div>\n\t\t","protected":false},"excerpt":{"rendered":"<p>TASTE Transformative approaches for sustainable food in tourism Inicio: 01\/11\/2024 Fin: 30\/04\/2027 Presupuesto global: 2,194,690.91\u20ac Subvenci\u00f3n: 2,050,221.74 \u20ac TASTE tiene como objetivo promover soluciones innovadoras que ayuden a las empresas del turismo gastron\u00f3mico europeo a avanzar hacia la sostenibilidad, la digitalizaci\u00f3n y la resiliencia.\u00a0 Alimentaci\u00f3n sostenible en el turismo: un desaf\u00edo clave El sector tur\u00edstico [&hellip;]<\/p>\n","protected":false},"author":4,"featured_media":0,"parent":0,"menu_order":0,"comment_status":"closed","ping_status":"closed","template":"","meta":{"footnotes":""},"class_list":["post-4317","page","type-page","status-publish","hentry"],"_links":{"self":[{"href":"https:\/\/blinkbcn.com\/es\/wp-json\/wp\/v2\/pages\/4317","targetHints":{"allow":["GET"]}}],"collection":[{"href":"https:\/\/blinkbcn.com\/es\/wp-json\/wp\/v2\/pages"}],"about":[{"href":"https:\/\/blinkbcn.com\/es\/wp-json\/wp\/v2\/types\/page"}],"author":[{"embeddable":true,"href":"https:\/\/blinkbcn.com\/es\/wp-json\/wp\/v2\/users\/4"}],"replies":[{"embeddable":true,"href":"https:\/\/blinkbcn.com\/es\/wp-json\/wp\/v2\/comments?post=4317"}],"version-history":[{"count":15,"href":"https:\/\/blinkbcn.com\/es\/wp-json\/wp\/v2\/pages\/4317\/revisions"}],"predecessor-version":[{"id":5114,"href":"https:\/\/blinkbcn.com\/es\/wp-json\/wp\/v2\/pages\/4317\/revisions\/5114"}],"wp:attachment":[{"href":"https:\/\/blinkbcn.com\/es\/wp-json\/wp\/v2\/media?parent=4317"}],"curies":[{"name":"wp","href":"https:\/\/api.w.org\/{rel}","templated":true}]}}