{"id":1588,"date":"2023-06-20T07:07:42","date_gmt":"2023-06-20T07:07:42","guid":{"rendered":"https:\/\/blinkbcn.com\/?page_id=1588"},"modified":"2023-07-03T10:43:10","modified_gmt":"2023-07-03T10:43:10","slug":"politica-de-privacidad","status":"publish","type":"page","link":"https:\/\/blinkbcn.com\/es\/politica-de-privacidad\/","title":{"rendered":"Pol\u00edtica de privacidad"},"content":{"rendered":"\t\t<div data-elementor-type=\"wp-page\" data-elementor-id=\"1588\" class=\"elementor elementor-1588 elementor-1584\" data-elementor-post-type=\"page\">\n\t\t\t\t<div class=\"elementor-element elementor-element-769914b e-flex e-con-boxed e-con e-parent\" data-id=\"769914b\" data-element_type=\"container\" data-e-type=\"container\" data-settings=\"{&quot;background_background&quot;:&quot;classic&quot;}\">\n\t\t\t\t\t<div class=\"e-con-inner\">\n\t\t\t\t<div class=\"elementor-element elementor-element-8c3f150 elementor-widget elementor-widget-heading\" data-id=\"8c3f150\" data-element_type=\"widget\" data-e-type=\"widget\" data-widget_type=\"heading.default\">\n\t\t\t\t<div class=\"elementor-widget-container\">\n\t\t\t\t\t<h1 class=\"elementor-heading-title elementor-size-default\">Pol\u00edtica de privacidad<\/h1>\t\t\t\t<\/div>\n\t\t\t\t<\/div>\n\t\t\t\t\t<\/div>\n\t\t\t\t<\/div>\n\t\t<div class=\"elementor-element elementor-element-4fb78da e-flex e-con-boxed e-con e-parent\" data-id=\"4fb78da\" data-element_type=\"container\" data-e-type=\"container\">\n\t\t\t\t\t<div class=\"e-con-inner\">\n\t\t\t\t<div class=\"elementor-element elementor-element-5f6b8bd elementor-widget elementor-widget-text-editor\" data-id=\"5f6b8bd\" data-element_type=\"widget\" data-e-type=\"widget\" data-widget_type=\"text-editor.default\">\n\t\t\t\t<div class=\"elementor-widget-container\">\n\t\t\t\t\t\t\t\t\t<p><strong>INTRODUCCI\u00d3N<\/strong><\/p><p>Su privacidad es importante para nosotros, as\u00ed que, mediante este documento, le explicamos qu\u00e9 datos recogemos de los usuarios, como los utilizamos y para qu\u00e9, entre otras indicaciones.<\/p><p>Para su informaci\u00f3n, nunca pediremos m\u00e1s informaci\u00f3n de la que realmente necesitaremos para los servicios requeridos; nunca la compartiremos con terceros, excepto por obligaci\u00f3n legal o con su autorizaci\u00f3n previa; y nunca utilizaremos sus datos para otra finalidad no indicada previamente.<\/p><p>Como usuarios, deber\u00e1 leer atentamente esta Pol\u00edtica de privacidad de manera regular, y siempre que introduzca sus datos personales, ya que este documento puede sufrir modificaciones ya que el prestador puede modificar cualquier tipo de informaci\u00f3n que pudiera aparecer en la web para cumplir con la normativa o actualizar la pol\u00edtica, y sin que exista la obligaci\u00f3n de preavisar o poner en conocimiento de los usuarios dichas obligaciones, siendo suficientes la publicaci\u00f3n en el sitio web del prestador.<\/p><p><strong>\u00a0<\/strong><\/p><p><strong>RESPONSABLE DEL TRATAMIENTO:<\/strong><\/p><p>Identidad:<strong>\u00a0<\/strong><strong>B.LINK BARCELONA STRATEGIC PROJECTS, S.L. (<\/strong>tambi\u00e9n el prestador)<\/p><p>NIF:<strong> B-66709304\u00a0\u00a0\u00a0\u00a0\u00a0\u00a0\u00a0\u00a0\u00a0 <\/strong><\/p><p>Direcci\u00f3n postal:<strong>\u00a0C\/ Dom\u00e8nech, 7, 2\u00ba 2\u00aa, 08012, Barcelona<\/strong><\/p><p>Correo electr\u00f3nico:<strong>\u00a0<\/strong><strong>info@blinkbcn.com<\/strong><\/p><p>\u00a0<\/p><p><strong>BARCELONA STRATEGIC PROJECTS, S.L.<\/strong>, como responsable del sitio web, de conformidad con lo dispuesto en el Reglamento (UE) 2016\/679 de 27 de abril de 2016 (RGPD) relativo a la protecci\u00f3n de las personas f\u00edsicas en lo que respecta al tratamiento de datos personales ya la libre circulaci\u00f3n de estos datos y dem\u00e1s normativa vigente en materia de protecci\u00f3n de datos personales, y por la Ley 34\/2002, de 11 de julio, de Servicios de la Sociedad de la Informaci\u00f3n y del Comercio Electr\u00f3nico (LSSICE), le informa que tiene implementadas las medidas de seguridad necesarias, de \u00edndole t\u00e9cnica y organizativas, para garantizar y proteger la confidencialidad, integridad y disponibilidad de los datos introducidos.<\/p><p>\u00a0<\/p><p><strong>M\u00c9TODO DE OBTENCI\u00d3N DE LOS DATOS, QU\u00c9 DATOS RECABAMOS y SU FINALIDAD:<\/strong><\/p><p>Los datos que recogemos, la forma en que los obtenemos y la finalidad del tratamiento es la siguiente:<\/p><ol><li><strong>Formularios de suscripci\u00f3n a la newsletter<\/strong>:<ul><li>Datos requeridos: mail<\/li><li>Finalidad: Enviarte informaci\u00f3n comercial de tu inter\u00e9s sobre nuestros servicios a trav\u00e9s del mail<\/li><li>Legitimaci\u00f3n: Consentimiento del usuario<\/li><\/ul><\/li><\/ol><p>\u00a0<\/p><ol start=\"2\"><li><strong>Llevar a cabo la relaci\u00f3n contractual y las gestiones administrativas, fiscales y contables <\/strong>an\u00e1logas y que sean necesarias virtud de la legislaci\u00f3n vigente<ul><li>Datos requeridos: nombre y apellidos, tel\u00e9fono, direcci\u00f3n, DNI, email, datos firma<\/li><li>Finalidad: llevar a cabo la gesti\u00f3n comercial fiscal y administrativa interna<\/li><li>Legitimaci\u00f3n: Consentimiento del interesado y relaci\u00f3n contractual<\/li><\/ul><\/li><\/ol><p>\u00a0<\/p><p>Las fotograf\u00edas que est\u00e9n colgadas en la web son propiedad de <strong>BARCELONA STRATEGIC PROJECTS, S.L.<\/strong><\/p><p>Puede revocar en cualquier momento su consentimiento remitiendo un escrito con el asunto \u00abBaja\u00bb en el mail rese\u00f1ado.<\/p><p>De acuerdo con la LSSICE, <strong>B.LINK BARCELONA STRATEGIC PROJECTS, S.L. <\/strong>no realiza pr\u00e1cticas de SPAM, por lo tanto, no env\u00eda correos comerciales por e-mail que no hayan sido previamente solicitados o autorizados por el Usuario. En consecuencia, en todas las comunicaciones que recibir\u00e1 del prestador, el usuario tiene la posibilidad de cancelar su consentimiento expreso para recibir nuestras comunicaciones.<\/p><p>No trataremos sus datos personales para ning\u00fan otro fin de las descritas excepto por obligaci\u00f3n legal o requerimiento judicial.<\/p><p>No ser\u00e1 objeto de decisiones basadas en tratamientos automatizados que produzcan efectos sobre sus datos.<\/p><p>\u00a0<\/p><p><strong><u>PLAZO DE CONSERVACI\u00d3N DE LOS DATOS:<\/u><\/strong><\/p><p>Sus datos se conservar\u00e1n mientras dure la relaci\u00f3n comercial con nosotros o ejerce su derecho de cancelaci\u00f3n u oposici\u00f3n, o limitaci\u00f3n al tratamiento. Sin embargo, conservaremos sus datos en los plazos legalmente previstos en las disposiciones aplicables.<\/p><p><strong><u>DESTINATARIOS DE CESIONES O TRANSFERENCIAS:<\/u><\/strong><\/p><p><strong>B.LINK BARCELONA STRATEGIC PROJECTS, S.L. <\/strong>\u00fanicamente facilitar\u00e1 informaci\u00f3n a las fuerzas y cuerpos de seguridad bajo orden judicial o por obligaci\u00f3n de una norma legal, sin perjuicio de poder bloquear o cancelar su cuenta si puede haber indicios de la comisi\u00f3n de alg\u00fan delito por parte del usuario. La informaci\u00f3n facilitada ser\u00e1 s\u00f3lo la que disponga en ese momento el prestador.<\/p><p>La informaci\u00f3n que nos proporcione a trav\u00e9s de este sitio web ser\u00e1 alojada en los servidores de <strong>BARCELONA STRATEGIC PROJECTS, S.L.<\/strong>, contratados a la empresa que presta el servicio de alojamiento de la web. El tratamiento de los datos de la entidad se encuentra regulado mediante un contrato de encargado del tratamiento entre el prestador y esta empresa.<\/p><p>Asimismo, el prestador utiliza determinadas herramientas para prestar servicios necesarios para el desarrollo de la actividad, pudiendo almacenar sus datos. Estas herramientas son las siguientes:<\/p><p><strong>Email Marketing<\/strong>: se utiliza para el servicio de mail marketing: The Rocket Science Group, LLC 675 Ponce de Leon Ave NE Suite 5000 Atlanta, GA 30308 USA, empresa del grupo Intuit Inc.<\/p><p>\u00a0<\/p><p><strong><u>DERECHOS DE LAS PERSONAS INTERESADAS:<\/u><\/strong><\/p><p>Como usuario-interesado, puede solicitar el ejercicio de los siguientes derechos ante <strong>B.LINK BARCELONA STRATEGIC PROJECTS, S.L. <\/strong>presentando un escrito a la direcci\u00f3n postal del encabezamiento o enviando un correo electr\u00f3nico a info@blinkbcn.com, indicando como Asunto: \u00abPROTECCI\u00d3N DE DATOS: DERECHOS DE LOS AFECTADOS\u201d.<\/p><p><strong>\u00a0<\/strong><\/p><p>Derechos:<\/p><ul><li><strong>Derecho de acceso:<\/strong> permite al interesado conocer y obtener informaci\u00f3n sobre sus datos de car\u00e1cter personal sometidos a tratamiento.<\/li><li><strong>Derecho de rectificaci\u00f3n o supresi\u00f3n<\/strong>: permite corregir errores y modificar los datos que resulten ser inexactos o incompletos<\/li><li><strong>Derecho de cancelaci\u00f3n<\/strong>: permite que se supriman los datos que sean inadecuados o excesivos<\/li><li><strong>Derecho de oposici\u00f3n<\/strong>: derecho del interesado a que no se lleve a cabo el tratamiento de sus datos de car\u00e1cter personal o se cese en el mismo.<\/li><li><strong>Limitaci\u00f3n del tratamiento<\/strong>: conlleva el marcado de los datos personales conservados, con el fin de limitar su futuro tratamiento, para el ejercicio o la defensa de reclamaciones.<\/li><li><strong>Portabilidad de los datos<\/strong>: facilitaci\u00f3n de los datos objeto de tratamiento al interesado, para que \u00e9ste pueda transmitir a otro responsable, sin impedimentos.<\/li><li><strong>Derecho a no ser objeto de decisiones individuales automatizadas (incluida la elaboraci\u00f3n de perfiles)<\/strong>: derecho a no ser objeto de una decisi\u00f3n basada en el tratamiento automatizado que produzca efectos o afecte significativamente<\/li><\/ul><p>Como usuario, tiene derecho a retirar el consentimiento dado en cualquier momento. La retirada del consentimiento no afectar\u00e1 a la licitud del tratamiento efectuado antes de la retirada del consentimiento.<\/p><p>Tambi\u00e9n tiene derecho a presentar una reclamaci\u00f3n ante la autoridad de control si considera que pueden haberse visto vulnerados sus derechos en relaci\u00f3n a la protecci\u00f3n de sus datos (aepd.es).<\/p><p>\u00a0<\/p><p><strong><u>INFORMACI\u00d3N ADDICIONAL<\/u><\/strong><\/p><p><strong>MEDIDAS DE SEGURIDAD:<\/strong><\/p><p>Los datos que nos facilite se tratar\u00e1n de forma confidencial. El prestador ha adoptado todas las medidas t\u00e9cnicas y organizativas y todos los niveles de protecci\u00f3n necesarios para garantizar la seguridad en el tratamiento de los datos y evitar su alteraci\u00f3n, p\u00e9rdida, robo, tratamiento o acceso no autorizado, de acuerdo al estado de la tecnolog\u00eda y naturaleza de los datos almacenados. Asimismo, se garantiza tambi\u00e9n que el tratamiento y registro en ficheros, programas, sistemas o equipos, locales y centros cumplen con los requisitos y condiciones de integridad y seguridad establecidas en la normativa vigente.<\/p><p><strong>IDIOMA<\/strong><\/p><p>El idioma aplicable a esta pol\u00edtica de privacidad es el castellano. Por tanto, en caso de que hubiera alguna contradicci\u00f3n en alguna de las versiones facilitadas en otros idiomas, prevalecer\u00e1 la versi\u00f3n en castellano.<\/p><p><strong>\u00a0<\/strong><\/p><p><strong>REDES SOCIALES<\/strong><\/p><p><strong>\u00a0<\/strong><\/p><p>Le informamos que <strong>B.LINK BARCELONA STRATEGIC PROJECTS, S.L. <\/strong>puede tener presencia en redes sociales. El tratamiento de los datos que se lleve a cabo de las personas que se hagan seguidoras en las redes sociales (y \/ o realicen cualquier v\u00ednculo o acci\u00f3n de conexi\u00f3n a trav\u00e9s de las redes sociales) de las p\u00e1ginas oficiales de <strong>B.LINK BARCELONA STRATEGIC PROJECTS, S.L. <\/strong>se regir\u00e1 por este apartado , as\u00ed como para aquellas condiciones de uso, pol\u00edticas de privacidad y normativas de acceso que pertenezcan a la red social que proceda en cada caso y aceptadas previamente por el usuario.<\/p><p><strong>B.LINK BARCELONA STRATEGIC PROJECTS, S.L. <\/strong>tratar\u00e1 sus datos con las finalidades de administrar correctamente su presencia en la red social, informando de actividades, productos o servicios del prestador, as\u00ed como para cualquier otra finalidad que las normativas de las Redes Sociales permitan.<\/p><p>\u00a0\u00a0\u00a0\u00a0\u00a0\u00a0\u00a0\u00a0\u00a0\u00a0\u00a0 Queda prohibida la publicaci\u00f3n de contenidos:<\/p><p>\u00a0\u00a0\u00a0\u00a0\u00a0\u00a0\u00a0\u00a0\u00a0\u00a0\u00a0 &#8211; Que sean presuntamente il\u00edcitos por la normativa nacional, comunitaria o internacional o que realicen actividades presuntamente il\u00edcitas o contravengan los principios de la buena fe.<\/p><p>\u00a0\u00a0\u00a0\u00a0\u00a0\u00a0\u00a0\u00a0\u00a0\u00a0\u00a0 Que atenten contra los derechos fundamentales de las personas, falten a la cortes\u00eda en la red, molesten o puedan generar opiniones negativas en nuestros usuarios o terceros y en general cualesquiera sean los contenidos que B.LINK BARCELONA STRATEGIC PROJECTS, S.L. considere inapropiados.<\/p><p>\u00a0\u00a0\u00a0\u00a0\u00a0\u00a0\u00a0\u00a0\u00a0\u00a0\u00a0 &#8211; Y en general que contravengan los principios de legalidad, honradez, responsabilidad, protecci\u00f3n de la dignidad humana, protecci\u00f3n de menores, protecci\u00f3n del orden p\u00fablico, la protecci\u00f3n de la vida privada, la protecci\u00f3n del consumidor y los derechos de propiedad intelectual e industrial.<\/p><p>Asimismo, <strong>B.LINK BARCELONA STRATEGIC PROJECTS, S.L. <\/strong>se reserva la potestad de retirar, sin previo aviso del sitio web o de la red social corporativa aquellos contenidos que se consideran inadecuados.<\/p><p>En todo caso, si Ud. remite informaci\u00f3n personal a trav\u00e9s de la red social, B.LINK BARCELONA STRATEGIC PROJECTS, S.L. quedar\u00e1 exento de responsabilidad en relaci\u00f3n con las medidas de seguridad aplicables a la presente plataforma y el usuario, en caso de querer conocerlas, debe consultar las correspondientes condiciones particulares de la red en cuesti\u00f3n.<\/p><p>\u00a0<\/p><p><strong>CAMBIOS EN LA PRESENTE POL\u00cdTICA DE PRIVACIDAD<\/strong><\/p><p><strong>B.LINK BARCELONA STRATEGIC PROJECTS, S.L. <\/strong>se reserva el derecho a modificar la presente pol\u00edtica para adaptarla a novedades legislativas o jurisprudenciales.<\/p><p><strong>\u00a0<\/strong><\/p><p><strong>REVOCABILIDAD<\/strong><\/p><p>El consentimiento prestado, tanto por el tratamiento como para la cesi\u00f3n de los datos de los interesados, es revocable en cualquier momento comunic\u00e1ndolo a <strong>B.LINK BARCELONA STRATEGIC PROJECTS, S.L. <\/strong>en los t\u00e9rminos establecidos en esta Pol\u00edtica para el ejercicio de los derechos. Esta revocaci\u00f3n en ning\u00fan caso tendr\u00e1 car\u00e1cter retroactivo.<\/p><p><strong>\u00a0<\/strong><\/p><p><strong>LEGISLACI\u00d3N<\/strong><\/p><p>Con car\u00e1cter general las relaciones entre <strong>B.LINK BARCELONA STRATEGIC PROJECTS, S.L. <\/strong>con los Usuarios de sus servicios telem\u00e1ticos, presentes en esta web, est\u00e1n sometidos a la legislaci\u00f3n y jurisdicci\u00f3n espa\u00f1ola a la que se someten expresamente las partes, siendo competentes para la resoluci\u00f3n de todos los conflictos derivados o relacionados con su uso los Juzgados y Tribunales de Barcelona.<\/p>\t\t\t\t\t\t\t\t<\/div>\n\t\t\t\t<\/div>\n\t\t\t\t\t<\/div>\n\t\t\t\t<\/div>\n\t\t\t\t<\/div>\n\t\t","protected":false},"excerpt":{"rendered":"<p>Pol\u00edtica de privacidad INTRODUCCI\u00d3N Su privacidad es importante para nosotros, as\u00ed que, mediante este documento, le explicamos qu\u00e9 datos recogemos de los usuarios, como los utilizamos y para qu\u00e9, entre otras indicaciones. Para su informaci\u00f3n, nunca pediremos m\u00e1s informaci\u00f3n de la que realmente necesitaremos para los servicios requeridos; nunca la compartiremos con terceros, excepto por [&hellip;]<\/p>\n","protected":false},"author":2,"featured_media":0,"parent":0,"menu_order":0,"comment_status":"closed","ping_status":"closed","template":"","meta":{"footnotes":""},"class_list":["post-1588","page","type-page","status-publish","hentry"],"_links":{"self":[{"href":"https:\/\/blinkbcn.com\/es\/wp-json\/wp\/v2\/pages\/1588","targetHints":{"allow":["GET"]}}],"collection":[{"href":"https:\/\/blinkbcn.com\/es\/wp-json\/wp\/v2\/pages"}],"about":[{"href":"https:\/\/blinkbcn.com\/es\/wp-json\/wp\/v2\/types\/page"}],"author":[{"embeddable":true,"href":"https:\/\/blinkbcn.com\/es\/wp-json\/wp\/v2\/users\/2"}],"replies":[{"embeddable":true,"href":"https:\/\/blinkbcn.com\/es\/wp-json\/wp\/v2\/comments?post=1588"}],"version-history":[{"count":0,"href":"https:\/\/blinkbcn.com\/es\/wp-json\/wp\/v2\/pages\/1588\/revisions"}],"wp:attachment":[{"href":"https:\/\/blinkbcn.com\/es\/wp-json\/wp\/v2\/media?parent=1588"}],"curies":[{"name":"wp","href":"https:\/\/api.w.org\/{rel}","templated":true}]}}