{"id":2248,"date":"2023-06-20T07:07:42","date_gmt":"2023-06-20T07:07:42","guid":{"rendered":"https:\/\/blinkbcn.com\/?page_id=2248"},"modified":"2023-08-01T10:19:30","modified_gmt":"2023-08-01T10:19:30","slug":"privacy-policy","status":"publish","type":"page","link":"https:\/\/blinkbcn.com\/en\/privacy-policy\/","title":{"rendered":"Privacy Policy"},"content":{"rendered":"\t\t<div data-elementor-type=\"wp-page\" data-elementor-id=\"2248\" class=\"elementor elementor-2248 elementor-1584\" data-elementor-post-type=\"page\">\n\t\t\t\t<div class=\"elementor-element elementor-element-769914b e-flex e-con-boxed e-con e-parent\" data-id=\"769914b\" data-element_type=\"container\" data-e-type=\"container\" data-settings=\"{&quot;background_background&quot;:&quot;classic&quot;}\">\n\t\t\t\t\t<div class=\"e-con-inner\">\n\t\t\t\t<div class=\"elementor-element elementor-element-8c3f150 elementor-widget elementor-widget-heading\" data-id=\"8c3f150\" data-element_type=\"widget\" data-e-type=\"widget\" data-widget_type=\"heading.default\">\n\t\t\t\t<div class=\"elementor-widget-container\">\n\t\t\t\t\t<h1 class=\"elementor-heading-title elementor-size-default\">Pol\u00edtica de privacitat<\/h1>\t\t\t\t<\/div>\n\t\t\t\t<\/div>\n\t\t\t\t\t<\/div>\n\t\t\t\t<\/div>\n\t\t<div class=\"elementor-element elementor-element-4fb78da e-flex e-con-boxed e-con e-parent\" data-id=\"4fb78da\" data-element_type=\"container\" data-e-type=\"container\">\n\t\t\t\t\t<div class=\"e-con-inner\">\n\t\t\t\t<div class=\"elementor-element elementor-element-5f6b8bd elementor-widget elementor-widget-text-editor\" data-id=\"5f6b8bd\" data-element_type=\"widget\" data-e-type=\"widget\" data-widget_type=\"text-editor.default\">\n\t\t\t\t<div class=\"elementor-widget-container\">\n\t\t\t\t\t\t\t\t\t<p><strong>INTRODUCCI\u00d3<\/strong><\/p><p>La seva privacitat \u00e9s important per a nosaltres, aix\u00ed que mitjan\u00e7ant aquest document us expliquem quines dades recollim dels usuaris, com els utilitzem i per a qu\u00e8, entre d&#8217;altres indicacions. Els majors de 14 anys podran registrar-se com a usuaris sense el previ consentiment dels seus pares, tutors o representants legals. En cas de menors de 14 anys o identificats com &#8220;incapa\u00e7os legalment&#8221;, sempre necessitarem del consentiment patern o del tutor\/a o representant legal.<\/p><p>Per a la seva informaci\u00f3, mai demanarem m\u00e9s informaci\u00f3 de la que realment necessitarem pels serveis requerits; mai la compartirem amb tercers, excepte per obligaci\u00f3 legal o amb la seva autoritzaci\u00f3 pr\u00e8via; i mai utilitzarem les seves dades per a una altra finalitat no indicada pr\u00e8viament.<\/p><p>Com a usuaris, haur\u00e0 de llegir atentament aquesta Pol\u00edtica de privacitat de manera regular i sempre que introdueixi les seves dades personals, ja que aquest document pot patir modificacions per que el prestador pot modificar qualsevol tipus d&#8217;informaci\u00f3 que pogu\u00e9s apar\u00e8ixer al web per complir amb la normativa o actualitzar la pol\u00edtica, i sense que hi hagi l&#8217;obligaci\u00f3 de preavisar o posar en coneixement dels usuaris aquestes obligacions, sent suficient la publicaci\u00f3 al lloc web del prestador.<\/p><p><strong>\u00a0<\/strong><\/p><p><strong><u>RESPONSABLE DEL TRACTAMENT:<\/u><\/strong><\/p><p>Identitat:<strong>\u00a0<\/strong><strong>B.LINK BARCELONA STRATEGIC PROJECTS, S.L. (<\/strong>tamb\u00e9 el prestador)<\/p><p>NIF:<strong> B66709304<\/strong><\/p><p>Adre\u00e7a postal:<strong>\u00a0C\/ Dom\u00e8nech, 7, 2\u00ba 2\u00aa, 08012, Barcelona, Barcelona<\/strong><\/p><p>Correu electr\u00f2nic:<strong>\u00a0<\/strong><strong>info@blinkbcn.com<\/strong><\/p><p><strong>\u00a0<\/strong><\/p><p><strong>BARCELONA STRATEGIC PROJECTS, S.L., <\/strong>com a responsable del lloc web, de conformitat amb el que disposa el Reglament (UE) 2016\/679 de 27 d&#8217;abril de 2016 (RGPD) relatiu a la protecci\u00f3 de les persones f\u00edsiques pel que fa al tractament de dades personals i a la lliure circulaci\u00f3 d&#8217;aquestes dades i la resta de normativa vigent en mat\u00e8ria de protecci\u00f3 de dades personals, i per la Llei 34\/2002, de 11 de juliol, de Serveis de la Societat de la Informaci\u00f3 i del Comer\u00e7 Electr\u00f2nic (LSSICE), li informa que t\u00e9 implementades les mesures de seguretat necess\u00e0ries, d\u2019\u00edndole t\u00e8cnica i organitzatives, per a garantir i protegir la confidencialitat, integritat i disponibilitat de les dades introdu\u00efdes.<\/p><p><strong>M\u00c8TODE D&#8217;OBTENCI\u00d3 DE LES DADES, QUINES DADES RECABEM I LA SEVA FINALITAT:<\/strong><\/p><p>Les dades que recollim, la forma en que la obtenim i la finalitat del tractament \u00e9s la seg\u00fcent:<\/p><ul><li><strong>Formulari de subscripci\u00f3 a la newsletter<\/strong>:<ul><li><strong>Dades requerides<\/strong>: email<\/li><li><strong>Finalitat<\/strong>: Enviar-te informaci\u00f3 comercial del teu inter\u00e8s sobre els nostres serveis a trav\u00e9s del mail<\/li><li><strong>Legitimaci\u00f3<\/strong>: Consentiment de l\u2019 Usuari<\/li><\/ul><\/li><\/ul><ul><li><strong>Dur a terme la relaci\u00f3 contractual i les gestions administratives, fiscals i comptables <\/strong>an\u00e0logues i que siguin necess\u00e0ries en virtut de la legislaci\u00f3 vigent<ul><li><strong>Dades requerides<\/strong>: nom i cognoms, tel\u00e8fon, direcci\u00f3, DNI, email, firma, dades bancaries<\/li><li><strong>Finalitat<\/strong>: dur a terme la prestaci\u00f3 dels serveis contractats i la gesti\u00f3 comercial, fiscal i administrativa interna<\/li><li><strong>Legitimaci\u00f3<\/strong>: relaci\u00f3 contractual<\/li><\/ul><\/li><\/ul><p>Les fotografies que estiguin penjades al web s\u00f3n propietat de <strong>BARCELONA STRATEGIC PROJECTS, S.L<\/strong><\/p><p>Pot revocar en qualsevol moment el seu consentiment remetent un escrit amb l&#8217;assumpte &#8220;Baixa&#8221; a\u00a0 l\u2019 email ressenyat a dalt.<\/p><p>D&#8217;acord amb la LSSICE, <strong>B.LINK BARCELONA STRATEGIC PROJECTS, S.L. <\/strong>no realitza pr\u00e0ctiques de SPAM, per tant, no envia correus comercials per e-mail que no hagin estat pr\u00e8viament sol\u00b7licitats o autoritzats per l&#8217;Usuari. En conseq\u00fc\u00e8ncia, en totes les comunicacions que rebr\u00e0 del prestador, l&#8217;usuari t\u00e9 la possibilitat de cancel\u00b7lar el seu consentiment expr\u00e9s per rebre les nostres comunicacions.<\/p><p>No tractarem les seves dades personals per a cap altra finalitat de les descrites excepte per obligaci\u00f3 legal o requeriment judicial.<\/p><p>No ser\u00e0 objecte de decisions basades en tractaments automatitzats que produeixin efectes sobre les seves dades.<\/p><p><strong><u>TERMINI DE CONSERVACI\u00d3 DE LES DADES:<\/u><\/strong><\/p><p>Les seves dades es conservaran mentre duri la relaci\u00f3 comercial amb nosaltres o exerceix el seu dret de cancel\u00b7laci\u00f3 o oposici\u00f3, o limitaci\u00f3 al tractament. Tanmateix, conservarem les vostres dades en els terminis legalment previstos en les disposicions aplicables.<\/p><p><strong><u>DESTINATARIS DE CESSIONS O TRANSFER\u00c8NCIES:<\/u><\/strong><\/p><p><strong>B.LINK BARCELONA STRATEGIC PROJECTS, S.L. <\/strong>\u00fanicament facilitar\u00e0 informaci\u00f3 a les forces i cossos de seguretat sota ordre judicial o per obligaci\u00f3 d&#8217;una norma legal, sense perjudici de poder bloquejar o cancel\u00b7lar el seu compte si pot haver-hi indicis de la comissi\u00f3 d&#8217;algun delicte per part de l&#8217;usuari. La informaci\u00f3 facilitada ser\u00e0 nom\u00e9s la que disposi en aquest moment el prestador.<\/p><p>La informaci\u00f3 que vost\u00e8 ens proporcioni tant a trav\u00e9s d&#8217;aquest lloc web ser\u00e0 allotjada en els servidors de <strong>BARCELONA STRATEGIC PROJECTS, S.L.<\/strong>, contractats a l&#8217;empresa que presta el servei d\u2019allotjament de la web.\u00a0 El tractament de les dades de l&#8217;entitat es troba regulat mitjan\u00e7ant un contracte d&#8217;encarregat del tractament entre el prestador i aquesta empresa.<\/p><p>Aix\u00ed mateix, el prestador utilitza determinades eines per prestar serveis necessaris per al desenvolupament de l&#8217;activitat, podent emmagatzemar les seves dades. Aquestes eines s\u00f3n les seg\u00fcents:<\/p><p><strong>Email M\u00e0rqueting: <\/strong>s&#8217;utilitza per al servei de mail m\u00e0rqueting: The Rocket Science Group, LLC 675 Ponce de Leon Ave NE Suite 5000 Atlanta, GA 30308 USA, empresa del grupo Intuit Inc.<\/p><p><strong>\u00a0<\/strong><\/p><p><strong><u>DRETS DE LES PERSONES INTERESSADES:<\/u><\/strong><\/p><p>Com a usuari-interessat, pot sol\u00b7licitar l&#8217;exercici dels seg\u00fcents drets davant <strong>B.LINK BARCELONA STRATEGIC PROJECTS, S.L. <\/strong>presentant un escrit a l&#8217;adre\u00e7a postal de l&#8217;encap\u00e7alament o enviant un correu electr\u00f2nic a <a href=\"mailto:info@blinkbcn.com\">info@blinkbcn.com<\/a>, indicant com Assumpte: &#8220;PROTECCI\u00d3 DE DADES: DRETS DELS AFECTATS&#8221;.<\/p><p><strong>\u00a0<\/strong><\/p><p>Drets:<\/p><ul><li><strong>Dret d&#8217;acc\u00e9s: <\/strong>permet a l&#8217;interessat con\u00e8ixer i obtenir informaci\u00f3 sobre les seves dades de car\u00e0cter personal sotmeses a tractament.<\/li><li><strong>Dret de rectificaci\u00f3 o supressi\u00f3<\/strong>: permet corregir errors i modificar les dades que resultin ser inexactes o incompletes.<\/li><li><strong>Dret de cancel\u00b7laci\u00f3: <\/strong>permet que se suprimeixin les dades que siguin inadequades o excessives.<\/li><li><strong>Dret d&#8217;oposici\u00f3: <\/strong>dret de l&#8217;interessat a que no es dugui a terme el tractament de les seves dades de car\u00e0cter personal o se cessi en el mateix.<\/li><li><strong>Limitaci\u00f3 del tractament: <\/strong>comporta el marcat de les dades personals conservades, amb la finalitat de limitar el seu futur tractament, per a l&#8217;exercici o la defensa de reclamacions.<\/li><li><strong>Portabilitat de les dades<\/strong>: facilitaci\u00f3 de les dades objecte de tractament a l&#8217;interessat, per tal que aquest pugui transmetre a un altre responsable, sense impediments.<\/li><li><strong>Dret a no ser objecte de decisions individuals automatitzades (inclosa l&#8217;elaboraci\u00f3 de perfils): <\/strong>dret a no ser objecte d&#8217;una decisi\u00f3 basada en el tractament automatitzat que produeixi efectes o afecti significativament.<\/li><\/ul><p>Com a usuari, t\u00e9 dret a retirar el consentiment donat en qualsevol moment. La retirada del consentiment no afectar\u00e0 la licitud del tractament efectuat abans de la retirada del consentiment.<\/p><p>Tamb\u00e9 t\u00e9 dret a presentar una reclamaci\u00f3 davant l&#8217;autoritat de control si considera que poden haver-se vist vulnerats els seus drets en relaci\u00f3 a la protecci\u00f3 de les seves dades (<a href=\"https:\/\/www.aepd.es\/es\" target=\"_blank\" rel=\"noopener\">aepd.es<\/a>).<\/p><p><strong><u>INFORMACI\u00d3 ADDICIONAL:<\/u><\/strong><\/p><p><strong>\u00a0<\/strong><\/p><p><strong>MESURES DE SEGURETAT<\/strong><\/p><p>Les dades que ens faciliti es tractaran de forma confidencial. El prestador ha adoptat totes les mesures t\u00e8cniques i organitzatives i tots els nivells de protecci\u00f3 necessaris per a garantir la seguretat en el tractament de les dades i evitar la seva alteraci\u00f3, p\u00e8rdua, robatori, tractament o acc\u00e9s no autoritzat, d&#8217;acord l&#8217;estat de la tecnologia i naturalesa de les dades emmagatzemades. Aix\u00ed mateix, es garanteix tamb\u00e9 que el tractament i registre en fitxers, programes, sistemes o equips, locals i centres compleixen amb els requisits i condicions d&#8217;integritat i seguretat establertes en la normativa vigent.<\/p><p><strong>IDIOMA <\/strong><\/p><p>L&#8217;idioma aplicable a aquesta pol\u00edtica de privacitat \u00e9s el catal\u00e0. Per tant, en cas que hi hagu\u00e9s alguna contradicci\u00f3 en alguna de les versions facilitades en altres idiomes, prevaldr\u00e0 la versi\u00f3 en castell\u00e0.<\/p><p><strong>\u00a0<\/strong><\/p><p><strong>XARXES SOCIALS<\/strong><\/p><p>L&#8217;informem que <strong>B.LINK BARCELONA STRATEGIC PROJECTS, S.L. <\/strong>pot tenir pres\u00e8ncia en xarxes socials. El tractament de les dades que es dugui a terme de les persones que es facin seguidores a les xarxes socials (i\/o realitzin qualsevol vincle o acci\u00f3 de connexi\u00f3 a trav\u00e9s de les xarxes socials) de les p\u00e0gines oficials de <strong>B.LINK BARCELONA STRATEGIC PROJECTS, S.L. <\/strong>es regir\u00e0 per aquest apartat, aix\u00ed com per aquelles condicions d&#8217;\u00fas, pol\u00edtiques de privacitat i normatives d&#8217;acc\u00e9s que pertanyin a la xarxa social que procedeixi en cada cas i acceptades pr\u00e8viament per l&#8217;usuari.<\/p><p><strong>B.LINK BARCELONA STRATEGIC PROJECTS, S.L. <\/strong>tractar\u00e0 les seves dades amb les finalitats d&#8217;administrar correctament la seva pres\u00e8ncia a la xarxa social, informant d&#8217;activitats, productes o serveis del prestador, aix\u00ed com per a qualsevol altra finalitat que les normatives de les Xarxes Socials permetin.<\/p><p>Queda prohibida la publicaci\u00f3 de continguts:<\/p><ul><li>Que siguin presumptament il\u00b7l\u00edcits per la normativa nacional, comunit\u00e0ria o internacional o que realitzin activitats presumptament il\u00b7l\u00edcites o contravinguin els principis de la bona fe.<\/li><li>Que atemptin contra els drets fonamentals de les persones, faltin a la cortesia dins la xarxa, molestin o puguin generar opinions negatives dels nostres usuaris o tercers i en general qualsevol contingut que <strong>LINK BARCELONA STRATEGIC PROJECTS, S.L. <\/strong>consideri inapropiats.<\/li><li>I en general que contravinguin els principis de legalitat, honradesa, responsabilitat, protecci\u00f3 de la dignitat humana, protecci\u00f3 de menors, protecci\u00f3 de l&#8217;ordre p\u00fablic, la protecci\u00f3 de la vida privada, la protecci\u00f3 del consumidor i els drets de propietat intel\u00b7lectual i industrial.<\/li><\/ul><p>Aix\u00ed mateix, <strong>B.LINK BARCELONA STRATEGIC PROJECTS, S.L. <\/strong>es reserva la potestat de retirar, sense previ av\u00eds, del lloc web o de la xarxa social corporativa aquells continguts que es consideren inadequats.<\/p><p>En tot cas, si V\u00e8. remet informaci\u00f3 personal a trav\u00e9s de la xarxa social, <strong>B.LINK BARCELONA STRATEGIC PROJECTS, S.L. <\/strong>quedar\u00e0 exempt de responsabilitat en relaci\u00f3 a les mesures de seguretat aplicables a la present plataforma i l\u2019usuari, en cas de voler con\u00e8ixer-les, ha de consultar les corresponents condicions particulars de la xarxa en q\u00fcesti\u00f3.<\/p><p><strong>CANVIS EN LA PRESENT POL\u00cdTICA DE PRIVACITAT<\/strong><\/p><p><strong>B.LINK BARCELONA STRATEGIC PROJECTS, S.L. <\/strong>es reserva el dret a modificar la present pol\u00edtica per adaptar-la a novetats legislatives o jurisprudencials.<\/p><p><strong>REVOCABILITAT<\/strong><br \/>El consentiment prestat, tant pel tractament com per a la cessi\u00f3 de les dades dels interessats, \u00e9s revocable en qualsevol moment comunicant-ho a <strong>B.LINK BARCELONA STRATEGIC PROJECTS, S.L. <\/strong>en els termes que estableix aquesta Pol\u00edtica per a l&#8217;exercici dels drets. Aquesta revocaci\u00f3 en cap cas tindr\u00e0 car\u00e0cter retroactiu.<\/p><p><strong>LEGISLACI\u00d3<\/strong><\/p><p>Amb car\u00e0cter general les relacions entre <strong>B.LINK BARCELONA STRATEGIC PROJECTS, S.L. <\/strong>amb els Usuaris dels seus serveis telem\u00e0tics, presents en aquesta web, estan sotmesos a la legislaci\u00f3 i jurisdicci\u00f3 espanyola a la qual se sotmeten expressament les parts, sent competents per a la resoluci\u00f3 de tots els conflictes derivats o relacionats amb el seu \u00fas, els Jutjats i Tribunals de <strong>Barcelona<\/strong>.<\/p>\t\t\t\t\t\t\t\t<\/div>\n\t\t\t\t<\/div>\n\t\t\t\t\t<\/div>\n\t\t\t\t<\/div>\n\t\t\t\t<\/div>\n\t\t","protected":false},"excerpt":{"rendered":"<p>Privacy Policy INTRODUCTION Your privacy is important to us, so through this document we explain what data we collect from users, how we use it and why, among other indications. Those over 14 years old can register as users without the prior consent of their parents, guardians or legal representatives. In the case of children [&hellip;]<\/p>\n","protected":false},"author":3,"featured_media":0,"parent":0,"menu_order":0,"comment_status":"closed","ping_status":"closed","template":"","meta":{"footnotes":""},"class_list":["post-2248","page","type-page","status-publish","hentry"],"_links":{"self":[{"href":"https:\/\/blinkbcn.com\/en\/wp-json\/wp\/v2\/pages\/2248","targetHints":{"allow":["GET"]}}],"collection":[{"href":"https:\/\/blinkbcn.com\/en\/wp-json\/wp\/v2\/pages"}],"about":[{"href":"https:\/\/blinkbcn.com\/en\/wp-json\/wp\/v2\/types\/page"}],"author":[{"embeddable":true,"href":"https:\/\/blinkbcn.com\/en\/wp-json\/wp\/v2\/users\/3"}],"replies":[{"embeddable":true,"href":"https:\/\/blinkbcn.com\/en\/wp-json\/wp\/v2\/comments?post=2248"}],"version-history":[{"count":0,"href":"https:\/\/blinkbcn.com\/en\/wp-json\/wp\/v2\/pages\/2248\/revisions"}],"wp:attachment":[{"href":"https:\/\/blinkbcn.com\/en\/wp-json\/wp\/v2\/media?parent=2248"}],"curies":[{"name":"wp","href":"https:\/\/api.w.org\/{rel}","templated":true}]}}